{"id":17167,"date":"2023-06-09T15:42:04","date_gmt":"2023-06-09T15:42:04","guid":{"rendered":"https:\/\/www.shantimaurice.com\/suiten-villen\/junior-suite-lagoonview\/"},"modified":"2024-09-30T12:43:25","modified_gmt":"2024-09-30T12:43:25","slug":"junior-suite-lagoonview","status":"publish","type":"page","link":"https:\/\/shantimaurice.com\/de\/suiten-villen\/junior-suite-lagoonview\/","title":{"rendered":"Junior Suite Lagoonview"},"content":{"rendered":"<div id=\"pl-17167\"  class=\"panel-layout\" ><div id=\"pg-17167-0\"  class=\"panel-grid panel-has-style\" ><div class=\"c-row--valign-default c-row--widget-default c-row--margin-default c-row--column-none siteorigin-panels-stretch panel-row-style panel-row-style-for-17167-0\" data-stretch-type=\"full-stretched\" ><div id=\"pgc-17167-0-0\"  class=\"panel-grid-cell\" ><div id=\"panel-17167-0-0-0\" class=\"so-panel widget widget_cn-core-hero-widget panel-first-child panel-last-child\" data-index=\"0\" ><div\n\t\t\t\n\t\t\tclass=\"so-widget-cn-core-hero-widget so-widget-cn-core-hero-widget-base\"\n\t\t\t\n\t\t><section class=\"c-hero c-hero--short\">\n    <div class=\"c-hero__inner\">\n        \n        <div class=\"c-hero__content\">\n\n                            <h1 class=\"c-hero__heading\">\n                    Junior Suite Lagoonview                <\/h1>\n            \n                            <p class=\"c-hero__subheading\">\n                    Elegante Raffinesse mit Lagunenblick                <\/p>\n                            <div class=\"s-entry \/ c-hero__text\">\n                    <p>\n                        Panoramafenster, Balkon, en-suite, Ankleidezimmer                    <\/p>\n                <\/div>\n                    <\/div>\n\n        \n        <div class=\"c-hero__buttons\">\n\n            <a class=\"c-button  no-variation\" target=\"_blank\" href=\"https:\/\/mpembed.com\/show\/?m=AS4MRePCYWe&#038;mpu=754\" rel=\"noopener\">\n    Virtueller Rundgang - Erdgeschoss<\/a>\n\n\n<a class=\"c-button  no-variation\" target=\"_blank\" href=\"https:\/\/mpembed.com\/show\/?m=DghTKG8whBW&#038;mpu=754\" rel=\"noopener\">\n    Virtueller Rundgang - Erster Stock<\/a>\n\n\n\n        <\/div>\n\n        \n    <\/div>\n\n\n\n    \n    \n    <div data-src=\"https:\/\/hotelcms-production.imgix.net\/shantimaurice.com\/wp-content\/uploads\/2019\/04\/130_JS_OceanView.jpg\" data-crop=\"\" class=\"imgix-fluid  crop \/ c-hero__background\"><\/div><noscript><div style=\"background-image: url(https:\/\/hotelcms-production.imgix.net\/shantimaurice.com\/wp-content\/uploads\/2019\/04\/130_JS_OceanView.jpg);\" class=\"crop \/ c-hero__background\" ><\/div><\/noscript>\n    \n    <\/section>\n<\/div><\/div><\/div><\/div><\/div><div id=\"pg-17167-1\"  class=\"panel-grid panel-has-style\" ><div class=\"c-row--valign-middle c-row--widget-none c-row--margin-small c-row--column-large siteorigin-panels-stretch panel-row-style panel-row-style-for-17167-1\" data-stretch-type=\"full-stretched\" ><div id=\"pgc-17167-1-0\"  class=\"panel-grid-cell\" ><div id=\"panel-17167-1-0-0\" class=\"so-panel widget widget_cn-core-icon-list-widget panel-first-child\" data-index=\"1\" ><div\n\t\t\t\n\t\t\tclass=\"so-widget-cn-core-icon-list-widget so-widget-cn-core-icon-list-widget-base\"\n\t\t\t\n\t\t><div class=\"c-icon-list no-variation\" >\n\n    <div class=\"c-icon-list__headings\">\n    \n        \n                    <h2 class=\"c-icon-list__heading\">Zimmer-\u00dcbersicht<\/h2>\n        \n        \n        <\/div>\n    \n    <ul class=\"c-icon-list__menu\">\n            <li class=\"c-icon-list__item\">\n            <div class=\"c-icon-list__icon img-fit\">\n                <img decoding=\"async\" data-src=\"https:\/\/hotelcms-production.imgix.net\/shantimaurice.com\/wp-content\/uploads\/2022\/06\/shutterstock_414530533-copy-2.png\" data-crop=\"\" src=\"data:image\/gif;base64,R0lGODlhBAADAIAAAAAAAAAAACH5BAEAAAAALAAAAAAEAAMAAAIDhI9WADs=\" class=\"imgix-fluid \/ c-image\" alt=\"Guests icon\"  \/><noscript><img decoding=\"async\" src=\"https:\/\/hotelcms-production.imgix.net\/shantimaurice.com\/wp-content\/uploads\/2022\/06\/shutterstock_414530533-copy-2.png\" class=\"c-image\" alt=\"Guests icon\"  \/><\/noscript>            <\/div>\n            <p class=\"c-icon-list__item__text\">2 Erwachsene + 2 Kinder (Zusatzbett)<\/p>\n                    <\/li>\n            <li class=\"c-icon-list__item\">\n            <div class=\"c-icon-list__icon img-fit\">\n                <img decoding=\"async\" data-src=\"https:\/\/hotelcms-production.imgix.net\/shantimaurice.com\/wp-content\/uploads\/2017\/11\/Shanti-icons-08.svg\" data-crop=\"\" src=\"data:image\/gif;base64,R0lGODlhBAADAIAAAAAAAAAAACH5BAEAAAAALAAAAAAEAAMAAAIDhI9WADs=\" class=\"imgix-fluid \/ c-image\" alt=\"Star icon\"  \/><noscript><img decoding=\"async\" src=\"https:\/\/hotelcms-production.imgix.net\/shantimaurice.com\/wp-content\/uploads\/2017\/11\/Shanti-icons-08.svg\" class=\"c-image\" alt=\"Star icon\"  \/><\/noscript>            <\/div>\n            <p class=\"c-icon-list__item__text\">Erdgeschoss &amp; erster Stock<\/p>\n                    <\/li>\n            <li class=\"c-icon-list__item\">\n            <div class=\"c-icon-list__icon img-fit\">\n                <img decoding=\"async\" data-src=\"https:\/\/hotelcms-production.imgix.net\/shantimaurice.com\/wp-content\/uploads\/2017\/11\/Shanti-icons-05.svg\" data-crop=\"\" src=\"data:image\/gif;base64,R0lGODlhBAADAIAAAAAAAAAAACH5BAEAAAAALAAAAAAEAAMAAAIDhI9WADs=\" class=\"imgix-fluid \/ c-image\" alt=\"Bed icon\"  \/><noscript><img decoding=\"async\" src=\"https:\/\/hotelcms-production.imgix.net\/shantimaurice.com\/wp-content\/uploads\/2017\/11\/Shanti-icons-05.svg\" class=\"c-image\" alt=\"Bed icon\"  \/><\/noscript>            <\/div>\n            <p class=\"c-icon-list__item__text\">Hauptschlafzimmer mit Kingsize-Bett<\/p>\n                    <\/li>\n            <li class=\"c-icon-list__item\">\n            <div class=\"c-icon-list__icon img-fit\">\n                <img decoding=\"async\" data-src=\"https:\/\/hotelcms-production.imgix.net\/shantimaurice.com\/wp-content\/uploads\/2017\/11\/Shanti-icons-21.svg\" data-crop=\"\" src=\"data:image\/gif;base64,R0lGODlhBAADAIAAAAAAAAAAACH5BAEAAAAALAAAAAAEAAMAAAIDhI9WADs=\" class=\"imgix-fluid \/ c-image\" alt=\"Waves icon\"  \/><noscript><img decoding=\"async\" src=\"https:\/\/hotelcms-production.imgix.net\/shantimaurice.com\/wp-content\/uploads\/2017\/11\/Shanti-icons-21.svg\" class=\"c-image\" alt=\"Waves icon\"  \/><\/noscript>            <\/div>\n            <p class=\"c-icon-list__item__text\">Privater Balkon mit Blick auf die Lagune<\/p>\n                    <\/li>\n            <li class=\"c-icon-list__item\">\n            <div class=\"c-icon-list__icon img-fit\">\n                <img decoding=\"async\" data-src=\"https:\/\/hotelcms-production.imgix.net\/shantimaurice.com\/wp-content\/uploads\/2017\/11\/Shanti-icons-30.svg\" data-crop=\"\" src=\"data:image\/gif;base64,R0lGODlhBAADAIAAAAAAAAAAACH5BAEAAAAALAAAAAAEAAMAAAIDhI9WADs=\" class=\"imgix-fluid \/ c-image\" alt=\"Cloakroom icon\"  \/><noscript><img decoding=\"async\" src=\"https:\/\/hotelcms-production.imgix.net\/shantimaurice.com\/wp-content\/uploads\/2017\/11\/Shanti-icons-30.svg\" class=\"c-image\" alt=\"Cloakroom icon\"  \/><\/noscript>            <\/div>\n            <p class=\"c-icon-list__item__text\">Separates Ankleidezimmer<\/p>\n                    <\/li>\n        <\/ul>\n\n<\/div><\/div><\/div><div id=\"panel-17167-1-0-1\" class=\"so-panel widget widget_cn-core-button-widget panel-last-child\" data-index=\"2\" ><div\n\t\t\t\n\t\t\tclass=\"so-widget-cn-core-button-widget so-widget-cn-core-button-widget-base\"\n\t\t\t\n\t\t><a class=\"c-button  no-variation\" target=\"_blank\" href=\"https:\/\/be.synxis.com\/?adult=1&#038;chain=14463&#038;child=0&#038;currency=EUR&#038;hotel=61793&#038;level=hotel&#038;locale=en-US&#038;productcurrency=EUR&#038;rooms=1\" rel=\"noopener\">\n    Buchen Sie Ihren Aufenthalt<\/a>\n\n\n<\/div><\/div><\/div><div id=\"pgc-17167-1-1\"  class=\"panel-grid-cell\" ><div id=\"panel-17167-1-1-0\" class=\"so-panel widget widget_cn-core-image-gallery-trigger-widget panel-first-child panel-last-child\" data-index=\"3\" ><div\n\t\t\t\n\t\t\tclass=\"so-widget-cn-core-image-gallery-trigger-widget so-widget-cn-core-image-gallery-trigger-widget-base\"\n\t\t\t\n\t\t>\n<div\n    class=\"c-gallery-trigger no-variation\"\n    data-module=\"image-gallery-trigger\"\n>\n            <button class='c-gallery-trigger__anchor js-gallery-trigger'>\n                            <figure class=\" crop c-image-gallery__thumbnail js-thumbnail\">\n                    <span\n                        data-width=\"1200\"\n                        data-height=\"960\"\n\n                                                    href=\"https:\/\/hotelcms-production.imgix.net\/shantimaurice.com\/wp-content\/uploads\/2022\/07\/ROOMS_Floor-Plan_Garden-View-Standard.jpg\"\n                                            ><\/span>\n\n                    <div data-src=\"https:\/\/hotelcms-production.imgix.net\/shantimaurice.com\/wp-content\/uploads\/2022\/07\/ROOMS_Floor-Plan_Garden-View-Standard.jpg\" data-crop=\"\" class=\"imgix-fluid  crop c-image c-gallery-trigger__image c-gallery-trigger__thumbnail-image\"><\/div><noscript><div style=\"background-image: url(https:\/\/hotelcms-production.imgix.net\/shantimaurice.com\/wp-content\/uploads\/2022\/07\/ROOMS_Floor-Plan_Garden-View-Standard.jpg);\" class=\"crop c-image c-gallery-trigger__image c-gallery-trigger__thumbnail-image\" ><\/div><\/noscript>                <\/figure>\n            \n            <span class='c-gallery-trigger__trigger'>\n                <span>Launch gallery<\/span>\n            <\/span>\n        <\/button>\n    \n            <div class=\"c-gallery-trigger__thumbnail js-thumbnail hide\">\n            <span\n                data-width=\"1200\"\n                data-height=\"960\"\n                data-caption=\"\"\n                title=\"\"\n\n                                    href=\"https:\/\/hotelcms-production.imgix.net\/shantimaurice.com\/wp-content\/uploads\/2022\/07\/ROOMS_Floor-Plan_Garden-View-Standard.jpg\"\n                            >\n            <\/span>\n\n                    <\/div>\n            <div class=\"c-gallery-trigger__thumbnail js-thumbnail hide\">\n            <span\n                data-width=\"1200\"\n                data-height=\"960\"\n                data-caption=\"\"\n                title=\"\"\n\n                                    href=\"https:\/\/hotelcms-production.imgix.net\/shantimaurice.com\/wp-content\/uploads\/2022\/07\/ROOMS_Floor-Plan_Garden-View-Standard.jpg\"\n                            >\n            <\/span>\n\n                    <\/div>\n    <\/div>\n\n<\/div><\/div><\/div><\/div><\/div><div id=\"pg-17167-2\"  class=\"panel-grid panel-has-style\" ><div class=\"c-row--valign-middle c-row--widget-default c-row--margin-default c-row--column-large siteorigin-panels-stretch panel-row-style panel-row-style-for-17167-2\" data-stretch-type=\"full-stretched\" ><div id=\"pgc-17167-2-0\"  class=\"panel-grid-cell\" ><div id=\"panel-17167-2-0-0\" class=\"so-panel widget widget_cn-core-image-widget panel-first-child panel-last-child\" data-index=\"4\" ><div\n\t\t\t\n\t\t\tclass=\"so-widget-cn-core-image-widget so-widget-cn-core-image-widget-base\"\n\t\t\t\n\t\t>\n<div class=\"c-image-container  no-variation\">\n    \n    <figure class=\"crop\">\n                    <div data-src=\"https:\/\/hotelcms-production.imgix.net\/shantimaurice.com\/wp-content\/uploads\/2019\/04\/127_JS_BeachAccess.jpg\" data-crop=\"\" class=\"imgix-fluid  c-image\"><\/div><noscript><div style=\"background-image: url(https:\/\/hotelcms-production.imgix.net\/shantimaurice.com\/wp-content\/uploads\/2019\/04\/127_JS_BeachAccess.jpg);\" class=\"c-image\" ><\/div><\/noscript>            <\/figure>\n\n    <\/div>\n<\/div><\/div><\/div><div id=\"pgc-17167-2-1\"  class=\"panel-grid-cell\" ><div id=\"panel-17167-2-1-0\" class=\"so-panel widget widget_cn-core-text-widget panel-first-child panel-last-child\" data-index=\"5\" ><div\n\t\t\t\n\t\t\tclass=\"so-widget-cn-core-text-widget so-widget-cn-core-text-widget-base\"\n\t\t\t\n\t\t>\n<div class=\"c-text no-variation\" >\n\n    \n    \n    \n    <div class=\"c-text__content s-entry\">\n        <p>Jede unserer Junior Suiten mit freiem Blick auf die Lagune ist in neutralen Erdt\u00f6nen gehalten, um den K\u00f6rper zu entspannen und die Seele zu beruhigen. Gro\u00dfe Schiebet\u00fcren zur Terrasse lassen die frische Meeresbrise ins Zimmer str\u00f6men und geben den Blick auf den wundersch\u00f6nen Indischen Ozean frei.<\/p>\n<p>Unsere gro\u00dfz\u00fcgigen Junior Suiten sind 65-72 m\u00b2 gro\u00df und verf\u00fcgen \u00fcber einen LCD-Flachbildschirm mit einer Vielzahl internationaler Kan\u00e4le, ein Unterhaltungssystem, High-Speed-Wi-Fi, Kaffee- und Teezubeh\u00f6r, eine Espressomaschine, ein gro\u00dfes Badezimmer und ein separates Ankleidezimmer mit offenem Kleiderschrank und Schminktisch.<\/p>\n<p>Mit unserem Konzept \"Bring Your Own Content\" (BYOC) k\u00f6nnen Sie ganz einfach Ihre Lieblingsfilme, TV-Shows und Musik direkt auf Ihr Unterhaltungssystem im Zimmer streamen. Ob f\u00fcr einen Familienfilmabend, eine Binge-Watching-Session oder einen entspannten Abend mit Ihren Lieblingstiteln \u2013 genie\u00dfen Sie Ihre eigenen Inhalte, genau so, wie Sie es m\u00f6gen. Erleben Sie ultimative Flexibilit\u00e4t und Bequemlichkeit w\u00e4hrend Ihres Aufenthalts bei uns.<\/p>\n<p>Bitte beachten Sie, dass alle Bilder nicht vertraglich bindend sind und die Aussicht je nach Zimmer variieren kann.<\/p>\n    <\/div>\n\n<\/div>\n<\/div><\/div><\/div><\/div><\/div><div id=\"pg-17167-3\"  class=\"panel-grid panel-has-style\" ><div class=\"c-row--valign-middle c-row--widget-default c-row--margin-small c-row--column-large siteorigin-panels-stretch panel-row-style panel-row-style-for-17167-3\" data-stretch-type=\"full-stretched\" ><div id=\"pgc-17167-3-0\"  class=\"panel-grid-cell\" ><div id=\"panel-17167-3-0-0\" class=\"so-panel widget widget_cn-core-adjacent-pages-widget panel-first-child panel-last-child\" data-index=\"6\" ><div\n\t\t\t\n\t\t\tclass=\"so-widget-cn-core-adjacent-pages-widget so-widget-cn-core-adjacent-pages-widget-base\"\n\t\t\t\n\t\t><nav class=\"c-siblings  \">\n\n    <ul class=\"menu\">\n        <li class=\"c-siblings__page \/ menu__previous\">\n                            <a href=\"https:\/\/shantimaurice.com\/accommodation\/\">Zur\u00fcck zu allen Unterk\u00fcnften<\/a>\n                    <\/li>\n\n        \n        <li class=\"c-siblings__page \/ menu__next\">\n                        <a href=\"https:\/\/shantimaurice.com\/de\/suiten-villen\/spa-junior-suite\/\" class=\"\">Next page &rarr;<\/a>                    <\/li>\n    <\/ul>\n\n<\/nav><\/div><\/div><\/div><\/div><\/div><div id=\"pg-17167-4\"  class=\"panel-grid panel-has-style\" ><div class=\"c-row--valign-default c-row--widget-default c-row--margin-default c-row--column-default siteorigin-panels-stretch has-background c-row--background-cover imgix-fluid crop panel-row-style panel-row-style-for-17167-4\" data-stretch-type=\"full-stretched\" data-src=\"https:\/\/hotelcms-production.imgix.net\/shantimaurice.com\/wp-content\/uploads\/2017\/11\/texture.png\" data-crop=\"manual\" data-focus-horizontal=\"\" data-focus-vertical=\"\" ><div id=\"pgc-17167-4-0\"  class=\"panel-grid-cell\" ><div id=\"panel-17167-4-0-0\" class=\"so-panel widget widget_cn-core-cta-widget panel-first-child panel-last-child\" data-index=\"7\" ><div\n\t\t\t\n\t\t\tclass=\"so-widget-cn-core-cta-widget so-widget-cn-core-cta-widget-base\"\n\t\t\t\n\t\t><div class=\"c-cta c-cta--layout-breaker no-variation\">\n\n    <div class=\"c-cta__content\">\n\n        <div class=\"c-cta__inner\">\n\n                            <a href=\"https:\/\/be.synxis.com\/?chain=14463&#038;hotel=61793&#038;adult=1&#038;child=0&#038;currency=EUR&#038;level=hotel&#038;locale=en-US&#038;rooms=1&#038;sbe_ri=0\" class=\"c-cta__anchor\" target=\"_blank\" rel=\"noopener\">\n            \n            \n            \n            \n                <div class=\"c-cta__headings\">\n\n                                    <p class=\"c-cta__preheading\">\n                        Aufenthalt im Shanti Maurice                    <\/p>\n                \n                                    <h2 class=\"c-cta__heading\">\n                        Das Abenteuer beginnt hier                    <\/h2>\n                \n                \n                <\/div>\n\n            \n            \n                            <\/a>\n            \n                            <div class=\"c-cta__text \/ s-entry\">\n                    <p>Genie\u00dferische Geschm\u00e4cker, au\u00dfergew\u00f6hnliche Sehensw\u00fcrdigkeiten und unvergessliche Erlebnisse. Es gibt nie einen schlechten Zeitpunkt, um Shanti Maurice zu besuchen, aber es gibt keinen besseren Zeitpunkt als jetzt.<\/p>\n                <\/div>\n            \n            \n                            <div class=\"c-cta__buttons\">\n                    <a class=\"c-button button \/ c-cta__button  no-variation\" target=\"_blank\" href=\"https:\/\/be.synxis.com\/?chain=14463&#038;hotel=61793&#038;adult=1&#038;child=0&#038;currency=EUR&#038;level=hotel&#038;locale=en-US&#038;rooms=1&#038;sbe_ri=0\" rel=\"noopener\">\n    Buchen Sie Ihren Aufenthalt<\/a>\n\n\n                <\/div>\n            \n                    <\/div>\n\n    <\/div>\n\n    \n    \n            <a href=\"https:\/\/be.synxis.com\/?chain=14463&#038;hotel=61793&#038;adult=1&#038;child=0&#038;currency=EUR&#038;level=hotel&#038;locale=en-US&#038;rooms=1&#038;sbe_ri=0\" class=\"c-cta__detached-anchor\" target=\"_blank\" rel=\"noopener\"><\/a>\n    \n<\/div>\n\n<\/div><\/div><\/div><\/div><\/div><\/div>","protected":false},"excerpt":{"rendered":"<p>Junior Suite Lagoonview Elegante Raffinesse mit Lagunenblick Panoramafenster, Balkon, en-suite, Ankleidezimmer Virtueller Rundgang &#8211; Erdgeschoss Virtueller Rundgang &#8211; Erster Stock Zimmer-\u00dcbersicht 2 Erwachsene + 2 Kinder (Zusatzbett) Erdgeschoss &amp; erster Stock Hauptschlafzimmer mit Kingsize-Bett Privater Balkon mit Blick auf die Lagune Separates Ankleidezimmer Buchen Sie Ihren Aufenthalt Launch gallery Jede unserer Junior Suiten mit freiem &hellip;<\/p>\n","protected":false},"author":55,"featured_media":0,"parent":1788,"menu_order":0,"comment_status":"closed","ping_status":"closed","template":"","meta":{"_acf_changed":false,"footnotes":""},"class_list":["post--17167","post--page","post--type-page","post--status-publish","post--hentry"],"acf":[],"_links":{"self":[{"href":"https:\/\/shantimaurice.com\/de\/wp-json\/wp\/v2\/pages\/17167","targetHints":{"allow":["GET"]}}],"collection":[{"href":"https:\/\/shantimaurice.com\/de\/wp-json\/wp\/v2\/pages"}],"about":[{"href":"https:\/\/shantimaurice.com\/de\/wp-json\/wp\/v2\/types\/page"}],"author":[{"embeddable":true,"href":"https:\/\/shantimaurice.com\/de\/wp-json\/wp\/v2\/users\/55"}],"replies":[{"embeddable":true,"href":"https:\/\/shantimaurice.com\/de\/wp-json\/wp\/v2\/comments?post=17167"}],"version-history":[{"count":6,"href":"https:\/\/shantimaurice.com\/de\/wp-json\/wp\/v2\/pages\/17167\/revisions"}],"predecessor-version":[{"id":19913,"href":"https:\/\/shantimaurice.com\/de\/wp-json\/wp\/v2\/pages\/17167\/revisions\/19913"}],"up":[{"embeddable":true,"href":"https:\/\/shantimaurice.com\/de\/wp-json\/wp\/v2\/pages\/1788"}],"wp:attachment":[{"href":"https:\/\/shantimaurice.com\/de\/wp-json\/wp\/v2\/media?parent=17167"}],"curies":[{"name":"wp","href":"https:\/\/api.w.org\/{rel}","templated":true}]}}