{"id":1793,"date":"2020-03-26T12:48:04","date_gmt":"2020-03-26T12:48:04","guid":{"rendered":"https:\/\/shantimaurice.testingcreative.co.uk\/accommodation\/junior-suite-ocean-view\/"},"modified":"2024-09-30T12:38:44","modified_gmt":"2024-09-30T12:38:44","slug":"junior-suite-ocean-view","status":"publish","type":"page","link":"https:\/\/shantimaurice.com\/de\/suiten-villen\/junior-suite-ocean-view\/","title":{"rendered":"Junior Suite Ocean View"},"content":{"rendered":"<div id=\"pl-1793\"  class=\"panel-layout\" ><div id=\"pg-1793-0\"  class=\"panel-grid panel-has-style\" ><div class=\"c-row--valign-default c-row--widget-default c-row--margin-default c-row--column-none siteorigin-panels-stretch panel-row-style panel-row-style-for-1793-0\" data-stretch-type=\"full-stretched\" ><div id=\"pgc-1793-0-0\"  class=\"panel-grid-cell\" ><div id=\"panel-1793-0-0-0\" class=\"so-panel widget widget_cn-core-hero-widget panel-first-child panel-last-child\" data-index=\"0\" ><div\n\t\t\t\n\t\t\tclass=\"so-widget-cn-core-hero-widget so-widget-cn-core-hero-widget-base\"\n\t\t\t\n\t\t><section class=\"c-hero c-hero--short\">\n    <div class=\"c-hero__inner\">\n        \n        <div class=\"c-hero__content\">\n\n                            <h1 class=\"c-hero__heading\">\n                    Junior Suite Ocean View                <\/h1>\n            \n                            <p class=\"c-hero__subheading\">\n                    Elegante Raffinesse mit Meerblick                <\/p>\n                            <div class=\"s-entry \/ c-hero__text\">\n                    <p>\n                        Fenster mit Panoramablick, gro\u00dfer Balkon oder Terrasse, angrenzendes Ankleidezimmer                    <\/p>\n                <\/div>\n                    <\/div>\n\n        \n        <div class=\"c-hero__buttons\">\n\n            <a class=\"c-button  no-variation\" target=\"_blank\" href=\"https:\/\/mpembed.com\/show\/?m=DghTKG8whBW&#038;mpu=754\" rel=\"noopener\">\n    Virtual Tour<\/a>\n\n\n\n        <\/div>\n\n        \n    <\/div>\n\n\n\n    \n    \n    <div data-src=\"https:\/\/hotelcms-production.imgix.net\/shantimaurice.com\/wp-content\/uploads\/2024\/05\/Shanti-Maurice-Resort-Spa_Junior-Suite-Oceanview_01.jpg\" data-crop=\"\" class=\"imgix-fluid  crop \/ c-hero__background\"><\/div><noscript><div style=\"background-image: url(https:\/\/hotelcms-production.imgix.net\/shantimaurice.com\/wp-content\/uploads\/2024\/05\/Shanti-Maurice-Resort-Spa_Junior-Suite-Oceanview_01.jpg);\" class=\"crop \/ c-hero__background\" ><\/div><\/noscript>\n    \n    <\/section>\n<\/div><\/div><\/div><\/div><\/div><div id=\"pg-1793-1\"  class=\"panel-grid panel-has-style\" ><div class=\"c-row--valign-middle c-row--widget-default c-row--margin-small c-row--column-large panel-row-style panel-row-style-for-1793-1\" ><div id=\"pgc-1793-1-0\"  class=\"panel-grid-cell\" ><div id=\"panel-1793-1-0-0\" class=\"so-panel widget widget_cn-core-icon-list-widget panel-first-child\" data-index=\"1\" ><div\n\t\t\t\n\t\t\tclass=\"so-widget-cn-core-icon-list-widget so-widget-cn-core-icon-list-widget-base\"\n\t\t\t\n\t\t><div class=\"c-icon-list no-variation\" >\n\n    <div class=\"c-icon-list__headings\">\n    \n        \n                    <h2 class=\"c-icon-list__heading\">Zimmer\u00fcberblick<\/h2>\n        \n        \n        <\/div>\n    \n    <ul class=\"c-icon-list__menu\">\n            <li class=\"c-icon-list__item\">\n            <div class=\"c-icon-list__icon img-fit\">\n                            <\/div>\n            <p class=\"c-icon-list__item__text\">2 Erwachsene + 2 Kinder (Extrabett)<\/p>\n                    <\/li>\n            <li class=\"c-icon-list__item\">\n            <div class=\"c-icon-list__icon img-fit\">\n                <img decoding=\"async\" data-src=\"https:\/\/hotelcms-production.imgix.net\/shantimaurice.com\/wp-content\/uploads\/2017\/11\/Shanti-icons-05.svg\" data-crop=\"\" src=\"data:image\/gif;base64,R0lGODlhBAADAIAAAAAAAAAAACH5BAEAAAAALAAAAAAEAAMAAAIDhI9WADs=\" class=\"imgix-fluid \/ c-image\" alt=\"Bed icon\"  \/><noscript><img decoding=\"async\" src=\"https:\/\/hotelcms-production.imgix.net\/shantimaurice.com\/wp-content\/uploads\/2017\/11\/Shanti-icons-05.svg\" class=\"c-image\" alt=\"Bed icon\"  \/><\/noscript>            <\/div>\n            <p class=\"c-icon-list__item__text\">Hauptschlafzimmer mit King Size Bett oder Twin Bett<\/p>\n                    <\/li>\n            <li class=\"c-icon-list__item\">\n            <div class=\"c-icon-list__icon img-fit\">\n                <img decoding=\"async\" data-src=\"https:\/\/hotelcms-production.imgix.net\/shantimaurice.com\/wp-content\/uploads\/2017\/11\/Shanti-icons-21.svg\" data-crop=\"\" src=\"data:image\/gif;base64,R0lGODlhBAADAIAAAAAAAAAAACH5BAEAAAAALAAAAAAEAAMAAAIDhI9WADs=\" class=\"imgix-fluid \/ c-image\" alt=\"Waves icon\"  \/><noscript><img decoding=\"async\" src=\"https:\/\/hotelcms-production.imgix.net\/shantimaurice.com\/wp-content\/uploads\/2017\/11\/Shanti-icons-21.svg\" class=\"c-image\" alt=\"Waves icon\"  \/><\/noscript>            <\/div>\n            <p class=\"c-icon-list__item__text\">Privater Balkon mit Meerblick<\/p>\n                    <\/li>\n            <li class=\"c-icon-list__item\">\n            <div class=\"c-icon-list__icon img-fit\">\n                <img decoding=\"async\" data-src=\"https:\/\/hotelcms-production.imgix.net\/shantimaurice.com\/wp-content\/uploads\/2017\/11\/Shanti-icons-30.svg\" data-crop=\"\" src=\"data:image\/gif;base64,R0lGODlhBAADAIAAAAAAAAAAACH5BAEAAAAALAAAAAAEAAMAAAIDhI9WADs=\" class=\"imgix-fluid \/ c-image\" alt=\"Cloakroom icon\"  \/><noscript><img decoding=\"async\" src=\"https:\/\/hotelcms-production.imgix.net\/shantimaurice.com\/wp-content\/uploads\/2017\/11\/Shanti-icons-30.svg\" class=\"c-image\" alt=\"Cloakroom icon\"  \/><\/noscript>            <\/div>\n            <p class=\"c-icon-list__item__text\">Separates Ankleidezimmer<\/p>\n                    <\/li>\n        <\/ul>\n\n<\/div><\/div><\/div><div id=\"panel-1793-1-0-1\" class=\"so-panel widget widget_cn-core-button-widget panel-last-child\" data-index=\"2\" ><div\n\t\t\t\n\t\t\tclass=\"so-widget-cn-core-button-widget so-widget-cn-core-button-widget-base\"\n\t\t\t\n\t\t><a class=\"c-button  no-variation\" href=\"https:\/\/be.synxis.com\/?adult=1&#038;chain=14463&#038;child=0&#038;currency=EUR&#038;hotel=61793&#038;level=hotel&#038;locale=en-US&#038;productcurrency=EUR&#038;rooms=1\" target=\"_blank\" rel=\"noopener\">\n    Buchen Sie Ihren Aufenthalt<\/a>\n\n\n<\/div><\/div><\/div><div id=\"pgc-1793-1-1\"  class=\"panel-grid-cell\" ><div id=\"panel-1793-1-1-0\" class=\"so-panel widget widget_cn-core-image-gallery-trigger-widget panel-first-child panel-last-child\" data-index=\"3\" ><div\n\t\t\t\n\t\t\tclass=\"so-widget-cn-core-image-gallery-trigger-widget so-widget-cn-core-image-gallery-trigger-widget-base\"\n\t\t\t\n\t\t>\n<div\n    class=\"c-gallery-trigger no-variation\"\n    data-module=\"image-gallery-trigger\"\n>\n            <button class='c-gallery-trigger__anchor js-gallery-trigger'>\n                            <figure class=\" crop c-image-gallery__thumbnail js-thumbnail\">\n                    <span\n                        data-width=\"1200\"\n                        data-height=\"960\"\n\n                                                    href=\"https:\/\/hotelcms-production.imgix.net\/shantimaurice.com\/wp-content\/uploads\/2017\/11\/Junior-Suite-Oceanview.jpg\"\n                                            ><\/span>\n\n                    <div data-src=\"https:\/\/hotelcms-production.imgix.net\/shantimaurice.com\/wp-content\/uploads\/2017\/11\/Junior-Suite-Oceanview.jpg\" data-crop=\"manual\" class=\"imgix-fluid  crop c-image c-gallery-trigger__image c-gallery-trigger__thumbnail-image\" data-focus-horizontal=\"65\" data-focus-vertical=\"35\"><\/div><noscript><div style=\"background-image: url(https:\/\/hotelcms-production.imgix.net\/shantimaurice.com\/wp-content\/uploads\/2017\/11\/Junior-Suite-Oceanview.jpg);\" class=\"crop c-image c-gallery-trigger__image c-gallery-trigger__thumbnail-image\" ><\/div><\/noscript>                <\/figure>\n            \n            <span class='c-gallery-trigger__trigger'>\n                <span>Launch gallery<\/span>\n            <\/span>\n        <\/button>\n    \n            <div class=\"c-gallery-trigger__thumbnail js-thumbnail hide\">\n            <span\n                data-width=\"1200\"\n                data-height=\"960\"\n                data-caption=\"\"\n                title=\"\"\n\n                                    href=\"https:\/\/hotelcms-production.imgix.net\/shantimaurice.com\/wp-content\/uploads\/2018\/05\/Junior-Suite-Ocean-View-3D-Floor-Plan.png\"\n                            >\n            <\/span>\n\n                    <\/div>\n    <\/div>\n\n<\/div><\/div><\/div><\/div><\/div><div id=\"pg-1793-2\"  class=\"panel-grid panel-has-style\" ><div class=\"c-row--valign-default c-row--widget-none c-row--margin-small c-row--column-large panel-row-style panel-row-style-for-1793-2\" ><div id=\"pgc-1793-2-0\"  class=\"panel-grid-cell\" ><div id=\"panel-1793-2-0-0\" class=\"so-panel widget widget_cn-core-cta-slider-widget panel-first-child panel-last-child\" data-index=\"4\" ><div\n\t\t\t\n\t\t\tclass=\"so-widget-cn-core-cta-slider-widget so-widget-cn-core-cta-slider-widget-base\"\n\t\t\t\n\t\t> \n<div class=\"c-slider-wrapper  no-variation\">\n\n    \n    \n    \n    <div\n        id=\"slider-69e3400f52502\"\n        class=\"c-slider c-slider--cta c-slider--auto-height  js-flickity\"\n        data-flickity-options='{\"pageDots\":true,\"prevNextButtons\":true,\"cellAlign\":\"left\",\"lazyLoad\":true,\"contain\":false,\"wrapAround\":true,\"setGallerySize\":true,\"adaptiveHeight\":true,\"autoPlay\":3500,\"pauseAutoPlayOnHover\":false,\"rightToLeft\":false,\"groupCells\":false,\"watchCSS\":false}'\n    >\n                    <div\n                id=\"cta-cell-0\"\n                class=\"c-slider__cell  js-flickity-cell\"\n            >\n                <div class=\"c-cta no-variation has-background no-layout\">\n\n    <div class=\"c-cta__content\">\n\n        <div class=\"c-cta__inner\">\n\n            \n            \n            \n            \n                <div class=\"c-cta__headings\">\n\n                \n                                    <h2 class=\"c-cta__heading\">\n                        Room No. 129                    <\/h2>\n                \n                \n                <\/div>\n\n            \n            \n            \n            \n            \n            \n                    <\/div>\n\n    <\/div>\n\n    \n            <div data-src=\"https:\/\/hotelcms-production.imgix.net\/shantimaurice.com\/wp-content\/uploads\/2019\/04\/129_JS_OceanView.jpg\" data-crop=\"manual\" class=\"imgix-fluid  crop \/ c-background c-cta__background\" data-focus-horizontal=\"50\" data-focus-vertical=\"50\"><\/div><noscript><div style=\"background-image: url(https:\/\/hotelcms-production.imgix.net\/shantimaurice.com\/wp-content\/uploads\/2019\/04\/129_JS_OceanView.jpg);\" class=\"crop \/ c-background c-cta__background\" ><\/div><\/noscript>    \n    \n<\/div>\n\n            <\/div>\n                    <div\n                id=\"cta-cell-1\"\n                class=\"c-slider__cell  js-flickity-cell\"\n            >\n                <div class=\"c-cta no-variation has-background no-layout\">\n\n    <div class=\"c-cta__content\">\n\n        <div class=\"c-cta__inner\">\n\n            \n            \n            \n            \n                <div class=\"c-cta__headings\">\n\n                \n                                    <h2 class=\"c-cta__heading\">\n                        Room No. 130                    <\/h2>\n                \n                \n                <\/div>\n\n            \n            \n            \n            \n            \n            \n                    <\/div>\n\n    <\/div>\n\n    \n            <div data-src=\"https:\/\/hotelcms-production.imgix.net\/shantimaurice.com\/wp-content\/uploads\/2019\/04\/130_JS_OceanView.jpg\" data-crop=\"\" class=\"imgix-fluid  crop \/ c-background c-cta__background\"><\/div><noscript><div style=\"background-image: url(https:\/\/hotelcms-production.imgix.net\/shantimaurice.com\/wp-content\/uploads\/2019\/04\/130_JS_OceanView.jpg);\" class=\"crop \/ c-background c-cta__background\" ><\/div><\/noscript>    \n    \n<\/div>\n\n            <\/div>\n                    <div\n                id=\"cta-cell-2\"\n                class=\"c-slider__cell  js-flickity-cell\"\n            >\n                <div class=\"c-cta no-variation has-background no-layout\">\n\n    <div class=\"c-cta__content\">\n\n        <div class=\"c-cta__inner\">\n\n            \n            \n            \n            \n                <div class=\"c-cta__headings\">\n\n                \n                                    <h2 class=\"c-cta__heading\">\n                        Room No. 133                    <\/h2>\n                \n                \n                <\/div>\n\n            \n            \n            \n            \n            \n            \n                    <\/div>\n\n    <\/div>\n\n    \n            <div data-src=\"https:\/\/hotelcms-production.imgix.net\/shantimaurice.com\/wp-content\/uploads\/2019\/04\/133_JS_OceanView.jpg\" data-crop=\"\" class=\"imgix-fluid  crop \/ c-background c-cta__background\"><\/div><noscript><div style=\"background-image: url(https:\/\/hotelcms-production.imgix.net\/shantimaurice.com\/wp-content\/uploads\/2019\/04\/133_JS_OceanView.jpg);\" class=\"crop \/ c-background c-cta__background\" ><\/div><\/noscript>    \n    \n<\/div>\n\n            <\/div>\n                    <div\n                id=\"cta-cell-3\"\n                class=\"c-slider__cell  js-flickity-cell\"\n            >\n                <div class=\"c-cta no-variation has-background no-layout\">\n\n    <div class=\"c-cta__content\">\n\n        <div class=\"c-cta__inner\">\n\n            \n            \n            \n            \n                <div class=\"c-cta__headings\">\n\n                \n                                    <h2 class=\"c-cta__heading\">\n                        Room No. 134                    <\/h2>\n                \n                \n                <\/div>\n\n            \n            \n            \n            \n            \n            \n                    <\/div>\n\n    <\/div>\n\n    \n            <div data-src=\"https:\/\/hotelcms-production.imgix.net\/shantimaurice.com\/wp-content\/uploads\/2019\/04\/134_JS_OceanView.jpg\" data-crop=\"manual\" class=\"imgix-fluid  crop \/ c-background c-cta__background\" data-focus-horizontal=\"50\" data-focus-vertical=\"70\"><\/div><noscript><div style=\"background-image: url(https:\/\/hotelcms-production.imgix.net\/shantimaurice.com\/wp-content\/uploads\/2019\/04\/134_JS_OceanView.jpg);\" class=\"crop \/ c-background c-cta__background\" ><\/div><\/noscript>    \n    \n<\/div>\n\n            <\/div>\n                    <div\n                id=\"cta-cell-4\"\n                class=\"c-slider__cell  js-flickity-cell\"\n            >\n                <div class=\"c-cta no-variation has-background no-layout\">\n\n    <div class=\"c-cta__content\">\n\n        <div class=\"c-cta__inner\">\n\n            \n            \n            \n            \n                <div class=\"c-cta__headings\">\n\n                \n                                    <h2 class=\"c-cta__heading\">\n                        Room No. 145                    <\/h2>\n                \n                \n                <\/div>\n\n            \n            \n            \n            \n            \n            \n                    <\/div>\n\n    <\/div>\n\n    \n            <div data-src=\"https:\/\/hotelcms-production.imgix.net\/shantimaurice.com\/wp-content\/uploads\/2019\/04\/145_JS_OceanView.jpg\" data-crop=\"manual\" class=\"imgix-fluid  crop \/ c-background c-cta__background\" data-focus-horizontal=\"50\" data-focus-vertical=\"60\"><\/div><noscript><div style=\"background-image: url(https:\/\/hotelcms-production.imgix.net\/shantimaurice.com\/wp-content\/uploads\/2019\/04\/145_JS_OceanView.jpg);\" class=\"crop \/ c-background c-cta__background\" ><\/div><\/noscript>    \n    \n<\/div>\n\n            <\/div>\n                    <div\n                id=\"cta-cell-5\"\n                class=\"c-slider__cell  js-flickity-cell\"\n            >\n                <div class=\"c-cta no-variation has-background no-layout\">\n\n    <div class=\"c-cta__content\">\n\n        <div class=\"c-cta__inner\">\n\n            \n            \n            \n            \n                <div class=\"c-cta__headings\">\n\n                \n                                    <h2 class=\"c-cta__heading\">\n                        Room No. 146                    <\/h2>\n                \n                \n                <\/div>\n\n            \n            \n            \n            \n            \n            \n                    <\/div>\n\n    <\/div>\n\n    \n            <div data-src=\"https:\/\/hotelcms-production.imgix.net\/shantimaurice.com\/wp-content\/uploads\/2019\/04\/146_JS_OceanView.png\" data-crop=\"\" class=\"imgix-fluid  crop \/ c-background c-cta__background\"><\/div><noscript><div style=\"background-image: url(https:\/\/hotelcms-production.imgix.net\/shantimaurice.com\/wp-content\/uploads\/2019\/04\/146_JS_OceanView.png);\" class=\"crop \/ c-background c-cta__background\" ><\/div><\/noscript>    \n    \n<\/div>\n\n            <\/div>\n                    <div\n                id=\"cta-cell-6\"\n                class=\"c-slider__cell  js-flickity-cell\"\n            >\n                <div class=\"c-cta no-variation has-background no-layout\">\n\n    <div class=\"c-cta__content\">\n\n        <div class=\"c-cta__inner\">\n\n            \n            \n            \n            \n                <div class=\"c-cta__headings\">\n\n                \n                                    <h2 class=\"c-cta__heading\">\n                        Bathroom                    <\/h2>\n                \n                \n                <\/div>\n\n            \n            \n            \n            \n            \n            \n                    <\/div>\n\n    <\/div>\n\n    \n            <div data-src=\"https:\/\/hotelcms-production.imgix.net\/shantimaurice.com\/wp-content\/uploads\/2017\/11\/SHM_Junior-Suite.jpg\" data-crop=\"manual\" class=\"imgix-fluid  crop \/ c-background c-cta__background\" data-focus-horizontal=\"50\" data-focus-vertical=\"50\"><\/div><noscript><div style=\"background-image: url(https:\/\/hotelcms-production.imgix.net\/shantimaurice.com\/wp-content\/uploads\/2017\/11\/SHM_Junior-Suite.jpg);\" class=\"crop \/ c-background c-cta__background\" ><\/div><\/noscript>    \n    \n<\/div>\n\n            <\/div>\n            <\/div>\n<\/div><\/div><\/div><\/div><\/div><\/div><div id=\"pg-1793-3\"  class=\"panel-grid panel-has-style\" ><div class=\"c-row--valign-middle c-row--widget-default c-row--margin-default c-row--column-large panel-row-style panel-row-style-for-1793-3\" ><div id=\"pgc-1793-3-0\"  class=\"panel-grid-cell\" ><div id=\"panel-1793-3-0-0\" class=\"so-panel widget widget_cn-core-image-widget panel-first-child panel-last-child\" data-index=\"5\" ><div\n\t\t\t\n\t\t\tclass=\"so-widget-cn-core-image-widget so-widget-cn-core-image-widget-base\"\n\t\t\t\n\t\t>\n<div class=\"c-image-container  no-variation\">\n    \n    <figure class=\"crop\">\n                    <div data-src=\"https:\/\/hotelcms-production.imgix.net\/shantimaurice.com\/wp-content\/uploads\/2024\/05\/Shanti-Maurice-Resort-Spa_Junior-Suite-Oceanview_02-1.jpg\" data-crop=\"\" class=\"imgix-fluid  c-image\"><\/div><noscript><div style=\"background-image: url(https:\/\/hotelcms-production.imgix.net\/shantimaurice.com\/wp-content\/uploads\/2024\/05\/Shanti-Maurice-Resort-Spa_Junior-Suite-Oceanview_02-1.jpg);\" class=\"c-image\" ><\/div><\/noscript>            <\/figure>\n\n    <\/div>\n<\/div><\/div><\/div><div id=\"pgc-1793-3-1\"  class=\"panel-grid-cell\" ><div id=\"panel-1793-3-1-0\" class=\"so-panel widget widget_cn-core-text-widget panel-first-child panel-last-child\" data-index=\"6\" ><div\n\t\t\t\n\t\t\tclass=\"so-widget-cn-core-text-widget so-widget-cn-core-text-widget-base\"\n\t\t\t\n\t\t>\n<div class=\"c-text no-variation\" >\n\n    \n    \n    \n    <div class=\"c-text__content s-entry\">\n        <p>Jede unserer Juniorsuiten mit Meerblick ist in neutralen Erdt\u00f6nen gehalten, um den K\u00f6rper zu entspannen und die Seele zu beruhigen. Gro\u00dfe Panoramat\u00fcren er\u00f6ffnen einen unvergleichlichen Ausblick auf den Indischen Ozean und lassen die frische Meeresbrise ins Zimmer wehen.<\/p>\n<p>Unsere gro\u00dfz\u00fcgig geschnittenen Junior Suiten sind 65-72 qm gro\u00df und sind mit gro\u00dfen und bequemen Betten, hochwertigem Mobiliar, Kaffee- und Teebereitern, sowie Espressomaschine, LCD-Flachbildschirm mit internationalen Kan\u00e4len, vielf\u00e4ltigem Unterhaltungsprogramm, kostenlosem Video-on-demand (in 6 Sprachen) und Highspeed Wi-Fi, gro\u00dfr\u00e4umigem Badezimmer, separatem Ankleidebereich mit offenem Kleiderschrank und Frisiertisch ausgestattet. Die Suiten im Erdgescho\u00df verf\u00fcgen zudem \u00fcber eine Au\u00dfendusche.<\/p>\n<p>Mit unserem Konzept \"Bring Your Own Content\" (BYOC) k\u00f6nnen Sie ganz einfach Ihre Lieblingsfilme, TV-Shows und Musik direkt auf Ihr Unterhaltungssystem im Zimmer streamen. Ob f\u00fcr einen Familienfilmabend, eine Binge-Watching-Session oder einen entspannten Abend mit Ihren Lieblingstiteln \u2013 genie\u00dfen Sie Ihre eigenen Inhalte, genau so, wie Sie es m\u00f6gen. Erleben Sie ultimative Flexibilit\u00e4t und Bequemlichkeit w\u00e4hrend Ihres Aufenthalts bei uns.<\/p>\n    <\/div>\n\n<\/div>\n<\/div><\/div><\/div><\/div><\/div><div id=\"pg-1793-4\"  class=\"panel-grid panel-has-style\" ><div class=\"c-row--valign-middle c-row--widget-default c-row--margin-small c-row--column-large panel-row-style panel-row-style-for-1793-4\" ><div id=\"pgc-1793-4-0\"  class=\"panel-grid-cell\" ><div id=\"panel-1793-4-0-0\" class=\"so-panel widget widget_cn-core-adjacent-pages-widget panel-first-child panel-last-child\" data-index=\"7\" ><div\n\t\t\t\n\t\t\tclass=\"so-widget-cn-core-adjacent-pages-widget so-widget-cn-core-adjacent-pages-widget-base\"\n\t\t\t\n\t\t><nav class=\"c-siblings  \">\n\n    <ul class=\"menu\">\n        <li class=\"c-siblings__page \/ menu__previous\">\n                            <a href=\"https:\/\/shantimaurice.com\/de\/suiten-villen\/\">Zur\u00fcck zu allen Unterk\u00fcnften<\/a>\n                    <\/li>\n\n        \n        <li class=\"c-siblings__page \/ menu__next\">\n                        <a href=\"https:\/\/shantimaurice.com\/de\/suiten-villen\/oceanview-pool-villa\/\" class=\"\">Next page &rarr;<\/a>                    <\/li>\n    <\/ul>\n\n<\/nav><\/div><\/div><\/div><\/div><\/div><div id=\"pg-1793-5\"  class=\"panel-grid panel-has-style\" ><div class=\"c-row--valign-default c-row--widget-default c-row--margin-default c-row--column-default siteorigin-panels-stretch has-background c-row--background-cover imgix-fluid crop panel-row-style panel-row-style-for-1793-5\" data-stretch-type=\"full-stretched\" data-src=\"https:\/\/hotelcms-production.imgix.net\/shantimaurice.com\/wp-content\/uploads\/2017\/11\/texture.png\" data-crop=\"manual\" data-focus-horizontal=\"\" data-focus-vertical=\"\" ><div id=\"pgc-1793-5-0\"  class=\"panel-grid-cell\" ><div id=\"panel-1793-5-0-0\" class=\"so-panel widget widget_cn-core-cta-widget panel-first-child panel-last-child\" data-index=\"8\" ><div\n\t\t\t\n\t\t\tclass=\"so-widget-cn-core-cta-widget so-widget-cn-core-cta-widget-base\"\n\t\t\t\n\t\t><div class=\"c-cta c-cta--layout-breaker no-variation\">\n\n    <div class=\"c-cta__content\">\n\n        <div class=\"c-cta__inner\">\n\n                            <a href=\"https:\/\/be.synxis.com\/?chain=14463&#038;hotel=61793&#038;adult=1&#038;child=0&#038;currency=EUR&#038;level=hotel&#038;locale=en-US&#038;rooms=1&#038;sbe_ri=0\" class=\"c-cta__anchor\" target=\"_blank\" rel=\"noopener\">\n            \n            \n            \n            \n                <div class=\"c-cta__headings\">\n\n                                    <p class=\"c-cta__preheading\">\n                        Ihr Aufenthalt im Shanti Maurice                    <\/p>\n                \n                                    <h2 class=\"c-cta__heading\">\n                        Ihr Abenteuer beginnt hier                    <\/h2>\n                \n                \n                <\/div>\n\n            \n            \n                            <\/a>\n            \n                            <div class=\"c-cta__text \/ s-entry\">\n                    <p>Unvergessliche Momente, kulinarische Gourmet-Highlights und atemberaubende Natur.<br \/>\nF\u00fcr jeden Einzelnen, ob Jung oder Alt bieten wir das Passende.<br \/>\nBeginnen Sie jetzt mit der Planung Ihres n\u00e4chsten pers\u00f6nlichen Abenteuers<\/p>\n                <\/div>\n            \n            \n                            <div class=\"c-cta__buttons\">\n                    <a class=\"c-button button \/ c-cta__button  no-variation\" target=\"_blank\" href=\"https:\/\/be.synxis.com\/?chain=14463&#038;hotel=61793&#038;adult=1&#038;child=0&#038;currency=EUR&#038;level=hotel&#038;locale=en-US&#038;rooms=1&#038;sbe_ri=0\" rel=\"noopener\">\n    Buchen Sie Ihren Aufenthalt<\/a>\n\n\n                <\/div>\n            \n                    <\/div>\n\n    <\/div>\n\n    \n    \n            <a href=\"https:\/\/be.synxis.com\/?chain=14463&#038;hotel=61793&#038;adult=1&#038;child=0&#038;currency=EUR&#038;level=hotel&#038;locale=en-US&#038;rooms=1&#038;sbe_ri=0\" class=\"c-cta__detached-anchor\" target=\"_blank\" rel=\"noopener\"><\/a>\n    \n<\/div>\n\n<\/div><\/div><\/div><\/div><\/div><\/div>","protected":false},"excerpt":{"rendered":"<p>Junior Suite Ocean View Elegante Raffinesse mit Meerblick Fenster mit Panoramablick, gro\u00dfer Balkon oder Terrasse, angrenzendes Ankleidezimmer Virtual Tour Zimmer\u00fcberblick 2 Erwachsene + 2 Kinder (Extrabett) Hauptschlafzimmer mit King Size Bett oder Twin Bett Privater Balkon mit Meerblick Separates Ankleidezimmer Buchen Sie Ihren Aufenthalt Launch gallery Room No. 129 Room No. 130 Room No. 133 &hellip;<\/p>\n","protected":false},"author":1,"featured_media":0,"parent":1788,"menu_order":0,"comment_status":"closed","ping_status":"closed","template":"","meta":{"_acf_changed":false,"footnotes":""},"class_list":["post--1793","post--page","post--type-page","post--status-publish","post--hentry"],"acf":[],"_links":{"self":[{"href":"https:\/\/shantimaurice.com\/de\/wp-json\/wp\/v2\/pages\/1793","targetHints":{"allow":["GET"]}}],"collection":[{"href":"https:\/\/shantimaurice.com\/de\/wp-json\/wp\/v2\/pages"}],"about":[{"href":"https:\/\/shantimaurice.com\/de\/wp-json\/wp\/v2\/types\/page"}],"author":[{"embeddable":true,"href":"https:\/\/shantimaurice.com\/de\/wp-json\/wp\/v2\/users\/1"}],"replies":[{"embeddable":true,"href":"https:\/\/shantimaurice.com\/de\/wp-json\/wp\/v2\/comments?post=1793"}],"version-history":[{"count":7,"href":"https:\/\/shantimaurice.com\/de\/wp-json\/wp\/v2\/pages\/1793\/revisions"}],"predecessor-version":[{"id":19905,"href":"https:\/\/shantimaurice.com\/de\/wp-json\/wp\/v2\/pages\/1793\/revisions\/19905"}],"up":[{"embeddable":true,"href":"https:\/\/shantimaurice.com\/de\/wp-json\/wp\/v2\/pages\/1788"}],"wp:attachment":[{"href":"https:\/\/shantimaurice.com\/de\/wp-json\/wp\/v2\/media?parent=1793"}],"curies":[{"name":"wp","href":"https:\/\/api.w.org\/{rel}","templated":true}]}}