{"id":1823,"date":"2020-03-27T08:57:04","date_gmt":"2020-03-27T08:57:04","guid":{"rendered":"https:\/\/shantimaurice.testingcreative.co.uk\/unterkunft\/luxury-pool-villa\/"},"modified":"2025-04-07T11:33:05","modified_gmt":"2025-04-07T11:33:05","slug":"oceanview-pool-villa-2","status":"publish","type":"page","link":"https:\/\/shantimaurice.com\/de\/suiten-villen\/oceanview-pool-villa-2\/","title":{"rendered":"Oceanview Pool Villa"},"content":{"rendered":"<div id=\"pl-1823\"  class=\"panel-layout\" ><div id=\"pg-1823-0\"  class=\"panel-grid panel-has-style\" ><div class=\"c-row--valign-default c-row--widget-default c-row--margin-default c-row--column-none siteorigin-panels-stretch panel-row-style panel-row-style-for-1823-0\" data-stretch-type=\"full-stretched\" ><div id=\"pgc-1823-0-0\"  class=\"panel-grid-cell\" ><div id=\"panel-1823-0-0-0\" class=\"so-panel widget widget_cn-core-hero-widget panel-first-child panel-last-child\" data-index=\"0\" ><div\n\t\t\t\n\t\t\tclass=\"so-widget-cn-core-hero-widget so-widget-cn-core-hero-widget-base\"\n\t\t\t\n\t\t><section class=\"c-hero c-hero--short\">\n    <div class=\"c-hero__inner\">\n        \n        <div class=\"c-hero__content\">\n\n                            <h1 class=\"c-hero__heading\">\n                    Oceanview Pool Villa                <\/h1>\n            \n                            <p class=\"c-hero__subheading\">\n                    Wo Privatsph\u00e4re auf Luxus trifft                <\/p>\n                            <div class=\"s-entry \/ c-hero__text\">\n                    <p>\n                        Unaufdringlicher Luxus, privater Swimmingpool, Meerblick                    <\/p>\n                <\/div>\n                    <\/div>\n\n        \n        <div class=\"c-hero__buttons\">\n\n            <a class=\"c-button  no-variation\" target=\"_blank\" href=\"https:\/\/mpembed.com\/show\/?m=M9XmBahvoDB&#038;mpu=754\" rel=\"noopener\">\n    Virtual Tour<\/a>\n\n\n\n        <\/div>\n\n        \n    <\/div>\n\n\n\n    \n    \n    <div data-src=\"https:\/\/hotelcms-production.imgix.net\/shantimaurice.com\/wp-content\/uploads\/2022\/01\/Shanti-Maurice-Resort-Spa_VILLAS_Oceanview-Pool-Villa_05-2.jpg\" data-crop=\"\" class=\"imgix-fluid  crop \/ c-hero__background\"><\/div><noscript><div style=\"background-image: url(https:\/\/hotelcms-production.imgix.net\/shantimaurice.com\/wp-content\/uploads\/2022\/01\/Shanti-Maurice-Resort-Spa_VILLAS_Oceanview-Pool-Villa_05-2.jpg);\" class=\"crop \/ c-hero__background\" ><\/div><\/noscript>\n    \n    <\/section>\n<\/div><\/div><\/div><\/div><\/div><div id=\"pg-1823-1\"  class=\"panel-grid panel-has-style\" ><div class=\"c-row--valign-middle c-row--widget-default c-row--margin-default c-row--column-large siteorigin-panels-stretch panel-row-style panel-row-style-for-1823-1\" data-stretch-type=\"full-stretched\" ><div id=\"pgc-1823-1-0\"  class=\"panel-grid-cell\" ><div id=\"panel-1823-1-0-0\" class=\"so-panel widget widget_cn-core-icon-list-widget panel-first-child\" data-index=\"1\" ><div\n\t\t\t\n\t\t\tclass=\"so-widget-cn-core-icon-list-widget so-widget-cn-core-icon-list-widget-base\"\n\t\t\t\n\t\t><div class=\"c-icon-list no-variation\" >\n\n    <div class=\"c-icon-list__headings\">\n    \n        \n                    <h2 class=\"c-icon-list__heading\">Zimmer\u00fcberblick<\/h2>\n        \n        \n        <\/div>\n    \n    <ul class=\"c-icon-list__menu\">\n            <li class=\"c-icon-list__item\">\n            <div class=\"c-icon-list__icon img-fit\">\n                            <\/div>\n            <p class=\"c-icon-list__item__text\">2 Erwachsene + 2 Kinder (Extrabett)<\/p>\n                    <\/li>\n            <li class=\"c-icon-list__item\">\n            <div class=\"c-icon-list__icon img-fit\">\n                <img decoding=\"async\" data-src=\"https:\/\/hotelcms-production.imgix.net\/shantimaurice.com\/wp-content\/uploads\/2017\/11\/Shanti-icons-05.svg\" data-crop=\"\" src=\"data:image\/gif;base64,R0lGODlhBAADAIAAAAAAAAAAACH5BAEAAAAALAAAAAAEAAMAAAIDhI9WADs=\" class=\"imgix-fluid \/ c-image\" alt=\"Bed icon\"  \/><noscript><img decoding=\"async\" src=\"https:\/\/hotelcms-production.imgix.net\/shantimaurice.com\/wp-content\/uploads\/2017\/11\/Shanti-icons-05.svg\" class=\"c-image\" alt=\"Bed icon\"  \/><\/noscript>            <\/div>\n            <p class=\"c-icon-list__item__text\">Hauptschlafzimmer mit King Size Bett<\/p>\n                    <\/li>\n            <li class=\"c-icon-list__item\">\n            <div class=\"c-icon-list__icon img-fit\">\n                <img decoding=\"async\" data-src=\"https:\/\/hotelcms-production.imgix.net\/shantimaurice.com\/wp-content\/uploads\/2017\/11\/Shanti-icons-28.svg\" data-crop=\"\" src=\"data:image\/gif;base64,R0lGODlhBAADAIAAAAAAAAAAACH5BAEAAAAALAAAAAAEAAMAAAIDhI9WADs=\" class=\"imgix-fluid \/ c-image\" alt=\"Pool icon\"  \/><noscript><img decoding=\"async\" src=\"https:\/\/hotelcms-production.imgix.net\/shantimaurice.com\/wp-content\/uploads\/2017\/11\/Shanti-icons-28.svg\" class=\"c-image\" alt=\"Pool icon\"  \/><\/noscript>            <\/div>\n            <p class=\"c-icon-list__item__text\">Private G\u00e4rten, Swimmingpool und Pavillon<\/p>\n                    <\/li>\n            <li class=\"c-icon-list__item\">\n            <div class=\"c-icon-list__icon img-fit\">\n                <img decoding=\"async\" data-src=\"https:\/\/hotelcms-production.imgix.net\/shantimaurice.com\/wp-content\/uploads\/2017\/11\/Shanti-icons-13.svg\" data-crop=\"\" src=\"data:image\/gif;base64,R0lGODlhBAADAIAAAAAAAAAAACH5BAEAAAAALAAAAAAEAAMAAAIDhI9WADs=\" class=\"imgix-fluid \/ c-image\" alt=\"TV Icon\"  \/><noscript><img decoding=\"async\" src=\"https:\/\/hotelcms-production.imgix.net\/shantimaurice.com\/wp-content\/uploads\/2017\/11\/Shanti-icons-13.svg\" class=\"c-image\" alt=\"TV Icon\"  \/><\/noscript>            <\/div>\n            <p class=\"c-icon-list__item__text\">Hochwertiges Entertainmentsystem<\/p>\n                    <\/li>\n        <\/ul>\n\n<\/div><\/div><\/div><div id=\"panel-1823-1-0-1\" class=\"so-panel widget widget_cn-core-button-widget panel-last-child\" data-index=\"2\" ><div\n\t\t\t\n\t\t\tclass=\"so-widget-cn-core-button-widget so-widget-cn-core-button-widget-base\"\n\t\t\t\n\t\t><a class=\"c-button  no-variation\" target=\"_blank\" href=\"https:\/\/be.synxis.com\/?adult=2&#038;arrive=2025-04-07&#038;chain=14463&#038;child=0&#038;currency=EUR&#038;depart=2025-04-08&#038;hotel=61793&#038;level=hotel&#038;locale=en-US&#038;productcurrency=EUR&#038;rooms=1\" rel=\"noopener\">\n    Buchen Sie Ihren Aufenthalt<\/a>\n\n\n<\/div><\/div><\/div><div id=\"pgc-1823-1-1\"  class=\"panel-grid-cell\" ><div id=\"panel-1823-1-1-0\" class=\"so-panel widget widget_cn-core-image-gallery-trigger-widget panel-first-child panel-last-child\" data-index=\"3\" ><div\n\t\t\t\n\t\t\tclass=\"so-widget-cn-core-image-gallery-trigger-widget so-widget-cn-core-image-gallery-trigger-widget-base\"\n\t\t\t\n\t\t>\n<div\n    class=\"c-gallery-trigger no-variation\"\n    data-module=\"image-gallery-trigger\"\n>\n            <button class='c-gallery-trigger__anchor js-gallery-trigger'>\n                            <figure class=\" crop c-image-gallery__thumbnail js-thumbnail\">\n                    <span\n                        data-width=\"1200\"\n                        data-height=\"1021\"\n\n                                                    href=\"https:\/\/hotelcms-production.imgix.net\/shantimaurice.com\/wp-content\/uploads\/2017\/11\/Luxury-Pool-Villa.jpg\"\n                                            ><\/span>\n\n                    <div data-src=\"https:\/\/hotelcms-production.imgix.net\/shantimaurice.com\/wp-content\/uploads\/2017\/11\/Luxury-Pool-Villa.jpg\" data-crop=\"manual\" class=\"imgix-fluid  crop c-image c-gallery-trigger__image c-gallery-trigger__thumbnail-image\" data-focus-horizontal=\"50\" data-focus-vertical=\"50\"><\/div><noscript><div style=\"background-image: url(https:\/\/hotelcms-production.imgix.net\/shantimaurice.com\/wp-content\/uploads\/2017\/11\/Luxury-Pool-Villa.jpg);\" class=\"crop c-image c-gallery-trigger__image c-gallery-trigger__thumbnail-image\" ><\/div><\/noscript>                <\/figure>\n            \n            <span class='c-gallery-trigger__trigger'>\n                <span>Launch gallery<\/span>\n            <\/span>\n        <\/button>\n    \n            <div class=\"c-gallery-trigger__thumbnail js-thumbnail hide\">\n            <span\n                data-width=\"1200\"\n                data-height=\"1021\"\n                data-caption=\"\"\n                title=\"\"\n\n                                    href=\"https:\/\/hotelcms-production.imgix.net\/shantimaurice.com\/wp-content\/uploads\/2017\/11\/Luxury-Pool-Villa.jpg\"\n                            >\n            <\/span>\n\n                    <\/div>\n    <\/div>\n\n<\/div><\/div><\/div><\/div><\/div><div id=\"pg-1823-2\"  class=\"panel-grid panel-has-style\" ><div class=\"c-row--valign-middle c-row--widget-default c-row--margin-none c-row--column-large siteorigin-panels-stretch panel-row-style panel-row-style-for-1823-2\" data-stretch-type=\"full-stretched\" ><div id=\"pgc-1823-2-0\"  class=\"panel-grid-cell\" ><div id=\"panel-1823-2-0-0\" class=\"so-panel widget widget_cn-core-image-widget panel-first-child panel-last-child\" data-index=\"4\" ><div\n\t\t\t\n\t\t\tclass=\"so-widget-cn-core-image-widget so-widget-cn-core-image-widget-base\"\n\t\t\t\n\t\t>\n<div class=\"c-image-container  no-variation\">\n    \n    <figure class=\"crop\">\n                    <div data-src=\"https:\/\/hotelcms-production.imgix.net\/shantimaurice.com\/wp-content\/uploads\/2024\/05\/1_Shanti-Maurice-Resort-_-Spa_Oceanview-Pool-Villa_Exterior-View_01.jpg\" data-crop=\"\" class=\"imgix-fluid  c-image\"><\/div><noscript><div style=\"background-image: url(https:\/\/hotelcms-production.imgix.net\/shantimaurice.com\/wp-content\/uploads\/2024\/05\/1_Shanti-Maurice-Resort-_-Spa_Oceanview-Pool-Villa_Exterior-View_01.jpg);\" class=\"c-image\" ><\/div><\/noscript>            <\/figure>\n\n    <\/div>\n<\/div><\/div><\/div><div id=\"pgc-1823-2-1\"  class=\"panel-grid-cell\" ><div id=\"panel-1823-2-1-0\" class=\"so-panel widget widget_cn-core-text-widget panel-first-child panel-last-child\" data-index=\"5\" ><div\n\t\t\t\n\t\t\tclass=\"so-widget-cn-core-text-widget so-widget-cn-core-text-widget-base\"\n\t\t\t\n\t\t>\n<div class=\"c-text no-variation\" >\n\n    \n    \n    \n    <div class=\"c-text__content s-entry\">\n        <p>Unsere Oceanview Pool Villa mit direkten Blick auf den Indischen Ozean verf\u00fcgt \u00fcber einen eigenen privaten Garten mit beheizbarem Swimmingpool und integriertem Whirlpoolbett, sowie einem separatem Esspavillon. Privaten reservierte Sonnenliegen mit Sonnenschirmen befinden sich am separaten Villenstrand.<\/p>\n<p>Auf einer Fl\u00e4che von 250 Quadratmetern bietet die Villa unbegrenzte M\u00f6glichkeiten f\u00fcr einen perfekten Urlaub auf Mauritius. Die Villa verf\u00fcgt \u00fcber ein King Size Bett, LCD-TV, Entertainment System, Video-on-Demand, High Speed Wi-Fi, Espresso-Maschine, Kaffee- und Teezubereiter, Minibar, bequeme Sitzecke, Schreibtisch, edlem Holzmobiliar, begehbarem Kleiderschrank, Garderobe, sowie einem ger\u00e4umigem Bad mit \u00fcbergro\u00dfer Badewanne, einer Regendusche und einer Au\u00dfendusche.<\/p>\n<p>Mit unserem Konzept \"Bring Your Own Content\" (BYOC) k\u00f6nnen Sie ganz einfach Ihre Lieblingsfilme, TV-Shows und Musik direkt auf Ihr Unterhaltungssystem im Zimmer streamen. Ob f\u00fcr einen Familienfilmabend, eine Binge-Watching-Session oder einen entspannten Abend mit Ihren Lieblingstiteln \u2013 genie\u00dfen Sie Ihre eigenen Inhalte, genau so, wie Sie es m\u00f6gen. Erleben Sie ultimative Flexibilit\u00e4t und Bequemlichkeit w\u00e4hrend Ihres Aufenthalts bei uns.<\/p>\n<p>Bitte beachten Sie, dass alle Bilder je nach Ansicht und Raum variieren k\u00f6nnen.<\/p>\n    <\/div>\n\n<\/div>\n<\/div><\/div><\/div><\/div><\/div><div id=\"pg-1823-3\"  class=\"panel-grid panel-has-style\" ><div class=\"c-row--valign-middle c-row--widget-default c-row--margin-small c-row--column-large siteorigin-panels-stretch panel-row-style panel-row-style-for-1823-3\" data-stretch-type=\"full-stretched\" ><div id=\"pgc-1823-3-0\"  class=\"panel-grid-cell\" ><div id=\"panel-1823-3-0-0\" class=\"so-panel widget widget_cn-core-adjacent-pages-widget panel-first-child panel-last-child\" data-index=\"6\" ><div\n\t\t\t\n\t\t\tclass=\"so-widget-cn-core-adjacent-pages-widget so-widget-cn-core-adjacent-pages-widget-base\"\n\t\t\t\n\t\t><nav class=\"c-siblings  \">\n\n    <ul class=\"menu\">\n        <li class=\"c-siblings__page \/ menu__previous\">\n                            <a href=\"https:\/\/shantimaurice.com\/accommodation\/\">Zur\u00fcck zu allen Unterk\u00fcnften<\/a>\n                    <\/li>\n\n        \n        <li class=\"c-siblings__page \/ menu__next\">\n                        <a href=\"https:\/\/shantimaurice.com\/de\/suiten-villen\/beachfront-suite-pool-villa\/\" class=\"\">Next page &rarr;<\/a>                    <\/li>\n    <\/ul>\n\n<\/nav><\/div><\/div><\/div><\/div><\/div><div id=\"pg-1823-4\"  class=\"panel-grid panel-has-style\" ><div class=\"c-row--valign-default c-row--widget-default c-row--margin-default c-row--column-default siteorigin-panels-stretch has-background c-row--background-cover imgix-fluid crop panel-row-style panel-row-style-for-1823-4\" data-stretch-type=\"full-stretched\" data-src=\"https:\/\/hotelcms-production.imgix.net\/shantimaurice.com\/wp-content\/uploads\/2017\/11\/texture.png\" data-crop=\"manual\" data-focus-horizontal=\"\" data-focus-vertical=\"\" ><div id=\"pgc-1823-4-0\"  class=\"panel-grid-cell\" ><div id=\"panel-1823-4-0-0\" class=\"so-panel widget widget_cn-core-cta-widget panel-first-child panel-last-child\" data-index=\"7\" ><div\n\t\t\t\n\t\t\tclass=\"so-widget-cn-core-cta-widget so-widget-cn-core-cta-widget-base\"\n\t\t\t\n\t\t><div class=\"c-cta c-cta--layout-breaker no-variation\">\n\n    <div class=\"c-cta__content\">\n\n        <div class=\"c-cta__inner\">\n\n                            <a href=\"https:\/\/be.synxis.com\/?adult=2&#038;arrive=2025-04-07&#038;chain=14463&#038;child=0&#038;currency=EUR&#038;depart=2025-04-08&#038;hotel=61793&#038;level=hotel&#038;locale=en-US&#038;productcurrency=EUR&#038;rooms=1\" class=\"c-cta__anchor\" target=\"_blank\" rel=\"noopener\">\n            \n            \n            \n            \n                <div class=\"c-cta__headings\">\n\n                                    <p class=\"c-cta__preheading\">\n                        Ihr Aufenthalt im Shanti Maurice                    <\/p>\n                \n                                    <h2 class=\"c-cta__heading\">\n                        Ihr Abenteuer beginnt hier                    <\/h2>\n                \n                \n                <\/div>\n\n            \n            \n                            <\/a>\n            \n                            <div class=\"c-cta__text \/ s-entry\">\n                    <p>Unvergessliche Momente, kulinarische Gourmet-Highlights und atemberaubende Natur. F\u00fcr jeden Einzelnen, ob Jung oder Alt bieten wir das Passende. Beginnen Sie jetzt mit der Planung Ihres n\u00e4chsten pers\u00f6nlichen Abenteuers.<\/p>\n                <\/div>\n            \n            \n                            <div class=\"c-cta__buttons\">\n                    <a class=\"c-button button \/ c-cta__button  no-variation\" target=\"_blank\" href=\"https:\/\/be.synxis.com\/?adult=2&#038;arrive=2025-04-07&#038;chain=14463&#038;child=0&#038;currency=EUR&#038;depart=2025-04-08&#038;hotel=61793&#038;level=hotel&#038;locale=en-US&#038;productcurrency=EUR&#038;rooms=1\" rel=\"noopener\">\n    Buchen Sie Ihren Aufenthalt<\/a>\n\n\n                <\/div>\n            \n                    <\/div>\n\n    <\/div>\n\n    \n    \n            <a href=\"https:\/\/be.synxis.com\/?adult=2&#038;arrive=2025-04-07&#038;chain=14463&#038;child=0&#038;currency=EUR&#038;depart=2025-04-08&#038;hotel=61793&#038;level=hotel&#038;locale=en-US&#038;productcurrency=EUR&#038;rooms=1\" class=\"c-cta__detached-anchor\" target=\"_blank\" rel=\"noopener\"><\/a>\n    \n<\/div>\n\n<\/div><\/div><\/div><\/div><\/div><\/div>","protected":false},"excerpt":{"rendered":"<p>Oceanview Pool Villa Wo Privatsph\u00e4re auf Luxus trifft Unaufdringlicher Luxus, privater Swimmingpool, Meerblick Virtual Tour Zimmer\u00fcberblick 2 Erwachsene + 2 Kinder (Extrabett) Hauptschlafzimmer mit King Size Bett Private G\u00e4rten, Swimmingpool und Pavillon Hochwertiges Entertainmentsystem Buchen Sie Ihren Aufenthalt Launch gallery Unsere Oceanview Pool Villa mit direkten Blick auf den Indischen Ozean verf\u00fcgt \u00fcber einen eigenen &hellip;<\/p>\n","protected":false},"author":1,"featured_media":0,"parent":1788,"menu_order":4,"comment_status":"closed","ping_status":"closed","template":"","meta":{"_acf_changed":false,"footnotes":""},"class_list":["post--1823","post--page","post--type-page","post--status-publish","post--hentry"],"acf":[],"_links":{"self":[{"href":"https:\/\/shantimaurice.com\/de\/wp-json\/wp\/v2\/pages\/1823","targetHints":{"allow":["GET"]}}],"collection":[{"href":"https:\/\/shantimaurice.com\/de\/wp-json\/wp\/v2\/pages"}],"about":[{"href":"https:\/\/shantimaurice.com\/de\/wp-json\/wp\/v2\/types\/page"}],"author":[{"embeddable":true,"href":"https:\/\/shantimaurice.com\/de\/wp-json\/wp\/v2\/users\/1"}],"replies":[{"embeddable":true,"href":"https:\/\/shantimaurice.com\/de\/wp-json\/wp\/v2\/comments?post=1823"}],"version-history":[{"count":9,"href":"https:\/\/shantimaurice.com\/de\/wp-json\/wp\/v2\/pages\/1823\/revisions"}],"predecessor-version":[{"id":21219,"href":"https:\/\/shantimaurice.com\/de\/wp-json\/wp\/v2\/pages\/1823\/revisions\/21219"}],"up":[{"embeddable":true,"href":"https:\/\/shantimaurice.com\/de\/wp-json\/wp\/v2\/pages\/1788"}],"wp:attachment":[{"href":"https:\/\/shantimaurice.com\/de\/wp-json\/wp\/v2\/media?parent=1823"}],"curies":[{"name":"wp","href":"https:\/\/api.w.org\/{rel}","templated":true}]}}