{"id":1828,"date":"2020-03-25T09:18:04","date_gmt":"2020-03-25T09:18:04","guid":{"rendered":"https:\/\/shantimaurice.testingcreative.co.uk\/unterkunft\/beachfront-suite-pool-villa\/"},"modified":"2025-04-07T11:27:02","modified_gmt":"2025-04-07T11:27:02","slug":"beachfront-suite-pool-villa","status":"publish","type":"page","link":"https:\/\/shantimaurice.com\/de\/suiten-villen\/beachfront-suite-pool-villa\/","title":{"rendered":"Beachfront Suite Pool Villa"},"content":{"rendered":"<div id=\"pl-1828\"  class=\"panel-layout\" ><div id=\"pg-1828-0\"  class=\"panel-grid panel-has-style\" ><div class=\"c-row--valign-default c-row--widget-default c-row--margin-default c-row--column-none siteorigin-panels-stretch panel-row-style panel-row-style-for-1828-0\" data-stretch-type=\"full-stretched\" ><div id=\"pgc-1828-0-0\"  class=\"panel-grid-cell\" ><div id=\"panel-1828-0-0-0\" class=\"so-panel widget widget_cn-core-hero-widget panel-first-child panel-last-child\" data-index=\"0\" ><div\n\t\t\t\n\t\t\tclass=\"so-widget-cn-core-hero-widget so-widget-cn-core-hero-widget-base\"\n\t\t\t\n\t\t><section class=\"c-hero c-hero--short\">\n    <div class=\"c-hero__inner\">\n        \n        <div class=\"c-hero__content\">\n\n                            <h1 class=\"c-hero__heading\">\n                    Beachfront Suite Pool Villa                <\/h1>\n            \n                            <p class=\"c-hero__subheading\">\n                    Gro\u00dfz\u00fcgiger Beach Villen-Lifestyle                <\/p>\n                            <div class=\"s-entry \/ c-hero__text\">\n                    <p>\n                        Direkte Strandlage, tropischer Garten, privater Pool, Meerblick                    <\/p>\n                <\/div>\n                    <\/div>\n\n        \n        <div class=\"c-hero__buttons\">\n\n            <a class=\"c-button  no-variation\" target=\"_blank\" href=\"https:\/\/mpembed.com\/show\/?m=Bcmyec2Q5kG&#038;mpu=754\" rel=\"noopener\">\n    Virtual Tour<\/a>\n\n\n\n        <\/div>\n\n        \n    <\/div>\n\n\n\n    \n    \n    <div data-src=\"https:\/\/hotelcms-production.imgix.net\/shantimaurice.com\/wp-content\/uploads\/2022\/01\/Shanti-Maurice-Resort-Spa_VILLAS_Beachfront-Suite-Pool-Villa_01-2.jpg\" data-crop=\"\" class=\"imgix-fluid  crop \/ c-hero__background\"><\/div><noscript><div style=\"background-image: url(https:\/\/hotelcms-production.imgix.net\/shantimaurice.com\/wp-content\/uploads\/2022\/01\/Shanti-Maurice-Resort-Spa_VILLAS_Beachfront-Suite-Pool-Villa_01-2.jpg);\" class=\"crop \/ c-hero__background\" ><\/div><\/noscript>\n    \n    <\/section>\n<\/div><\/div><\/div><\/div><\/div><div id=\"pg-1828-1\"  class=\"panel-grid panel-has-style\" ><div class=\"c-row--valign-middle c-row--widget-default c-row--margin-default c-row--column-large siteorigin-panels-stretch panel-row-style panel-row-style-for-1828-1\" data-stretch-type=\"full-stretched\" ><div id=\"pgc-1828-1-0\"  class=\"panel-grid-cell\" ><div id=\"panel-1828-1-0-0\" class=\"so-panel widget widget_cn-core-icon-list-widget panel-first-child\" data-index=\"1\" ><div\n\t\t\t\n\t\t\tclass=\"so-widget-cn-core-icon-list-widget so-widget-cn-core-icon-list-widget-base\"\n\t\t\t\n\t\t><div class=\"c-icon-list no-variation\" >\n\n    <div class=\"c-icon-list__headings\">\n    \n        \n                    <h2 class=\"c-icon-list__heading\">Zimmer\u00fcberblick<\/h2>\n        \n        \n        <\/div>\n    \n    <ul class=\"c-icon-list__menu\">\n            <li class=\"c-icon-list__item\">\n            <div class=\"c-icon-list__icon img-fit\">\n                            <\/div>\n            <p class=\"c-icon-list__item__text\">2 Erwachsene + 2 Kinder (Extrabett)<\/p>\n                    <\/li>\n            <li class=\"c-icon-list__item\">\n            <div class=\"c-icon-list__icon img-fit\">\n                <img decoding=\"async\" data-src=\"https:\/\/hotelcms-production.imgix.net\/shantimaurice.com\/wp-content\/uploads\/2017\/11\/Shanti-icons-05.svg\" data-crop=\"\" src=\"data:image\/gif;base64,R0lGODlhBAADAIAAAAAAAAAAACH5BAEAAAAALAAAAAAEAAMAAAIDhI9WADs=\" class=\"imgix-fluid \/ c-image\" alt=\"Bed icon\"  \/><noscript><img decoding=\"async\" src=\"https:\/\/hotelcms-production.imgix.net\/shantimaurice.com\/wp-content\/uploads\/2017\/11\/Shanti-icons-05.svg\" class=\"c-image\" alt=\"Bed icon\"  \/><\/noscript>            <\/div>\n            <p class=\"c-icon-list__item__text\">Hauptschlafzimmer mit King Size Bett<\/p>\n                    <\/li>\n            <li class=\"c-icon-list__item\">\n            <div class=\"c-icon-list__icon img-fit\">\n                <img decoding=\"async\" data-src=\"https:\/\/hotelcms-production.imgix.net\/shantimaurice.com\/wp-content\/uploads\/2017\/11\/Shanti-icons-29.svg\" data-crop=\"\" src=\"data:image\/gif;base64,R0lGODlhBAADAIAAAAAAAAAAACH5BAEAAAAALAAAAAAEAAMAAAIDhI9WADs=\" class=\"imgix-fluid \/ c-image\" alt=\"Beach icon\"  \/><noscript><img decoding=\"async\" src=\"https:\/\/hotelcms-production.imgix.net\/shantimaurice.com\/wp-content\/uploads\/2017\/11\/Shanti-icons-29.svg\" class=\"c-image\" alt=\"Beach icon\"  \/><\/noscript>            <\/div>\n            <p class=\"c-icon-list__item__text\">Direkt am Strand gelegen<\/p>\n                    <\/li>\n            <li class=\"c-icon-list__item\">\n            <div class=\"c-icon-list__icon img-fit\">\n                <img decoding=\"async\" data-src=\"https:\/\/hotelcms-production.imgix.net\/shantimaurice.com\/wp-content\/uploads\/2017\/11\/Shanti-icons-28.svg\" data-crop=\"\" src=\"data:image\/gif;base64,R0lGODlhBAADAIAAAAAAAAAAACH5BAEAAAAALAAAAAAEAAMAAAIDhI9WADs=\" class=\"imgix-fluid \/ c-image\" alt=\"Pool icon\"  \/><noscript><img decoding=\"async\" src=\"https:\/\/hotelcms-production.imgix.net\/shantimaurice.com\/wp-content\/uploads\/2017\/11\/Shanti-icons-28.svg\" class=\"c-image\" alt=\"Pool icon\"  \/><\/noscript>            <\/div>\n            <p class=\"c-icon-list__item__text\">Privater, temperierter Pool, Jacuzzi Bett und Pavillon<\/p>\n                    <\/li>\n            <li class=\"c-icon-list__item\">\n            <div class=\"c-icon-list__icon img-fit\">\n                <img decoding=\"async\" data-src=\"https:\/\/hotelcms-production.imgix.net\/shantimaurice.com\/wp-content\/uploads\/2017\/12\/Shanti-icons-27.svg\" data-crop=\"\" src=\"data:image\/gif;base64,R0lGODlhBAADAIAAAAAAAAAAACH5BAEAAAAALAAAAAAEAAMAAAIDhI9WADs=\" class=\"imgix-fluid \/ c-image\" alt=\"Box icon\"  \/><noscript><img decoding=\"async\" src=\"https:\/\/hotelcms-production.imgix.net\/shantimaurice.com\/wp-content\/uploads\/2017\/12\/Shanti-icons-27.svg\" class=\"c-image\" alt=\"Box icon\"  \/><\/noscript>            <\/div>\n            <p class=\"c-icon-list__item__text\">375 m\u00b2<\/p>\n                    <\/li>\n        <\/ul>\n\n<\/div><\/div><\/div><div id=\"panel-1828-1-0-1\" class=\"so-panel widget widget_cn-core-button-widget panel-last-child\" data-index=\"2\" ><div\n\t\t\t\n\t\t\tclass=\"so-widget-cn-core-button-widget so-widget-cn-core-button-widget-base\"\n\t\t\t\n\t\t><a class=\"c-button  no-variation\" target=\"_blank\" href=\"https:\/\/be.synxis.com\/?adult=2&#038;arrive=2025-04-07&#038;chain=14463&#038;child=0&#038;currency=EUR&#038;depart=2025-04-08&#038;hotel=61793&#038;level=hotel&#038;locale=en-US&#038;productcurrency=EUR&#038;rooms=1\" rel=\"noopener\">\n    Buchen Sie Ihren Aufenthalt<\/a>\n\n\n<\/div><\/div><\/div><div id=\"pgc-1828-1-1\"  class=\"panel-grid-cell\" ><div id=\"panel-1828-1-1-0\" class=\"so-panel widget widget_cn-core-image-gallery-trigger-widget panel-first-child panel-last-child\" data-index=\"3\" ><div\n\t\t\t\n\t\t\tclass=\"so-widget-cn-core-image-gallery-trigger-widget so-widget-cn-core-image-gallery-trigger-widget-base\"\n\t\t\t\n\t\t>\n<div\n    class=\"c-gallery-trigger no-variation\"\n    data-module=\"image-gallery-trigger\"\n>\n            <button class='c-gallery-trigger__anchor js-gallery-trigger'>\n                            <figure class=\" crop c-image-gallery__thumbnail js-thumbnail\">\n                    <span\n                        data-width=\"1200\"\n                        data-height=\"999\"\n\n                                                    href=\"https:\/\/hotelcms-production.imgix.net\/shantimaurice.com\/wp-content\/uploads\/2017\/11\/Beach-Suite-Pool-Villa.jpg\"\n                                            ><\/span>\n\n                    <div data-src=\"https:\/\/hotelcms-production.imgix.net\/shantimaurice.com\/wp-content\/uploads\/2017\/11\/Beach-Suite-Pool-Villa.jpg\" data-crop=\"manual\" class=\"imgix-fluid  crop c-image c-gallery-trigger__image c-gallery-trigger__thumbnail-image\" data-focus-horizontal=\"57\" data-focus-vertical=\"40\"><\/div><noscript><div style=\"background-image: url(https:\/\/hotelcms-production.imgix.net\/shantimaurice.com\/wp-content\/uploads\/2017\/11\/Beach-Suite-Pool-Villa.jpg);\" class=\"crop c-image c-gallery-trigger__image c-gallery-trigger__thumbnail-image\" ><\/div><\/noscript>                <\/figure>\n            \n            <span class='c-gallery-trigger__trigger'>\n                <span>Launch gallery<\/span>\n            <\/span>\n        <\/button>\n    \n            <div class=\"c-gallery-trigger__thumbnail js-thumbnail hide\">\n            <span\n                data-width=\"1200\"\n                data-height=\"999\"\n                data-caption=\"\"\n                title=\"\"\n\n                                    href=\"https:\/\/hotelcms-production.imgix.net\/shantimaurice.com\/wp-content\/uploads\/2017\/11\/Beach-Suite-Pool-Villa.jpg\"\n                            >\n            <\/span>\n\n                    <\/div>\n    <\/div>\n\n<\/div><\/div><\/div><\/div><\/div><div id=\"pg-1828-2\"  class=\"panel-grid panel-has-style\" ><div class=\"c-row--valign-default c-row--widget-none c-row--margin-small c-row--column-large siteorigin-panels-stretch panel-row-style panel-row-style-for-1828-2\" data-stretch-type=\"full-stretched\" ><div id=\"pgc-1828-2-0\"  class=\"panel-grid-cell\" ><div id=\"panel-1828-2-0-0\" class=\"so-panel widget widget_cn-core-cta-slider-widget panel-first-child panel-last-child\" data-index=\"4\" ><div\n\t\t\t\n\t\t\tclass=\"so-widget-cn-core-cta-slider-widget so-widget-cn-core-cta-slider-widget-base\"\n\t\t\t\n\t\t> \n<div class=\"c-slider-wrapper  no-variation\">\n\n    \n    \n    \n    <div\n        id=\"slider-69f2488f11d48\"\n        class=\"c-slider c-slider--cta c-slider--auto-height  js-flickity\"\n        data-flickity-options='{\"pageDots\":true,\"prevNextButtons\":true,\"cellAlign\":\"left\",\"lazyLoad\":true,\"contain\":false,\"wrapAround\":true,\"setGallerySize\":true,\"adaptiveHeight\":true,\"autoPlay\":3500,\"pauseAutoPlayOnHover\":false,\"rightToLeft\":false,\"groupCells\":false,\"watchCSS\":false}'\n    >\n                    <div\n                id=\"cta-cell-0\"\n                class=\"c-slider__cell  js-flickity-cell\"\n            >\n                <div class=\"c-cta no-variation has-background no-layout\">\n\n    <div class=\"c-cta__content\">\n\n        <div class=\"c-cta__inner\">\n\n            \n            \n            \n            \n                <div class=\"c-cta__headings\">\n\n                \n                                    <h2 class=\"c-cta__heading\">\n                        Room No. 201                    <\/h2>\n                \n                \n                <\/div>\n\n            \n            \n            \n            \n            \n            \n                    <\/div>\n\n    <\/div>\n\n    \n            <div data-src=\"https:\/\/hotelcms-production.imgix.net\/shantimaurice.com\/wp-content\/uploads\/2019\/04\/201_V_BeachFront.jpg\" data-crop=\"manual\" class=\"imgix-fluid  crop \/ c-background c-cta__background\" data-focus-horizontal=\"50\" data-focus-vertical=\"70\"><\/div><noscript><div style=\"background-image: url(https:\/\/hotelcms-production.imgix.net\/shantimaurice.com\/wp-content\/uploads\/2019\/04\/201_V_BeachFront.jpg);\" class=\"crop \/ c-background c-cta__background\" ><\/div><\/noscript>    \n    \n<\/div>\n\n            <\/div>\n                    <div\n                id=\"cta-cell-1\"\n                class=\"c-slider__cell  js-flickity-cell\"\n            >\n                <div class=\"c-cta no-variation has-background no-layout\">\n\n    <div class=\"c-cta__content\">\n\n        <div class=\"c-cta__inner\">\n\n            \n            \n            \n            \n                <div class=\"c-cta__headings\">\n\n                \n                                    <h2 class=\"c-cta__heading\">\n                        Room No. 202                    <\/h2>\n                \n                \n                <\/div>\n\n            \n            \n            \n            \n            \n            \n                    <\/div>\n\n    <\/div>\n\n    \n            <div data-src=\"https:\/\/hotelcms-production.imgix.net\/shantimaurice.com\/wp-content\/uploads\/2019\/04\/202_V_BeachFront.jpg\" data-crop=\"manual\" class=\"imgix-fluid  crop \/ c-background c-cta__background\" data-focus-horizontal=\"50\" data-focus-vertical=\"60\"><\/div><noscript><div style=\"background-image: url(https:\/\/hotelcms-production.imgix.net\/shantimaurice.com\/wp-content\/uploads\/2019\/04\/202_V_BeachFront.jpg);\" class=\"crop \/ c-background c-cta__background\" ><\/div><\/noscript>    \n    \n<\/div>\n\n            <\/div>\n                    <div\n                id=\"cta-cell-2\"\n                class=\"c-slider__cell  js-flickity-cell\"\n            >\n                <div class=\"c-cta no-variation has-background no-layout\">\n\n    <div class=\"c-cta__content\">\n\n        <div class=\"c-cta__inner\">\n\n            \n            \n            \n            \n                <div class=\"c-cta__headings\">\n\n                \n                                    <h2 class=\"c-cta__heading\">\n                        Room No. 203                    <\/h2>\n                \n                \n                <\/div>\n\n            \n            \n            \n            \n            \n            \n                    <\/div>\n\n    <\/div>\n\n    \n            <div data-src=\"https:\/\/hotelcms-production.imgix.net\/shantimaurice.com\/wp-content\/uploads\/2019\/04\/203_V_BeachFront.jpg\" data-crop=\"manual\" class=\"imgix-fluid  crop \/ c-background c-cta__background\" data-focus-horizontal=\"50\" data-focus-vertical=\"60\"><\/div><noscript><div style=\"background-image: url(https:\/\/hotelcms-production.imgix.net\/shantimaurice.com\/wp-content\/uploads\/2019\/04\/203_V_BeachFront.jpg);\" class=\"crop \/ c-background c-cta__background\" ><\/div><\/noscript>    \n    \n<\/div>\n\n            <\/div>\n                    <div\n                id=\"cta-cell-3\"\n                class=\"c-slider__cell  js-flickity-cell\"\n            >\n                <div class=\"c-cta no-variation has-background no-layout\">\n\n    <div class=\"c-cta__content\">\n\n        <div class=\"c-cta__inner\">\n\n            \n            \n            \n            \n                <div class=\"c-cta__headings\">\n\n                \n                                    <h2 class=\"c-cta__heading\">\n                        Room No. 204                    <\/h2>\n                \n                \n                <\/div>\n\n            \n            \n            \n            \n            \n            \n                    <\/div>\n\n    <\/div>\n\n    \n            <div data-src=\"https:\/\/hotelcms-production.imgix.net\/shantimaurice.com\/wp-content\/uploads\/2019\/04\/204_V_BeachFront.jpg\" data-crop=\"manual\" class=\"imgix-fluid  crop \/ c-background c-cta__background\" data-focus-horizontal=\"50\" data-focus-vertical=\"60\"><\/div><noscript><div style=\"background-image: url(https:\/\/hotelcms-production.imgix.net\/shantimaurice.com\/wp-content\/uploads\/2019\/04\/204_V_BeachFront.jpg);\" class=\"crop \/ c-background c-cta__background\" ><\/div><\/noscript>    \n    \n<\/div>\n\n            <\/div>\n                    <div\n                id=\"cta-cell-4\"\n                class=\"c-slider__cell  js-flickity-cell\"\n            >\n                <div class=\"c-cta no-variation has-background no-layout\">\n\n    <div class=\"c-cta__content\">\n\n        <div class=\"c-cta__inner\">\n\n            \n            \n            \n            \n                <div class=\"c-cta__headings\">\n\n                \n                                    <h2 class=\"c-cta__heading\">\n                        Bedroom                    <\/h2>\n                \n                \n                <\/div>\n\n            \n            \n            \n            \n            \n            \n                    <\/div>\n\n    <\/div>\n\n    \n            <div data-src=\"https:\/\/hotelcms-production.imgix.net\/shantimaurice.com\/wp-content\/uploads\/2017\/11\/SHM_Two-Bedroom-Villa_Bedroom_RGB.jpg\" data-crop=\"manual\" class=\"imgix-fluid  crop \/ c-background c-cta__background\" data-focus-horizontal=\"50\" data-focus-vertical=\"62\"><\/div><noscript><div style=\"background-image: url(https:\/\/hotelcms-production.imgix.net\/shantimaurice.com\/wp-content\/uploads\/2017\/11\/SHM_Two-Bedroom-Villa_Bedroom_RGB.jpg);\" class=\"crop \/ c-background c-cta__background\" ><\/div><\/noscript>    \n    \n<\/div>\n\n            <\/div>\n                    <div\n                id=\"cta-cell-5\"\n                class=\"c-slider__cell  js-flickity-cell\"\n            >\n                <div class=\"c-cta no-variation has-background no-layout\">\n\n    <div class=\"c-cta__content\">\n\n        <div class=\"c-cta__inner\">\n\n            \n            \n            \n            \n                <div class=\"c-cta__headings\">\n\n                \n                                    <h2 class=\"c-cta__heading\">\n                        Living Room                    <\/h2>\n                \n                \n                <\/div>\n\n            \n            \n            \n            \n            \n            \n                    <\/div>\n\n    <\/div>\n\n    \n            <div data-src=\"https:\/\/hotelcms-production.imgix.net\/shantimaurice.com\/wp-content\/uploads\/2017\/11\/SHM_Two-Bedroom-Villa_Living-Room_RGB.jpg\" data-crop=\"manual\" class=\"imgix-fluid  crop \/ c-background c-cta__background\" data-focus-horizontal=\"50\" data-focus-vertical=\"60\"><\/div><noscript><div style=\"background-image: url(https:\/\/hotelcms-production.imgix.net\/shantimaurice.com\/wp-content\/uploads\/2017\/11\/SHM_Two-Bedroom-Villa_Living-Room_RGB.jpg);\" class=\"crop \/ c-background c-cta__background\" ><\/div><\/noscript>    \n    \n<\/div>\n\n            <\/div>\n            <\/div>\n<\/div><\/div><\/div><\/div><\/div><\/div><div id=\"pg-1828-3\"  class=\"panel-grid panel-has-style\" ><div class=\"c-row--valign-middle c-row--widget-default c-row--margin-none c-row--column-large siteorigin-panels-stretch panel-row-style panel-row-style-for-1828-3\" data-stretch-type=\"full-stretched\" ><div id=\"pgc-1828-3-0\"  class=\"panel-grid-cell\" ><div id=\"panel-1828-3-0-0\" class=\"so-panel widget widget_cn-core-image-widget panel-first-child panel-last-child\" data-index=\"5\" ><div\n\t\t\t\n\t\t\tclass=\"so-widget-cn-core-image-widget so-widget-cn-core-image-widget-base\"\n\t\t\t\n\t\t>\n<div class=\"c-image-container  no-variation\">\n    \n    <figure class=\"crop\">\n                    <div data-src=\"https:\/\/hotelcms-production.imgix.net\/shantimaurice.com\/wp-content\/uploads\/2018\/07\/Beachfront_Suite_Pool_Villa.jpg\" data-crop=\"\" class=\"imgix-fluid  c-image\"><\/div><noscript><div style=\"background-image: url(https:\/\/hotelcms-production.imgix.net\/shantimaurice.com\/wp-content\/uploads\/2018\/07\/Beachfront_Suite_Pool_Villa.jpg);\" class=\"c-image\" ><\/div><\/noscript>            <\/figure>\n\n    <\/div>\n<\/div><\/div><\/div><div id=\"pgc-1828-3-1\"  class=\"panel-grid-cell\" ><div id=\"panel-1828-3-1-0\" class=\"so-panel widget widget_cn-core-text-widget panel-first-child panel-last-child\" data-index=\"6\" ><div\n\t\t\t\n\t\t\tclass=\"so-widget-cn-core-text-widget so-widget-cn-core-text-widget-base\"\n\t\t\t\n\t\t>\n<div class=\"c-text no-variation\" >\n\n    \n    \n    \n    <div class=\"c-text__content s-entry\">\n        <p>Unsere luxuri\u00f6se Beachfront Suite Pool Villa auf einer Fl\u00e4che von 375 qm ist der ideale R\u00fcckzugsort f\u00fcr entspannte Urlaubstage. Reservierte Sonnenliegen mit Kiosk befinden sich direkt vor der Villa am Strand. Der Au\u00dfenbereich beinhaltet eine ger\u00e4umige Terasse mit beheizbarem Privatpool und Jacuzzi Bett, sowie einen separaten Speisepavillon eingebettet inmitten des tropischen Privatgartens.<\/p>\n<p>Die Villa verf\u00fcgt \u00fcber ein bequemes King Size Bett, LCD-TV, Entertainment System, Video-on-Demand, High Speed Wi-Fi, Kaffee- und Teebereiter, eine Espresso Maschine, eine Minibar, eine bequeme Sitzecke, einen Holzschreibtisch sowie ein ger\u00e4umiges Bad mit \u00fcbergro\u00dfer Badewanne, Regen- und Au\u00dfendusche und ein Ankleidezimmer mit begehbarem Kleiderschrank.<\/p>\n<p>Mit unserem Konzept \"Bring Your Own Content\" (BYOC) k\u00f6nnen Sie ganz einfach Ihre Lieblingsfilme, TV-Shows und Musik direkt auf Ihr Unterhaltungssystem im Zimmer streamen. Ob f\u00fcr einen Familienfilmabend, eine Binge-Watching-Session oder einen entspannten Abend mit Ihren Lieblingstiteln \u2013 genie\u00dfen Sie Ihre eigenen Inhalte, genau so, wie Sie es m\u00f6gen. Erleben Sie ultimative Flexibilit\u00e4t und Bequemlichkeit w\u00e4hrend Ihres Aufenthalts bei uns.<\/p>\n<p>Bitte beachten Sie, dass alle Bilder je nach Ansicht und Raum variieren k\u00f6nnen.<\/p>\n<p>&nbsp;<\/p>\n    <\/div>\n\n<\/div>\n<\/div><\/div><\/div><\/div><\/div><div id=\"pg-1828-4\"  class=\"panel-grid panel-has-style\" ><div class=\"c-row--valign-middle c-row--widget-default c-row--margin-small c-row--column-large siteorigin-panels-stretch panel-row-style panel-row-style-for-1828-4\" data-stretch-type=\"full-stretched\" ><div id=\"pgc-1828-4-0\"  class=\"panel-grid-cell\" ><div id=\"panel-1828-4-0-0\" class=\"so-panel widget widget_cn-core-adjacent-pages-widget panel-first-child panel-last-child\" data-index=\"7\" ><div\n\t\t\t\n\t\t\tclass=\"so-widget-cn-core-adjacent-pages-widget so-widget-cn-core-adjacent-pages-widget-base\"\n\t\t\t\n\t\t><nav class=\"c-siblings  \">\n\n    <ul class=\"menu\">\n        <li class=\"c-siblings__page \/ menu__previous\">\n                            <a href=\"https:\/\/shantimaurice.com\/accommodation\/\">Zur\u00fcck zu allen Unterk\u00fcnften<\/a>\n                    <\/li>\n\n        \n        <li class=\"c-siblings__page \/ menu__next\">\n                        <a href=\"https:\/\/shantimaurice.com\/de\/suiten-villen\/luxury-double-suite-pool-villa\/\" class=\"\">Next page &rarr;<\/a>                    <\/li>\n    <\/ul>\n\n<\/nav><\/div><\/div><\/div><\/div><\/div><div id=\"pg-1828-5\"  class=\"panel-grid panel-has-style\" ><div class=\"c-row--valign-default c-row--widget-default c-row--margin-default c-row--column-default siteorigin-panels-stretch has-background c-row--background-cover imgix-fluid crop panel-row-style panel-row-style-for-1828-5\" data-stretch-type=\"full-stretched\" data-src=\"https:\/\/hotelcms-production.imgix.net\/shantimaurice.com\/wp-content\/uploads\/2017\/11\/texture.png\" data-crop=\"manual\" data-focus-horizontal=\"\" data-focus-vertical=\"\" ><div id=\"pgc-1828-5-0\"  class=\"panel-grid-cell\" ><div id=\"panel-1828-5-0-0\" class=\"so-panel widget widget_cn-core-cta-widget panel-first-child panel-last-child\" data-index=\"8\" ><div\n\t\t\t\n\t\t\tclass=\"so-widget-cn-core-cta-widget so-widget-cn-core-cta-widget-base\"\n\t\t\t\n\t\t><div class=\"c-cta c-cta--layout-breaker no-variation\">\n\n    <div class=\"c-cta__content\">\n\n        <div class=\"c-cta__inner\">\n\n                            <a href=\"https:\/\/be.synxis.com\/?adult=2&#038;arrive=2025-04-07&#038;chain=14463&#038;child=0&#038;currency=EUR&#038;depart=2025-04-08&#038;hotel=61793&#038;level=hotel&#038;locale=en-US&#038;productcurrency=EUR&#038;rooms=1\" class=\"c-cta__anchor\" target=\"_blank\" rel=\"noopener\">\n            \n            \n            \n            \n                <div class=\"c-cta__headings\">\n\n                                    <p class=\"c-cta__preheading\">\n                        \u00dcbernachten Sie im Shanti Maurice                    <\/p>\n                \n                                    <h2 class=\"c-cta__heading\">\n                        Zeit f\u00fcr Abenteuer                    <\/h2>\n                \n                \n                <\/div>\n\n            \n            \n                            <\/a>\n            \n                            <div class=\"c-cta__text \/ s-entry\">\n                    <p>Geschmack ohne Grenzen, au\u00dfergew\u00f6hnliche Sehensw\u00fcrdigkeiten und unvergessliche Erlebnisse. Es ist immer eine gute Zeit, das Shanti Maurice zu besuchen. Fangen Sie also schon jetzt damit an, Ihr n\u00e4chstes Abenteuer zu planen.<\/p>\n                <\/div>\n            \n            \n                            <div class=\"c-cta__buttons\">\n                    <a class=\"c-button button \/ c-cta__button  no-variation\" target=\"_blank\" href=\"https:\/\/be.synxis.com\/?adult=2&#038;arrive=2025-04-07&#038;chain=14463&#038;child=0&#038;currency=EUR&#038;depart=2025-04-08&#038;hotel=61793&#038;level=hotel&#038;locale=en-US&#038;productcurrency=EUR&#038;rooms=1\" rel=\"noopener\">\n    Buchen Sie Ihren Aufenthalt<\/a>\n\n\n                <\/div>\n            \n                    <\/div>\n\n    <\/div>\n\n    \n    \n            <a href=\"https:\/\/be.synxis.com\/?adult=2&#038;arrive=2025-04-07&#038;chain=14463&#038;child=0&#038;currency=EUR&#038;depart=2025-04-08&#038;hotel=61793&#038;level=hotel&#038;locale=en-US&#038;productcurrency=EUR&#038;rooms=1\" class=\"c-cta__detached-anchor\" target=\"_blank\" rel=\"noopener\"><\/a>\n    \n<\/div>\n\n<\/div><\/div><\/div><\/div><\/div><\/div>","protected":false},"excerpt":{"rendered":"<p>Beachfront Suite Pool Villa Gro\u00dfz\u00fcgiger Beach Villen-Lifestyle Direkte Strandlage, tropischer Garten, privater Pool, Meerblick Virtual Tour Zimmer\u00fcberblick 2 Erwachsene + 2 Kinder (Extrabett) Hauptschlafzimmer mit King Size Bett Direkt am Strand gelegen Privater, temperierter Pool, Jacuzzi Bett und Pavillon 375 m\u00b2 Buchen Sie Ihren Aufenthalt Launch gallery Room No. 201 Room No. 202 Room No. &hellip;<\/p>\n","protected":false},"author":1,"featured_media":0,"parent":1788,"menu_order":5,"comment_status":"closed","ping_status":"closed","template":"","meta":{"_acf_changed":false,"footnotes":""},"class_list":["post--1828","post--page","post--type-page","post--status-publish","post--hentry"],"acf":[],"_links":{"self":[{"href":"https:\/\/shantimaurice.com\/de\/wp-json\/wp\/v2\/pages\/1828","targetHints":{"allow":["GET"]}}],"collection":[{"href":"https:\/\/shantimaurice.com\/de\/wp-json\/wp\/v2\/pages"}],"about":[{"href":"https:\/\/shantimaurice.com\/de\/wp-json\/wp\/v2\/types\/page"}],"author":[{"embeddable":true,"href":"https:\/\/shantimaurice.com\/de\/wp-json\/wp\/v2\/users\/1"}],"replies":[{"embeddable":true,"href":"https:\/\/shantimaurice.com\/de\/wp-json\/wp\/v2\/comments?post=1828"}],"version-history":[{"count":9,"href":"https:\/\/shantimaurice.com\/de\/wp-json\/wp\/v2\/pages\/1828\/revisions"}],"predecessor-version":[{"id":21217,"href":"https:\/\/shantimaurice.com\/de\/wp-json\/wp\/v2\/pages\/1828\/revisions\/21217"}],"up":[{"embeddable":true,"href":"https:\/\/shantimaurice.com\/de\/wp-json\/wp\/v2\/pages\/1788"}],"wp:attachment":[{"href":"https:\/\/shantimaurice.com\/de\/wp-json\/wp\/v2\/media?parent=1828"}],"curies":[{"name":"wp","href":"https:\/\/api.w.org\/{rel}","templated":true}]}}