{"id":1839,"date":"2020-03-27T11:12:04","date_gmt":"2020-03-27T11:12:04","guid":{"rendered":"https:\/\/shantimaurice.testingcreative.co.uk\/unterkunft\/shanti-villa\/"},"modified":"2025-04-07T11:13:11","modified_gmt":"2025-04-07T11:13:11","slug":"shanti-villa","status":"publish","type":"page","link":"https:\/\/shantimaurice.com\/de\/suiten-villen\/shanti-villa\/","title":{"rendered":"Shanti Villa"},"content":{"rendered":"<div id=\"pl-1839\"  class=\"panel-layout\" ><div id=\"pg-1839-0\"  class=\"panel-grid panel-has-style\" ><div class=\"c-row--valign-default c-row--widget-default c-row--margin-default c-row--column-none panel-row-style panel-row-style-for-1839-0\" ><div id=\"pgc-1839-0-0\"  class=\"panel-grid-cell\" ><div id=\"panel-1839-0-0-0\" class=\"so-panel widget widget_cn-core-hero-widget panel-first-child panel-last-child\" data-index=\"0\" ><div\n\t\t\t\n\t\t\tclass=\"so-widget-cn-core-hero-widget so-widget-cn-core-hero-widget-base\"\n\t\t\t\n\t\t><section class=\"c-hero c-hero--short\">\n    <div class=\"c-hero__inner\">\n        \n        <div class=\"c-hero__content\">\n\n                            <h1 class=\"c-hero__heading\">\n                    Shanti Villa                <\/h1>\n            \n                            <p class=\"c-hero__subheading\">\n                    Der ultimative, un\u00fcbertreffliche Luxus                <\/p>\n                            <div class=\"s-entry \/ c-hero__text\">\n                    <p>\n                        3-Schlafzimmer-Villa, privater Pool, geschlossener Innenhof, unvergleichlicher Meerblick                    <\/p>\n                <\/div>\n                    <\/div>\n\n        \n        <div class=\"c-hero__buttons\">\n\n            <a class=\"c-button  no-variation\" target=\"_blank\" href=\"https:\/\/mpembed.com\/show\/?m=GiEHxEQfoTD&#038;mpu=754\" rel=\"noopener\">\n    Virtual Tour<\/a>\n\n\n\n        <\/div>\n\n        \n    <\/div>\n\n\n\n    \n    \n    <div data-src=\"https:\/\/hotelcms-production.imgix.net\/shantimaurice.com\/wp-content\/uploads\/2024\/05\/5_Shanti-Maurice-Resort-_-Spa_Shanti-Villa_01.jpg\" data-crop=\"\" class=\"imgix-fluid  crop \/ c-hero__background\"><\/div><noscript><div style=\"background-image: url(https:\/\/hotelcms-production.imgix.net\/shantimaurice.com\/wp-content\/uploads\/2024\/05\/5_Shanti-Maurice-Resort-_-Spa_Shanti-Villa_01.jpg);\" class=\"crop \/ c-hero__background\" ><\/div><\/noscript>\n    \n    <\/section>\n<\/div><\/div><\/div><\/div><\/div><div id=\"pg-1839-1\"  class=\"panel-grid panel-has-style\" ><div class=\"c-row--valign-middle c-row--widget-default c-row--margin-small c-row--column-large panel-row-style panel-row-style-for-1839-1\" ><div id=\"pgc-1839-1-0\"  class=\"panel-grid-cell\" ><div id=\"panel-1839-1-0-0\" class=\"so-panel widget widget_cn-core-icon-list-widget panel-first-child\" data-index=\"1\" ><div\n\t\t\t\n\t\t\tclass=\"so-widget-cn-core-icon-list-widget so-widget-cn-core-icon-list-widget-base\"\n\t\t\t\n\t\t><div class=\"c-icon-list no-variation\" >\n\n    <div class=\"c-icon-list__headings\">\n    \n        \n                    <h2 class=\"c-icon-list__heading\">Zimmer\u00fcberblick<\/h2>\n        \n        \n        <\/div>\n    \n    <ul class=\"c-icon-list__menu\">\n            <li class=\"c-icon-list__item\">\n            <div class=\"c-icon-list__icon img-fit\">\n                            <\/div>\n            <p class=\"c-icon-list__item__text\">6 Erwachsene + 4 Kinder (Extrabett)<\/p>\n                    <\/li>\n            <li class=\"c-icon-list__item\">\n            <div class=\"c-icon-list__icon img-fit\">\n                <img decoding=\"async\" data-src=\"https:\/\/hotelcms-production.imgix.net\/shantimaurice.com\/wp-content\/uploads\/2017\/11\/Shanti-icons-05.svg\" data-crop=\"\" src=\"data:image\/gif;base64,R0lGODlhBAADAIAAAAAAAAAAACH5BAEAAAAALAAAAAAEAAMAAAIDhI9WADs=\" class=\"imgix-fluid \/ c-image\" alt=\"Bed icon\"  \/><noscript><img decoding=\"async\" src=\"https:\/\/hotelcms-production.imgix.net\/shantimaurice.com\/wp-content\/uploads\/2017\/11\/Shanti-icons-05.svg\" class=\"c-image\" alt=\"Bed icon\"  \/><\/noscript>            <\/div>\n            <p class=\"c-icon-list__item__text\">Zwei Hauptschlafzimmer mit optionalem drittem Schlafzimmer<\/p>\n                    <\/li>\n            <li class=\"c-icon-list__item\">\n            <div class=\"c-icon-list__icon img-fit\">\n                <img decoding=\"async\" data-src=\"https:\/\/hotelcms-production.imgix.net\/shantimaurice.com\/wp-content\/uploads\/2017\/11\/Shanti-icons-28.svg\" data-crop=\"\" src=\"data:image\/gif;base64,R0lGODlhBAADAIAAAAAAAAAAACH5BAEAAAAALAAAAAAEAAMAAAIDhI9WADs=\" class=\"imgix-fluid \/ c-image\" alt=\"Pool icon\"  \/><noscript><img decoding=\"async\" src=\"https:\/\/hotelcms-production.imgix.net\/shantimaurice.com\/wp-content\/uploads\/2017\/11\/Shanti-icons-28.svg\" class=\"c-image\" alt=\"Pool icon\"  \/><\/noscript>            <\/div>\n            <p class=\"c-icon-list__item__text\">Privater 140m\u00b2 Swimmingpool, geschlossener Hof und Balkon<\/p>\n                    <\/li>\n            <li class=\"c-icon-list__item\">\n            <div class=\"c-icon-list__icon img-fit\">\n                <img decoding=\"async\" data-src=\"https:\/\/hotelcms-production.imgix.net\/shantimaurice.com\/wp-content\/uploads\/2017\/11\/Shanti-icons-31.svg\" data-crop=\"\" src=\"data:image\/gif;base64,R0lGODlhBAADAIAAAAAAAAAAACH5BAEAAAAALAAAAAAEAAMAAAIDhI9WADs=\" class=\"imgix-fluid \/ c-image\" alt=\"Service icon\"  \/><noscript><img decoding=\"async\" src=\"https:\/\/hotelcms-production.imgix.net\/shantimaurice.com\/wp-content\/uploads\/2017\/11\/Shanti-icons-31.svg\" class=\"c-image\" alt=\"Service icon\"  \/><\/noscript>            <\/div>\n            <p class=\"c-icon-list__item__text\">Quartier des Butlers und K\u00fcche<\/p>\n                    <\/li>\n            <li class=\"c-icon-list__item\">\n            <div class=\"c-icon-list__icon img-fit\">\n                <img decoding=\"async\" data-src=\"https:\/\/hotelcms-production.imgix.net\/shantimaurice.com\/wp-content\/uploads\/2017\/12\/Shanti-icons-27.svg\" data-crop=\"\" src=\"data:image\/gif;base64,R0lGODlhBAADAIAAAAAAAAAAACH5BAEAAAAALAAAAAAEAAMAAAIDhI9WADs=\" class=\"imgix-fluid \/ c-image\" alt=\"Box icon\"  \/><noscript><img decoding=\"async\" src=\"https:\/\/hotelcms-production.imgix.net\/shantimaurice.com\/wp-content\/uploads\/2017\/12\/Shanti-icons-27.svg\" class=\"c-image\" alt=\"Box icon\"  \/><\/noscript>            <\/div>\n            <p class=\"c-icon-list__item__text\">1000 m\u00b2<\/p>\n                    <\/li>\n        <\/ul>\n\n<\/div><\/div><\/div><div id=\"panel-1839-1-0-1\" class=\"so-panel widget widget_cn-core-button-widget panel-last-child\" data-index=\"2\" ><div\n\t\t\t\n\t\t\tclass=\"so-widget-cn-core-button-widget so-widget-cn-core-button-widget-base\"\n\t\t\t\n\t\t><a class=\"c-button  no-variation\" target=\"_blank\" href=\"https:\/\/be.synxis.com\/?adult=2&#038;arrive=2025-04-07&#038;chain=14463&#038;child=0&#038;currency=EUR&#038;depart=2025-04-08&#038;hotel=61793&#038;level=hotel&#038;locale=en-US&#038;productcurrency=EUR&#038;rooms=1\" rel=\"noopener\">\n    Buchen Sie Ihren Aufenthalt<\/a>\n\n\n<\/div><\/div><\/div><div id=\"pgc-1839-1-1\"  class=\"panel-grid-cell\" ><div id=\"panel-1839-1-1-0\" class=\"so-panel widget widget_cn-core-image-gallery-trigger-widget panel-first-child panel-last-child\" data-index=\"3\" ><div\n\t\t\t\n\t\t\tclass=\"so-widget-cn-core-image-gallery-trigger-widget so-widget-cn-core-image-gallery-trigger-widget-base\"\n\t\t\t\n\t\t>\n<div\n    class=\"c-gallery-trigger no-variation\"\n    data-module=\"image-gallery-trigger\"\n>\n            <button class='c-gallery-trigger__anchor js-gallery-trigger'>\n                            <figure class=\" crop c-image-gallery__thumbnail js-thumbnail\">\n                    <span\n                        data-width=\"1200\"\n                        data-height=\"990\"\n\n                                                    href=\"https:\/\/hotelcms-production.imgix.net\/shantimaurice.com\/wp-content\/uploads\/2017\/11\/Shanti-Villa-New-Floor-Plan.jpg\"\n                                            ><\/span>\n\n                    <div data-src=\"https:\/\/hotelcms-production.imgix.net\/shantimaurice.com\/wp-content\/uploads\/2017\/11\/Shanti-Villa-New-Floor-Plan.jpg\" data-crop=\"\" class=\"imgix-fluid  crop c-image c-gallery-trigger__image c-gallery-trigger__thumbnail-image\"><\/div><noscript><div style=\"background-image: url(https:\/\/hotelcms-production.imgix.net\/shantimaurice.com\/wp-content\/uploads\/2017\/11\/Shanti-Villa-New-Floor-Plan.jpg);\" class=\"crop c-image c-gallery-trigger__image c-gallery-trigger__thumbnail-image\" ><\/div><\/noscript>                <\/figure>\n            \n            <span class='c-gallery-trigger__trigger'>\n                <span>Launch Gallery<\/span>\n            <\/span>\n        <\/button>\n    \n            <div class=\"c-gallery-trigger__thumbnail js-thumbnail hide\">\n            <span\n                data-width=\"1200\"\n                data-height=\"991\"\n                data-caption=\"\"\n                title=\"\"\n\n                                    href=\"https:\/\/hotelcms-production.imgix.net\/shantimaurice.com\/wp-content\/uploads\/2017\/11\/Shanti-Villa-1.jpg\"\n                            >\n            <\/span>\n\n                    <\/div>\n    <\/div>\n\n<\/div><\/div><\/div><\/div><\/div><div id=\"pg-1839-2\"  class=\"panel-grid panel-has-style\" ><div class=\"c-row--valign-default c-row--widget-none c-row--margin-default c-row--column-large panel-row-style panel-row-style-for-1839-2\" ><div id=\"pgc-1839-2-0\"  class=\"panel-grid-cell\" ><div id=\"panel-1839-2-0-0\" class=\"so-panel widget widget_cn-core-cta-slider-widget panel-first-child panel-last-child\" data-index=\"4\" ><div\n\t\t\t\n\t\t\tclass=\"so-widget-cn-core-cta-slider-widget so-widget-cn-core-cta-slider-widget-base\"\n\t\t\t\n\t\t> \n<div class=\"c-slider-wrapper  no-variation\">\n\n    \n    \n    \n    <div\n        id=\"slider-69d289e064338\"\n        class=\"c-slider c-slider--cta c-slider--auto-height  js-flickity\"\n        data-flickity-options='{\"pageDots\":true,\"prevNextButtons\":true,\"cellAlign\":\"left\",\"lazyLoad\":true,\"contain\":false,\"wrapAround\":true,\"setGallerySize\":true,\"adaptiveHeight\":true,\"autoPlay\":3500,\"pauseAutoPlayOnHover\":false,\"rightToLeft\":false,\"groupCells\":false,\"watchCSS\":false}'\n    >\n                    <div\n                id=\"cta-cell-0\"\n                class=\"c-slider__cell  js-flickity-cell\"\n            >\n                <div class=\"c-cta no-variation has-background no-layout\">\n\n    <div class=\"c-cta__content\">\n\n        <div class=\"c-cta__inner\">\n\n            \n            \n            \n            \n                <div class=\"c-cta__headings\">\n\n                \n                                    <h2 class=\"c-cta__heading\">\n                        Room no. 206                    <\/h2>\n                \n                \n                <\/div>\n\n            \n            \n            \n            \n            \n            \n                    <\/div>\n\n    <\/div>\n\n    \n            <div data-src=\"https:\/\/hotelcms-production.imgix.net\/shantimaurice.com\/wp-content\/uploads\/2019\/04\/206_V_Shanti.jpg\" data-crop=\"\" class=\"imgix-fluid  crop \/ c-background c-cta__background\"><\/div><noscript><div style=\"background-image: url(https:\/\/hotelcms-production.imgix.net\/shantimaurice.com\/wp-content\/uploads\/2019\/04\/206_V_Shanti.jpg);\" class=\"crop \/ c-background c-cta__background\" ><\/div><\/noscript>    \n    \n<\/div>\n\n            <\/div>\n                    <div\n                id=\"cta-cell-1\"\n                class=\"c-slider__cell  js-flickity-cell\"\n            >\n                <div class=\"c-cta no-variation has-background no-layout\">\n\n    <div class=\"c-cta__content\">\n\n        <div class=\"c-cta__inner\">\n\n            \n            \n            \n            \n                <div class=\"c-cta__headings\">\n\n                \n                                    <h2 class=\"c-cta__heading\">\n                        Pool Terrace                    <\/h2>\n                \n                \n                <\/div>\n\n            \n            \n            \n            \n            \n            \n                    <\/div>\n\n    <\/div>\n\n    \n            <div data-src=\"https:\/\/hotelcms-production.imgix.net\/shantimaurice.com\/wp-content\/uploads\/2017\/11\/SHM_Presidential-Villa_Pool-Terrace_RGB.jpg\" data-crop=\"manual\" class=\"imgix-fluid  crop \/ c-background c-cta__background\" data-focus-horizontal=\"50\" data-focus-vertical=\"58\"><\/div><noscript><div style=\"background-image: url(https:\/\/hotelcms-production.imgix.net\/shantimaurice.com\/wp-content\/uploads\/2017\/11\/SHM_Presidential-Villa_Pool-Terrace_RGB.jpg);\" class=\"crop \/ c-background c-cta__background\" ><\/div><\/noscript>    \n    \n<\/div>\n\n            <\/div>\n                    <div\n                id=\"cta-cell-2\"\n                class=\"c-slider__cell  js-flickity-cell\"\n            >\n                <div class=\"c-cta no-variation has-background no-layout\">\n\n    <div class=\"c-cta__content\">\n\n        <div class=\"c-cta__inner\">\n\n            \n            \n            \n            \n                <div class=\"c-cta__headings\">\n\n                \n                                    <h2 class=\"c-cta__heading\">\n                        Bedroom                    <\/h2>\n                \n                \n                <\/div>\n\n            \n            \n            \n            \n            \n            \n                    <\/div>\n\n    <\/div>\n\n    \n            <div data-src=\"https:\/\/hotelcms-production.imgix.net\/shantimaurice.com\/wp-content\/uploads\/2017\/11\/SHM_Presidential-Villa_Bedroom_RGB-1.jpg\" data-crop=\"manual\" class=\"imgix-fluid  crop \/ c-background c-cta__background\" data-focus-horizontal=\"50\" data-focus-vertical=\"50\"><\/div><noscript><div style=\"background-image: url(https:\/\/hotelcms-production.imgix.net\/shantimaurice.com\/wp-content\/uploads\/2017\/11\/SHM_Presidential-Villa_Bedroom_RGB-1.jpg);\" class=\"crop \/ c-background c-cta__background\" ><\/div><\/noscript>    \n    \n<\/div>\n\n            <\/div>\n                    <div\n                id=\"cta-cell-3\"\n                class=\"c-slider__cell  js-flickity-cell\"\n            >\n                <div class=\"c-cta no-variation has-background no-layout\">\n\n    <div class=\"c-cta__content\">\n\n        <div class=\"c-cta__inner\">\n\n            \n            \n            \n            \n                <div class=\"c-cta__headings\">\n\n                \n                                    <h2 class=\"c-cta__heading\">\n                        Bathroom                    <\/h2>\n                \n                \n                <\/div>\n\n            \n            \n            \n            \n            \n            \n                    <\/div>\n\n    <\/div>\n\n    \n            <div data-src=\"https:\/\/hotelcms-production.imgix.net\/shantimaurice.com\/wp-content\/uploads\/2017\/11\/SHM_Presidential-Villa_Bathroom_RGB-2.jpg\" data-crop=\"manual\" class=\"imgix-fluid  crop \/ c-background c-cta__background\" data-focus-horizontal=\"50\" data-focus-vertical=\"50\"><\/div><noscript><div style=\"background-image: url(https:\/\/hotelcms-production.imgix.net\/shantimaurice.com\/wp-content\/uploads\/2017\/11\/SHM_Presidential-Villa_Bathroom_RGB-2.jpg);\" class=\"crop \/ c-background c-cta__background\" ><\/div><\/noscript>    \n    \n<\/div>\n\n            <\/div>\n            <\/div>\n<\/div><\/div><\/div><\/div><\/div><\/div><div id=\"pg-1839-3\"  class=\"panel-grid panel-has-style\" ><div class=\"c-row--valign-middle c-row--widget-default c-row--margin-default c-row--column-large panel-row-style panel-row-style-for-1839-3\" ><div id=\"pgc-1839-3-0\"  class=\"panel-grid-cell\" ><div id=\"panel-1839-3-0-0\" class=\"so-panel widget widget_cn-core-image-widget panel-first-child panel-last-child\" data-index=\"5\" ><div\n\t\t\t\n\t\t\tclass=\"so-widget-cn-core-image-widget so-widget-cn-core-image-widget-base\"\n\t\t\t\n\t\t>\n<div class=\"c-image-container  no-variation\">\n    \n    <figure class=\"crop\">\n                    <div data-src=\"https:\/\/hotelcms-production.imgix.net\/shantimaurice.com\/wp-content\/uploads\/2024\/05\/4_Shanti-Maurice-Resort-_-Spa_Shanti-Villa_03.jpg\" data-crop=\"\" class=\"imgix-fluid  c-image\"><\/div><noscript><div style=\"background-image: url(https:\/\/hotelcms-production.imgix.net\/shantimaurice.com\/wp-content\/uploads\/2024\/05\/4_Shanti-Maurice-Resort-_-Spa_Shanti-Villa_03.jpg);\" class=\"c-image\" ><\/div><\/noscript>            <\/figure>\n\n    <\/div>\n<\/div><\/div><\/div><div id=\"pgc-1839-3-1\"  class=\"panel-grid-cell\" ><div id=\"panel-1839-3-1-0\" class=\"so-panel widget widget_cn-core-text-widget panel-first-child panel-last-child\" data-index=\"6\" ><div\n\t\t\t\n\t\t\tclass=\"so-widget-cn-core-text-widget so-widget-cn-core-text-widget-base\"\n\t\t\t\n\t\t>\n<div class=\"c-text no-variation\" >\n\n    \n    \n    \n    <div class=\"c-text__content s-entry\">\n        <p>Die Shanti Villa erstreckt sich \u00fcber eine Fl\u00e4che von 1,000 qm, ma\u00dfgeschneidert f\u00fcr jeden Aufenthalt, ob f\u00fcr ein Paar, das intime Privatsph\u00e4re w\u00fcnscht, einen Familienurlaub oder einen Trip unter Freunden. In seiner idyllischen Halbinsellage mit atemberaubendem Blick auf das offene Meer, bietet sie absolute Privatsph\u00e4re. Die Villa verf\u00fcgt \u00fcber drei Schlafzimmer: zwei Hauptschlafzimmer mit King-Size-Betten und ein drittes Schlafzimmer mit zwei Einzelbetten, jeweils mit eigenem Bad und zus\u00e4tzlich mit Au\u00dfendusche. Ein separater Essbereich und eine angrenzende K\u00fcche stehen den G\u00e4sten ebenfalls zur Verf\u00fcgung, so dass sie w\u00e4hrend ihres Aufenthalts die Dienste eines pers\u00f6nlichen Butlers in Anspruch nehmen k\u00f6nnen.<\/p>\n<p>Mit unserem Konzept \"Bring Your Own Content\" (BYOC) k\u00f6nnen Sie ganz einfach Ihre Lieblingsfilme, TV-Shows und Musik direkt auf Ihr Unterhaltungssystem im Zimmer streamen. Ob f\u00fcr einen Familienfilmabend, eine Binge-Watching-Session oder einen entspannten Abend mit Ihren Lieblingstiteln \u2013 genie\u00dfen Sie Ihre eigenen Inhalte, genau so, wie Sie es m\u00f6gen. Erleben Sie ultimative Flexibilit\u00e4t und Bequemlichkeit w\u00e4hrend Ihres Aufenthalts bei uns.<\/p>\n<p>Der klimatisierte Privatpool (140 qm) ist mit Jacuzzi-Betten ausgestattet, umgeben von weitl\u00e4ufigen Pooldecks und Essenspavillions im eigenen tropischen Garten.<\/p>\n<p>Bitte beachten Sie, dass alle Bilder je nach Ansicht und Raum variieren k\u00f6nnen.<\/p>\n    <\/div>\n\n<\/div>\n<\/div><\/div><\/div><\/div><\/div><div id=\"pg-1839-4\"  class=\"panel-grid panel-has-style\" ><div class=\"c-row--valign-middle c-row--widget-default c-row--margin-small c-row--column-large panel-row-style panel-row-style-for-1839-4\" ><div id=\"pgc-1839-4-0\"  class=\"panel-grid-cell\" ><div id=\"panel-1839-4-0-0\" class=\"so-panel widget widget_cn-core-adjacent-pages-widget panel-first-child panel-last-child\" data-index=\"7\" ><div\n\t\t\t\n\t\t\tclass=\"so-widget-cn-core-adjacent-pages-widget so-widget-cn-core-adjacent-pages-widget-base\"\n\t\t\t\n\t\t><nav class=\"c-siblings  \">\n\n    <ul class=\"menu\">\n        <li class=\"c-siblings__page \/ menu__previous\">\n                            <a href=\"https:\/\/shantimaurice.com\/accommodation\/\">Zur\u00fcck zu allen Unterk\u00fcnften<\/a>\n                    <\/li>\n\n        \n        <li class=\"c-siblings__page \/ menu__next\">\n                        <a href=\"https:\/\/shantimaurice.com\/de\/suiten-villen\/junior-suite-ocean-view\/\" class=\"\">Next page &rarr;<\/a>                    <\/li>\n    <\/ul>\n\n<\/nav><\/div><\/div><\/div><\/div><\/div><div id=\"pg-1839-5\"  class=\"panel-grid panel-has-style\" ><div class=\"c-row--valign-default c-row--widget-none c-row--margin-none c-row--column-default has-background c-row--background-cover imgix-fluid crop panel-row-style panel-row-style-for-1839-5\" data-src=\"https:\/\/hotelcms-production.imgix.net\/shantimaurice.com\/wp-content\/uploads\/2017\/11\/texture.png\" data-crop=\"manual\" data-focus-horizontal=\"\" data-focus-vertical=\"\" ><div id=\"pgc-1839-5-0\"  class=\"panel-grid-cell\" ><div id=\"panel-1839-5-0-0\" class=\"so-panel widget widget_cn-core-cta-widget panel-first-child panel-last-child\" data-index=\"8\" ><div\n\t\t\t\n\t\t\tclass=\"so-widget-cn-core-cta-widget so-widget-cn-core-cta-widget-base\"\n\t\t\t\n\t\t><div class=\"c-cta c-cta--layout-breaker no-variation\">\n\n    <div class=\"c-cta__content\">\n\n        <div class=\"c-cta__inner\">\n\n                            <a href=\"https:\/\/be.synxis.com\/?adult=2&#038;arrive=2025-04-07&#038;chain=14463&#038;child=0&#038;currency=EUR&#038;depart=2025-04-08&#038;hotel=61793&#038;level=hotel&#038;locale=en-US&#038;productcurrency=EUR&#038;rooms=1\" class=\"c-cta__anchor\" target=\"_blank\" rel=\"noopener\">\n            \n            \n            \n            \n                <div class=\"c-cta__headings\">\n\n                                    <p class=\"c-cta__preheading\">\n                        Ihr Aufenthalt im Shanti Maurice                    <\/p>\n                \n                                    <h2 class=\"c-cta__heading\">\n                        Ihr Abenteuer beginnt hier                    <\/h2>\n                \n                \n                <\/div>\n\n            \n            \n                            <\/a>\n            \n                            <div class=\"c-cta__text \/ s-entry\">\n                    <p>Unvergessliche Momente, kulinarische Gourmet-Highlights und atemberaubende Natur. F\u00fcr jeden Einzelnen, ob Jung oder Alt bieten wir das Passende. Beginnen Sie jetzt mit der Planung Ihres n\u00e4chsten pers\u00f6nlichen Abenteuers.<\/p>\n                <\/div>\n            \n            \n                            <div class=\"c-cta__buttons\">\n                    <a class=\"c-button button \/ c-cta__button  no-variation\" target=\"_blank\" href=\"https:\/\/be.synxis.com\/?adult=2&#038;arrive=2025-04-07&#038;chain=14463&#038;child=0&#038;currency=EUR&#038;depart=2025-04-08&#038;hotel=61793&#038;level=hotel&#038;locale=en-US&#038;productcurrency=EUR&#038;rooms=1\" rel=\"noopener\">\n    Buchen Sie Ihren Aufenthalt<\/a>\n\n\n                <\/div>\n            \n                    <\/div>\n\n    <\/div>\n\n    \n    \n            <a href=\"https:\/\/be.synxis.com\/?adult=2&#038;arrive=2025-04-07&#038;chain=14463&#038;child=0&#038;currency=EUR&#038;depart=2025-04-08&#038;hotel=61793&#038;level=hotel&#038;locale=en-US&#038;productcurrency=EUR&#038;rooms=1\" class=\"c-cta__detached-anchor\" target=\"_blank\" rel=\"noopener\"><\/a>\n    \n<\/div>\n\n<\/div><\/div><\/div><\/div><\/div><\/div>","protected":false},"excerpt":{"rendered":"<p>Shanti Villa Der ultimative, un\u00fcbertreffliche Luxus 3-Schlafzimmer-Villa, privater Pool, geschlossener Innenhof, unvergleichlicher Meerblick Virtual Tour Zimmer\u00fcberblick 6 Erwachsene + 4 Kinder (Extrabett) Zwei Hauptschlafzimmer mit optionalem drittem Schlafzimmer Privater 140m\u00b2 Swimmingpool, geschlossener Hof und Balkon Quartier des Butlers und K\u00fcche 1000 m\u00b2 Buchen Sie Ihren Aufenthalt Launch Gallery Room no. 206 Pool Terrace Bedroom Bathroom &hellip;<\/p>\n","protected":false},"author":1,"featured_media":0,"parent":1788,"menu_order":7,"comment_status":"closed","ping_status":"closed","template":"","meta":{"_acf_changed":false,"footnotes":""},"class_list":["post--1839","post--page","post--type-page","post--status-publish","post--hentry"],"acf":[],"_links":{"self":[{"href":"https:\/\/shantimaurice.com\/de\/wp-json\/wp\/v2\/pages\/1839","targetHints":{"allow":["GET"]}}],"collection":[{"href":"https:\/\/shantimaurice.com\/de\/wp-json\/wp\/v2\/pages"}],"about":[{"href":"https:\/\/shantimaurice.com\/de\/wp-json\/wp\/v2\/types\/page"}],"author":[{"embeddable":true,"href":"https:\/\/shantimaurice.com\/de\/wp-json\/wp\/v2\/users\/1"}],"replies":[{"embeddable":true,"href":"https:\/\/shantimaurice.com\/de\/wp-json\/wp\/v2\/comments?post=1839"}],"version-history":[{"count":7,"href":"https:\/\/shantimaurice.com\/de\/wp-json\/wp\/v2\/pages\/1839\/revisions"}],"predecessor-version":[{"id":21211,"href":"https:\/\/shantimaurice.com\/de\/wp-json\/wp\/v2\/pages\/1839\/revisions\/21211"}],"up":[{"embeddable":true,"href":"https:\/\/shantimaurice.com\/de\/wp-json\/wp\/v2\/pages\/1788"}],"wp:attachment":[{"href":"https:\/\/shantimaurice.com\/de\/wp-json\/wp\/v2\/media?parent=1839"}],"curies":[{"name":"wp","href":"https:\/\/api.w.org\/{rel}","templated":true}]}}