{"id":1872,"date":"2017-11-22T11:40:00","date_gmt":"2017-11-22T11:40:56","guid":{"rendered":"https:\/\/shantimaurice.testingcreative.co.uk\/spa-wohlbefinden\/spa-packages-offers\/"},"modified":"2017-12-19T09:33:38","modified_gmt":"2017-12-19T09:33:38","slug":"spa-packages","status":"publish","type":"page","link":"https:\/\/shantimaurice.com\/de\/spa-wohlbefinden\/spa-packages\/","title":{"rendered":"Spa-Pakete"},"content":{"rendered":"<div id=\"pl-1872\"  class=\"panel-layout\" ><div id=\"pg-1872-0\"  class=\"panel-grid panel-has-style\" ><div class=\"c-row--valign-default c-row--widget-default c-row--margin-default c-row--column-none siteorigin-panels-stretch panel-row-style panel-row-style-for-1872-0\" data-stretch-type=\"full-stretched\" ><div id=\"pgc-1872-0-0\"  class=\"panel-grid-cell\" ><div id=\"panel-1872-0-0-0\" class=\"so-panel widget widget_cn-core-hero-widget panel-first-child panel-last-child\" data-index=\"0\" ><div\n\t\t\t\n\t\t\tclass=\"so-widget-cn-core-hero-widget so-widget-cn-core-hero-widget-base\"\n\t\t\t\n\t\t><section class=\"c-hero c-hero--short\">\n    <div class=\"c-hero__inner\">\n        \n        <div class=\"c-hero__content\">\n\n                            <h1 class=\"c-hero__heading\">\n                    Spa-Pakete                <\/h1>\n            \n                            <p class=\"c-hero__subheading\">\n                    Wecke deine Sinne                <\/p>\n                            <div class=\"s-entry \/ c-hero__text\">\n                    <p>\n                        Beruhigende \u00dcbungen, wohltuende Massagen, verj\u00fcngende Behandlungen                    <\/p>\n                <\/div>\n                    <\/div>\n\n        \n    <\/div>\n\n\n\n    \n    \n    <div data-src=\"https:\/\/hotelcms-production.imgix.net\/shantimaurice.com\/wp-content\/uploads\/2017\/11\/SHM_Nira-Spa_Treatment-Room_01_RGB.jpg\" data-crop=\"manual\" class=\"imgix-fluid  crop \/ c-hero__background\" data-focus-horizontal=\"60\" data-focus-vertical=\"90\"><\/div><noscript><div style=\"background-image: url(https:\/\/hotelcms-production.imgix.net\/shantimaurice.com\/wp-content\/uploads\/2017\/11\/SHM_Nira-Spa_Treatment-Room_01_RGB.jpg);\" class=\"crop \/ c-hero__background\" ><\/div><\/noscript>\n    \n            <a href=\"#main-content\" class=\"c-hero__scroller\" data-module=\"scroll-to\">\n            <span class=\"c-hero__scroller__text\">Weiter lesen<\/span>\n            <span class=\"c-hero__scroller__arrow\"><\/span>\n        <\/a>\n    <\/section>\n<\/div><\/div><\/div><\/div><\/div><div id=\"pg-1872-1\"  class=\"panel-grid panel-has-style\" ><div class=\"c-row--valign-default c-row--widget-default c-row--margin-small c-row--column-default panel-row-style panel-row-style-for-1872-1\" ><div id=\"pgc-1872-1-0\"  class=\"panel-grid-cell\" ><div id=\"panel-1872-1-0-0\" class=\"so-panel widget widget_cn-core-post-grid-filter-widget panel-first-child panel-last-child\" data-index=\"1\" ><div\n\t\t\t\n\t\t\tclass=\"so-widget-cn-core-post-grid-filter-widget so-widget-cn-core-post-grid-filter-widget-base\"\n\t\t\t\n\t\t>\n<div\n    class=\"c-grid-filter c-grid-filter--posts  js-grid-filter  c-grid-filter--type-offer\"\n    data-module=\"grid-filter\"\n>\n            <div class=\"c-grid-filter__headings\">\n            \n                    <\/div>\n    \n    \n    <div class=\"c-grid-filter__grid  js-grid-container\">\n                    <div class=\"c-grid-filter__item  js-grid-item\" data-filter-offer-category=\"spa-packages\" data-sort-order=\"1\">\n                                                            <div class=\"c-grid-filter__item__inner  c-cta no-variation\">\n                            <div class=\"c-cta__inner\">\n                                <a class=\"c-cta__anchor\" href=\"https:\/\/shantimaurice.com\/de\/offer\/detox-paket\/\">\n                                    <figure class=\"crop\">\n                                        <div data-src=\"https:\/\/hotelcms-production.imgix.net\/shantimaurice.com\/wp-content\/uploads\/2017\/11\/SHM_Nira-Spa_Yoga-Pavilion_RGB.jpg\" data-crop=\"manual\" class=\"imgix-fluid  c-image c-cta__image\" data-focus-horizontal=\"50\" data-focus-vertical=\"99\"><\/div><noscript><div style=\"background-image: url(https:\/\/hotelcms-production.imgix.net\/shantimaurice.com\/wp-content\/uploads\/2017\/11\/SHM_Nira-Spa_Yoga-Pavilion_RGB.jpg);\" class=\"c-image c-cta__image\" ><\/div><\/noscript>                                    <\/figure>\n\n                                    <div class=\"c-cta__headings\">\n                                                                                    <p class=\"c-cta__preheading\">\n                                                Sonderangebot                                            <\/p>\n                                        \n                                        <h3 class=\"c-cta__heading\">\n                                            Detox Paket                                        <\/h3>\n\n                                                                            <\/div>\n                                <\/a>\n                            <\/div>\n                        <\/div>\n                                                <\/div>\n                    <div class=\"c-grid-filter__item  js-grid-item\" data-filter-offer-category=\"spa-packages\" data-sort-order=\"2\">\n                                                            <div class=\"c-grid-filter__item__inner  c-cta no-variation\">\n                            <div class=\"c-cta__inner\">\n                                <a class=\"c-cta__anchor\" href=\"https:\/\/shantimaurice.com\/de\/offer\/panchakarma-paket\/\">\n                                    <figure class=\"crop\">\n                                        <div data-src=\"https:\/\/hotelcms-production.imgix.net\/shantimaurice.com\/wp-content\/uploads\/2017\/11\/SHM_Nira-Spa_Treatment-Room_01_RGB.jpg\" data-crop=\"manual\" class=\"imgix-fluid  c-image c-cta__image\" data-focus-horizontal=\"60\" data-focus-vertical=\"90\"><\/div><noscript><div style=\"background-image: url(https:\/\/hotelcms-production.imgix.net\/shantimaurice.com\/wp-content\/uploads\/2017\/11\/SHM_Nira-Spa_Treatment-Room_01_RGB.jpg);\" class=\"c-image c-cta__image\" ><\/div><\/noscript>                                    <\/figure>\n\n                                    <div class=\"c-cta__headings\">\n                                                                                    <p class=\"c-cta__preheading\">\n                                                Special offer                                            <\/p>\n                                        \n                                        <h3 class=\"c-cta__heading\">\n                                            Panchakarma Paket                                        <\/h3>\n\n                                                                            <\/div>\n                                <\/a>\n                            <\/div>\n                        <\/div>\n                                                <\/div>\n                    <div class=\"c-grid-filter__item  js-grid-item\" data-filter-offer-category=\"spa-packages\" data-sort-order=\"3\">\n                                                            <div class=\"c-grid-filter__item__inner  c-cta no-variation\">\n                            <div class=\"c-cta__inner\">\n                                <a class=\"c-cta__anchor\" href=\"https:\/\/shantimaurice.com\/de\/offer\/swasthyam-ayurveda_paket\/\">\n                                    <figure class=\"crop\">\n                                        <div data-src=\"https:\/\/hotelcms-production.imgix.net\/shantimaurice.com\/wp-content\/uploads\/2018\/01\/SM-Spa-As-4-5D3A7381e-ps-2.jpg\" data-crop=\"\" class=\"imgix-fluid  c-image c-cta__image\"><\/div><noscript><div style=\"background-image: url(https:\/\/hotelcms-production.imgix.net\/shantimaurice.com\/wp-content\/uploads\/2018\/01\/SM-Spa-As-4-5D3A7381e-ps-2.jpg);\" class=\"c-image c-cta__image\" ><\/div><\/noscript>                                    <\/figure>\n\n                                    <div class=\"c-cta__headings\">\n                                                                                    <p class=\"c-cta__preheading\">\n                                                Sonderangebot                                            <\/p>\n                                        \n                                        <h3 class=\"c-cta__heading\">\n                                            Swasthyam &#8211; Ayurveda Paket                                        <\/h3>\n\n                                                                            <\/div>\n                                <\/a>\n                            <\/div>\n                        <\/div>\n                                                <\/div>\n                    <div class=\"c-grid-filter__item  js-grid-item\" data-filter-offer-category=\"spa-packages\" data-sort-order=\"4\">\n                                                            <div class=\"c-grid-filter__item__inner  c-cta no-variation\">\n                            <div class=\"c-cta__inner\">\n                                <a class=\"c-cta__anchor\" href=\"https:\/\/shantimaurice.com\/de\/offer\/suyogam-yoga-paket\/\">\n                                    <figure class=\"crop\">\n                                        <div data-src=\"https:\/\/hotelcms-production.imgix.net\/shantimaurice.com\/wp-content\/uploads\/2017\/11\/Nira_SPA_Shanti_Maurice_03.jpg\" data-crop=\"\" class=\"imgix-fluid  c-image c-cta__image\"><\/div><noscript><div style=\"background-image: url(https:\/\/hotelcms-production.imgix.net\/shantimaurice.com\/wp-content\/uploads\/2017\/11\/Nira_SPA_Shanti_Maurice_03.jpg);\" class=\"c-image c-cta__image\" ><\/div><\/noscript>                                    <\/figure>\n\n                                    <div class=\"c-cta__headings\">\n                                                                                    <p class=\"c-cta__preheading\">\n                                                Special offer                                            <\/p>\n                                        \n                                        <h3 class=\"c-cta__heading\">\n                                            Suyogam &#8211; Yoga Paket                                        <\/h3>\n\n                                                                            <\/div>\n                                <\/a>\n                            <\/div>\n                        <\/div>\n                                                <\/div>\n                    <div class=\"c-grid-filter__item  js-grid-item\" data-filter-offer-category=\"spa-packages\" data-sort-order=\"5\">\n                                                            <div class=\"c-grid-filter__item__inner  c-cta no-variation\">\n                            <div class=\"c-cta__inner\">\n                                <a class=\"c-cta__anchor\" href=\"https:\/\/shantimaurice.com\/de\/offer\/shanti-body-beautiful\/\">\n                                    <figure class=\"crop\">\n                                        <div data-src=\"https:\/\/hotelcms-production.imgix.net\/shantimaurice.com\/wp-content\/uploads\/2017\/11\/SHM_Gardens_Woman_RGB.jpg\" data-crop=\"\" class=\"imgix-fluid  c-image c-cta__image\"><\/div><noscript><div style=\"background-image: url(https:\/\/hotelcms-production.imgix.net\/shantimaurice.com\/wp-content\/uploads\/2017\/11\/SHM_Gardens_Woman_RGB.jpg);\" class=\"c-image c-cta__image\" ><\/div><\/noscript>                                    <\/figure>\n\n                                    <div class=\"c-cta__headings\">\n                                                                                    <p class=\"c-cta__preheading\">\n                                                Sonderangebot                                            <\/p>\n                                        \n                                        <h3 class=\"c-cta__heading\">\n                                            Shanti Body Beautiful                                        <\/h3>\n\n                                                                            <\/div>\n                                <\/a>\n                            <\/div>\n                        <\/div>\n                                                <\/div>\n            <\/div>\n<\/div>\n\n<\/div><\/div><\/div><\/div><\/div><div id=\"pg-1872-2\"  class=\"panel-grid panel-has-style\" ><div class=\"c-row--valign-default c-row--widget-none c-row--margin-none c-row--column-default siteorigin-panels-stretch has-background c-row--background-cover imgix-fluid crop panel-row-style panel-row-style-for-1872-2\" data-stretch-type=\"full\" data-src=\"https:\/\/hotelcms-production.imgix.net\/shantimaurice.com\/wp-content\/uploads\/2017\/11\/texture.png\" data-crop=\"manual\" data-focus-horizontal=\"\" data-focus-vertical=\"\" ><div id=\"pgc-1872-2-0\"  class=\"panel-grid-cell\" ><div id=\"panel-1872-2-0-0\" class=\"so-panel widget widget_cn-core-cta-widget panel-first-child panel-last-child\" data-index=\"2\" ><div\n\t\t\t\n\t\t\tclass=\"so-widget-cn-core-cta-widget so-widget-cn-core-cta-widget-base\"\n\t\t\t\n\t\t><div class=\"c-cta c-cta--layout-breaker no-variation\">\n\n    <div class=\"c-cta__content\">\n\n        <div class=\"c-cta__inner\">\n\n                            <a href=\"https:\/\/shantimaurice.com\/accommodation\/\" class=\"c-cta__anchor\">\n            \n            \n            \n            \n                <div class=\"c-cta__headings\">\n\n                                    <p class=\"c-cta__preheading\">\n                        Bleib bei Shanti Maurice                    <\/p>\n                \n                                    <h2 class=\"c-cta__heading\">\n                        Sehen Sie sich unsere Unterkunft an                    <\/h2>\n                \n                \n                <\/div>\n\n            \n            \n                            <\/a>\n            \n                            <div class=\"c-cta__text \/ s-entry\">\n                    <p>Genuss, au\u00dfergew\u00f6hnliche Sehensw\u00fcrdigkeiten und unvergessliche Erlebnisse. Es ist nie eine schlechte Zeit, Shanti Maurice zu besuchen, aber es gibt keine bessere Zeit als jetzt.<\/p>\n                <\/div>\n            \n            \n                            <div class=\"c-cta__buttons\">\n                    <a  class=\"c-button button \/ c-cta__button  no-variation\" href=\"https:\/\/shantimaurice.com\/accommodation\/\">\n    Gehe zu den Suiten und Villen<\/a>\n\n\n                <\/div>\n            \n                    <\/div>\n\n    <\/div>\n\n    \n    \n            <a href=\"https:\/\/shantimaurice.com\/accommodation\/\" class=\"c-cta__detached-anchor\" href=\"https:\/\/shantimaurice.com\/accommodation\/\"><\/a>\n    \n<\/div>\n\n<\/div><\/div><\/div><\/div><\/div><\/div>","protected":false},"excerpt":{"rendered":"<p>Spa-Pakete Wecke deine Sinne Beruhigende \u00dcbungen, wohltuende Massagen, verj\u00fcngende Behandlungen Weiter lesen Sonderangebot Detox Paket Special offer Panchakarma Paket Sonderangebot Swasthyam &#8211; Ayurveda Paket Special offer Suyogam &#8211; Yoga Paket Sonderangebot Shanti Body Beautiful Bleib bei Shanti Maurice Sehen Sie sich unsere Unterkunft an Genuss, au\u00dfergew\u00f6hnliche Sehensw\u00fcrdigkeiten und unvergessliche Erlebnisse. Es ist nie eine schlechte &hellip;<\/p>\n","protected":false},"author":1,"featured_media":0,"parent":1867,"menu_order":0,"comment_status":"closed","ping_status":"closed","template":"","meta":{"_acf_changed":false,"footnotes":""},"class_list":["post--1872","post--page","post--type-page","post--status-publish","post--hentry"],"acf":[],"_links":{"self":[{"href":"https:\/\/shantimaurice.com\/de\/wp-json\/wp\/v2\/pages\/1872","targetHints":{"allow":["GET"]}}],"collection":[{"href":"https:\/\/shantimaurice.com\/de\/wp-json\/wp\/v2\/pages"}],"about":[{"href":"https:\/\/shantimaurice.com\/de\/wp-json\/wp\/v2\/types\/page"}],"author":[{"embeddable":true,"href":"https:\/\/shantimaurice.com\/de\/wp-json\/wp\/v2\/users\/1"}],"replies":[{"embeddable":true,"href":"https:\/\/shantimaurice.com\/de\/wp-json\/wp\/v2\/comments?post=1872"}],"version-history":[{"count":0,"href":"https:\/\/shantimaurice.com\/de\/wp-json\/wp\/v2\/pages\/1872\/revisions"}],"up":[{"embeddable":true,"href":"https:\/\/shantimaurice.com\/de\/wp-json\/wp\/v2\/pages\/1867"}],"wp:attachment":[{"href":"https:\/\/shantimaurice.com\/de\/wp-json\/wp\/v2\/media?parent=1872"}],"curies":[{"name":"wp","href":"https:\/\/api.w.org\/{rel}","templated":true}]}}