{"id":1879,"date":"2017-11-22T11:40:00","date_gmt":"2017-11-22T11:40:56","guid":{"rendered":"https:\/\/shantimaurice.testingcreative.co.uk\/spa-wohlbefinden\/wellbeing-classes-activities\/"},"modified":"2024-02-06T09:12:58","modified_gmt":"2024-02-06T09:12:58","slug":"wellness-kurse-aktivitaeten","status":"publish","type":"page","link":"https:\/\/shantimaurice.com\/de\/spa-wohlbefinden\/wellness-kurse-aktivitaeten\/","title":{"rendered":"Wellness Kurse &#038; Aktivit\u00e4ten"},"content":{"rendered":"<div id=\"pl-1879\"  class=\"panel-layout\" ><div id=\"pg-1879-0\"  class=\"panel-grid panel-has-style\" ><div class=\"c-row--valign-default c-row--widget-default c-row--margin-default c-row--column-default siteorigin-panels-stretch panel-row-style panel-row-style-for-1879-0\" data-stretch-type=\"full-stretched\" ><div id=\"pgc-1879-0-0\"  class=\"panel-grid-cell\" ><div id=\"panel-1879-0-0-0\" class=\"so-panel widget widget_cn-core-hero-widget panel-first-child panel-last-child\" data-index=\"0\" ><div\n\t\t\t\n\t\t\tclass=\"so-widget-cn-core-hero-widget so-widget-cn-core-hero-widget-base\"\n\t\t\t\n\t\t><section class=\"c-hero c-hero--short\">\n    <div class=\"c-hero__inner\">\n        \n        <div class=\"c-hero__content\">\n\n                            <h1 class=\"c-hero__heading\">\n                    Beginnen Sie Ihre Reise der Verj\u00fcngung                <\/h1>\n            \n                            <p class=\"c-hero__subheading\">\n                    Wellness Kurse &amp; Aktivit\u00e4ten                <\/p>\n                            <div class=\"s-entry \/ c-hero__text\">\n                    <p>\n                        Yoga, traditionelle Meditation, und AquaFit im Shanti Spa                    <\/p>\n                <\/div>\n                    <\/div>\n\n        \n        <div class=\"c-hero__buttons\">\n\n            <a  class=\"c-button  no-variation\" href=\"https:\/\/shantimaurice.com\/spa-wellbeing\/make-an-enquiry\/\">\n    Buchen Sie Ihren Kurs<\/a>\n\n\n\n        <\/div>\n\n        \n    <\/div>\n\n\n\n    \n    \n    <div data-src=\"https:\/\/hotelcms-production.imgix.net\/shantimaurice.com\/wp-content\/uploads\/2017\/11\/SHM_Nira-Spa_Yoga-Pavilion_RGB.jpg\" data-crop=\"manual\" class=\"imgix-fluid  crop \/ c-hero__background\" data-focus-horizontal=\"50\" data-focus-vertical=\"99\"><\/div><noscript><div style=\"background-image: url(https:\/\/hotelcms-production.imgix.net\/shantimaurice.com\/wp-content\/uploads\/2017\/11\/SHM_Nira-Spa_Yoga-Pavilion_RGB.jpg);\" class=\"crop \/ c-hero__background\" ><\/div><\/noscript>\n    \n    <\/section>\n<\/div><\/div><\/div><\/div><\/div><div id=\"pg-1879-1\"  class=\"panel-grid panel-has-style\" ><div class=\"c-row--valign-default c-row--widget-none c-row--margin-none c-row--column-none panel-row-style panel-row-style-for-1879-1\" ><div id=\"pgc-1879-1-0\"  class=\"panel-grid-cell\" ><div id=\"panel-1879-1-0-0\" class=\"so-panel widget widget_cn-core-cta-widget panel-first-child panel-last-child\" data-index=\"1\" ><div\n\t\t\t\n\t\t\tclass=\"so-widget-cn-core-cta-widget so-widget-cn-core-cta-widget-base\"\n\t\t\t\n\t\t><div class=\"c-cta c-cta--layout-image-right no-variation has-background\">\n\n    <div class=\"c-cta__content\">\n\n        <div class=\"c-cta__inner\">\n\n            \n            \n            \n            \n                <div class=\"c-cta__headings\">\n\n                \n                                    <h2 class=\"c-cta__heading\">\n                        Yoga                    <\/h2>\n                \n                \n                <\/div>\n\n            \n            \n            \n                            <div class=\"c-cta__text \/ s-entry\">\n                    <p>Yoga, wie es im Shanti Maurice praktiziert wird wird, zeigt die vollkommen traditionelle Form und stammt von den Wurzeln des Hatha Yoga ab, mit kleinen Anpassungen, um den individuellen Bed\u00fcrfnissen gerecht zu werden. Es ist eine disziplinierte Wissenschaft, die alle Aspekte des Lebens in den unterschiedlichen Weisen und auf unterschiedlichen Niveaus umfasst, um K\u00f6rper, Geist und Seele ins Gleichgewicht zu bringen und schlussendlich f\u00fcr perfekte Gesundheit zu sorgen.<\/p>\n                <\/div>\n            \n            \n            \n                    <\/div>\n\n    <\/div>\n\n    \n            <div data-src=\"https:\/\/hotelcms-production.imgix.net\/shantimaurice.com\/wp-content\/uploads\/2017\/11\/shutterstock_515885956.jpg\" data-crop=\"manual\" class=\"imgix-fluid  crop \/ c-background c-cta__background\" data-focus-horizontal=\"50\" data-focus-vertical=\"50\"><\/div><noscript><div style=\"background-image: url(https:\/\/hotelcms-production.imgix.net\/shantimaurice.com\/wp-content\/uploads\/2017\/11\/shutterstock_515885956.jpg);\" class=\"crop \/ c-background c-cta__background\" ><\/div><\/noscript>    \n    \n<\/div>\n\n<\/div><\/div><\/div><\/div><\/div><div id=\"pg-1879-2\"  class=\"panel-grid panel-has-style\" ><div class=\"c-row--valign-default c-row--widget-none c-row--margin-none c-row--column-none panel-row-style panel-row-style-for-1879-2\" ><div id=\"pgc-1879-2-0\"  class=\"panel-grid-cell\" ><div id=\"panel-1879-2-0-0\" class=\"so-panel widget widget_cn-core-cta-widget panel-first-child panel-last-child\" data-index=\"2\" ><div\n\t\t\t\n\t\t\tclass=\"so-widget-cn-core-cta-widget so-widget-cn-core-cta-widget-base\"\n\t\t\t\n\t\t><div class=\"c-cta c-cta--layout-image-left no-variation has-background\">\n\n    <div class=\"c-cta__content\">\n\n        <div class=\"c-cta__inner\">\n\n            \n            \n            \n            \n                <div class=\"c-cta__headings\">\n\n                \n                                    <h2 class=\"c-cta__heading\">\n                        Traditionelle Meditation                    <\/h2>\n                \n                \n                <\/div>\n\n            \n            \n            \n                            <div class=\"c-cta__text \/ s-entry\">\n                    <p>Meditation ist einer der zentralen Bestandteile, der f\u00fcr den Ausgleich und die Harmonisierung von K\u00f6rper und Geist n\u00f6tig ist. Die Techniken, die im Shanti Maurice angeboten werden, gr\u00fcnden auf alt\u00fcberlieferten Traditionen und sind doch sofort praktisch auf moderne Bed\u00fcrfnisse anwendbar - einfach zu erlernen und leicht in das t\u00e4gliche Leben integrierbar.<\/p>\n                <\/div>\n            \n            \n            \n                    <\/div>\n\n    <\/div>\n\n    \n            <div data-src=\"https:\/\/hotelcms-production.imgix.net\/shantimaurice.com\/wp-content\/uploads\/2017\/11\/Nira_SPA_Shanti_Maurice_03.jpg\" data-crop=\"manual\" class=\"imgix-fluid  crop \/ c-background c-cta__background\" data-focus-horizontal=\"60\" data-focus-vertical=\"50\"><\/div><noscript><div style=\"background-image: url(https:\/\/hotelcms-production.imgix.net\/shantimaurice.com\/wp-content\/uploads\/2017\/11\/Nira_SPA_Shanti_Maurice_03.jpg);\" class=\"crop \/ c-background c-cta__background\" ><\/div><\/noscript>    \n    \n<\/div>\n\n<\/div><\/div><\/div><\/div><\/div><div id=\"pg-1879-3\"  class=\"panel-grid panel-has-style\" ><div class=\"c-row--valign-default c-row--widget-none c-row--margin-none c-row--column-none panel-row-style panel-row-style-for-1879-3\" ><div id=\"pgc-1879-3-0\"  class=\"panel-grid-cell\" ><div id=\"panel-1879-3-0-0\" class=\"so-panel widget widget_cn-core-cta-widget panel-first-child panel-last-child\" data-index=\"3\" ><div\n\t\t\t\n\t\t\tclass=\"so-widget-cn-core-cta-widget so-widget-cn-core-cta-widget-base\"\n\t\t\t\n\t\t><div class=\"c-cta c-cta--layout-image-right no-variation has-background\">\n\n    <div class=\"c-cta__content\">\n\n        <div class=\"c-cta__inner\">\n\n            \n            \n            \n            \n                <div class=\"c-cta__headings\">\n\n                \n                                    <h2 class=\"c-cta__heading\">\n                        AquaFit                    <\/h2>\n                \n                \n                <\/div>\n\n            \n            \n            \n                            <div class=\"c-cta__text \/ s-entry\">\n                    <p>AquaFit sind \u00dcbungen im Wasser, ohne gro\u00dfe Belastung, die sowohl Herz-Kreislauf-Training als auch Muskelaufbau bieten und f\u00fcr Menschen aller Altersgruppen und Fitnessniveaus geeignet sind. Wasser bietet den Bewegungen einen nat\u00fcrlichen Widerstand was bedeutet, dass die Muskeln h\u00e4rter arbeiten m\u00fcssen, ohne dabei zu erm\u00fcden. Erhalten und verbessern Sie mit diesem Kurs Kraft, Ausdauer und Beweglichkeit und erh\u00f6hen Sie Ihre Herz-Kreislauf-Fitness.<\/p>\n                <\/div>\n            \n            \n            \n                    <\/div>\n\n    <\/div>\n\n    \n            <div data-src=\"https:\/\/hotelcms-production.imgix.net\/shantimaurice.com\/wp-content\/uploads\/2017\/11\/shutterstock_244172107.jpg\" data-crop=\"manual\" class=\"imgix-fluid  crop \/ c-background c-cta__background\" data-focus-horizontal=\"40\" data-focus-vertical=\"30\"><\/div><noscript><div style=\"background-image: url(https:\/\/hotelcms-production.imgix.net\/shantimaurice.com\/wp-content\/uploads\/2017\/11\/shutterstock_244172107.jpg);\" class=\"crop \/ c-background c-cta__background\" ><\/div><\/noscript>    \n    \n<\/div>\n\n<\/div><\/div><\/div><\/div><\/div><div id=\"pg-1879-4\"  class=\"panel-grid panel-has-style\" ><div class=\"c-row--valign-default c-row--widget-default c-row--margin-none c-row--column-large siteorigin-panels-stretch panel-row-style panel-row-style-for-1879-4\" data-stretch-type=\"full-stretched\" ><div id=\"pgc-1879-4-0\"  class=\"panel-grid-cell\" ><div id=\"panel-1879-4-0-0\" class=\"so-panel widget widget_cn-core-adjacent-pages-widget panel-first-child panel-last-child\" data-index=\"4\" ><div\n\t\t\t\n\t\t\tclass=\"so-widget-cn-core-adjacent-pages-widget so-widget-cn-core-adjacent-pages-widget-base\"\n\t\t\t\n\t\t><nav class=\"c-siblings  \">\n\n    <ul class=\"menu\">\n        <li class=\"c-siblings__page \/ menu__previous\">\n                            <a href=\"https:\/\/shantimaurice.com\/spa-wellbeing\/\">Zur\u00fcck zu Shanti Spa<\/a>\n                    <\/li>\n\n        \n        <li class=\"c-siblings__page \/ menu__next\">\n                        <a href=\"https:\/\/shantimaurice.com\/de\/spa-wohlbefinden\/mach-eine-anfrage\/\" class=\"\">Next page &rarr;<\/a>                    <\/li>\n    <\/ul>\n\n<\/nav><\/div><\/div><\/div><\/div><\/div><div id=\"pg-1879-5\"  class=\"panel-grid panel-has-style\" ><div class=\"c-row--valign-default c-row--widget-none c-row--margin-none c-row--column-default siteorigin-panels-stretch has-background c-row--background-cover imgix-fluid crop panel-row-style panel-row-style-for-1879-5\" data-stretch-type=\"full\" data-src=\"https:\/\/hotelcms-production.imgix.net\/shantimaurice.com\/wp-content\/uploads\/2017\/11\/texture.png\" data-crop=\"manual\" data-focus-horizontal=\"\" data-focus-vertical=\"\" ><div id=\"pgc-1879-5-0\"  class=\"panel-grid-cell\" ><div id=\"panel-1879-5-0-0\" class=\"so-panel widget widget_cn-core-cta-widget panel-first-child panel-last-child\" data-index=\"5\" ><div\n\t\t\t\n\t\t\tclass=\"so-widget-cn-core-cta-widget so-widget-cn-core-cta-widget-base\"\n\t\t\t\n\t\t><div class=\"c-cta c-cta--layout-breaker no-variation\">\n\n    <div class=\"c-cta__content\">\n\n        <div class=\"c-cta__inner\">\n\n                            <a href=\"https:\/\/shantimaurice.com\/spa-wellbeing\/make-an-enquiry\/\" class=\"c-cta__anchor\">\n            \n            \n            \n            \n                <div class=\"c-cta__headings\">\n\n                                    <p class=\"c-cta__preheading\">\n                        Willkommen in der Entspannung                    <\/p>\n                \n                                    <h2 class=\"c-cta__heading\">\n                        Buchen Sie Ihre Wellnessstunden und Aktivit\u00e4ten                    <\/h2>\n                \n                \n                <\/div>\n\n            \n            \n                            <\/a>\n            \n                            <div class=\"c-cta__text \/ s-entry\">\n                    <p>Shanti Spa ist f\u00fcr seine Heilungsprogramme bekannt und wir bieten eine Auswahl an Aktivit\u00e4ten und Behandlungen, die Entspannung und Revitalisierung f\u00f6rdern. Buchen Sie heute Ihren Termin mit unserem Team<\/p>\n                <\/div>\n            \n            \n                            <div class=\"c-cta__buttons\">\n                    <a  class=\"c-button button \/ c-cta__button  no-variation\" href=\"https:\/\/shantimaurice.com\/spa-wellbeing\/make-an-enquiry\/\">\n    KONTAKTIERE UNS<\/a>\n\n\n                <\/div>\n            \n                    <\/div>\n\n    <\/div>\n\n    \n    \n            <a href=\"https:\/\/shantimaurice.com\/spa-wellbeing\/make-an-enquiry\/\" class=\"c-cta__detached-anchor\" href=\"https:\/\/shantimaurice.com\/spa-wellbeing\/make-an-enquiry\/\"><\/a>\n    \n<\/div>\n\n<\/div><\/div><\/div><\/div><\/div><\/div>","protected":false},"excerpt":{"rendered":"<p>Beginnen Sie Ihre Reise der Verj\u00fcngung Wellness Kurse &amp; Aktivit\u00e4ten Yoga, traditionelle Meditation, und AquaFit im Shanti Spa Buchen Sie Ihren Kurs Yoga Yoga, wie es im Shanti Maurice praktiziert wird wird, zeigt die vollkommen traditionelle Form und stammt von den Wurzeln des Hatha Yoga ab, mit kleinen Anpassungen, um den individuellen Bed\u00fcrfnissen gerecht zu &hellip;<\/p>\n","protected":false},"author":1,"featured_media":0,"parent":1867,"menu_order":3,"comment_status":"closed","ping_status":"closed","template":"","meta":{"_acf_changed":false,"footnotes":""},"class_list":["post--1879","post--page","post--type-page","post--status-publish","post--hentry"],"acf":[],"_links":{"self":[{"href":"https:\/\/shantimaurice.com\/de\/wp-json\/wp\/v2\/pages\/1879","targetHints":{"allow":["GET"]}}],"collection":[{"href":"https:\/\/shantimaurice.com\/de\/wp-json\/wp\/v2\/pages"}],"about":[{"href":"https:\/\/shantimaurice.com\/de\/wp-json\/wp\/v2\/types\/page"}],"author":[{"embeddable":true,"href":"https:\/\/shantimaurice.com\/de\/wp-json\/wp\/v2\/users\/1"}],"replies":[{"embeddable":true,"href":"https:\/\/shantimaurice.com\/de\/wp-json\/wp\/v2\/comments?post=1879"}],"version-history":[{"count":6,"href":"https:\/\/shantimaurice.com\/de\/wp-json\/wp\/v2\/pages\/1879\/revisions"}],"predecessor-version":[{"id":18775,"href":"https:\/\/shantimaurice.com\/de\/wp-json\/wp\/v2\/pages\/1879\/revisions\/18775"}],"up":[{"embeddable":true,"href":"https:\/\/shantimaurice.com\/de\/wp-json\/wp\/v2\/pages\/1867"}],"wp:attachment":[{"href":"https:\/\/shantimaurice.com\/de\/wp-json\/wp\/v2\/media?parent=1879"}],"curies":[{"name":"wp","href":"https:\/\/api.w.org\/{rel}","templated":true}]}}