{"id":1899,"date":"2021-09-02T10:08:12","date_gmt":"2021-09-02T10:08:12","guid":{"rendered":"https:\/\/shantimaurice.testingcreative.co.uk\/weddings-honeymoon\/"},"modified":"2026-01-28T11:28:07","modified_gmt":"2026-01-28T11:28:07","slug":"hochzeiten-flitterwochen","status":"publish","type":"page","link":"https:\/\/shantimaurice.com\/de\/hochzeiten-flitterwochen\/","title":{"rendered":"Hochzeiten &#038; Flitterwochen"},"content":{"rendered":"<div id=\"pl-1899\"  class=\"panel-layout\" ><div id=\"pg-1899-0\"  class=\"panel-grid panel-has-style\" ><div class=\"c-row--valign-default c-row--widget-default c-row--margin-none c-row--column-none siteorigin-panels-stretch panel-row-style panel-row-style-for-1899-0\" data-stretch-type=\"full-width-stretch\" ><div id=\"pgc-1899-0-0\"  class=\"panel-grid-cell\" ><div id=\"panel-1899-0-0-0\" class=\"so-panel widget widget_cn-core-hero-widget panel-first-child panel-last-child\" data-index=\"0\" ><div\n\t\t\t\n\t\t\tclass=\"so-widget-cn-core-hero-widget so-widget-cn-core-hero-widget-base\"\n\t\t\t\n\t\t><section class=\"c-hero no-variation\">\n    <div class=\"c-hero__inner\">\n        \n        <div class=\"c-hero__content\">\n\n                            <h1 class=\"c-hero__heading\">\n                    Hochzeiten und Flitterwochen                <\/h1>\n            \n                            <p class=\"c-hero__subheading\">\n                    Die romantische Seite von Mauritius                <\/p>\n                            <div class=\"s-entry \/ c-hero__text\">\n                    <p>\n                        Romantik ist in unserem Fundament verankert. Die Kulisse von Privatstr\u00e4nden, luxuri\u00f6sen Unterk\u00fcnften und unserem Hochzeitspavillon macht das Shanti Maurice zum perfekten Ort f\u00fcr Hochzeiten, Flitterwochen, Jubil\u00e4en oder zur Erneuerung des Eheversprechens.                    <\/p>\n                <\/div>\n                    <\/div>\n\n        \n        <div class=\"c-hero__buttons\">\n\n            <a  class=\"c-button  no-variation\" href=\"https:\/\/shantimaurice.com\/weddings-honeymoon\/make-an-enquiry\/\">\n    Eine Anfrage stellen<\/a>\n\n\n<a  class=\"c-button  no-variation\" target=\"_blank\" href=\"https:\/\/hotelcms-production.imgix.net\/shantimaurice.com\/wp-content\/uploads\/2026\/01\/Shanti-Maurice_Wedding-Brochure-2025-2026_v3-250425-DE.pdf?fm=pdf\">\n    Hochzeits-Brosch\u00fcre<\/a>\n\n\n\n        <\/div>\n\n        \n    <\/div>\n\n\n\n    \n    \n    <div data-src=\"https:\/\/hotelcms-production.imgix.net\/shantimaurice.com\/wp-content\/uploads\/2023\/12\/JJ-WEDD159_copy.jpg\" data-crop=\"\" class=\"imgix-fluid  crop \/ c-hero__background\"><\/div><noscript><div style=\"background-image: url(https:\/\/hotelcms-production.imgix.net\/shantimaurice.com\/wp-content\/uploads\/2023\/12\/JJ-WEDD159_copy.jpg);\" class=\"crop \/ c-hero__background\" ><\/div><\/noscript>\n    \n            <a href=\"#main-content\" class=\"c-hero__scroller\" data-module=\"scroll-to\">\n            <span class=\"c-hero__scroller__text\">Scroll to explore<\/span>\n            <span class=\"c-hero__scroller__arrow\"><\/span>\n        <\/a>\n    <\/section>\n<\/div><\/div><\/div><\/div><\/div><div id=\"pg-1899-1\"  class=\"panel-grid panel-has-style\" ><div class=\"c-row--valign-default c-row--widget-none c-row--margin-none c-row--column-default siteorigin-panels-stretch has-background c-row--background-cover imgix-fluid crop panel-row-style panel-row-style-for-1899-1\" data-stretch-type=\"full\" data-src=\"https:\/\/hotelcms-production.imgix.net\/shantimaurice.com\/wp-content\/uploads\/2017\/11\/offcanvas-bg.png\" data-crop=\"\" ><div id=\"pgc-1899-1-0\"  class=\"panel-grid-cell\" ><div id=\"panel-1899-1-0-0\" class=\"so-panel widget widget_cn-core-text-widget panel-first-child panel-last-child\" data-index=\"1\" ><div\n\t\t\t\n\t\t\tclass=\"so-widget-cn-core-text-widget so-widget-cn-core-text-widget-base\"\n\t\t\t\n\t\t>\n<div class=\"c-text c-text--lede\" >\n\n    \n    \n    \n    <div class=\"c-text__content s-entry\">\n        <p>Shanti Maurice bietet den perfekten Ort f\u00fcr Ihre perfekte Hochzeit. Mit einem Expertenteam, das von den professionellen Hochzeitsplanern von Mauritius Events unterst\u00fctzt wird, k\u00f6nnen wir uns um alle Anforderungen k\u00fcmmern, damit Ihr Tag ein Leben lang in Erinnerung bleibt.<\/p>\n<p>Buchen Sie direkt bei uns, um den gr\u00f6\u00dften Nutzen aus unseren Hochzeitspaketen zu ziehen.<\/p>\n    <\/div>\n\n<\/div>\n<\/div><\/div><\/div><\/div><\/div><div id=\"pg-1899-2\"  class=\"panel-grid panel-has-style\" ><div class=\"c-row--valign-default c-row--widget-spacing c-row--margin-small c-row--column-small siteorigin-panels-stretch has-background c-row--background-cover imgix-fluid crop panel-row-style panel-row-style-for-1899-2\" data-stretch-type=\"full-width-stretch\" data-src=\"https:\/\/hotelcms-production.imgix.net\/shantimaurice.com\/wp-content\/uploads\/2017\/11\/texture-blue.png\" data-crop=\"\" data-row-label=\"locations\" id=\"locations\" ><div id=\"pgc-1899-2-0\"  class=\"panel-grid-cell\" ><div id=\"panel-1899-2-0-0\" class=\"so-panel widget widget_cn-core-cta-widget panel-first-child\" data-index=\"2\" ><div\n\t\t\t\n\t\t\tclass=\"so-widget-cn-core-cta-widget so-widget-cn-core-cta-widget-base\"\n\t\t\t\n\t\t><div class=\"c-cta c-cta--layout-breaker-right no-variation has-background\">\n\n    <div class=\"c-cta__content\">\n\n        <div class=\"c-cta__inner\">\n\n            \n            \n            \n            \n                <div class=\"c-cta__headings\">\n\n                \n                                    <h2 class=\"c-cta__heading\">\n                        Hochzeitsfeiern                    <\/h2>\n                \n                \n                <\/div>\n\n            \n            \n            \n                            <div class=\"c-cta__text \/ s-entry\">\n                    <p>In unserem 36 Hektar gro\u00dfen Resort stehen viele spektakul\u00e4re Hochzeitslocations zur Auswahl, darunter exotische G\u00e4rten, Sandstr\u00e4nde und Empfangsr\u00e4ume. Inmitten \u00fcppiger tropischer G\u00e4rten, mit dem s\u00fc\u00dfen Duft des Zuckerrohrs in der Luft und dem ruhigen t\u00fcrkisfarbenen Meer im Hintergrund, sorgen wir daf\u00fcr, dass Ihre Hochzeit unvergesslich wird. Wir stellen Ihnen auch einen spezialisierten Hochzeitsplaner zur Seite, der Ihnen hilft, Ihre Tr\u00e4ume wahr werden zu lassen.<\/p>\n                <\/div>\n            \n            \n            \n                    <\/div>\n\n    <\/div>\n\n    \n            <div data-src=\"https:\/\/hotelcms-production.imgix.net\/shantimaurice.com\/wp-content\/uploads\/2017\/11\/shutterstock_383263615.jpg\" data-crop=\"manual\" class=\"imgix-fluid  crop \/ c-background c-cta__background\" data-focus-horizontal=\"52\" data-focus-vertical=\"45\"><\/div><noscript><div style=\"background-image: url(https:\/\/hotelcms-production.imgix.net\/shantimaurice.com\/wp-content\/uploads\/2017\/11\/shutterstock_383263615.jpg);\" class=\"crop \/ c-background c-cta__background\" ><\/div><\/noscript>    \n    \n<\/div>\n\n<\/div><\/div><div id=\"panel-1899-2-0-1\" class=\"so-panel widget widget_cn-core-cta-widget panel-last-child\" data-index=\"3\" ><div\n\t\t\t\n\t\t\tclass=\"so-widget-cn-core-cta-widget so-widget-cn-core-cta-widget-base\"\n\t\t\t\n\t\t><div class=\"c-cta c-cta--layout-breaker-left no-variation has-background\">\n\n    <div class=\"c-cta__content\">\n\n        <div class=\"c-cta__inner\">\n\n            \n            \n            \n            \n                <div class=\"c-cta__headings\">\n\n                \n                                    <h2 class=\"c-cta__heading\">\n                        Flitterwochen oder Hochzeitsjubil\u00e4en                    <\/h2>\n                \n                \n                <\/div>\n\n            \n            \n            \n                            <div class=\"c-cta__text \/ s-entry\">\n                    <p>Eine Hochzeitsreise, ein Hochzeitstag oder eine Erneuerung des Ehegel\u00fcbdes im Shanti Maurice wird mit Sicherheit neue Erinnerungen schaffen und alte wieder aufleben lassen. Wir haben unz\u00e4hlige romantische Orte zur Auswahl, ob Sie nun ein Glas Champagner trinken, w\u00e4hrend die Sonne \u00fcber dem Horizont untergeht, Delfine auf einem privaten Boot beobachten oder ein intimes Essen in einem unserer Restaurants genie\u00dfen. Unser freundliches Personal geht auf jeden Wunsch ein, damit Ihr Besuch im Shanti Maurice etwas ganz Besonderes wird.<\/p>\n                <\/div>\n            \n            \n            \n                    <\/div>\n\n    <\/div>\n\n    \n            <div data-src=\"https:\/\/hotelcms-production.imgix.net\/shantimaurice.com\/wp-content\/uploads\/2017\/11\/shutterstock_446885500.jpg\" data-crop=\"manual\" class=\"imgix-fluid  crop \/ c-background c-cta__background\" data-focus-horizontal=\"50\" data-focus-vertical=\"70\"><\/div><noscript><div style=\"background-image: url(https:\/\/hotelcms-production.imgix.net\/shantimaurice.com\/wp-content\/uploads\/2017\/11\/shutterstock_446885500.jpg);\" class=\"crop \/ c-background c-cta__background\" ><\/div><\/noscript>    \n    \n<\/div>\n\n<\/div><\/div><\/div><\/div><\/div><div id=\"pg-1899-3\"  class=\"panel-grid panel-has-style\" ><div class=\"c-row--valign-default c-row--widget-none c-row--margin-small c-row--column-none siteorigin-panels-stretch panel-row-style panel-row-style-for-1899-3\" data-stretch-type=\"full-width-stretch\" ><div id=\"pgc-1899-3-0\"  class=\"panel-grid-cell\" ><div id=\"panel-1899-3-0-0\" class=\"so-panel widget widget_cn-core-cta-widget panel-first-child panel-last-child\" data-index=\"4\" ><div\n\t\t\t\n\t\t\tclass=\"so-widget-cn-core-cta-widget so-widget-cn-core-cta-widget-base\"\n\t\t\t\n\t\t><div class=\"c-cta c-cta--layout-image-left no-variation has-background\">\n\n    <div class=\"c-cta__content\">\n\n        <div class=\"c-cta__inner\">\n\n            \n            \n            \n            \n                <div class=\"c-cta__headings\">\n\n                \n                                    <h2 class=\"c-cta__heading\">\n                        2024\/2025 - Flitterwochen\/Hochzeitsjubil\u00e4um Angebot                    <\/h2>\n                \n                \n                <\/div>\n\n            \n            \n            \n                            <div class=\"c-cta__text \/ s-entry\">\n                    <ul>\n<li>Mindestens 3 - 6 N\u00e4chte: 5% Rabatt auf den Zimmerpreis (\u00dcbernachtung &amp; Fr\u00fchst\u00fcck)<\/li>\n<li>Mindestens 7 N\u00e4chte und mehr: 10% Rabatt auf den Zimmerpreis (\u00dcbernachtung und Fr\u00fchst\u00fcck)<\/li>\n<li>VIP-Status und kostenloses Upgrade auf die \"Club Level Experience\" einschlie\u00dflich Zugang zur Club Lounge mit Getr\u00e4nken und Snacks usw. (f\u00fcr alle verf\u00fcgbaren Suite- und Villenkategorien)<\/li>\n<li>Eine Flasche Sekt (0,75l) in den Suiten oder eine Flasche Champagner (0,75l) in allen Villen bei der Ankunft<\/li>\n<li>Ein Obstkorb bei der Ankunft<\/li>\n<li>Eine Paarmassage f\u00fcr 2 Personen von 45 Minuten einmal pro Aufenthalt im Shanti Spa (von 10:00 bis 15:00 Uhr)<\/li>\n<li>Ein romantisches Candlelight-Dinner am Strand (oder im Weinkeller) mit privatem Chefkoch einmal pro Aufenthalt ab 7 N\u00e4chten (gilt nur bei Buchung von Halbpension)<\/li>\n<\/ul>\n<p><strong>Bedingungen &amp; Konditionen:<\/strong><\/p>\n<ul>\n<li>G\u00fcltig f\u00fcr Reisen das ganze Jahr \u00fcber, au\u00dfer w\u00e4hrend: Festtage 22. Dezember 2024 bis 04. January 2025, Ostern 07. bis 21. April 2025 und Fr\u00fchling 28. January bis 01. Februar 2025<\/li>\n<li>Das Angebot gilt f\u00fcr die Feier des Hochzeitstages, 3 Monate vor oder nach dem Hochzeitsdatum, und eine Kopie der Heiratsurkunde muss bei der Buchung vorgelegt werden.<\/li>\n<li>2 Kinder bis zu 11,99 Jahren k\u00f6nnen kostenlos in der Suite\/Villa der Eltern wohnen, mit demselben Speiseplan, den die Eltern gebucht haben.<\/li>\n<li>Das Angebot zum Hochzeitstag ist ab dem 05. Jahrestag und danach alle 5 Jahre g\u00fcltig (5, 10 Jahre usw.)<\/li>\n<\/ul>\n                <\/div>\n            \n            \n            \n                    <\/div>\n\n    <\/div>\n\n    \n            <div data-src=\"https:\/\/hotelcms-production.imgix.net\/shantimaurice.com\/wp-content\/uploads\/2017\/11\/shutterstock_383263027.jpg\" data-crop=\"manual\" class=\"imgix-fluid  crop \/ c-background c-cta__background\" data-focus-horizontal=\"95\" data-focus-vertical=\"25\"><\/div><noscript><div style=\"background-image: url(https:\/\/hotelcms-production.imgix.net\/shantimaurice.com\/wp-content\/uploads\/2017\/11\/shutterstock_383263027.jpg);\" class=\"crop \/ c-background c-cta__background\" ><\/div><\/noscript>    \n    \n<\/div>\n\n<\/div><\/div><\/div><\/div><\/div><div id=\"pg-1899-4\"  class=\"panel-grid panel-has-style\" ><div class=\"c-row--valign-default c-row--widget-none c-row--margin-none c-row--column-default siteorigin-panels-stretch has-background c-row--background-cover imgix-fluid crop panel-row-style panel-row-style-for-1899-4\" data-stretch-type=\"full\" data-src=\"https:\/\/hotelcms-production.imgix.net\/shantimaurice.com\/wp-content\/uploads\/2017\/11\/texture.png\" data-crop=\"manual\" data-focus-horizontal=\"\" data-focus-vertical=\"\" ><div id=\"pgc-1899-4-0\"  class=\"panel-grid-cell\" ><div id=\"panel-1899-4-0-0\" class=\"so-panel widget widget_cn-core-cta-widget panel-first-child panel-last-child\" data-index=\"5\" ><div\n\t\t\t\n\t\t\tclass=\"so-widget-cn-core-cta-widget so-widget-cn-core-cta-widget-base\"\n\t\t\t\n\t\t><div class=\"c-cta c-cta--layout-breaker no-variation\">\n\n    <div class=\"c-cta__content\">\n\n        <div class=\"c-cta__inner\">\n\n                            <a href=\"https:\/\/shantimaurice.com\/weddings-honeymoon\/make-an-enquiry\/\" class=\"c-cta__anchor\">\n            \n            \n            \n            \n                <div class=\"c-cta__headings\">\n\n                                    <p class=\"c-cta__preheading\">\n                        Romantik und Entspannung                    <\/p>\n                \n                                    <h2 class=\"c-cta__heading\">\n                        Buchen Sie Ihre Hochzeit oder Flitterwochen im Shanti Maurice                    <\/h2>\n                \n                \n                <\/div>\n\n            \n            \n                            <\/a>\n            \n                            <div class=\"c-cta__text \/ s-entry\">\n                    <p>Shanti Maurice ist von Natur aus romantisch. Unsere exotische Lage in Kombination mit abgeschiedenen Str\u00e4nden und charmanten Suiten und Villen schafft die perfekte Atmosph\u00e4re f\u00fcr eine unvergessliche Hochzeit.<\/p>\n                <\/div>\n            \n            \n                            <div class=\"c-cta__buttons\">\n                    <a  class=\"c-button button \/ c-cta__button  no-variation\" href=\"https:\/\/shantimaurice.com\/weddings-honeymoon\/make-an-enquiry\/\">\n    Eine Anfrage stellen<\/a>\n\n\n                <\/div>\n            \n                    <\/div>\n\n    <\/div>\n\n    \n    \n            <a href=\"https:\/\/shantimaurice.com\/weddings-honeymoon\/make-an-enquiry\/\" class=\"c-cta__detached-anchor\" href=\"https:\/\/shantimaurice.com\/weddings-honeymoon\/make-an-enquiry\/\"><\/a>\n    \n<\/div>\n\n<\/div><\/div><\/div><\/div><\/div><\/div>","protected":false},"excerpt":{"rendered":"<p>Hochzeiten und Flitterwochen Die romantische Seite von Mauritius Romantik ist in unserem Fundament verankert. Die Kulisse von Privatstr\u00e4nden, luxuri\u00f6sen Unterk\u00fcnften und unserem Hochzeitspavillon macht das Shanti Maurice zum perfekten Ort f\u00fcr Hochzeiten, Flitterwochen, Jubil\u00e4en oder zur Erneuerung des Eheversprechens. Eine Anfrage stellen Hochzeits-Brosch\u00fcre Scroll to explore Shanti Maurice bietet den perfekten Ort f\u00fcr Ihre perfekte &hellip;<\/p>\n","protected":false},"author":1,"featured_media":0,"parent":0,"menu_order":32,"comment_status":"closed","ping_status":"closed","template":"","meta":{"_acf_changed":false,"footnotes":""},"class_list":["post--1899","post--page","post--type-page","post--status-publish","post--hentry"],"acf":[],"_links":{"self":[{"href":"https:\/\/shantimaurice.com\/de\/wp-json\/wp\/v2\/pages\/1899","targetHints":{"allow":["GET"]}}],"collection":[{"href":"https:\/\/shantimaurice.com\/de\/wp-json\/wp\/v2\/pages"}],"about":[{"href":"https:\/\/shantimaurice.com\/de\/wp-json\/wp\/v2\/types\/page"}],"author":[{"embeddable":true,"href":"https:\/\/shantimaurice.com\/de\/wp-json\/wp\/v2\/users\/1"}],"replies":[{"embeddable":true,"href":"https:\/\/shantimaurice.com\/de\/wp-json\/wp\/v2\/comments?post=1899"}],"version-history":[{"count":7,"href":"https:\/\/shantimaurice.com\/de\/wp-json\/wp\/v2\/pages\/1899\/revisions"}],"predecessor-version":[{"id":22430,"href":"https:\/\/shantimaurice.com\/de\/wp-json\/wp\/v2\/pages\/1899\/revisions\/22430"}],"wp:attachment":[{"href":"https:\/\/shantimaurice.com\/de\/wp-json\/wp\/v2\/media?parent=1899"}],"curies":[{"name":"wp","href":"https:\/\/api.w.org\/{rel}","templated":true}]}}