{"id":1919,"date":"2017-11-22T11:44:25","date_gmt":"2017-11-22T11:44:25","guid":{"rendered":"https:\/\/shantimaurice.testingcreative.co.uk\/family-activities\/kids-club\/"},"modified":"2025-04-24T07:53:12","modified_gmt":"2025-04-24T07:53:12","slug":"kids-club","status":"publish","type":"page","link":"https:\/\/shantimaurice.com\/de\/familienaktivitaeten\/kids-club\/","title":{"rendered":"Kids Club"},"content":{"rendered":"<div id=\"pl-1919\"  class=\"panel-layout\" ><div id=\"pg-1919-0\"  class=\"panel-grid panel-has-style\" ><div class=\"c-row--valign-default c-row--widget-default c-row--margin-default c-row--column-default panel-row-style panel-row-style-for-1919-0\" ><div id=\"pgc-1919-0-0\"  class=\"panel-grid-cell\" ><div id=\"panel-1919-0-0-0\" class=\"so-panel widget widget_cn-core-hero-widget panel-first-child panel-last-child\" data-index=\"0\" ><div\n\t\t\t\n\t\t\tclass=\"so-widget-cn-core-hero-widget so-widget-cn-core-hero-widget-base\"\n\t\t\t\n\t\t><section class=\"c-hero c-hero--short\">\n    <div class=\"c-hero__inner\">\n        \n        <div class=\"c-hero__content\">\n\n                            <h1 class=\"c-hero__heading\">\n                    Kids Club                <\/h1>\n            \n                            <p class=\"c-hero__subheading\">\n                    F\u00fcr die Kleinen                <\/p>\n                            <div class=\"s-entry \/ c-hero__text\">\n                    <p>\n                        Lustige Aktivit\u00e4ten, freundliches Personal und jede Menge Freunde                    <\/p>\n                <\/div>\n                    <\/div>\n\n        \n    <\/div>\n\n\n\n    \n    \n    <div data-src=\"https:\/\/hotelcms-production.imgix.net\/shantimaurice.com\/wp-content\/uploads\/2024\/05\/Shanti-Maurice-Resort-Spa_Shanti-Kids-Club_01.jpg\" data-crop=\"\" class=\"imgix-fluid  crop \/ c-hero__background\"><\/div><noscript><div style=\"background-image: url(https:\/\/hotelcms-production.imgix.net\/shantimaurice.com\/wp-content\/uploads\/2024\/05\/Shanti-Maurice-Resort-Spa_Shanti-Kids-Club_01.jpg);\" class=\"crop \/ c-hero__background\" ><\/div><\/noscript>\n    \n    <\/section>\n<\/div><\/div><\/div><\/div><\/div><div id=\"pg-1919-1\"  class=\"panel-grid panel-has-style\" ><div class=\"c-row--valign-default c-row--widget-spacing c-row--margin-none c-row--column-none panel-row-style panel-row-style-for-1919-1\" ><div id=\"pgc-1919-1-0\"  class=\"panel-grid-cell\" ><div id=\"panel-1919-1-0-0\" class=\"so-panel widget widget_cn-core-cta-widget panel-first-child panel-last-child\" data-index=\"1\" ><div\n\t\t\t\n\t\t\tclass=\"so-widget-cn-core-cta-widget so-widget-cn-core-cta-widget-base\"\n\t\t\t\n\t\t><div class=\"c-cta c-cta--layout-image-right no-variation has-background\">\n\n    <div class=\"c-cta__content\">\n\n        <div class=\"c-cta__inner\">\n\n                            <a href=\"https:\/\/hotelcms-production.imgix.net\/shantimaurice.com\/wp-content\/uploads\/2025\/04\/Shanti-Maurice_Kids-Program_210425.pdf?fm=pdf\" class=\"c-cta__anchor\" target=\"_blank\">\n            \n            \n            \n            \n            \n                            <\/a>\n            \n                            <div class=\"c-cta__text \/ s-entry\">\n                    <p>Im Kids Club sind die Kinder gut versorgt, w\u00e4hrend sich die Eltern entspannen. Ein w\u00f6chentliches Aktivit\u00e4tenprogramm sorgt daf\u00fcr, dass sie immer etwas zu tun haben.<\/p>\n<p>Unser Kids Club beinhaltet ein Schwimmbecken, ein Spielzimmer, Yogakurse f\u00fcr Kinder, Spielekonsolen und Computer und gut ausgebildetes, freundliches Personal, das sich um Ihre Kinder k\u00fcmmert. Der Kids Club steht Kindern zwischen 3 und 12 Jahren zur Verf\u00fcgung (Kinder unter 3 Jahren m\u00fcssen von einem Elternteil oder einem Pfleger begleitet werden). Im Idealfall bietet unser Resort qualifizierte Babysitter f\u00fcr Ihre Kleinkinder, Kleinkinder und junge Erwachsene gegen eine zus\u00e4tzliche Geb\u00fchr auf Anfrage.<\/p>\n<p>Babybetten, Hochst\u00fchle und Annehmlichkeiten k\u00f6nnen auf Anfrage auch in Ihrer Suite oder Villa untergebracht werden.<\/p>\n<p><strong>\u00d6ffnungszeiten<\/strong><br \/>\nVon 10:00 bis 20:30 Uhr (zus\u00e4tzliche Stunden sind kostenpflichtig und sollten 24 Stunden im Voraus gebucht werden)<\/p>\n                <\/div>\n            \n            \n                            <div class=\"c-cta__buttons\">\n                    <a  class=\"c-button button \/ c-cta__button  c-button--arrow\" target=\"_blank\" href=\"https:\/\/hotelcms-production.imgix.net\/shantimaurice.com\/wp-content\/uploads\/2025\/04\/Shanti-Maurice_Kids-Program_210425.pdf?fm=pdf\">\n    Aktivit\u00e4ten f\u00fcr Kinder<\/a>\n\n\n                <\/div>\n            \n                    <\/div>\n\n    <\/div>\n\n    \n            <div data-src=\"https:\/\/hotelcms-production.imgix.net\/shantimaurice.com\/wp-content\/uploads\/2017\/11\/SHM_Kids-Club_Girl_Close-up_RGB.jpg\" data-crop=\"manual\" class=\"imgix-fluid  crop \/ c-background c-cta__background\" data-focus-horizontal=\"40\" data-focus-vertical=\"35\"><\/div><noscript><div style=\"background-image: url(https:\/\/hotelcms-production.imgix.net\/shantimaurice.com\/wp-content\/uploads\/2017\/11\/SHM_Kids-Club_Girl_Close-up_RGB.jpg);\" class=\"crop \/ c-background c-cta__background\" ><\/div><\/noscript>    \n            <a href=\"https:\/\/hotelcms-production.imgix.net\/shantimaurice.com\/wp-content\/uploads\/2025\/04\/Shanti-Maurice_Kids-Program_210425.pdf?fm=pdf\" class=\"c-cta__detached-anchor\" target=\"_blank\" target=\"_blank\" href=\"https:\/\/hotelcms-production.imgix.net\/shantimaurice.com\/wp-content\/uploads\/2025\/04\/Shanti-Maurice_Kids-Program_210425.pdf?fm=pdf\"><\/a>\n    \n<\/div>\n\n<\/div><\/div><\/div><\/div><\/div><div id=\"pg-1919-2\"  class=\"panel-grid panel-has-style\" ><div class=\"c-row--valign-default c-row--widget-spacing c-row--margin-none c-row--column-small panel-row-style panel-row-style-for-1919-2\" ><div id=\"pgc-1919-2-0\"  class=\"panel-grid-cell\" ><div id=\"panel-1919-2-0-0\" class=\"so-panel widget widget_cn-core-cta-widget panel-first-child panel-last-child\" data-index=\"2\" ><div\n\t\t\t\n\t\t\tclass=\"so-widget-cn-core-cta-widget so-widget-cn-core-cta-widget-base\"\n\t\t\t\n\t\t><div class=\"c-cta c-cta--layout-image-left no-variation has-background\">\n\n    <div class=\"c-cta__content\">\n\n        <div class=\"c-cta__inner\">\n\n            \n            \n            \n            \n            \n            \n                            <div class=\"c-cta__text \/ s-entry\">\n                    <p>Unsere w\u00f6chentlichen Aktivit\u00e4ten zum Vergn\u00fcgen Ihrer Kinder sind endlos. Wir k\u00f6nnen eine Vielzahl sicherer Sportarten zu Wasser und zu Land, einen DJ Abend, Kindersportgruppen, Sterne gucken, Kinderschminken, Sandburgenwettbewerbe, G\u00e4rtnern, Krebse sammeln und noch so viel mehr organisieren.<\/p>\n<p>Wir bieten au\u00dferdem eine umfangreiche Kinderspeisekarte mit frischen und einheimischen Zutaten. Kinder werden mit mauritischen K\u00f6stlichkeiten sowie Spoodles (Spaghetti Bolognese), Chix Fix (Chicken Nuggets) und Burgosauruses (Mini-H\u00e4hnchen- oder Gem\u00fcseburger) verw\u00f6hnt. Der Kindertisch, unser gemeinsames Abendessen im Familienkreis, steht t\u00e4glich um 18:30 Uhr im Stars Restaurant zur Verf\u00fcgung.<\/p>\n                <\/div>\n            \n            \n            \n                    <\/div>\n\n    <\/div>\n\n    \n            <div data-src=\"https:\/\/hotelcms-production.imgix.net\/shantimaurice.com\/wp-content\/uploads\/2017\/11\/SHM_Kids-Club_Children_Ice.jpg\" data-crop=\"manual\" class=\"imgix-fluid  crop \/ c-background c-cta__background\" data-focus-horizontal=\"50\" data-focus-vertical=\"50\"><\/div><noscript><div style=\"background-image: url(https:\/\/hotelcms-production.imgix.net\/shantimaurice.com\/wp-content\/uploads\/2017\/11\/SHM_Kids-Club_Children_Ice.jpg);\" class=\"crop \/ c-background c-cta__background\" ><\/div><\/noscript>    \n    \n<\/div>\n\n<\/div><\/div><\/div><\/div><\/div><div id=\"pg-1919-3\"  class=\"panel-grid panel-has-style\" ><div class=\"c-row--valign-default c-row--widget-none c-row--margin-none c-row--column-none panel-row-style panel-row-style-for-1919-3\" ><div id=\"pgc-1919-3-0\"  class=\"panel-grid-cell\" ><div id=\"panel-1919-3-0-0\" class=\"so-panel widget widget_cn-core-image-slider-widget panel-first-child panel-last-child\" data-index=\"3\" ><div\n\t\t\t\n\t\t\tclass=\"so-widget-cn-core-image-slider-widget so-widget-cn-core-image-slider-widget-base\"\n\t\t\t\n\t\t><div class=\"c-slider-wrapper no-variation no-variation\">\n\n    \n    \n    <div\n        id=\"slider-69d77978d4120\"\n        class=\"c-slider c-slider--image c-slider--set-height js-flickity\"\n                    data-flickity-options='{\"pageDots\":true,\"prevNextButtons\":true,\"cellAlign\":\"center\",\"contain\":false,\"wrapAround\":true,\"imagesLoaded\":true,\"setGallerySize\":false,\"adaptiveHeight\":false,\"autoPlay\":3500,\"friction\":0.28,\"pauseAutoPlayOnHover\":false,\"rightToLeft\":false,\"groupCells\":false}'\n            >\n                    <div\n                class=\"c-slider__cell  js-flickity-cell\"\n                id=\"image-cell-0\"\n            >\n                \n<div class=\"c-image-container  no-variation\">\n    \n    <figure class=\"crop\">\n                    <div data-src=\"https:\/\/hotelcms-production.imgix.net\/shantimaurice.com\/wp-content\/uploads\/2017\/11\/SHM_Kids-Club_Facilities.jpg\" data-crop=\"manual\" class=\"imgix-fluid  c-image\" data-focus-horizontal=\"70\" data-focus-vertical=\"65\"><\/div><noscript><div style=\"background-image: url(https:\/\/hotelcms-production.imgix.net\/shantimaurice.com\/wp-content\/uploads\/2017\/11\/SHM_Kids-Club_Facilities.jpg);\" class=\"c-image\" ><\/div><\/noscript>            <\/figure>\n\n    <\/div>\n            <\/div>\n            <\/div>\n\n    <\/div><\/div><\/div><\/div><\/div><\/div><div id=\"pg-1919-4\"  class=\"panel-grid panel-has-style\" ><div class=\"c-row--valign-default c-row--widget-default c-row--margin-none c-row--column-large panel-row-style panel-row-style-for-1919-4\" ><div id=\"pgc-1919-4-0\"  class=\"panel-grid-cell\" ><div id=\"panel-1919-4-0-0\" class=\"so-panel widget widget_cn-core-adjacent-pages-widget panel-first-child panel-last-child\" data-index=\"4\" ><div\n\t\t\t\n\t\t\tclass=\"so-widget-cn-core-adjacent-pages-widget so-widget-cn-core-adjacent-pages-widget-base\"\n\t\t\t\n\t\t><nav class=\"c-siblings  \">\n\n    <ul class=\"menu\">\n        <li class=\"c-siblings__page \/ menu__previous\">\n                            <a href=\"https:\/\/shantimaurice.com\/family-activities\/\">Zur\u00fcck zu Familienaktivit\u00e4ten<\/a>\n                    <\/li>\n\n        \n        <li class=\"c-siblings__page \/ menu__next\">\n                        <a href=\"https:\/\/shantimaurice.com\/de\/familienaktivitaeten\/mach-eine-anfrage\/\" class=\"\">Next page &rarr;<\/a>                    <\/li>\n    <\/ul>\n\n<\/nav><\/div><\/div><\/div><\/div><\/div><div id=\"pg-1919-5\"  class=\"panel-grid panel-has-style\" ><div class=\"c-row--valign-default c-row--widget-none c-row--margin-none c-row--column-default siteorigin-panels-stretch has-background c-row--background-cover imgix-fluid crop panel-row-style panel-row-style-for-1919-5\" data-stretch-type=\"full\" data-src=\"https:\/\/hotelcms-production.imgix.net\/shantimaurice.com\/wp-content\/uploads\/2017\/11\/texture.png\" data-crop=\"manual\" data-focus-horizontal=\"\" data-focus-vertical=\"\" ><div id=\"pgc-1919-5-0\"  class=\"panel-grid-cell\" ><div id=\"panel-1919-5-0-0\" class=\"so-panel widget widget_cn-core-cta-widget panel-first-child panel-last-child\" data-index=\"5\" ><div\n\t\t\t\n\t\t\tclass=\"so-widget-cn-core-cta-widget so-widget-cn-core-cta-widget-base\"\n\t\t\t\n\t\t><div class=\"c-cta c-cta--layout-breaker no-variation\">\n\n    <div class=\"c-cta__content\">\n\n        <div class=\"c-cta__inner\">\n\n                            <a href=\"https:\/\/shantimaurice.com\/family-activities\/make-an-enquiry\/\" class=\"c-cta__anchor\">\n            \n            \n            \n            \n                <div class=\"c-cta__headings\">\n\n                                    <p class=\"c-cta__preheading\">\n                        Spa\u00df und Freundschaft                    <\/p>\n                \n                                    <h2 class=\"c-cta__heading\">\n                        Buchen Sie unseren Kids Club                    <\/h2>\n                \n                \n                <\/div>\n\n            \n            \n                            <\/a>\n            \n                            <div class=\"c-cta__text \/ s-entry\">\n                    <p>Im Shanti Maurice k\u00fcmmern wir uns um die Kleinen genauso gut wie um Sie. Unser Kids Club ist der perfekte Ort, um Ihre Kinder zu besch\u00e4ftigen und mit unserer umfangreichen Liste an verf\u00fcgbaren Aktivit\u00e4ten, an denen sie teilnehmen k\u00f6nnen, kann es passieren, dass sie gar nicht mehr gehen wollen.<\/p>\n                <\/div>\n            \n            \n                            <div class=\"c-cta__buttons\">\n                    <a  class=\"c-button button \/ c-cta__button  no-variation\" href=\"https:\/\/shantimaurice.com\/family-activities\/make-an-enquiry\/\">\n    Mach eine Anfrage<\/a>\n\n\n                <\/div>\n            \n                    <\/div>\n\n    <\/div>\n\n    \n    \n            <a href=\"https:\/\/shantimaurice.com\/family-activities\/make-an-enquiry\/\" class=\"c-cta__detached-anchor\" href=\"https:\/\/shantimaurice.com\/family-activities\/make-an-enquiry\/\"><\/a>\n    \n<\/div>\n\n<\/div><\/div><\/div><\/div><\/div><\/div>","protected":false},"excerpt":{"rendered":"<p>Kids Club F\u00fcr die Kleinen Lustige Aktivit\u00e4ten, freundliches Personal und jede Menge Freunde Im Kids Club sind die Kinder gut versorgt, w\u00e4hrend sich die Eltern entspannen. Ein w\u00f6chentliches Aktivit\u00e4tenprogramm sorgt daf\u00fcr, dass sie immer etwas zu tun haben. Unser Kids Club beinhaltet ein Schwimmbecken, ein Spielzimmer, Yogakurse f\u00fcr Kinder, Spielekonsolen und Computer und gut ausgebildetes, &hellip;<\/p>\n","protected":false},"author":1,"featured_media":0,"parent":1914,"menu_order":1,"comment_status":"closed","ping_status":"closed","template":"","meta":{"_acf_changed":false,"footnotes":""},"class_list":["post--1919","post--page","post--type-page","post--status-publish","post--hentry"],"acf":[],"_links":{"self":[{"href":"https:\/\/shantimaurice.com\/de\/wp-json\/wp\/v2\/pages\/1919","targetHints":{"allow":["GET"]}}],"collection":[{"href":"https:\/\/shantimaurice.com\/de\/wp-json\/wp\/v2\/pages"}],"about":[{"href":"https:\/\/shantimaurice.com\/de\/wp-json\/wp\/v2\/types\/page"}],"author":[{"embeddable":true,"href":"https:\/\/shantimaurice.com\/de\/wp-json\/wp\/v2\/users\/1"}],"replies":[{"embeddable":true,"href":"https:\/\/shantimaurice.com\/de\/wp-json\/wp\/v2\/comments?post=1919"}],"version-history":[{"count":7,"href":"https:\/\/shantimaurice.com\/de\/wp-json\/wp\/v2\/pages\/1919\/revisions"}],"predecessor-version":[{"id":21276,"href":"https:\/\/shantimaurice.com\/de\/wp-json\/wp\/v2\/pages\/1919\/revisions\/21276"}],"up":[{"embeddable":true,"href":"https:\/\/shantimaurice.com\/de\/wp-json\/wp\/v2\/pages\/1914"}],"wp:attachment":[{"href":"https:\/\/shantimaurice.com\/de\/wp-json\/wp\/v2\/media?parent=1919"}],"curies":[{"name":"wp","href":"https:\/\/api.w.org\/{rel}","templated":true}]}}