{"id":1941,"date":"2017-11-21T10:08:50","date_gmt":"2017-11-21T10:08:50","guid":{"rendered":"https:\/\/shantimaurice.testingcreative.co.uk\/about-us\/"},"modified":"2018-08-10T15:00:20","modified_gmt":"2018-08-10T15:00:20","slug":"uber-uns","status":"publish","type":"page","link":"https:\/\/shantimaurice.com\/de\/uber-uns\/","title":{"rendered":"\u00dcber uns"},"content":{"rendered":"<div id=\"pl-1941\"  class=\"panel-layout\" ><div id=\"pg-1941-0\"  class=\"panel-grid panel-has-style\" ><div class=\"c-row--valign-default c-row--widget-default c-row--margin-none c-row--column-none siteorigin-panels-stretch panel-row-style panel-row-style-for-1941-0\" data-stretch-type=\"full-stretched\" ><div id=\"pgc-1941-0-0\"  class=\"panel-grid-cell\" ><div id=\"panel-1941-0-0-0\" class=\"so-panel widget widget_cn-core-hero-widget panel-first-child panel-last-child\" data-index=\"0\" ><div\n\t\t\t\n\t\t\tclass=\"so-widget-cn-core-hero-widget so-widget-cn-core-hero-widget-base\"\n\t\t\t\n\t\t><section class=\"c-hero no-variation\">\n    <div class=\"c-hero__inner\">\n        \n        <div class=\"c-hero__content\">\n\n                            <h1 class=\"c-hero__heading\">\n                    \u00dcber Shanti Maurice Resort &amp; Spa                <\/h1>\n            \n                            <p class=\"c-hero__subheading\">\n                    Unvergessliche Erinnerungen                <\/p>\n                            <div class=\"s-entry \/ c-hero__text\">\n                    <p>\n                        Umgeben von gr\u00fcnen W\u00e4ldern, ruhigem, t\u00fcrkisfarbenem Wasser und privaten Str\u00e4nden, ist Shanti Maurice eines der luxuri\u00f6sesten Resorts in ganz Mauritius.                    <\/p>\n                <\/div>\n                    <\/div>\n\n        \n    <\/div>\n\n\n\n    \n    \n    <div data-src=\"https:\/\/hotelcms-production.imgix.net\/shantimaurice.com\/wp-content\/uploads\/2017\/11\/shutterstock_525140524.jpg\" data-crop=\"\" class=\"imgix-fluid  crop \/ c-hero__background\"><\/div><noscript><div style=\"background-image: url(https:\/\/hotelcms-production.imgix.net\/shantimaurice.com\/wp-content\/uploads\/2017\/11\/shutterstock_525140524.jpg);\" class=\"crop \/ c-hero__background\" ><\/div><\/noscript>\n    \n            <a href=\"#main-content\" class=\"c-hero__scroller\" data-module=\"scroll-to\">\n            <span class=\"c-hero__scroller__text\">Runterscrollen<\/span>\n            <span class=\"c-hero__scroller__arrow\"><\/span>\n        <\/a>\n    <\/section>\n<\/div><\/div><\/div><\/div><\/div><div id=\"pg-1941-1\"  class=\"panel-grid panel-has-style\" ><div class=\"c-row--valign-default c-row--widget-spacing c-row--margin-none c-row--column-default siteorigin-panels-stretch has-background c-row--background-cover imgix-fluid crop panel-row-style panel-row-style-for-1941-1\" data-stretch-type=\"full\" data-src=\"https:\/\/hotelcms-production.imgix.net\/shantimaurice.com\/wp-content\/uploads\/2017\/11\/texture-bg.png\" data-crop=\"\" ><div id=\"pgc-1941-1-0\"  class=\"panel-grid-cell\" ><div id=\"panel-1941-1-0-0\" class=\"so-panel widget widget_cn-core-text-widget panel-first-child panel-last-child\" data-index=\"1\" ><div\n\t\t\t\n\t\t\tclass=\"so-widget-cn-core-text-widget so-widget-cn-core-text-widget-base\"\n\t\t\t\n\t\t>\n<div class=\"c-text c-text--lede\" >\n\n    \n    \n    \n    <div class=\"c-text__content s-entry\">\n        <p>Von unserer wundersch\u00f6nen Anlage mit abgelegenen Str\u00e4nden und privaten Pools, bis zu nat\u00fcrlichen Wasserf\u00e4llen und der Berglandschaft rund um das Resort... es gibt in diesem Teil von Mauritius so viel zu sehen und zu erleben. Nutzen Sie unseren Lageplan, um Ihren Weg durch das Resort zu finden, st\u00f6bern Sie durch die Bildergalerie, um zu sehen, was das Leben im Shanti Maurice bereith\u00e4lt und erfahren Sie mehr \u00fcber unsere neusten Kundenbewertungen und Auszeichnungen.<\/p>\n    <\/div>\n\n<\/div>\n<\/div><\/div><\/div><\/div><\/div><div id=\"pg-1941-2\"  class=\"panel-grid panel-has-style\" ><div class=\"c-row--valign-default c-row--widget-spacing c-row--margin-none c-row--column-small siteorigin-panels-stretch has-background c-row--background-cover imgix-fluid crop panel-row-style panel-row-style-for-1941-2\" data-stretch-type=\"full-stretched\" data-src=\"https:\/\/hotelcms-production.imgix.net\/shantimaurice.com\/wp-content\/uploads\/2017\/11\/texture-blue.png\" data-crop=\"\" data-row-label=\"beaches\" id=\"beaches\" ><div id=\"pgc-1941-2-0\"  class=\"panel-grid-cell\" ><div id=\"panel-1941-2-0-0\" class=\"so-panel widget widget_cn-core-cta-widget panel-first-child\" data-index=\"2\" ><div\n\t\t\t\n\t\t\tclass=\"so-widget-cn-core-cta-widget so-widget-cn-core-cta-widget-base\"\n\t\t\t\n\t\t><div class=\"c-cta c-cta--layout-breaker-right no-variation has-background\">\n\n    <div class=\"c-cta__content\">\n\n        <div class=\"c-cta__inner\">\n\n            \n            \n            \n            \n                <div class=\"c-cta__headings\">\n\n                \n                                    <h2 class=\"c-cta__heading\">\n                        Str\u00e4nde, Pools &amp; Anlage                    <\/h2>\n                \n                \n                <\/div>\n\n            \n            \n            \n                            <div class=\"c-cta__text \/ s-entry\">\n                    <p>Wir sind mit ruhigen und friedlichen Privatstr\u00e4nden gesegnet, die von den meisten Suiten und Villen des Shanti Maurice aus gesehen, zum ber\u00fchren nahe liegen. Viele unserer Villen haben private Pools, aber es gibt auch einen Infinity Pool, ein gro\u00dfes Schwimmbecken mit Jacuzzi und einen Pool im Spa, den Sie genie\u00dfen k\u00f6nnen. Des Weiteren haben wir eine Boutique, die eine Auswahl an mauritischer Handwerkskunst verkauft, sowie eine gut gef\u00fcllte Bibliothek mit Computern, die G\u00e4sten zur Nutzung zur Verf\u00fcgung stehen.<\/p>\n                <\/div>\n            \n            \n            \n                    <\/div>\n\n    <\/div>\n\n    \n            <div data-src=\"https:\/\/hotelcms-production.imgix.net\/shantimaurice.com\/wp-content\/uploads\/2017\/11\/SHM_Beach_026_HR.jpg\" data-crop=\"manual\" class=\"imgix-fluid  crop \/ c-background c-cta__background\" data-focus-horizontal=\"50\" data-focus-vertical=\"50\"><\/div><noscript><div style=\"background-image: url(https:\/\/hotelcms-production.imgix.net\/shantimaurice.com\/wp-content\/uploads\/2017\/11\/SHM_Beach_026_HR.jpg);\" class=\"crop \/ c-background c-cta__background\" ><\/div><\/noscript>    \n    \n<\/div>\n\n<\/div><\/div><div id=\"panel-1941-2-0-1\" class=\"so-panel widget widget_cn-core-cta-widget panel-last-child\" data-index=\"3\" ><div\n\t\t\t\n\t\t\tclass=\"so-widget-cn-core-cta-widget so-widget-cn-core-cta-widget-base\"\n\t\t\t\n\t\t><div class=\"c-cta c-cta--layout-breaker-left no-variation has-background\">\n\n    <div class=\"c-cta__content\">\n\n        <div class=\"c-cta__inner\">\n\n            \n            \n            \n            \n                <div class=\"c-cta__headings\">\n\n                \n                                    <h2 class=\"c-cta__heading\">\n                        Ortsbereich                    <\/h2>\n                \n                \n                <\/div>\n\n            \n            \n            \n                            <div class=\"c-cta__text \/ s-entry\">\n                    <p>Mauritius ist von t\u00fcrkisfarbenem Wasser mit einer lebhaften Unterwasserwelt, weichen, wei\u00dfen Sandstr\u00e4nden und unz\u00e4hligen W\u00e4ldern und Bergen umgeben. Nat\u00fcrliche Wasserf\u00e4lle und Lagunen liegen in Reichweite des Shanti Maurice und typische St\u00e4dte und D\u00f6rfer mit ihren freundlichen und neugierigen Bewohnern bieten einen Einblick in die mauritische Kultur. Wir liegen nur eine kurze Fahrt vom 18 Loch Avalon Golf Estate, endlosen, duftenden Teeplantagen und unserem eigenen Korallenschutzgebiet im Indischen Ozean entfernt.<\/p>\n                <\/div>\n            \n            \n            \n                    <\/div>\n\n    <\/div>\n\n    \n            <div data-src=\"https:\/\/hotelcms-production.imgix.net\/shantimaurice.com\/wp-content\/uploads\/2017\/11\/shutterstock_648416920.jpg\" data-crop=\"manual\" class=\"imgix-fluid  crop \/ c-background c-cta__background\" data-focus-horizontal=\"50\" data-focus-vertical=\"50\"><\/div><noscript><div style=\"background-image: url(https:\/\/hotelcms-production.imgix.net\/shantimaurice.com\/wp-content\/uploads\/2017\/11\/shutterstock_648416920.jpg);\" class=\"crop \/ c-background c-cta__background\" ><\/div><\/noscript>    \n    \n<\/div>\n\n<\/div><\/div><\/div><\/div><\/div><div id=\"pg-1941-3\"  class=\"panel-grid panel-has-style\" ><div class=\"c-row--valign-default c-row--widget-none c-row--margin-none c-row--column-small siteorigin-panels-stretch panel-row-style panel-row-style-for-1941-3\" data-stretch-type=\"full-stretched\" ><div id=\"pgc-1941-3-0\"  class=\"panel-grid-cell\" ><div id=\"panel-1941-3-0-0\" class=\"so-panel widget widget_cn-core-cta-widget panel-first-child panel-last-child\" data-index=\"4\" ><div\n\t\t\t\n\t\t\tclass=\"so-widget-cn-core-cta-widget so-widget-cn-core-cta-widget-base\"\n\t\t\t\n\t\t><div class=\"c-cta c-cta--layout-image-right no-variation has-background\">\n\n    <div class=\"c-cta__content\">\n\n        <div class=\"c-cta__inner\">\n\n            \n            \n            \n            \n                <div class=\"c-cta__headings\">\n\n                \n                                    <h2 class=\"c-cta__heading\">\n                        Karrierechancen                    <\/h2>\n                \n                \n                <\/div>\n\n            \n            \n            \n                            <div class=\"c-cta__text \/ s-entry\">\n                    <p>Wenn Sie nach einer neuen Herausforderung suchen und gerne die Gelegenheit h\u00e4tten, Teil von etwas ganz Besonderem zu werden, dann k\u00f6nnte Shanti Maurice der richtige Ort f\u00fcr Sie sein. St\u00f6bern Sie durch unsere derzeit offenen Stellen oder laden Sie Ihren Lebenslauf und Ihr Bewerbungsschreiben hoch, um f\u00fcr zuk\u00fcnftige Stellenausschreibungen in unserem Resort in Betracht gezogen zu werden.<\/p>\n                <\/div>\n            \n            \n                            <div class=\"c-cta__buttons\">\n                    <a  class=\"c-button button \/ c-cta__button  no-variation\" href=\"\">\n    Finde mehr heraus<\/a>\n\n\n                <\/div>\n            \n                    <\/div>\n\n    <\/div>\n\n    \n            <div data-src=\"https:\/\/hotelcms-production.imgix.net\/shantimaurice.com\/wp-content\/uploads\/2017\/11\/SHM_Nira-Spa_Pool_RGB.jpg\" data-crop=\"manual\" class=\"imgix-fluid  crop \/ c-background c-cta__background\" data-focus-horizontal=\"50\" data-focus-vertical=\"65\"><\/div><noscript><div style=\"background-image: url(https:\/\/hotelcms-production.imgix.net\/shantimaurice.com\/wp-content\/uploads\/2017\/11\/SHM_Nira-Spa_Pool_RGB.jpg);\" class=\"crop \/ c-background c-cta__background\" ><\/div><\/noscript>    \n    \n<\/div>\n\n<\/div><\/div><\/div><\/div><\/div><div id=\"pg-1941-4\"  class=\"panel-grid panel-has-style\" ><div class=\"c-row--valign-default c-row--widget-spacing c-row--margin-default c-row--column-small c-row--style-muted siteorigin-panels-stretch panel-row-style panel-row-style-for-1941-4\" data-stretch-type=\"full\" ><div id=\"pgc-1941-4-0\"  class=\"panel-grid-cell\" ><div id=\"panel-1941-4-0-0\" class=\"so-panel widget widget_cn-core-cta-widget panel-first-child panel-last-child\" data-index=\"5\" ><div\n\t\t\t\n\t\t\tclass=\"so-widget-cn-core-cta-widget so-widget-cn-core-cta-widget-base\"\n\t\t\t\n\t\t><div class=\"c-cta no-layout no-variation\">\n\n    <div class=\"c-cta__content\">\n\n        <div class=\"c-cta__inner\">\n\n                            <a href=\"https:\/\/shantimaurice.com\/about-us\/resort-map\/\" class=\"c-cta__anchor\">\n            \n            \n                          <div class=\"crop\">\n                <div data-src=\"https:\/\/hotelcms-production.imgix.net\/shantimaurice.com\/wp-content\/uploads\/2017\/11\/Shanti-Maurice_Updated-Resort-Map_02.04.18.jpg\" data-crop=\"\" class=\"imgix-fluid  c-image c-cta__image\"><\/div><noscript><div style=\"background-image: url(https:\/\/hotelcms-production.imgix.net\/shantimaurice.com\/wp-content\/uploads\/2017\/11\/Shanti-Maurice_Updated-Resort-Map_02.04.18.jpg);\" class=\"c-image c-cta__image\" ><\/div><\/noscript>              <\/div>\n            \n            \n                <div class=\"c-cta__headings\">\n\n                                    <p class=\"c-cta__preheading\">\n                        Plan des Resorts                    <\/p>\n                \n                                    <h2 class=\"c-cta__heading\">\n                        Entdecken Sie Ihr Zuhause weit weg vom daheim                    <\/h2>\n                \n                \n                <\/div>\n\n            \n            \n                            <\/a>\n            \n            \n            \n            \n                    <\/div>\n\n    <\/div>\n\n    \n    \n            <a href=\"https:\/\/shantimaurice.com\/about-us\/resort-map\/\" class=\"c-cta__detached-anchor\"><\/a>\n    \n<\/div>\n\n<\/div><\/div><\/div><div id=\"pgc-1941-4-1\"  class=\"panel-grid-cell\" ><div id=\"panel-1941-4-1-0\" class=\"so-panel widget widget_cn-core-cta-widget panel-first-child panel-last-child\" data-index=\"6\" ><div\n\t\t\t\n\t\t\tclass=\"so-widget-cn-core-cta-widget so-widget-cn-core-cta-widget-base\"\n\t\t\t\n\t\t><div class=\"c-cta no-layout no-variation\">\n\n    <div class=\"c-cta__content\">\n\n        <div class=\"c-cta__inner\">\n\n                            <a href=\"https:\/\/shantimaurice.com\/about-us\/gallery\/\" class=\"c-cta__anchor\">\n            \n            \n                          <div class=\"crop\">\n                <div data-src=\"https:\/\/hotelcms-production.imgix.net\/shantimaurice.com\/wp-content\/uploads\/2017\/11\/Nira_SPA_Shanti_Maurice_01-1.jpg\" data-crop=\"manual\" class=\"imgix-fluid  c-image c-cta__image\" data-focus-horizontal=\"50\" data-focus-vertical=\"50\"><\/div><noscript><div style=\"background-image: url(https:\/\/hotelcms-production.imgix.net\/shantimaurice.com\/wp-content\/uploads\/2017\/11\/Nira_SPA_Shanti_Maurice_01-1.jpg);\" class=\"c-image c-cta__image\" ><\/div><\/noscript>              <\/div>\n            \n            \n                <div class=\"c-cta__headings\">\n\n                                    <p class=\"c-cta__preheading\">\n                        Bildergalerie                    <\/p>\n                \n                                    <h2 class=\"c-cta__heading\">\n                        Sehen Sie all das selbst                    <\/h2>\n                \n                \n                <\/div>\n\n            \n            \n                            <\/a>\n            \n            \n            \n            \n                    <\/div>\n\n    <\/div>\n\n    \n    \n            <a href=\"https:\/\/shantimaurice.com\/about-us\/gallery\/\" class=\"c-cta__detached-anchor\"><\/a>\n    \n<\/div>\n\n<\/div><\/div><\/div><div id=\"pgc-1941-4-2\"  class=\"panel-grid-cell\" ><div id=\"panel-1941-4-2-0\" class=\"so-panel widget widget_cn-core-cta-widget panel-first-child panel-last-child\" data-index=\"7\" ><div\n\t\t\t\n\t\t\tclass=\"so-widget-cn-core-cta-widget so-widget-cn-core-cta-widget-base\"\n\t\t\t\n\t\t><div class=\"c-cta no-layout no-variation\">\n\n    <div class=\"c-cta__content\">\n\n        <div class=\"c-cta__inner\">\n\n                            <a href=\"https:\/\/shantimaurice.com\/about-us\/resort-amenities\/\" class=\"c-cta__anchor\">\n            \n            \n                          <div class=\"crop\">\n                <div data-src=\"https:\/\/hotelcms-production.imgix.net\/shantimaurice.com\/wp-content\/uploads\/2017\/11\/SHM_Nira-Spa_Pool_RGB.jpg\" data-crop=\"manual\" class=\"imgix-fluid  c-image c-cta__image\" data-focus-horizontal=\"50\" data-focus-vertical=\"65\"><\/div><noscript><div style=\"background-image: url(https:\/\/hotelcms-production.imgix.net\/shantimaurice.com\/wp-content\/uploads\/2017\/11\/SHM_Nira-Spa_Pool_RGB.jpg);\" class=\"c-image c-cta__image\" ><\/div><\/noscript>              <\/div>\n            \n            \n                <div class=\"c-cta__headings\">\n\n                                    <p class=\"c-cta__preheading\">\n                        Annehmlichkeiten des Resorts                    <\/p>\n                \n                                    <h2 class=\"c-cta__heading\">\n                        Malerisch und luxuri\u00f6s                    <\/h2>\n                \n                \n                <\/div>\n\n            \n            \n                            <\/a>\n            \n            \n            \n            \n                    <\/div>\n\n    <\/div>\n\n    \n    \n            <a href=\"https:\/\/shantimaurice.com\/about-us\/resort-amenities\/\" class=\"c-cta__detached-anchor\"><\/a>\n    \n<\/div>\n\n<\/div><\/div><\/div><\/div><\/div><div id=\"pg-1941-5\"  class=\"panel-grid panel-has-style\" ><div class=\"c-row--valign-default c-row--widget-none c-row--margin-none c-row--column-default siteorigin-panels-stretch has-background c-row--background-cover imgix-fluid crop panel-row-style panel-row-style-for-1941-5\" data-stretch-type=\"full\" data-src=\"https:\/\/hotelcms-production.imgix.net\/shantimaurice.com\/wp-content\/uploads\/2017\/11\/texture.png\" data-crop=\"manual\" data-focus-horizontal=\"\" data-focus-vertical=\"\" ><div id=\"pgc-1941-5-0\"  class=\"panel-grid-cell\" ><div id=\"panel-1941-5-0-0\" class=\"so-panel widget widget_cn-core-cta-widget panel-first-child panel-last-child\" data-index=\"8\" ><div\n\t\t\t\n\t\t\tclass=\"so-widget-cn-core-cta-widget so-widget-cn-core-cta-widget-base\"\n\t\t\t\n\t\t><div class=\"c-cta c-cta--layout-breaker no-variation\">\n\n    <div class=\"c-cta__content\">\n\n        <div class=\"c-cta__inner\">\n\n                            <a href=\"https:\/\/shantimaurice.com\/accommodation\/\" class=\"c-cta__anchor\">\n            \n            \n            \n            \n                <div class=\"c-cta__headings\">\n\n                                    <p class=\"c-cta__preheading\">\n                        \u00dcbernachten Sie im Shanti Maurice                    <\/p>\n                \n                                    <h2 class=\"c-cta__heading\">\n                        Zeit f\u00fcr Abenteuer                    <\/h2>\n                \n                \n                <\/div>\n\n            \n            \n                            <\/a>\n            \n                            <div class=\"c-cta__text \/ s-entry\">\n                    <p>Geschmack ohne Grenzen, au\u00dfergew\u00f6hnliche Sehensw\u00fcrdigkeiten und unvergessliche Erlebnisse. Es ist immer eine gute Zeit, das Shanti Maurice zu besuchen. Fangen Sie also schon jetzt damit an, Ihr n\u00e4chstes Abenteuer zu planen.<\/p>\n                <\/div>\n            \n            \n                            <div class=\"c-cta__buttons\">\n                    <a  class=\"c-button button \/ c-cta__button  no-variation\" href=\"https:\/\/shantimaurice.com\/accommodation\/\">\n    Gehen Sie zu den Suiten und Villen<\/a>\n\n\n                <\/div>\n            \n                    <\/div>\n\n    <\/div>\n\n    \n    \n            <a href=\"https:\/\/shantimaurice.com\/accommodation\/\" class=\"c-cta__detached-anchor\" href=\"https:\/\/shantimaurice.com\/accommodation\/\"><\/a>\n    \n<\/div>\n\n<\/div><\/div><\/div><\/div><\/div><\/div>","protected":false},"excerpt":{"rendered":"<p>\u00dcber Shanti Maurice Resort &amp; Spa Unvergessliche Erinnerungen Umgeben von gr\u00fcnen W\u00e4ldern, ruhigem, t\u00fcrkisfarbenem Wasser und privaten Str\u00e4nden, ist Shanti Maurice eines der luxuri\u00f6sesten Resorts in ganz Mauritius. Runterscrollen Von unserer wundersch\u00f6nen Anlage mit abgelegenen Str\u00e4nden und privaten Pools, bis zu nat\u00fcrlichen Wasserf\u00e4llen und der Berglandschaft rund um das Resort&#8230; es gibt in diesem Teil &hellip;<\/p>\n","protected":false},"author":1,"featured_media":0,"parent":0,"menu_order":36,"comment_status":"closed","ping_status":"closed","template":"","meta":{"_acf_changed":false,"footnotes":""},"class_list":["post--1941","post--page","post--type-page","post--status-publish","post--hentry"],"acf":[],"_links":{"self":[{"href":"https:\/\/shantimaurice.com\/de\/wp-json\/wp\/v2\/pages\/1941","targetHints":{"allow":["GET"]}}],"collection":[{"href":"https:\/\/shantimaurice.com\/de\/wp-json\/wp\/v2\/pages"}],"about":[{"href":"https:\/\/shantimaurice.com\/de\/wp-json\/wp\/v2\/types\/page"}],"author":[{"embeddable":true,"href":"https:\/\/shantimaurice.com\/de\/wp-json\/wp\/v2\/users\/1"}],"replies":[{"embeddable":true,"href":"https:\/\/shantimaurice.com\/de\/wp-json\/wp\/v2\/comments?post=1941"}],"version-history":[{"count":4,"href":"https:\/\/shantimaurice.com\/de\/wp-json\/wp\/v2\/pages\/1941\/revisions"}],"predecessor-version":[{"id":3130,"href":"https:\/\/shantimaurice.com\/de\/wp-json\/wp\/v2\/pages\/1941\/revisions\/3130"}],"wp:attachment":[{"href":"https:\/\/shantimaurice.com\/de\/wp-json\/wp\/v2\/media?parent=1941"}],"curies":[{"name":"wp","href":"https:\/\/api.w.org\/{rel}","templated":true}]}}