{"id":2065,"date":"2017-11-29T14:24:38","date_gmt":"2017-11-29T14:24:38","guid":{"rendered":"https:\/\/shantimaurice.testingcreative.co.uk\/media-press\/"},"modified":"2026-01-21T12:19:17","modified_gmt":"2026-01-21T12:19:17","slug":"medien-presse","status":"publish","type":"page","link":"https:\/\/shantimaurice.com\/de\/medien-presse\/","title":{"rendered":"Medien &#038; Presse"},"content":{"rendered":"<div id=\"pl-2065\"  class=\"panel-layout\" ><div id=\"pg-2065-0\"  class=\"panel-grid panel-has-style\" ><div class=\"c-row--valign-default c-row--widget-none c-row--margin-small c-row--column-default siteorigin-panels-stretch panel-row-style panel-row-style-for-2065-0\" data-stretch-type=\"full-width-stretch\" ><div id=\"pgc-2065-0-0\"  class=\"panel-grid-cell\" ><div id=\"panel-2065-0-0-0\" class=\"so-panel widget widget_cn-core-hero-widget panel-first-child panel-last-child\" data-index=\"0\" ><div\n\t\t\t\n\t\t\tclass=\"so-widget-cn-core-hero-widget so-widget-cn-core-hero-widget-base\"\n\t\t\t\n\t\t><section class=\"c-hero c-hero--short\">\n    <div class=\"c-hero__inner\">\n        \n        <div class=\"c-hero__content\">\n\n            \n                            <h1 class=\"c-hero__subheading\">\n                    Medien &amp; Presse                <\/h1>\n                    <\/div>\n\n        \n    <\/div>\n\n\n\n    \n    \n    <div data-src=\"https:\/\/hotelcms-production.imgix.net\/shantimaurice.com\/wp-content\/uploads\/2017\/11\/shutterstock_299436878.jpg\" data-crop=\"\" class=\"imgix-fluid  crop \/ c-hero__background\"><\/div><noscript><div style=\"background-image: url(https:\/\/hotelcms-production.imgix.net\/shantimaurice.com\/wp-content\/uploads\/2017\/11\/shutterstock_299436878.jpg);\" class=\"crop \/ c-hero__background\" ><\/div><\/noscript>\n    \n    <\/section>\n<\/div><\/div><\/div><\/div><\/div><div id=\"pg-2065-1\"  class=\"panel-grid panel-no-style\" ><div id=\"pgc-2065-1-0\"  class=\"panel-grid-cell\" ><div id=\"panel-2065-1-0-0\" class=\"so-panel widget widget_cn-core-text-widget panel-first-child panel-last-child\" data-index=\"1\" ><div\n\t\t\t\n\t\t\tclass=\"so-widget-cn-core-text-widget so-widget-cn-core-text-widget-base\"\n\t\t\t\n\t\t>\n<div class=\"c-text no-variation\" >\n\n    \n    \n    \n    <div class=\"c-text__content s-entry\">\n        <p>Willkommen in unserem Medien- &amp; Pressebereich. Wir freuen uns \u00fcber Ihren Besuch. Hier k\u00f6nnen Sie unsere neuesten Presseinformationen &amp; Fotos herunterladen.<\/p>\n<p>Wenn Sie weitere Informationen ben\u00f6tigen, stehen wir Ihnen gern zur Verf\u00fcgung.<\/p>\n<p><a href=\"https:\/\/login.welcometosuitcase.com\/journey\/action\/viewLogin\" target=\"_blank\" rel=\"noopener\"><strong>Besuchen Sie die Bildbibliothek<\/strong><\/a><\/p>\n<p>user: shantimaurice<br \/>\npassword: press<\/p>\n<p><b>Videos<\/b><\/p>\n<ul>\n<li><a href=\"https:\/\/www.youtube.com\/watch?v=Dm7hIbLhnLM\" target=\"_blank\" rel=\"noopener\">Shanti Maurice Video Teaser (Youtube)<\/a><\/li>\n<li><a href=\"https:\/\/www.youtube.com\/watch?v=xlpzMX60blg\" target=\"_blank\" rel=\"noopener\">Shanti Maurice Video Review (Youtube)<\/a><\/li>\n<li><a href=\"https:\/\/youtu.be\/2sCajDsw1nM\" target=\"_blank\" rel=\"noopener\">Celebrate new beginnings at Shanti Maurice Resort &amp; Spa - Wedding Video (YouTube)<\/a><\/li>\n<li><a href=\"https:\/\/youtu.be\/HvguvNEfV80\" target=\"_blank\" rel=\"noopener\">Covid-19 Sanitary Protocol - EN (Youtube)<\/a><\/li>\n<li><a href=\"https:\/\/youtu.be\/-LkRC8SRr6M\" target=\"_blank\" rel=\"noopener\">South Coast of Mauritius - Mauritius Now (YouTube)<\/a><\/li>\n<li><a href=\"https:\/\/www.youtube.com\/watch?v=Uz6jT8Uk_cY\" target=\"_blank\" rel=\"noopener\">Aquacasia (Youtube)<\/a><\/li>\n<li><a href=\"https:\/\/www.youtube.com\/watch?v=rqXo2lSG0JM\" target=\"_blank\" rel=\"noopener\">Welcome to Rum Shed (Youtube)<\/a><\/li>\n<li><a href=\"https:\/\/www.youtube.com\/watch?v=RFNJstZ4Fx4\" target=\"_blank\" rel=\"noopener\">Smoky Cocktail at Rum Shed (Youtube)<\/a><\/li>\n<li><a href=\"https:\/\/www.youtube.com\/watch?v=WrenpUm5XBI\" target=\"_blank\" rel=\"noopener\">Beachfront Suite Pool Villa (Youtube)<\/a><\/li>\n<li><a href=\"https:\/\/www.youtube.com\/watch?v=ny53e-ddt7E\" target=\"_blank\" rel=\"noopener\">Fish Market (Youtube)<\/a><\/li>\n<li><a href=\"https:\/\/www.youtube.com\/watch?v=iK9LhDIagds\" target=\"_blank\" rel=\"noopener\">Archery (Youtube)<\/a><\/li>\n<li><a href=\"https:\/\/www.youtube.com\/watch?v=5vM94zP_5LE\" target=\"_blank\" rel=\"noopener\">Mauritius seen from above (youtube)<\/a><\/li>\n<li><a href=\"https:\/\/www.youtube.com\/watch?v=XhKG2FrPJY0\" target=\"_blank\" rel=\"noopener\">Mauritius Unwavering (Youtube)<\/a><\/li>\n<li><a href=\"https:\/\/www.youtube.com\/watch?v=0sPal2jHhKo\" target=\"_blank\" rel=\"noopener\">Beach Suite Experience (Youtube)<\/a><\/li>\n<\/ul>\n<p><strong>Brosch\u00fcren<\/strong><\/p>\n<ul class=\"downloadModule\">\n<li><a href=\"https:\/\/hotelcms-production.imgix.net\/shantimaurice.com\/wp-content\/uploads\/2023\/08\/Shanti-Maurice-Resort-Spa_MICE-Brochure_280823.pdf\" target=\"_blank\" rel=\"noopener\">Shanti Maurice MICE Brochure<\/a><\/li>\n<li><a href=\"https:\/\/hotelcms-production.imgix.net\/shantimaurice.com\/wp-content\/uploads\/2024\/10\/Shanti-Maurice_Updated-Resort-Map-PN_281024.pdf?fm=pdf\">Resort Map<\/a><\/li>\n<li><a href=\"https:\/\/hotelcms-production.imgix.net\/shantimaurice.com\/wp-content\/uploads\/2024\/07\/Shanti-Maurice-Resort-Spa_Wedding-Brochure_B2B_240524.pdf\">Wedding Brochure<\/a><\/li>\n<li><a href=\"https:\/\/hotelcms-production.imgix.net\/shantimaurice.com\/wp-content\/uploads\/2022\/11\/Shanti-Maurice-Resort-Spa_Shanti-Moments-Brochure_101122.pdf\">Shanti Moments<\/a><\/li>\n<li><a href=\"https:\/\/hotelcms-production.imgix.net\/shantimaurice.com\/wp-content\/uploads\/2017\/11\/Shanti-Maurice_Discover-Mauritius_Brochure_14.11.19.pdf\">Discover Mauritius<\/a><\/li>\n<li><a href=\"https:\/\/hotelcms-production.imgix.net\/shantimaurice.com\/wp-content\/uploads\/2023\/06\/Estate-Nature-Guide_WEB_090623.pdf\">Nature Booklet<\/a><\/li>\n<li><a href=\"https:\/\/hotelcms-production.imgix.net\/shantimaurice.com\/wp-content\/uploads\/2022\/11\/Shanti-Maurice-Resort-Spa_Butler-Service-Private-Chef-Service_EUR_181122.pdf\">Butler Service Flyer<\/a><\/li>\n<li><a href=\"https:\/\/hotelcms-production.imgix.net\/shantimaurice.com\/wp-content\/uploads\/2023\/04\/Shanti-Maurice-Resort-Spa_Boathouse-Activities_190423.pdf\">Boathouse Activities<\/a><\/li>\n<li><a href=\"https:\/\/hotelcms-production.imgix.net\/shantimaurice.com\/wp-content\/uploads\/2023\/10\/Shanti-Maurice-Resort-Spa_Dine-Around-Experience_021023.pdf\">Dine Around Flyer<\/a><\/li>\n<li><a href=\"https:\/\/hotelcms-production.imgix.net\/shantimaurice.com\/wp-content\/uploads\/2022\/01\/Shanti-Maurice_365-Days-Yoga-Retreat.pdf\">365 Days Yoga Retreat Flyer<\/a><\/li>\n<\/ul>\n<p><strong>Pressemappe<\/strong><\/p>\n<div id=\"corporate-wrapper\">\n<div id=\"corp-content\" class=\"main-content\">\n<div class=\"scrollable-area\" tabindex=\"5000\">\n<div class=\"spacer\">\n<ul class=\"downloadModule\">\n<li><a href=\"https:\/\/hotelcms-production.imgix.net\/shantimaurice.com\/wp-content\/uploads\/2024\/10\/Shanti-Maurice_Factsheet_2024-2025_V2.4-281024.pdf?fm=pdf\">Shanti Maurice Factsheet 2024-2025<\/a><\/li>\n<li><a href=\"https:\/\/hotelcms-production.imgix.net\/shantimaurice.com\/wp-content\/uploads\/2017\/11\/AGE-Factsheet-EN.pdf\">Avalon Golf Estate Factsheet<\/a><\/li>\n<\/ul>\n<\/div>\n<\/div>\n<\/div>\n<\/div>\n<p><strong>Press Enquiries<\/strong><\/p>\n<p>Sales &amp; Marketing Department<\/p>\n<p><a href=\"mailto:sales@shantimaurice.com\">sales@shantimaurice.com<\/a><\/p>\n<p>Please do not hesitate to contact us if you are interested in receiving more information.<\/p>\n    <\/div>\n\n<\/div>\n<\/div><\/div><\/div><\/div><\/div>","protected":false},"excerpt":{"rendered":"<p>Medien &amp; Presse Willkommen in unserem Medien- &amp; Pressebereich. Wir freuen uns \u00fcber Ihren Besuch. Hier k\u00f6nnen Sie unsere neuesten Presseinformationen &amp; Fotos herunterladen. Wenn Sie weitere Informationen ben\u00f6tigen, stehen wir Ihnen gern zur Verf\u00fcgung. Besuchen Sie die Bildbibliothek user: shantimaurice password: press Videos Shanti Maurice Video Teaser (Youtube) Shanti Maurice Video Review (Youtube) Celebrate &hellip;<\/p>\n","protected":false},"author":1,"featured_media":0,"parent":0,"menu_order":39,"comment_status":"closed","ping_status":"closed","template":"","meta":{"_acf_changed":false,"footnotes":""},"class_list":["post--2065","post--page","post--type-page","post--status-publish","post--hentry"],"acf":[],"_links":{"self":[{"href":"https:\/\/shantimaurice.com\/de\/wp-json\/wp\/v2\/pages\/2065","targetHints":{"allow":["GET"]}}],"collection":[{"href":"https:\/\/shantimaurice.com\/de\/wp-json\/wp\/v2\/pages"}],"about":[{"href":"https:\/\/shantimaurice.com\/de\/wp-json\/wp\/v2\/types\/page"}],"author":[{"embeddable":true,"href":"https:\/\/shantimaurice.com\/de\/wp-json\/wp\/v2\/users\/1"}],"replies":[{"embeddable":true,"href":"https:\/\/shantimaurice.com\/de\/wp-json\/wp\/v2\/comments?post=2065"}],"version-history":[{"count":7,"href":"https:\/\/shantimaurice.com\/de\/wp-json\/wp\/v2\/pages\/2065\/revisions"}],"predecessor-version":[{"id":22340,"href":"https:\/\/shantimaurice.com\/de\/wp-json\/wp\/v2\/pages\/2065\/revisions\/22340"}],"wp:attachment":[{"href":"https:\/\/shantimaurice.com\/de\/wp-json\/wp\/v2\/media?parent=2065"}],"curies":[{"name":"wp","href":"https:\/\/api.w.org\/{rel}","templated":true}]}}