{"id":2078,"date":"2017-11-29T14:24:00","date_gmt":"2017-11-29T14:24:38","guid":{"rendered":"https:\/\/shantimaurice.testingcreative.co.uk\/privacy-policy\/"},"modified":"2023-09-13T08:50:10","modified_gmt":"2023-09-13T08:50:10","slug":"privacy-policy","status":"publish","type":"page","link":"https:\/\/shantimaurice.com\/de\/privacy-policy\/","title":{"rendered":"Datenschutz"},"content":{"rendered":"<div id=\"pl-2078\"  class=\"panel-layout\" ><div id=\"pg-2078-0\"  class=\"panel-grid panel-has-style\" ><div class=\"c-row--valign-default c-row--widget-none c-row--margin-small c-row--column-default siteorigin-panels-stretch panel-row-style panel-row-style-for-2078-0\" data-stretch-type=\"full-stretched\" ><div id=\"pgc-2078-0-0\"  class=\"panel-grid-cell\" ><div id=\"panel-2078-0-0-0\" class=\"so-panel widget widget_cn-core-hero-widget panel-first-child panel-last-child\" data-index=\"0\" ><div\n\t\t\t\n\t\t\tclass=\"so-widget-cn-core-hero-widget so-widget-cn-core-hero-widget-base\"\n\t\t\t\n\t\t><section class=\"c-hero c-hero--short\">\n    <div class=\"c-hero__inner\">\n        \n        <div class=\"c-hero__content\">\n\n            \n                            <p class=\"c-hero__subheading\">\n                    Datenschutzrichtlinie                <\/p>\n                    <\/div>\n\n        \n    <\/div>\n\n\n\n    \n    \n    <div data-src=\"https:\/\/hotelcms-production.imgix.net\/shantimaurice.com\/wp-content\/uploads\/2022\/01\/Shanti-Maurice-Resort-Spa_VILLAS_Oceanview-Pool-Villa_05-2.jpg\" data-crop=\"\" class=\"imgix-fluid  crop \/ c-hero__background\"><\/div><noscript><div style=\"background-image: url(https:\/\/hotelcms-production.imgix.net\/shantimaurice.com\/wp-content\/uploads\/2022\/01\/Shanti-Maurice-Resort-Spa_VILLAS_Oceanview-Pool-Villa_05-2.jpg);\" class=\"crop \/ c-hero__background\" ><\/div><\/noscript>\n    \n    <\/section>\n<\/div><\/div><\/div><\/div><\/div><div id=\"pg-2078-1\"  class=\"panel-grid panel-no-style\" ><div id=\"pgc-2078-1-0\"  class=\"panel-grid-cell\" ><div id=\"panel-2078-1-0-0\" class=\"so-panel widget widget_cn-core-text-widget panel-first-child panel-last-child\" data-index=\"1\" ><div\n\t\t\t\n\t\t\tclass=\"so-widget-cn-core-text-widget so-widget-cn-core-text-widget-base\"\n\t\t\t\n\t\t>\n<div class=\"c-text no-variation\" >\n\n    \n    \n    \n    <div class=\"c-text__content s-entry\">\n        <ol>\n<li>Einleitung<\/li>\n<\/ol>\n<p>Ihre Privatsph\u00e4re ist f\u00fcr uns im Shanti Maurice Resort &amp; Spa (im Folgenden als \"wir\", \"uns\" oder \"unser\" bezeichnet) von gr\u00f6\u00dfter Bedeutung. Wir verpflichten uns, Ihre pers\u00f6nlichen Daten zu sch\u00fctzen und sicherzustellen, dass Ihre Interaktion mit uns, ob \u00fcber unsere Website oder unsere App, so sicher und privat wie m\u00f6glich ist.<\/p>\n<ol start=\"2\">\n<li>Datenerfassung<\/li>\n<\/ol>\n<p>Wir k\u00f6nnen pers\u00f6nliche Daten von Ihnen erfassen, wenn Sie:<\/p>\n<p>a. Unsere Website besuchen oder unsere App verwenden.<br \/>\nb. Eine Buchung bei uns vornehmen.<br \/>\nc. Unsere Dienstleistungen und Einrichtungen nutzen.<br \/>\nd. Mit uns kommunizieren, z.B. per E-Mail, Telefon oder soziale Medien.<br \/>\ne. An einer Umfrage, einem Wettbewerb oder einer Werbeaktion teilnehmen.<\/p>\n<p>Die Arten von pers\u00f6nlichen Daten, die wir m\u00f6glicherweise erfassen, umfassen:<\/p>\n<p>a. Kontaktdaten: Name, Adresse, E-Mail-Adresse, Telefonnummer.<br \/>\nb. Pers\u00f6nliche Daten: Geburtsdatum, Nationalit\u00e4t.<br \/>\nc. Transaktionsdaten: Zahlungsinformationen, Buchungsdetails, zus\u00e4tzlich angeforderte Dienstleistungen oder Annehmlichkeiten.<br \/>\nd. Technische Daten: IP-Adresse, Browsertyp, Standortdaten, Ger\u00e4teinformationen, Betriebssystem und Details zu Ihren Browseraktivit\u00e4ten auf unserer Website oder App.<\/p>\n<ol start=\"3\">\n<li>Verwendung Ihrer Pers\u00f6nlichen Daten<\/li>\n<\/ol>\n<p>Wir k\u00f6nnen Ihre pers\u00f6nlichen Daten f\u00fcr folgende Zwecke verwenden:<\/p>\n<p>a. Um Ihre Buchung zu bearbeiten und die von Ihnen angeforderten Dienstleistungen bereitzustellen.<br \/>\nb. Um mit Ihnen bez\u00fcglich Ihrer Buchung oder Nutzung unserer Dienstleistungen zu kommunizieren.<br \/>\nc. Um unsere Dienstleistungen und Einrichtungen zu verbessern.<br \/>\nd. F\u00fcr Marketingzwecke, wie das Senden von Werbematerial oder Angeboten, wenn Sie zugestimmt haben, diese zu erhalten.<br \/>\ne. Um rechtlichen Verpflichtungen nachzukommen oder unsere Rechte, unser Eigentum oder unsere Sicherheit oder die unserer G\u00e4ste und Mitarbeiter zu sch\u00fctzen.<\/p>\n<ol start=\"4\">\n<li>Datenweitergabe<\/li>\n<\/ol>\n<p>Wir verkaufen Ihre pers\u00f6nlichen Daten nicht an Dritte. Wir k\u00f6nnen Ihre pers\u00f6nlichen Daten mit vertrauensw\u00fcrdigen Dritten wie Dienstleistungsanbietern und Vertragspartnern teilen, um unsere Dienstleistungen bereitzustellen und zu verbessern, Zahlungen abzuwickeln, Kundensupport zu bieten oder aus rechtlichen Gr\u00fcnden.<\/p>\n<ol start=\"5\">\n<li>Datensicherheit<\/li>\n<\/ol>\n<p>Wir haben angemessene physische, technische und administrative Verfahren implementiert, um die von Ihnen gesammelten Informationen zu sch\u00fctzen und zu sichern.<\/p>\n<ol start=\"6\">\n<li>Ihre Rechte<\/li>\n<\/ol>\n<p>Sie haben das Recht, auf Ihre pers\u00f6nlichen Daten zuzugreifen, sie zu korrigieren oder zu l\u00f6schen oder unsere Verarbeitung Ihrer pers\u00f6nlichen Daten einzuschr\u00e4nken oder dagegen zu widersprechen. Sie haben auch das Recht auf Daten\u00fcbertragbarkeit.<\/p>\n<ol start=\"7\">\n<li>Cookies<\/li>\n<\/ol>\n<p>Wir verwenden Cookies und \u00e4hnliche Technologien, um Ihre Benutzererfahrung auf unserer Website und App zu verbessern. Weitere Informationen \u00fcber die von uns verwendeten Cookies finden Sie in unserer Cookie-Richtlinie.<\/p>\n<ol start=\"8\">\n<li>\u00c4nderungen dieser Datenschutzhinweise<\/li>\n<\/ol>\n<p>Wir k\u00f6nnen diese Datenschutzhinweise von Zeit zu Zeit aktualisieren, um \u00c4nderungen gesetzlicher oder regulatorischer Verpflichtungen oder \u00c4nderungen in der Art und Weise, wie wir pers\u00f6nliche Daten verarbeiten, widerzuspiegeln. Wir werden Sie \u00fcber wesentliche \u00c4nderungen informieren.<\/p>\n<ol start=\"9\">\n<li>Kontaktieren Sie uns<\/li>\n<\/ol>\n<p>Wenn Sie Fragen oder Bedenken zu dieser Datenschutzhinweise haben oder eines Ihrer Rechte aus\u00fcben m\u00f6chten, kontaktieren Sie uns bitte \u00fcber unsere Kontakt-Seite.<\/p>\n<p>Zuletzt aktualisiert: 18. Juli 2023<\/p>\n    <\/div>\n\n<\/div>\n<\/div><\/div><\/div><\/div><\/div>","protected":false},"excerpt":{"rendered":"<p>Datenschutzrichtlinie Einleitung Ihre Privatsph\u00e4re ist f\u00fcr uns im Shanti Maurice Resort &amp; Spa (im Folgenden als &#8220;wir&#8221;, &#8220;uns&#8221; oder &#8220;unser&#8221; bezeichnet) von gr\u00f6\u00dfter Bedeutung. Wir verpflichten uns, Ihre pers\u00f6nlichen Daten zu sch\u00fctzen und sicherzustellen, dass Ihre Interaktion mit uns, ob \u00fcber unsere Website oder unsere App, so sicher und privat wie m\u00f6glich ist. Datenerfassung Wir &hellip;<\/p>\n","protected":false},"author":1,"featured_media":0,"parent":0,"menu_order":43,"comment_status":"closed","ping_status":"closed","template":"","meta":{"_acf_changed":false,"footnotes":""},"class_list":["post--2078","post--page","post--type-page","post--status-publish","post--hentry"],"acf":[],"_links":{"self":[{"href":"https:\/\/shantimaurice.com\/de\/wp-json\/wp\/v2\/pages\/2078","targetHints":{"allow":["GET"]}}],"collection":[{"href":"https:\/\/shantimaurice.com\/de\/wp-json\/wp\/v2\/pages"}],"about":[{"href":"https:\/\/shantimaurice.com\/de\/wp-json\/wp\/v2\/types\/page"}],"author":[{"embeddable":true,"href":"https:\/\/shantimaurice.com\/de\/wp-json\/wp\/v2\/users\/1"}],"replies":[{"embeddable":true,"href":"https:\/\/shantimaurice.com\/de\/wp-json\/wp\/v2\/comments?post=2078"}],"version-history":[{"count":5,"href":"https:\/\/shantimaurice.com\/de\/wp-json\/wp\/v2\/pages\/2078\/revisions"}],"predecessor-version":[{"id":17967,"href":"https:\/\/shantimaurice.com\/de\/wp-json\/wp\/v2\/pages\/2078\/revisions\/17967"}],"wp:attachment":[{"href":"https:\/\/shantimaurice.com\/de\/wp-json\/wp\/v2\/media?parent=2078"}],"curies":[{"name":"wp","href":"https:\/\/api.w.org\/{rel}","templated":true}]}}