{"id":2087,"date":"2017-11-22T16:25:03","date_gmt":"2017-11-22T16:25:03","guid":{"rendered":"https:\/\/shantimaurice.testingcreative.co.uk\/kontaktiere-uns\/how-to-find-us\/"},"modified":"2025-10-02T13:29:09","modified_gmt":"2025-10-02T13:29:09","slug":"so-finden-sie-uns","status":"publish","type":"page","link":"https:\/\/shantimaurice.com\/de\/kontaktiere-uns\/so-finden-sie-uns\/","title":{"rendered":"So finden Sie uns"},"content":{"rendered":"<div id=\"pl-2087\"  class=\"panel-layout\" ><div id=\"pg-2087-0\"  class=\"panel-grid panel-has-style\" ><div class=\"c-row--valign-default c-row--widget-default c-row--margin-default c-row--column-none siteorigin-panels-stretch panel-row-style panel-row-style-for-2087-0\" data-stretch-type=\"full-stretched\" ><div id=\"pgc-2087-0-0\"  class=\"panel-grid-cell\" ><div id=\"panel-2087-0-0-0\" class=\"so-panel widget widget_cn-core-hero-widget panel-first-child panel-last-child\" data-index=\"0\" ><div\n\t\t\t\n\t\t\tclass=\"so-widget-cn-core-hero-widget so-widget-cn-core-hero-widget-base\"\n\t\t\t\n\t\t><section class=\"c-hero c-hero--short\">\n    <div class=\"c-hero__inner\">\n        \n        <div class=\"c-hero__content\">\n\n                            <h1 class=\"c-hero__heading\">\n                    Zu Shanti Maurice                <\/h1>\n            \n                            <p class=\"c-hero__subheading\">\n                    So finden Sie uns                <\/p>\n                            <div class=\"s-entry \/ c-hero__text\">\n                    <p>\n                        Das Abenteuer beginnt hier                    <\/p>\n                <\/div>\n                    <\/div>\n\n        \n    <\/div>\n\n\n\n    \n    \n    <div data-src=\"https:\/\/hotelcms-production.imgix.net\/shantimaurice.com\/wp-content\/uploads\/2017\/11\/SHM_Stars_Sunset-Pool-View_RGB.jpg\" data-crop=\"manual\" class=\"imgix-fluid  crop \/ c-hero__background\" data-focus-horizontal=\"20\" data-focus-vertical=\"80\"><\/div><noscript><div style=\"background-image: url(https:\/\/hotelcms-production.imgix.net\/shantimaurice.com\/wp-content\/uploads\/2017\/11\/SHM_Stars_Sunset-Pool-View_RGB.jpg);\" class=\"crop \/ c-hero__background\" ><\/div><\/noscript>\n    \n    <\/section>\n<\/div><\/div><\/div><\/div><\/div><div id=\"pg-2087-1\"  class=\"panel-grid panel-has-style\" ><div class=\"c-row--valign-default c-row--widget-default c-row--margin-large c-row--column-none panel-row-style panel-row-style-for-2087-1\" ><div id=\"pgc-2087-1-0\"  class=\"panel-grid-cell\" ><div id=\"panel-2087-1-0-0\" class=\"so-panel widget widget_cn-core-map-widget panel-first-child panel-last-child\" data-index=\"1\" ><div\n\t\t\t\n\t\t\tclass=\"so-widget-cn-core-map-widget so-widget-cn-core-map-widget-base\"\n\t\t\t\n\t\t>\n<div class=\"c-map c-map--medium  \">\n\n    <iframe loading=\"lazy\"\n        class=\"c-map__iframe\"\n        width=\"600\"\n        height=\"450\"\n        frameborder=\"0\" style=\"border:0\"\n        src=\"https:\/\/www.google.com\/maps\/embed\/v1\/place?key=AIzaSyAfMifd1m0_iCbERIGYMhBEREygWhvqzsw&q=Shanti+Maurice+Resort+%26amp%3B+Spa+Coastal+Road%2C+Saint+Felix%2C+Mauritius&zoom=14\">\n    <\/iframe>\n\n    \n<\/div>\n<\/div><\/div><\/div><\/div><\/div><div id=\"pg-2087-2\"  class=\"panel-grid panel-has-style\" ><div class=\"c-row--valign-default c-row--widget-default c-row--margin-none c-row--column-none panel-row-style panel-row-style-for-2087-2\" ><div id=\"pgc-2087-2-0\"  class=\"panel-grid-cell\" ><div id=\"panel-2087-2-0-0\" class=\"so-panel widget widget_cn-core-cta-widget panel-first-child panel-last-child\" data-index=\"2\" ><div\n\t\t\t\n\t\t\tclass=\"so-widget-cn-core-cta-widget so-widget-cn-core-cta-widget-base\"\n\t\t\t\n\t\t><div class=\"c-cta no-layout no-variation\">\n\n    <div class=\"c-cta__content\">\n\n        <div class=\"c-cta__inner\">\n\n            \n            \n            \n            \n            \n            \n                            <div class=\"c-cta__text \/ s-entry\">\n                    <p><strong>Zugriff<\/strong><br \/>Das Resort ist 40 Autominuten vom Flughafen und nur 35 km entfernt.<\/p>\n<p><strong>Transfers<\/strong><br \/>Gerne organisieren wir Ihnen einen Transfer vom Flughafen, der Ihnen einen stressfreien und luxuri\u00f6sen Start in Ihren Aufenthalt erm\u00f6glicht. Wasser und kalte Handt\u00fccher werden mit unseren Komplimenten zur Verf\u00fcgung gestellt.<br \/>Audi Q7, Sitzplatzkapazit\u00e4t 3 - EURO 172 (einfache Fahrt)<br \/>Die Preise werden von unserem Reservierungsteam best\u00e4tigt.<\/p>\n<p><strong>Wie man ankommt<\/strong><br \/>Shanti Maurice ist \u00fcber t\u00e4gliche Direktfl\u00fcge von Europa mit Air Mauritius, Emirates, British Airways, Condor, etc. erreichbar. Das Resort ist nur 35 Kilometer oder eine 40-min\u00fctige Fahrt vom Flughafen entfernt. Limousinen- und Helikopter-Service sind auf Anfrage erh\u00e4ltlich.<\/p>\n                <\/div>\n            \n            \n            \n                    <\/div>\n\n    <\/div>\n\n    \n    \n    \n<\/div>\n\n<\/div><\/div><\/div><div id=\"pgc-2087-2-1\"  class=\"panel-grid-cell\" ><div id=\"panel-2087-2-1-0\" class=\"so-panel widget widget_cn-core-cta-widget panel-first-child panel-last-child\" data-index=\"3\" ><div\n\t\t\t\n\t\t\tclass=\"so-widget-cn-core-cta-widget so-widget-cn-core-cta-widget-base\"\n\t\t\t\n\t\t><div class=\"c-cta no-layout no-variation\">\n\n    <div class=\"c-cta__content\">\n\n        <div class=\"c-cta__inner\">\n\n            \n            \n            \n            \n            \n            \n                            <div class=\"c-cta__text \/ s-entry\">\n                    <p><strong>Richtungen<\/strong><br \/>Nehmen Sie die Autobahn nach Jawaharlal Nehru Hospital und am ersten Kreisverkehr biegen Sie links ab, wo Sie die Hauptstra\u00dfe von La Flora erreichen. Dann biegen Sie links ab und fahren geradeaus durch die folgenden D\u00f6rfer, n\u00e4mlich Britannia, Tyack, Rivi\u00e8re des Anguilles, St. Aubin und Souillac, die ca. 25 Minuten dauern werden. Am Ende des Dorfes Souillac, durch die Br\u00fccke in der N\u00e4he der Ampel, nach 100 Metern biegen Sie links ab (5,3 km bis zum Hotel) fahren Sie durch die K\u00fcstenstra\u00dfe von Riambel. Sie erreichen das Resort dann nach 10 Minuten in St Felix-Rivi\u00e8re des Galets.<br \/>GPS: 24 \u00b0 36,880 ', 54 \u00b0 28,567'<\/p>\n<p><strong>Visum und Zoll<\/strong><br \/>Ein Visum ist f\u00fcr viele Reisende erforderlich, die Mauritius besuchen. Bitte erkundigen Sie sich bei Ihrer lokalen mauritischen Botschaft oder Konsulat nach Kosten und Anwendung.<\/p>\n                <\/div>\n            \n            \n            \n                    <\/div>\n\n    <\/div>\n\n    \n    \n    \n<\/div>\n\n<\/div><\/div><\/div><\/div><\/div><div id=\"pg-2087-3\"  class=\"panel-grid panel-has-style\" ><div class=\"c-row--valign-default c-row--widget-none c-row--margin-none c-row--column-default siteorigin-panels-stretch has-background c-row--background-cover imgix-fluid crop panel-row-style panel-row-style-for-2087-3\" data-stretch-type=\"full\" data-src=\"https:\/\/hotelcms-production.imgix.net\/shantimaurice.com\/wp-content\/uploads\/2017\/11\/texture.png\" data-crop=\"manual\" data-focus-horizontal=\"\" data-focus-vertical=\"\" ><div id=\"pgc-2087-3-0\"  class=\"panel-grid-cell\" ><div id=\"panel-2087-3-0-0\" class=\"so-panel widget widget_cn-core-cta-widget panel-first-child panel-last-child\" data-index=\"4\" ><div\n\t\t\t\n\t\t\tclass=\"so-widget-cn-core-cta-widget so-widget-cn-core-cta-widget-base\"\n\t\t\t\n\t\t><div class=\"c-cta c-cta--layout-breaker no-variation\">\n\n    <div class=\"c-cta__content\">\n\n        <div class=\"c-cta__inner\">\n\n                            <a href=\"https:\/\/shantimaurice.com\/accommodation\/\" class=\"c-cta__anchor\">\n            \n            \n            \n            \n                <div class=\"c-cta__headings\">\n\n                                    <p class=\"c-cta__preheading\">\n                        Bleib bei Shanti Maurice                    <\/p>\n                \n                                    <h2 class=\"c-cta__heading\">\n                        Das Abenteuer beginnt hier                    <\/h2>\n                \n                \n                <\/div>\n\n            \n            \n                            <\/a>\n            \n                            <div class=\"c-cta__text \/ s-entry\">\n                    <p>Genuss, au\u00dfergew\u00f6hnliche Sehensw\u00fcrdigkeiten und unvergessliche Erlebnisse. Es ist nie eine schlechte Zeit, Shanti Maurice zu besuchen, aber es gibt keine bessere Zeit als jetzt.<\/p>\n                <\/div>\n            \n            \n                            <div class=\"c-cta__buttons\">\n                    <a  class=\"c-button button \/ c-cta__button  no-variation\" href=\"https:\/\/shantimaurice.com\/accommodation\/\">\n    Gehe zu Suiten und Villen<\/a>\n\n\n                <\/div>\n            \n                    <\/div>\n\n    <\/div>\n\n    \n    \n            <a href=\"https:\/\/shantimaurice.com\/accommodation\/\" class=\"c-cta__detached-anchor\" href=\"https:\/\/shantimaurice.com\/accommodation\/\"><\/a>\n    \n<\/div>\n\n<\/div><\/div><\/div><\/div><\/div><\/div>","protected":false},"excerpt":{"rendered":"<p>Zu Shanti Maurice So finden Sie uns Das Abenteuer beginnt hier ZugriffDas Resort ist 40 Autominuten vom Flughafen und nur 35 km entfernt. TransfersGerne organisieren wir Ihnen einen Transfer vom Flughafen, der Ihnen einen stressfreien und luxuri\u00f6sen Start in Ihren Aufenthalt erm\u00f6glicht. Wasser und kalte Handt\u00fccher werden mit unseren Komplimenten zur Verf\u00fcgung gestellt.Audi Q7, Sitzplatzkapazit\u00e4t &hellip;<\/p>\n","protected":false},"author":1,"featured_media":0,"parent":1946,"menu_order":0,"comment_status":"closed","ping_status":"closed","template":"","meta":{"_acf_changed":false,"footnotes":""},"class_list":["post--2087","post--page","post--type-page","post--status-publish","post--hentry"],"acf":[],"_links":{"self":[{"href":"https:\/\/shantimaurice.com\/de\/wp-json\/wp\/v2\/pages\/2087","targetHints":{"allow":["GET"]}}],"collection":[{"href":"https:\/\/shantimaurice.com\/de\/wp-json\/wp\/v2\/pages"}],"about":[{"href":"https:\/\/shantimaurice.com\/de\/wp-json\/wp\/v2\/types\/page"}],"author":[{"embeddable":true,"href":"https:\/\/shantimaurice.com\/de\/wp-json\/wp\/v2\/users\/1"}],"replies":[{"embeddable":true,"href":"https:\/\/shantimaurice.com\/de\/wp-json\/wp\/v2\/comments?post=2087"}],"version-history":[{"count":2,"href":"https:\/\/shantimaurice.com\/de\/wp-json\/wp\/v2\/pages\/2087\/revisions"}],"predecessor-version":[{"id":21597,"href":"https:\/\/shantimaurice.com\/de\/wp-json\/wp\/v2\/pages\/2087\/revisions\/21597"}],"up":[{"embeddable":true,"href":"https:\/\/shantimaurice.com\/de\/wp-json\/wp\/v2\/pages\/1946"}],"wp:attachment":[{"href":"https:\/\/shantimaurice.com\/de\/wp-json\/wp\/v2\/media?parent=2087"}],"curies":[{"name":"wp","href":"https:\/\/api.w.org\/{rel}","templated":true}]}}