{"id":2099,"date":"2017-11-22T11:46:45","date_gmt":"2017-11-22T11:46:45","guid":{"rendered":"https:\/\/shantimaurice.testingcreative.co.uk\/about-us\/resort-amenities\/"},"modified":"2018-05-30T15:39:24","modified_gmt":"2018-05-30T15:39:24","slug":"resort-einrichtungen","status":"publish","type":"page","link":"https:\/\/shantimaurice.com\/de\/uber-uns\/resort-einrichtungen\/","title":{"rendered":"Resort-Einrichtungen"},"content":{"rendered":"<div id=\"pl-2099\"  class=\"panel-layout\" ><div id=\"pg-2099-0\"  class=\"panel-grid panel-has-style\" ><div class=\"c-row--valign-default c-row--widget-default c-row--margin-default c-row--column-none siteorigin-panels-stretch panel-row-style panel-row-style-for-2099-0\" data-stretch-type=\"full-stretched\" ><div id=\"pgc-2099-0-0\"  class=\"panel-grid-cell\" ><div id=\"panel-2099-0-0-0\" class=\"so-panel widget widget_cn-core-hero-widget panel-first-child panel-last-child\" data-index=\"0\" ><div\n\t\t\t\n\t\t\tclass=\"so-widget-cn-core-hero-widget so-widget-cn-core-hero-widget-base\"\n\t\t\t\n\t\t><section class=\"c-hero c-hero--short\">\n    <div class=\"c-hero__inner\">\n        \n        <div class=\"c-hero__content\">\n\n                            <h1 class=\"c-hero__heading\">\n                    Was Sie im  Shanti Maurice finden k\u00f6nnen                <\/h1>\n            \n                            <p class=\"c-hero__subheading\">\n                    Resort-Einrichtungen                <\/p>\n                            <div class=\"s-entry \/ c-hero__text\">\n                    <p>\n                        Leben in unserem Resort                    <\/p>\n                <\/div>\n                    <\/div>\n\n        \n    <\/div>\n\n\n\n    \n    \n    <div data-src=\"https:\/\/hotelcms-production.imgix.net\/shantimaurice.com\/wp-content\/uploads\/2017\/11\/SHM_Presidential-Villa_Pool-Terrace_RGB-1.jpg\" data-crop=\"auto\" class=\"imgix-fluid  crop \/ c-hero__background\"><\/div><noscript><div style=\"background-image: url(https:\/\/hotelcms-production.imgix.net\/shantimaurice.com\/wp-content\/uploads\/2017\/11\/SHM_Presidential-Villa_Pool-Terrace_RGB-1.jpg);\" class=\"crop \/ c-hero__background\" ><\/div><\/noscript>\n    \n    <\/section>\n<\/div><\/div><\/div><\/div><\/div><div id=\"pg-2099-1\"  class=\"panel-grid panel-has-style\" ><div class=\"c-row--valign-default c-row--widget-none c-row--margin-none c-row--column-none siteorigin-panels-stretch panel-row-style panel-row-style-for-2099-1\" data-stretch-type=\"full-stretched\" ><div id=\"pgc-2099-1-0\"  class=\"panel-grid-cell\" ><div id=\"panel-2099-1-0-0\" class=\"so-panel widget widget_cn-core-cta-widget panel-first-child panel-last-child\" data-index=\"1\" ><div\n\t\t\t\n\t\t\tclass=\"so-widget-cn-core-cta-widget so-widget-cn-core-cta-widget-base\"\n\t\t\t\n\t\t><div class=\"c-cta c-cta--layout-image-right no-variation has-background\">\n\n    <div class=\"c-cta__content\">\n\n        <div class=\"c-cta__inner\">\n\n            \n            \n            \n            \n                <div class=\"c-cta__headings\">\n\n                \n                                    <h2 class=\"c-cta__heading\">\n                        G\u00e4rten                    <\/h2>\n                \n                \n                <\/div>\n\n            \n            \n            \n                            <div class=\"c-cta__text \/ s-entry\">\n                    <p><em>Egal ob Sie vor dem Fr\u00fchst\u00fcck kurz joggen gehen wollen, beim Sonnenuntergang am Strand spazieren gehen oder nach dem Abendessen noch ein paar Schritte im Mondlicht gehen wollen, Sie werden sehen, dass unsere G\u00e4rten daf\u00fcr die perfekte Kulisse bieten. Begleitet von den melodischen Ges\u00e4ngen tropischer V\u00f6gel, sind diese eine traumhafte Mischung aus umsichtiger Pflege und wilder Natur.<\/em><\/p>\n<p>Unsere G\u00e4rten bieten eine Reihe an exotischen Pflanzen und endemischen B\u00e4umen der Insel Mauritius, die zum Teil unter Naturschutz stehen. Mango- und Litschib\u00e4ume wachsen im Obstgarten und Brotfruchtb\u00e4ume, Kokosnusspalmen, Bougainvilla und Frangipani sind \u00fcberall in den \u00f6ffentlichen und privaten Villag\u00e4rten zu finden.<\/p>\n                <\/div>\n            \n            \n            \n                    <\/div>\n\n    <\/div>\n\n    \n            <div data-src=\"https:\/\/hotelcms-production.imgix.net\/shantimaurice.com\/wp-content\/uploads\/2017\/11\/SHM_Gardens_Woman_RGB.jpg\" data-crop=\"manual\" class=\"imgix-fluid  crop \/ c-background c-cta__background\" data-focus-horizontal=\"65\" data-focus-vertical=\"50\"><\/div><noscript><div style=\"background-image: url(https:\/\/hotelcms-production.imgix.net\/shantimaurice.com\/wp-content\/uploads\/2017\/11\/SHM_Gardens_Woman_RGB.jpg);\" class=\"crop \/ c-background c-cta__background\" ><\/div><\/noscript>    \n    \n<\/div>\n\n<\/div><\/div><\/div><\/div><\/div><div id=\"pg-2099-2\"  class=\"panel-grid panel-has-style\" ><div class=\"c-row--valign-default c-row--widget-none c-row--margin-none c-row--column-none siteorigin-panels-stretch panel-row-style panel-row-style-for-2099-2\" data-stretch-type=\"full-stretched\" ><div id=\"pgc-2099-2-0\"  class=\"panel-grid-cell\" ><div id=\"panel-2099-2-0-0\" class=\"so-panel widget widget_cn-core-cta-widget panel-first-child panel-last-child\" data-index=\"2\" ><div\n\t\t\t\n\t\t\tclass=\"so-widget-cn-core-cta-widget so-widget-cn-core-cta-widget-base\"\n\t\t\t\n\t\t><div class=\"c-cta c-cta--layout-image-left no-variation has-background\">\n\n    <div class=\"c-cta__content\">\n\n        <div class=\"c-cta__inner\">\n\n            \n            \n            \n            \n                <div class=\"c-cta__headings\">\n\n                \n                                    <h2 class=\"c-cta__heading\">\n                        Boutique                    <\/h2>\n                \n                \n                <\/div>\n\n            \n            \n            \n                            <div class=\"c-cta__text \/ s-entry\">\n                    <p><em>Unsere Boutique bietet ein au\u00dfergew\u00f6hnliches Einkaufserlebnis mit einer Schatztruhe an eindrucksvollen und wundersch\u00f6nen St\u00fccken, die k\u00e4uflich erworben werden k\u00f6nnen. Von Kleidung und Schmuck bis zu Dekoration und einheimischen Spezialit\u00e4ten, alles in unser Boutique wurden pers\u00f6nlich von unserem erfahrenen Team ausgew\u00e4hlt.<\/em><\/p>\n<p>Wir haben auch eine beliebte Auswahl an mauritischen Handwerksprodukten auf Lager wie z.B. von Poivre D., Chamarel Rum, Cotton des Iles, handgemachten Kaschmir, nat\u00fcrliche Seifen und luxuri\u00f6se Peelings.<\/p>\n                <\/div>\n            \n            \n            \n                    <\/div>\n\n    <\/div>\n\n    \n            <div data-src=\"https:\/\/hotelcms-production.imgix.net\/shantimaurice.com\/wp-content\/uploads\/2017\/11\/SHM_Boutique_RGB.jpg\" data-crop=\"\" class=\"imgix-fluid  crop \/ c-background c-cta__background\"><\/div><noscript><div style=\"background-image: url(https:\/\/hotelcms-production.imgix.net\/shantimaurice.com\/wp-content\/uploads\/2017\/11\/SHM_Boutique_RGB.jpg);\" class=\"crop \/ c-background c-cta__background\" ><\/div><\/noscript>    \n    \n<\/div>\n\n<\/div><\/div><\/div><\/div><\/div><div id=\"pg-2099-3\"  class=\"panel-grid panel-has-style\" ><div class=\"c-row--valign-default c-row--widget-none c-row--margin-none c-row--column-none siteorigin-panels-stretch panel-row-style panel-row-style-for-2099-3\" data-stretch-type=\"full-stretched\" ><div id=\"pgc-2099-3-0\"  class=\"panel-grid-cell\" ><div id=\"panel-2099-3-0-0\" class=\"so-panel widget widget_cn-core-cta-widget panel-first-child panel-last-child\" data-index=\"3\" ><div\n\t\t\t\n\t\t\tclass=\"so-widget-cn-core-cta-widget so-widget-cn-core-cta-widget-base\"\n\t\t\t\n\t\t><div class=\"c-cta c-cta--layout-image-right no-variation has-background\">\n\n    <div class=\"c-cta__content\">\n\n        <div class=\"c-cta__inner\">\n\n            \n            \n            \n            \n                <div class=\"c-cta__headings\">\n\n                \n                                    <h2 class=\"c-cta__heading\">\n                        Bibliothek                    <\/h2>\n                \n                \n                <\/div>\n\n            \n            \n            \n                            <div class=\"c-cta__text \/ s-entry\">\n                    <p><em>Die Bibliothek ist der ideale Platz, um abzuschalten und zu entspannen, w\u00e4hrend Sie in friedlicher Atmosph\u00e4re ein gutes Buch lesen.<\/em><\/p>\n<p>Wir stellen all unseren G\u00e4sten eine Auswahl an internationalen Zeitungen und Zeitschriften zur Verf\u00fcgung und unsere Bibliothek bietet einen gem\u00fctlichen Platz, um sich auf den neusten Stand der Dinge zu bringen. Anderenfalls stehen Ihnen unsere zwei modernen iMac Computer mit Druckern zur Verf\u00fcgung, um im Internet zu surfen.<\/p>\n                <\/div>\n            \n            \n            \n                    <\/div>\n\n    <\/div>\n\n    \n            <div data-src=\"https:\/\/hotelcms-production.imgix.net\/shantimaurice.com\/wp-content\/uploads\/2017\/11\/SHM_Library.jpg\" data-crop=\"\" class=\"imgix-fluid  crop \/ c-background c-cta__background\"><\/div><noscript><div style=\"background-image: url(https:\/\/hotelcms-production.imgix.net\/shantimaurice.com\/wp-content\/uploads\/2017\/11\/SHM_Library.jpg);\" class=\"crop \/ c-background c-cta__background\" ><\/div><\/noscript>    \n    \n<\/div>\n\n<\/div><\/div><\/div><\/div><\/div><div id=\"pg-2099-4\"  class=\"panel-grid panel-has-style\" ><div class=\"c-row--valign-default c-row--widget-none c-row--margin-none c-row--column-none siteorigin-panels-stretch panel-row-style panel-row-style-for-2099-4\" data-stretch-type=\"full-stretched\" ><div id=\"pgc-2099-4-0\"  class=\"panel-grid-cell\" ><div id=\"panel-2099-4-0-0\" class=\"so-panel widget widget_cn-core-cta-widget panel-first-child panel-last-child\" data-index=\"4\" ><div\n\t\t\t\n\t\t\tclass=\"so-widget-cn-core-cta-widget so-widget-cn-core-cta-widget-base\"\n\t\t\t\n\t\t><div class=\"c-cta c-cta--layout-image-left no-variation has-background\">\n\n    <div class=\"c-cta__content\">\n\n        <div class=\"c-cta__inner\">\n\n            \n            \n            \n            \n                <div class=\"c-cta__headings\">\n\n                \n                                    <h2 class=\"c-cta__heading\">\n                        N\u00fctzliche Informationen                    <\/h2>\n                \n                \n                <\/div>\n\n            \n            \n            \n                            <div class=\"c-cta__text \/ s-entry\">\n                    <p><strong>Sprache<\/strong><br \/>Die Amtssprache ist Englisch, jedoch wird h\u00e4ufiger Franz\u00f6sisch gesprochen und Kreol, aus dem Franz\u00f6sischen stammend, bleibt die Lingua franca.<\/p>\n<p><strong>W\u00e4hrung<\/strong><br \/>Die amtliche W\u00e4hrung ist die mauritische Rupie (MUR), Euro und US Dollar werden jedoch auch in vielen Gesch\u00e4ften akzeptiert.<\/p>\n<p><strong>Wetter<\/strong><br \/>Das lokale Klima ist tropisch, mit Durchschnittstemperaturen von 30 Grad im Dezember bis zu 22 Grad im Juni. Es gibt einen warmen, trockenen Winter zwischen Mai und November und einen hei\u00dfen Sommer mit hoher Luftfeuchtigkeit von November bis Mai.<\/p>\n                <\/div>\n            \n            \n            \n                    <\/div>\n\n    <\/div>\n\n    \n            <div data-src=\"https:\/\/hotelcms-production.imgix.net\/shantimaurice.com\/wp-content\/uploads\/2017\/11\/SHM_FR-Shack_Bed_Group_RGB.jpg\" data-crop=\"manual\" class=\"imgix-fluid  crop \/ c-background c-cta__background\" data-focus-horizontal=\"50\" data-focus-vertical=\"40\"><\/div><noscript><div style=\"background-image: url(https:\/\/hotelcms-production.imgix.net\/shantimaurice.com\/wp-content\/uploads\/2017\/11\/SHM_FR-Shack_Bed_Group_RGB.jpg);\" class=\"crop \/ c-background c-cta__background\" ><\/div><\/noscript>    \n    \n<\/div>\n\n<\/div><\/div><\/div><\/div><\/div><div id=\"pg-2099-5\"  class=\"panel-grid panel-has-style\" ><div class=\"c-row--valign-default c-row--widget-none c-row--margin-small c-row--column-large c-row--style-muted siteorigin-panels-stretch panel-row-style panel-row-style-for-2099-5\" data-stretch-type=\"full-stretched\" ><div id=\"pgc-2099-5-0\"  class=\"panel-grid-cell\" ><div id=\"panel-2099-5-0-0\" class=\"so-panel widget widget_cn-core-adjacent-pages-widget panel-first-child panel-last-child\" data-index=\"5\" ><div\n\t\t\t\n\t\t\tclass=\"so-widget-cn-core-adjacent-pages-widget so-widget-cn-core-adjacent-pages-widget-base\"\n\t\t\t\n\t\t><nav class=\"c-siblings  \">\n\n    <ul class=\"menu\">\n        <li class=\"c-siblings__page \/ menu__previous\">\n                            <a href=\"https:\/\/shantimaurice.com\/about-us\/\">Geh zu uns<\/a>\n                    <\/li>\n\n        \n        <li class=\"c-siblings__page \/ menu__next\">\n                        <a href=\"https:\/\/shantimaurice.com\/de\/uber-uns\/bildergalerie\/\" class=\"\">Next page &rarr;<\/a>                    <\/li>\n    <\/ul>\n\n<\/nav><\/div><\/div><\/div><\/div><\/div><div id=\"pg-2099-6\"  class=\"panel-grid panel-has-style\" ><div class=\"c-row--valign-default c-row--widget-none c-row--margin-none c-row--column-default siteorigin-panels-stretch has-background c-row--background-cover imgix-fluid crop panel-row-style panel-row-style-for-2099-6\" data-stretch-type=\"full\" data-src=\"https:\/\/hotelcms-production.imgix.net\/shantimaurice.com\/wp-content\/uploads\/2017\/11\/texture.png\" data-crop=\"manual\" data-focus-horizontal=\"\" data-focus-vertical=\"\" ><div id=\"pgc-2099-6-0\"  class=\"panel-grid-cell\" ><div id=\"panel-2099-6-0-0\" class=\"so-panel widget widget_cn-core-cta-widget panel-first-child panel-last-child\" data-index=\"6\" ><div\n\t\t\t\n\t\t\tclass=\"so-widget-cn-core-cta-widget so-widget-cn-core-cta-widget-base\"\n\t\t\t\n\t\t><div class=\"c-cta c-cta--layout-breaker no-variation\">\n\n    <div class=\"c-cta__content\">\n\n        <div class=\"c-cta__inner\">\n\n                            <a href=\"https:\/\/shantimaurice.com\/accommodation\/\" class=\"c-cta__anchor\">\n            \n            \n            \n            \n                <div class=\"c-cta__headings\">\n\n                                    <p class=\"c-cta__preheading\">\n                        \u00dcbernachten Sie im Shanti Maurice                    <\/p>\n                \n                                    <h2 class=\"c-cta__heading\">\n                        Zeit f\u00fcr Abenteuer                    <\/h2>\n                \n                \n                <\/div>\n\n            \n            \n                            <\/a>\n            \n                            <div class=\"c-cta__text \/ s-entry\">\n                    <p>Geschmack ohne Grenzen, au\u00dfergew\u00f6hnliche Sehensw\u00fcrdigkeiten und unvergessliche Erlebnisse. Es ist immer eine gute Zeit, das Shanti Maurice zu besuchen. Fangen Sie also schon jetzt damit an, Ihr n\u00e4chstes Abenteuer zu planen.<\/p>\n                <\/div>\n            \n            \n                            <div class=\"c-cta__buttons\">\n                    <a  class=\"c-button button \/ c-cta__button  no-variation\" href=\"https:\/\/shantimaurice.com\/accommodation\/\">\n    Gehe zu den Suiten und Villen<\/a>\n\n\n                <\/div>\n            \n                    <\/div>\n\n    <\/div>\n\n    \n    \n            <a href=\"https:\/\/shantimaurice.com\/accommodation\/\" class=\"c-cta__detached-anchor\" href=\"https:\/\/shantimaurice.com\/accommodation\/\"><\/a>\n    \n<\/div>\n\n<\/div><\/div><\/div><\/div><\/div><\/div>","protected":false},"excerpt":{"rendered":"<p>Was Sie im Shanti Maurice finden k\u00f6nnen Resort-Einrichtungen Leben in unserem Resort G\u00e4rten Egal ob Sie vor dem Fr\u00fchst\u00fcck kurz joggen gehen wollen, beim Sonnenuntergang am Strand spazieren gehen oder nach dem Abendessen noch ein paar Schritte im Mondlicht gehen wollen, Sie werden sehen, dass unsere G\u00e4rten daf\u00fcr die perfekte Kulisse bieten. Begleitet von den &hellip;<\/p>\n","protected":false},"author":1,"featured_media":0,"parent":1941,"menu_order":0,"comment_status":"closed","ping_status":"closed","template":"","meta":{"_acf_changed":false,"footnotes":""},"class_list":["post--2099","post--page","post--type-page","post--status-publish","post--hentry"],"acf":[],"_links":{"self":[{"href":"https:\/\/shantimaurice.com\/de\/wp-json\/wp\/v2\/pages\/2099","targetHints":{"allow":["GET"]}}],"collection":[{"href":"https:\/\/shantimaurice.com\/de\/wp-json\/wp\/v2\/pages"}],"about":[{"href":"https:\/\/shantimaurice.com\/de\/wp-json\/wp\/v2\/types\/page"}],"author":[{"embeddable":true,"href":"https:\/\/shantimaurice.com\/de\/wp-json\/wp\/v2\/users\/1"}],"replies":[{"embeddable":true,"href":"https:\/\/shantimaurice.com\/de\/wp-json\/wp\/v2\/comments?post=2099"}],"version-history":[{"count":3,"href":"https:\/\/shantimaurice.com\/de\/wp-json\/wp\/v2\/pages\/2099\/revisions"}],"predecessor-version":[{"id":2720,"href":"https:\/\/shantimaurice.com\/de\/wp-json\/wp\/v2\/pages\/2099\/revisions\/2720"}],"up":[{"embeddable":true,"href":"https:\/\/shantimaurice.com\/de\/wp-json\/wp\/v2\/pages\/1941"}],"wp:attachment":[{"href":"https:\/\/shantimaurice.com\/de\/wp-json\/wp\/v2\/media?parent=2099"}],"curies":[{"name":"wp","href":"https:\/\/api.w.org\/{rel}","templated":true}]}}