{"id":14611,"date":"2022-06-22T07:55:49","date_gmt":"2022-06-22T07:55:49","guid":{"rendered":"https:\/\/www.shantimaurice.com\/?page_id=14611"},"modified":"2024-09-30T12:42:39","modified_gmt":"2024-09-30T12:42:39","slug":"junior-suite-lagoonview","status":"publish","type":"page","link":"https:\/\/shantimaurice.com\/fr\/accommodation\/junior-suite-lagoonview\/","title":{"rendered":"Junior Suite Lagoonview"},"content":{"rendered":"<div id=\"pl-14611\"  class=\"panel-layout\" ><div id=\"pg-14611-0\"  class=\"panel-grid panel-has-style\" ><div class=\"c-row--valign-default c-row--widget-default c-row--margin-default c-row--column-none panel-row-style panel-row-style-for-14611-0\" ><div id=\"pgc-14611-0-0\"  class=\"panel-grid-cell\" ><div id=\"panel-14611-0-0-0\" class=\"so-panel widget widget_cn-core-hero-widget panel-first-child panel-last-child\" data-index=\"0\" ><div\n\t\t\t\n\t\t\tclass=\"so-widget-cn-core-hero-widget so-widget-cn-core-hero-widget-base\"\n\t\t\t\n\t\t><section class=\"c-hero c-hero--short\">\n    <div class=\"c-hero__inner\">\n        \n        <div class=\"c-hero__content\">\n\n                            <h1 class=\"c-hero__heading\">\n                    Junior Suite Lagoonview                <\/h1>\n            \n                            <p class=\"c-hero__subheading\">\n                    \u00c9l\u00e9gante sophistication avec vue sur le lagon                <\/p>\n                            <div class=\"s-entry \/ c-hero__text\">\n                    <p>\n                        Fen\u00eatres panoramiques, grand balcon, salle de bains attenante, dressing                    <\/p>\n                <\/div>\n                    <\/div>\n\n        \n        <div class=\"c-hero__buttons\">\n\n            <a class=\"c-button  no-variation\" target=\"_blank\" href=\"https:\/\/mpembed.com\/show\/?m=AS4MRePCYWe&#038;mpu=754\" rel=\"noopener\">\n    Virtual Tour - Ground Floor<\/a>\n\n\n<a class=\"c-button  no-variation\" target=\"_blank\" href=\"https:\/\/mpembed.com\/show\/?m=DghTKG8whBW&#038;mpu=754\" rel=\"noopener\">\n    Virtual Tour - First Floor<\/a>\n\n\n\n        <\/div>\n\n        \n    <\/div>\n\n\n\n    \n    \n    <div data-src=\"https:\/\/hotelcms-production.imgix.net\/shantimaurice.com\/wp-content\/uploads\/2019\/04\/130_JS_OceanView.jpg\" data-crop=\"\" class=\"imgix-fluid  crop \/ c-hero__background\"><\/div><noscript><div style=\"background-image: url(https:\/\/hotelcms-production.imgix.net\/shantimaurice.com\/wp-content\/uploads\/2019\/04\/130_JS_OceanView.jpg);\" class=\"crop \/ c-hero__background\" ><\/div><\/noscript>\n    \n    <\/section>\n<\/div><\/div><\/div><\/div><\/div><div id=\"pg-14611-1\"  class=\"panel-grid panel-has-style\" ><div class=\"c-row--valign-middle c-row--widget-none c-row--margin-small c-row--column-large panel-row-style panel-row-style-for-14611-1\" ><div id=\"pgc-14611-1-0\"  class=\"panel-grid-cell\" ><div id=\"panel-14611-1-0-0\" class=\"so-panel widget widget_cn-core-icon-list-widget panel-first-child\" data-index=\"1\" ><div\n\t\t\t\n\t\t\tclass=\"so-widget-cn-core-icon-list-widget so-widget-cn-core-icon-list-widget-base\"\n\t\t\t\n\t\t><div class=\"c-icon-list no-variation\" >\n\n    <div class=\"c-icon-list__headings\">\n    \n        \n                    <h2 class=\"c-icon-list__heading\">Aper\u00e7u de la chambre<\/h2>\n        \n        \n        <\/div>\n    \n    <ul class=\"c-icon-list__menu\">\n            <li class=\"c-icon-list__item\">\n            <div class=\"c-icon-list__icon img-fit\">\n                <img decoding=\"async\" data-src=\"https:\/\/hotelcms-production.imgix.net\/shantimaurice.com\/wp-content\/uploads\/2022\/06\/shutterstock_414530533-copy-2.png\" data-crop=\"\" src=\"data:image\/gif;base64,R0lGODlhBAADAIAAAAAAAAAAACH5BAEAAAAALAAAAAAEAAMAAAIDhI9WADs=\" class=\"imgix-fluid \/ c-image\" alt=\"Guests icon\"  \/><noscript><img decoding=\"async\" src=\"https:\/\/hotelcms-production.imgix.net\/shantimaurice.com\/wp-content\/uploads\/2022\/06\/shutterstock_414530533-copy-2.png\" class=\"c-image\" alt=\"Guests icon\"  \/><\/noscript>            <\/div>\n            <p class=\"c-icon-list__item__text\">2 Adults + 2 children (extra bed)<\/p>\n                    <\/li>\n            <li class=\"c-icon-list__item\">\n            <div class=\"c-icon-list__icon img-fit\">\n                <img decoding=\"async\" data-src=\"https:\/\/hotelcms-production.imgix.net\/shantimaurice.com\/wp-content\/uploads\/2017\/11\/Shanti-icons-08.svg\" data-crop=\"\" src=\"data:image\/gif;base64,R0lGODlhBAADAIAAAAAAAAAAACH5BAEAAAAALAAAAAAEAAMAAAIDhI9WADs=\" class=\"imgix-fluid \/ c-image\" alt=\"Star icon\"  \/><noscript><img decoding=\"async\" src=\"https:\/\/hotelcms-production.imgix.net\/shantimaurice.com\/wp-content\/uploads\/2017\/11\/Shanti-icons-08.svg\" class=\"c-image\" alt=\"Star icon\"  \/><\/noscript>            <\/div>\n            <p class=\"c-icon-list__item__text\">Ground Floor &amp; First Floor<\/p>\n                    <\/li>\n            <li class=\"c-icon-list__item\">\n            <div class=\"c-icon-list__icon img-fit\">\n                <img decoding=\"async\" data-src=\"https:\/\/hotelcms-production.imgix.net\/shantimaurice.com\/wp-content\/uploads\/2017\/11\/Shanti-icons-05.svg\" data-crop=\"\" src=\"data:image\/gif;base64,R0lGODlhBAADAIAAAAAAAAAAACH5BAEAAAAALAAAAAAEAAMAAAIDhI9WADs=\" class=\"imgix-fluid \/ c-image\" alt=\"Bed icon\"  \/><noscript><img decoding=\"async\" src=\"https:\/\/hotelcms-production.imgix.net\/shantimaurice.com\/wp-content\/uploads\/2017\/11\/Shanti-icons-05.svg\" class=\"c-image\" alt=\"Bed icon\"  \/><\/noscript>            <\/div>\n            <p class=\"c-icon-list__item__text\">Master bedroom with king size bed<\/p>\n                    <\/li>\n            <li class=\"c-icon-list__item\">\n            <div class=\"c-icon-list__icon img-fit\">\n                <img decoding=\"async\" data-src=\"https:\/\/hotelcms-production.imgix.net\/shantimaurice.com\/wp-content\/uploads\/2017\/11\/Shanti-icons-21.svg\" data-crop=\"\" src=\"data:image\/gif;base64,R0lGODlhBAADAIAAAAAAAAAAACH5BAEAAAAALAAAAAAEAAMAAAIDhI9WADs=\" class=\"imgix-fluid \/ c-image\" alt=\"Waves icon\"  \/><noscript><img decoding=\"async\" src=\"https:\/\/hotelcms-production.imgix.net\/shantimaurice.com\/wp-content\/uploads\/2017\/11\/Shanti-icons-21.svg\" class=\"c-image\" alt=\"Waves icon\"  \/><\/noscript>            <\/div>\n            <p class=\"c-icon-list__item__text\">Private balcony with lagoon views<\/p>\n                    <\/li>\n            <li class=\"c-icon-list__item\">\n            <div class=\"c-icon-list__icon img-fit\">\n                <img decoding=\"async\" data-src=\"https:\/\/hotelcms-production.imgix.net\/shantimaurice.com\/wp-content\/uploads\/2017\/11\/Shanti-icons-30.svg\" data-crop=\"\" src=\"data:image\/gif;base64,R0lGODlhBAADAIAAAAAAAAAAACH5BAEAAAAALAAAAAAEAAMAAAIDhI9WADs=\" class=\"imgix-fluid \/ c-image\" alt=\"Cloakroom icon\"  \/><noscript><img decoding=\"async\" src=\"https:\/\/hotelcms-production.imgix.net\/shantimaurice.com\/wp-content\/uploads\/2017\/11\/Shanti-icons-30.svg\" class=\"c-image\" alt=\"Cloakroom icon\"  \/><\/noscript>            <\/div>\n            <p class=\"c-icon-list__item__text\">Separate dressing room<\/p>\n                    <\/li>\n        <\/ul>\n\n<\/div><\/div><\/div><div id=\"panel-14611-1-0-1\" class=\"so-panel widget widget_cn-core-button-widget panel-last-child\" data-index=\"2\" ><div\n\t\t\t\n\t\t\tclass=\"so-widget-cn-core-button-widget so-widget-cn-core-button-widget-base\"\n\t\t\t\n\t\t><a class=\"c-button  no-variation\" href=\"https:\/\/be.synxis.com\/?adult=1&#038;chain=14463&#038;child=0&#038;currency=EUR&#038;hotel=61793&#038;level=hotel&#038;locale=en-US&#038;productcurrency=EUR&#038;rooms=1\" target=\"_blank\" rel=\"noopener\">\n    Reservez maintenant<\/a>\n\n\n<\/div><\/div><\/div><div id=\"pgc-14611-1-1\"  class=\"panel-grid-cell\" ><div id=\"panel-14611-1-1-0\" class=\"so-panel widget widget_cn-core-image-gallery-trigger-widget panel-first-child panel-last-child\" data-index=\"3\" ><div\n\t\t\t\n\t\t\tclass=\"so-widget-cn-core-image-gallery-trigger-widget so-widget-cn-core-image-gallery-trigger-widget-base\"\n\t\t\t\n\t\t>\n<div\n    class=\"c-gallery-trigger no-variation\"\n    data-module=\"image-gallery-trigger\"\n>\n            <button class='c-gallery-trigger__anchor js-gallery-trigger'>\n                            <figure class=\" crop c-image-gallery__thumbnail js-thumbnail\">\n                    <span\n                        data-width=\"1200\"\n                        data-height=\"960\"\n\n                                                    href=\"https:\/\/hotelcms-production.imgix.net\/shantimaurice.com\/wp-content\/uploads\/2022\/07\/ROOMS_Floor-Plan_Garden-View-Standard.jpg\"\n                                            ><\/span>\n\n                    <div data-src=\"https:\/\/hotelcms-production.imgix.net\/shantimaurice.com\/wp-content\/uploads\/2022\/07\/ROOMS_Floor-Plan_Garden-View-Standard.jpg\" data-crop=\"\" class=\"imgix-fluid  crop c-image c-gallery-trigger__image c-gallery-trigger__thumbnail-image\"><\/div><noscript><div style=\"background-image: url(https:\/\/hotelcms-production.imgix.net\/shantimaurice.com\/wp-content\/uploads\/2022\/07\/ROOMS_Floor-Plan_Garden-View-Standard.jpg);\" class=\"crop c-image c-gallery-trigger__image c-gallery-trigger__thumbnail-image\" ><\/div><\/noscript>                <\/figure>\n            \n            <span class='c-gallery-trigger__trigger'>\n                <span>Lancer la galerie<\/span>\n            <\/span>\n        <\/button>\n    \n            <div class=\"c-gallery-trigger__thumbnail js-thumbnail hide\">\n            <span\n                data-width=\"1200\"\n                data-height=\"960\"\n                data-caption=\"\"\n                title=\"\"\n\n                                    href=\"https:\/\/hotelcms-production.imgix.net\/shantimaurice.com\/wp-content\/uploads\/2022\/07\/ROOMS_Floor-Plan_Garden-View-Standard.jpg\"\n                            >\n            <\/span>\n\n                    <\/div>\n            <div class=\"c-gallery-trigger__thumbnail js-thumbnail hide\">\n            <span\n                data-width=\"1200\"\n                data-height=\"960\"\n                data-caption=\"\"\n                title=\"\"\n\n                                    href=\"https:\/\/hotelcms-production.imgix.net\/shantimaurice.com\/wp-content\/uploads\/2022\/07\/ROOMS_Floor-Plan_Garden-View-Standard.jpg\"\n                            >\n            <\/span>\n\n                    <\/div>\n    <\/div>\n\n<\/div><\/div><\/div><\/div><\/div><div id=\"pg-14611-2\"  class=\"panel-grid panel-has-style\" ><div class=\"c-row--valign-middle c-row--widget-default c-row--margin-default c-row--column-large panel-row-style panel-row-style-for-14611-2\" ><div id=\"pgc-14611-2-0\"  class=\"panel-grid-cell\" ><div id=\"panel-14611-2-0-0\" class=\"so-panel widget widget_cn-core-image-widget panel-first-child panel-last-child\" data-index=\"4\" ><div\n\t\t\t\n\t\t\tclass=\"so-widget-cn-core-image-widget so-widget-cn-core-image-widget-base\"\n\t\t\t\n\t\t>\n<div class=\"c-image-container  no-variation\">\n    \n    <figure class=\"crop\">\n                    <div data-src=\"https:\/\/hotelcms-production.imgix.net\/shantimaurice.com\/wp-content\/uploads\/2019\/04\/127_JS_BeachAccess.jpg\" data-crop=\"\" class=\"imgix-fluid  c-image\"><\/div><noscript><div style=\"background-image: url(https:\/\/hotelcms-production.imgix.net\/shantimaurice.com\/wp-content\/uploads\/2019\/04\/127_JS_BeachAccess.jpg);\" class=\"c-image\" ><\/div><\/noscript>            <\/figure>\n\n    <\/div>\n<\/div><\/div><\/div><div id=\"pgc-14611-2-1\"  class=\"panel-grid-cell\" ><div id=\"panel-14611-2-1-0\" class=\"so-panel widget widget_cn-core-text-widget panel-first-child panel-last-child\" data-index=\"5\" ><div\n\t\t\t\n\t\t\tclass=\"so-widget-cn-core-text-widget so-widget-cn-core-text-widget-base\"\n\t\t\t\n\t\t>\n<div class=\"c-text no-variation\" >\n\n    \n    \n    \n    <div class=\"c-text__content s-entry\">\n        <p>Chacune de nos Junior Suites avec vue d\u00e9gag\u00e9e sur le lagon est d\u00e9cor\u00e9e dans des tons neutres et terreux pour d\u00e9tendre le corps et apaiser l'\u00e2me. De grandes portes coulissantes s'ouvrent sur la terrasse pour laisser entrer la brise marine fra\u00eeche dans la chambre et r\u00e9v\u00e9ler une vue imprenable sur le magnifique oc\u00e9an Indien.<\/p>\n<p>Nos Junior Suites, g\u00e9n\u00e9reusement dimensionn\u00e9es de 65 \u00e0 72 m\u00b2, sont \u00e9quip\u00e9es d'un \u00e9cran LCD \u00e0 \u00e9cran plat avec une vari\u00e9t\u00e9 de cha\u00eenes internationales, d'un syst\u00e8me de divertissement, d'une connexion Wi-Fi haut d\u00e9bit, de services \u00e0 caf\u00e9 et th\u00e9, d'une machine \u00e0 expresso, d'une grande salle de bains et d'un dressing s\u00e9par\u00e9 avec placard ouvert et coiffeuse.<\/p>\n<p>Avec notre concept \"Apportez votre propre contenu\" (BYOC), vous pouvez facilement diffuser vos films, \u00e9missions de t\u00e9l\u00e9vision et musiques pr\u00e9f\u00e9r\u00e9s directement sur votre syst\u00e8me de divertissement en chambre. Que ce soit pour une soir\u00e9e cin\u00e9ma en famille, une s\u00e9ance de binge-watching ou une soir\u00e9e relaxante avec vos morceaux favoris, profitez de votre propre contenu, \u00e0 votre fa\u00e7on. Exp\u00e9rimentez une flexibilit\u00e9 et une commodit\u00e9 ultimes pendant votre s\u00e9jour chez nous.<\/p>\n<p>Veuillez noter que toutes les images sont non contractuelles et que la vue peut varier en fonction de la chambre.<\/p>\n    <\/div>\n\n<\/div>\n<\/div><\/div><\/div><\/div><\/div><div id=\"pg-14611-3\"  class=\"panel-grid panel-has-style\" ><div class=\"c-row--valign-middle c-row--widget-default c-row--margin-small c-row--column-large panel-row-style panel-row-style-for-14611-3\" ><div id=\"pgc-14611-3-0\"  class=\"panel-grid-cell\" ><div id=\"panel-14611-3-0-0\" class=\"so-panel widget widget_cn-core-adjacent-pages-widget panel-first-child panel-last-child\" data-index=\"6\" ><div\n\t\t\t\n\t\t\tclass=\"so-widget-cn-core-adjacent-pages-widget so-widget-cn-core-adjacent-pages-widget-base\"\n\t\t\t\n\t\t><nav class=\"c-siblings  \">\n\n    <ul class=\"menu\">\n        <li class=\"c-siblings__page \/ menu__previous\">\n                            <a href=\"https:\/\/shantimaurice.com\/accommodation\/\">Retour \u00e0 tous les h\u00e9bergements<\/a>\n                    <\/li>\n\n        \n        <li class=\"c-siblings__page \/ menu__next\">\n                        <a href=\"https:\/\/shantimaurice.com\/fr\/accommodation\/spa-junior-suite\/\" class=\"\">Next page &rarr;<\/a>                    <\/li>\n    <\/ul>\n\n<\/nav><\/div><\/div><\/div><\/div><\/div><div id=\"pg-14611-4\"  class=\"panel-grid panel-has-style\" ><div class=\"c-row--valign-default c-row--widget-default c-row--margin-default c-row--column-default has-background c-row--background-cover imgix-fluid crop panel-row-style panel-row-style-for-14611-4\" data-src=\"https:\/\/hotelcms-production.imgix.net\/shantimaurice.com\/wp-content\/uploads\/2017\/11\/texture.png\" data-crop=\"manual\" data-focus-horizontal=\"\" data-focus-vertical=\"\" ><div id=\"pgc-14611-4-0\"  class=\"panel-grid-cell\" ><div id=\"panel-14611-4-0-0\" class=\"so-panel widget widget_cn-core-cta-widget panel-first-child panel-last-child\" data-index=\"7\" ><div\n\t\t\t\n\t\t\tclass=\"so-widget-cn-core-cta-widget so-widget-cn-core-cta-widget-base\"\n\t\t\t\n\t\t><div class=\"c-cta c-cta--layout-breaker no-variation\">\n\n    <div class=\"c-cta__content\">\n\n        <div class=\"c-cta__inner\">\n\n                            <a href=\"https:\/\/be.synxis.com\/?chain=14463&#038;hotel=61793&#038;adult=1&#038;child=0&#038;currency=EUR&#038;level=hotel&#038;locale=en-US&#038;rooms=1&#038;sbe_ri=0\" class=\"c-cta__anchor\" target=\"_blank\" rel=\"noopener\">\n            \n            \n            \n            \n                <div class=\"c-cta__headings\">\n\n                                    <p class=\"c-cta__preheading\">\n                        S\u00e9journez \u00e0 Shanti Maurice                    <\/p>\n                \n                                    <h2 class=\"c-cta__heading\">\n                        L'aventure commence ici                    <\/h2>\n                \n                \n                <\/div>\n\n            \n            \n                            <\/a>\n            \n                            <div class=\"c-cta__text \/ s-entry\">\n                    <p>Des saveurs gourmandes, des vues exceptionnelles et des exp\u00e9riences inoubliables. Il n'y a jamais de mauvais moment pour visiter Shanti Maurice, mais il n'y a pas de meilleur moment que maintenant.<\/p>\n                <\/div>\n            \n            \n                            <div class=\"c-cta__buttons\">\n                    <a class=\"c-button button \/ c-cta__button  no-variation\" target=\"_blank\" href=\"https:\/\/be.synxis.com\/?chain=14463&#038;hotel=61793&#038;adult=1&#038;child=0&#038;currency=EUR&#038;level=hotel&#038;locale=en-US&#038;rooms=1&#038;sbe_ri=0\" rel=\"noopener\">\n    Reservez maintenant<\/a>\n\n\n                <\/div>\n            \n                    <\/div>\n\n    <\/div>\n\n    \n    \n            <a href=\"https:\/\/be.synxis.com\/?chain=14463&#038;hotel=61793&#038;adult=1&#038;child=0&#038;currency=EUR&#038;level=hotel&#038;locale=en-US&#038;rooms=1&#038;sbe_ri=0\" class=\"c-cta__detached-anchor\" target=\"_blank\" rel=\"noopener\"><\/a>\n    \n<\/div>\n\n<\/div><\/div><\/div><\/div><\/div><\/div>","protected":false},"excerpt":{"rendered":"<p>Junior Suite Lagoonview \u00c9l\u00e9gante sophistication avec vue sur le lagon Fen\u00eatres panoramiques, grand balcon, salle de bains attenante, dressing Virtual Tour &#8211; Ground Floor Virtual Tour &#8211; First Floor Aper\u00e7u de la chambre 2 Adults + 2 children (extra bed) Ground Floor &amp; First Floor Master bedroom with king size bed Private balcony with lagoon &hellip;<\/p>\n","protected":false},"author":55,"featured_media":0,"parent":1524,"menu_order":0,"comment_status":"closed","ping_status":"closed","template":"","meta":{"_acf_changed":false,"footnotes":""},"class_list":["post--14611","post--page","post--type-page","post--status-publish","post--hentry"],"acf":[],"_links":{"self":[{"href":"https:\/\/shantimaurice.com\/fr\/wp-json\/wp\/v2\/pages\/14611","targetHints":{"allow":["GET"]}}],"collection":[{"href":"https:\/\/shantimaurice.com\/fr\/wp-json\/wp\/v2\/pages"}],"about":[{"href":"https:\/\/shantimaurice.com\/fr\/wp-json\/wp\/v2\/types\/page"}],"author":[{"embeddable":true,"href":"https:\/\/shantimaurice.com\/fr\/wp-json\/wp\/v2\/users\/55"}],"replies":[{"embeddable":true,"href":"https:\/\/shantimaurice.com\/fr\/wp-json\/wp\/v2\/comments?post=14611"}],"version-history":[{"count":7,"href":"https:\/\/shantimaurice.com\/fr\/wp-json\/wp\/v2\/pages\/14611\/revisions"}],"predecessor-version":[{"id":19912,"href":"https:\/\/shantimaurice.com\/fr\/wp-json\/wp\/v2\/pages\/14611\/revisions\/19912"}],"up":[{"embeddable":true,"href":"https:\/\/shantimaurice.com\/fr\/wp-json\/wp\/v2\/pages\/1524"}],"wp:attachment":[{"href":"https:\/\/shantimaurice.com\/fr\/wp-json\/wp\/v2\/media?parent=14611"}],"curies":[{"name":"wp","href":"https:\/\/api.w.org\/{rel}","templated":true}]}}