{"id":1571,"date":"2020-03-27T12:42:04","date_gmt":"2020-03-27T12:42:04","guid":{"rendered":"https:\/\/shantimaurice.testingcreative.co.uk\/accommodation\/luxury-pool-villa\/"},"modified":"2025-04-07T11:33:53","modified_gmt":"2025-04-07T11:33:53","slug":"oceanview-pool-villa","status":"publish","type":"page","link":"https:\/\/shantimaurice.com\/fr\/accommodation\/oceanview-pool-villa\/","title":{"rendered":"Oceanview Pool Villa"},"content":{"rendered":"<div id=\"pl-1571\"  class=\"panel-layout\" ><div id=\"pg-1571-0\"  class=\"panel-grid panel-has-style\" ><div class=\"c-row--valign-default c-row--widget-default c-row--margin-default c-row--column-none panel-row-style panel-row-style-for-1571-0\" ><div id=\"pgc-1571-0-0\"  class=\"panel-grid-cell\" ><div id=\"panel-1571-0-0-0\" class=\"so-panel widget widget_cn-core-hero-widget panel-first-child panel-last-child\" data-index=\"0\" ><div\n\t\t\t\n\t\t\tclass=\"so-widget-cn-core-hero-widget so-widget-cn-core-hero-widget-base\"\n\t\t\t\n\t\t><section class=\"c-hero c-hero--short\">\n    <div class=\"c-hero__inner\">\n        \n        <div class=\"c-hero__content\">\n\n                            <h1 class=\"c-hero__heading\">\n                    Oceanview Pool Villa                <\/h1>\n            \n                            <p class=\"c-hero__subheading\">\n                    O\u00f9 la vie priv\u00e9e rencontre le luxe                <\/p>\n                            <div class=\"s-entry \/ c-hero__text\">\n                    <p>\n                        Luxe spacieux, piscine priv\u00e9e, pavillon \u00e0 manger                    <\/p>\n                <\/div>\n                    <\/div>\n\n        \n        <div class=\"c-hero__buttons\">\n\n            <a class=\"c-button  no-variation\" target=\"_blank\" href=\"https:\/\/mpembed.com\/show\/?m=M9XmBahvoDB&#038;mpu=754\" rel=\"noopener\">\n    Visite Virtuelle<\/a>\n\n\n\n        <\/div>\n\n        \n    <\/div>\n\n\n\n    \n    \n    <div data-src=\"https:\/\/hotelcms-production.imgix.net\/shantimaurice.com\/wp-content\/uploads\/2022\/01\/Shanti-Maurice-Resort-Spa_VILLAS_Oceanview-Pool-Villa_05-2.jpg\" data-crop=\"\" class=\"imgix-fluid  crop \/ c-hero__background\"><\/div><noscript><div style=\"background-image: url(https:\/\/hotelcms-production.imgix.net\/shantimaurice.com\/wp-content\/uploads\/2022\/01\/Shanti-Maurice-Resort-Spa_VILLAS_Oceanview-Pool-Villa_05-2.jpg);\" class=\"crop \/ c-hero__background\" ><\/div><\/noscript>\n    \n    <\/section>\n<\/div><\/div><\/div><\/div><\/div><div id=\"pg-1571-1\"  class=\"panel-grid panel-has-style\" ><div class=\"c-row--valign-middle c-row--widget-default c-row--margin-default c-row--column-large panel-row-style panel-row-style-for-1571-1\" ><div id=\"pgc-1571-1-0\"  class=\"panel-grid-cell\" ><div id=\"panel-1571-1-0-0\" class=\"so-panel widget widget_cn-core-icon-list-widget panel-first-child\" data-index=\"1\" ><div\n\t\t\t\n\t\t\tclass=\"so-widget-cn-core-icon-list-widget so-widget-cn-core-icon-list-widget-base\"\n\t\t\t\n\t\t><div class=\"c-icon-list no-variation\" >\n\n    <div class=\"c-icon-list__headings\">\n    \n        \n                    <h2 class=\"c-icon-list__heading\">Aper\u00e7u de la chambre<\/h2>\n        \n        \n        <\/div>\n    \n    <ul class=\"c-icon-list__menu\">\n            <li class=\"c-icon-list__item\">\n            <div class=\"c-icon-list__icon img-fit\">\n                            <\/div>\n            <p class=\"c-icon-list__item__text\">2 adultes et 2 enfants\/b\u00e9b\u00e9s<\/p>\n                    <\/li>\n            <li class=\"c-icon-list__item\">\n            <div class=\"c-icon-list__icon img-fit\">\n                <img decoding=\"async\" data-src=\"https:\/\/hotelcms-production.imgix.net\/shantimaurice.com\/wp-content\/uploads\/2017\/11\/Shanti-icons-05.svg\" data-crop=\"\" src=\"data:image\/gif;base64,R0lGODlhBAADAIAAAAAAAAAAACH5BAEAAAAALAAAAAAEAAMAAAIDhI9WADs=\" class=\"imgix-fluid \/ c-image\" alt=\"Bed icon\"  \/><noscript><img decoding=\"async\" src=\"https:\/\/hotelcms-production.imgix.net\/shantimaurice.com\/wp-content\/uploads\/2017\/11\/Shanti-icons-05.svg\" class=\"c-image\" alt=\"Bed icon\"  \/><\/noscript>            <\/div>\n            <p class=\"c-icon-list__item__text\">Chambre des ma\u00eetres avec lit king size<\/p>\n                    <\/li>\n            <li class=\"c-icon-list__item\">\n            <div class=\"c-icon-list__icon img-fit\">\n                <img decoding=\"async\" data-src=\"https:\/\/hotelcms-production.imgix.net\/shantimaurice.com\/wp-content\/uploads\/2017\/11\/Shanti-icons-28.svg\" data-crop=\"\" src=\"data:image\/gif;base64,R0lGODlhBAADAIAAAAAAAAAAACH5BAEAAAAALAAAAAAEAAMAAAIDhI9WADs=\" class=\"imgix-fluid \/ c-image\" alt=\"Pool icon\"  \/><noscript><img decoding=\"async\" src=\"https:\/\/hotelcms-production.imgix.net\/shantimaurice.com\/wp-content\/uploads\/2017\/11\/Shanti-icons-28.svg\" class=\"c-image\" alt=\"Pool icon\"  \/><\/noscript>            <\/div>\n            <p class=\"c-icon-list__item__text\">Jardins priv\u00e9s, piscine et salle \u00e0 manger<\/p>\n                    <\/li>\n            <li class=\"c-icon-list__item\">\n            <div class=\"c-icon-list__icon img-fit\">\n                <img decoding=\"async\" data-src=\"https:\/\/hotelcms-production.imgix.net\/shantimaurice.com\/wp-content\/uploads\/2017\/11\/Shanti-icons-13.svg\" data-crop=\"\" src=\"data:image\/gif;base64,R0lGODlhBAADAIAAAAAAAAAAACH5BAEAAAAALAAAAAAEAAMAAAIDhI9WADs=\" class=\"imgix-fluid \/ c-image\" alt=\"TV Icon\"  \/><noscript><img decoding=\"async\" src=\"https:\/\/hotelcms-production.imgix.net\/shantimaurice.com\/wp-content\/uploads\/2017\/11\/Shanti-icons-13.svg\" class=\"c-image\" alt=\"TV Icon\"  \/><\/noscript>            <\/div>\n            <p class=\"c-icon-list__item__text\">Syst\u00e8me de divertissement sophistiqu\u00e9<\/p>\n                    <\/li>\n        <\/ul>\n\n<\/div><\/div><\/div><div id=\"panel-1571-1-0-1\" class=\"so-panel widget widget_cn-core-button-widget panel-last-child\" data-index=\"2\" ><div\n\t\t\t\n\t\t\tclass=\"so-widget-cn-core-button-widget so-widget-cn-core-button-widget-base\"\n\t\t\t\n\t\t><a class=\"c-button  no-variation\" target=\"_blank\" href=\"https:\/\/be.synxis.com\/?adult=2&#038;arrive=2025-04-07&#038;chain=14463&#038;child=0&#038;currency=EUR&#038;depart=2025-04-08&#038;hotel=61793&#038;level=hotel&#038;locale=en-US&#038;productcurrency=EUR&#038;rooms=1\" rel=\"noopener\">\n    Reservez maintenant<\/a>\n\n\n<\/div><\/div><\/div><div id=\"pgc-1571-1-1\"  class=\"panel-grid-cell\" ><div id=\"panel-1571-1-1-0\" class=\"so-panel widget widget_cn-core-image-gallery-trigger-widget panel-first-child panel-last-child\" data-index=\"3\" ><div\n\t\t\t\n\t\t\tclass=\"so-widget-cn-core-image-gallery-trigger-widget so-widget-cn-core-image-gallery-trigger-widget-base\"\n\t\t\t\n\t\t>\n<div\n    class=\"c-gallery-trigger no-variation\"\n    data-module=\"image-gallery-trigger\"\n>\n            <button class='c-gallery-trigger__anchor js-gallery-trigger'>\n                            <figure class=\" crop c-image-gallery__thumbnail js-thumbnail\">\n                    <span\n                        data-width=\"1200\"\n                        data-height=\"1021\"\n\n                                                    href=\"https:\/\/hotelcms-production.imgix.net\/shantimaurice.com\/wp-content\/uploads\/2017\/11\/Luxury-Pool-Villa.jpg\"\n                                            ><\/span>\n\n                    <div data-src=\"https:\/\/hotelcms-production.imgix.net\/shantimaurice.com\/wp-content\/uploads\/2017\/11\/Luxury-Pool-Villa.jpg\" data-crop=\"manual\" class=\"imgix-fluid  crop c-image c-gallery-trigger__image c-gallery-trigger__thumbnail-image\" data-focus-horizontal=\"50\" data-focus-vertical=\"50\"><\/div><noscript><div style=\"background-image: url(https:\/\/hotelcms-production.imgix.net\/shantimaurice.com\/wp-content\/uploads\/2017\/11\/Luxury-Pool-Villa.jpg);\" class=\"crop c-image c-gallery-trigger__image c-gallery-trigger__thumbnail-image\" ><\/div><\/noscript>                <\/figure>\n            \n            <span class='c-gallery-trigger__trigger'>\n                <span>Launch gallery<\/span>\n            <\/span>\n        <\/button>\n    \n            <div class=\"c-gallery-trigger__thumbnail js-thumbnail hide\">\n            <span\n                data-width=\"1200\"\n                data-height=\"1021\"\n                data-caption=\"\"\n                title=\"\"\n\n                                    href=\"https:\/\/hotelcms-production.imgix.net\/shantimaurice.com\/wp-content\/uploads\/2017\/11\/Luxury-Pool-Villa.jpg\"\n                            >\n            <\/span>\n\n                    <\/div>\n    <\/div>\n\n<\/div><\/div><\/div><\/div><\/div><div id=\"pg-1571-2\"  class=\"panel-grid panel-has-style\" ><div class=\"c-row--valign-default c-row--widget-none c-row--margin-small c-row--column-large panel-row-style panel-row-style-for-1571-2\" ><div id=\"pgc-1571-2-0\"  class=\"panel-grid-cell\" ><div id=\"panel-1571-2-0-0\" class=\"so-panel widget widget_cn-core-cta-slider-widget panel-first-child panel-last-child\" data-index=\"4\" ><div\n\t\t\t\n\t\t\tclass=\"so-widget-cn-core-cta-slider-widget so-widget-cn-core-cta-slider-widget-base\"\n\t\t\t\n\t\t> \n<div class=\"c-slider-wrapper  no-variation\">\n\n    \n    \n    \n    <div\n        id=\"slider-69e7968044d95\"\n        class=\"c-slider c-slider--cta c-slider--auto-height  js-flickity\"\n        data-flickity-options='{\"pageDots\":true,\"prevNextButtons\":true,\"cellAlign\":\"left\",\"lazyLoad\":true,\"contain\":false,\"wrapAround\":true,\"setGallerySize\":true,\"adaptiveHeight\":true,\"autoPlay\":3500,\"pauseAutoPlayOnHover\":false,\"rightToLeft\":false,\"groupCells\":false,\"watchCSS\":false}'\n    >\n                    <div\n                id=\"cta-cell-0\"\n                class=\"c-slider__cell  js-flickity-cell\"\n            >\n                <div class=\"c-cta no-variation has-background no-layout\">\n\n    <div class=\"c-cta__content\">\n\n        <div class=\"c-cta__inner\">\n\n            \n            \n            \n            \n                <div class=\"c-cta__headings\">\n\n                \n                                    <h2 class=\"c-cta__heading\">\n                        Room No. 207                    <\/h2>\n                \n                \n                <\/div>\n\n            \n            \n            \n            \n            \n            \n                    <\/div>\n\n    <\/div>\n\n    \n            <div data-src=\"https:\/\/hotelcms-production.imgix.net\/shantimaurice.com\/wp-content\/uploads\/2019\/04\/207_V_LuxuryPool.jpg\" data-crop=\"manual\" class=\"imgix-fluid  crop \/ c-background c-cta__background\" data-focus-horizontal=\"50\" data-focus-vertical=\"75\"><\/div><noscript><div style=\"background-image: url(https:\/\/hotelcms-production.imgix.net\/shantimaurice.com\/wp-content\/uploads\/2019\/04\/207_V_LuxuryPool.jpg);\" class=\"crop \/ c-background c-cta__background\" ><\/div><\/noscript>    \n    \n<\/div>\n\n            <\/div>\n                    <div\n                id=\"cta-cell-1\"\n                class=\"c-slider__cell  js-flickity-cell\"\n            >\n                <div class=\"c-cta no-variation has-background no-layout\">\n\n    <div class=\"c-cta__content\">\n\n        <div class=\"c-cta__inner\">\n\n            \n            \n            \n            \n                <div class=\"c-cta__headings\">\n\n                \n                                    <h2 class=\"c-cta__heading\">\n                        Room No. 210                    <\/h2>\n                \n                \n                <\/div>\n\n            \n            \n            \n            \n            \n            \n                    <\/div>\n\n    <\/div>\n\n    \n            <div data-src=\"https:\/\/hotelcms-production.imgix.net\/shantimaurice.com\/wp-content\/uploads\/2019\/04\/210_V_LuxuryPool.jpg\" data-crop=\"manual\" class=\"imgix-fluid  crop \/ c-background c-cta__background\" data-focus-horizontal=\"50\" data-focus-vertical=\"70\"><\/div><noscript><div style=\"background-image: url(https:\/\/hotelcms-production.imgix.net\/shantimaurice.com\/wp-content\/uploads\/2019\/04\/210_V_LuxuryPool.jpg);\" class=\"crop \/ c-background c-cta__background\" ><\/div><\/noscript>    \n    \n<\/div>\n\n            <\/div>\n                    <div\n                id=\"cta-cell-2\"\n                class=\"c-slider__cell  js-flickity-cell\"\n            >\n                <div class=\"c-cta no-variation has-background no-layout\">\n\n    <div class=\"c-cta__content\">\n\n        <div class=\"c-cta__inner\">\n\n            \n            \n            \n            \n                <div class=\"c-cta__headings\">\n\n                \n                                    <h2 class=\"c-cta__heading\">\n                        Room No. 215                    <\/h2>\n                \n                \n                <\/div>\n\n            \n            \n            \n            \n            \n            \n                    <\/div>\n\n    <\/div>\n\n    \n            <div data-src=\"https:\/\/hotelcms-production.imgix.net\/shantimaurice.com\/wp-content\/uploads\/2019\/04\/215_V_LuxuryPool.jpg\" data-crop=\"manual\" class=\"imgix-fluid  crop \/ c-background c-cta__background\" data-focus-horizontal=\"50\" data-focus-vertical=\"50\"><\/div><noscript><div style=\"background-image: url(https:\/\/hotelcms-production.imgix.net\/shantimaurice.com\/wp-content\/uploads\/2019\/04\/215_V_LuxuryPool.jpg);\" class=\"crop \/ c-background c-cta__background\" ><\/div><\/noscript>    \n    \n<\/div>\n\n            <\/div>\n                    <div\n                id=\"cta-cell-3\"\n                class=\"c-slider__cell  js-flickity-cell\"\n            >\n                <div class=\"c-cta no-variation has-background no-layout\">\n\n    <div class=\"c-cta__content\">\n\n        <div class=\"c-cta__inner\">\n\n            \n            \n            \n            \n                <div class=\"c-cta__headings\">\n\n                \n                                    <h2 class=\"c-cta__heading\">\n                        Room No. 216                    <\/h2>\n                \n                \n                <\/div>\n\n            \n            \n            \n            \n            \n            \n                    <\/div>\n\n    <\/div>\n\n    \n            <div data-src=\"https:\/\/hotelcms-production.imgix.net\/shantimaurice.com\/wp-content\/uploads\/2019\/04\/216_V_LuxuryPool.jpg\" data-crop=\"manual\" class=\"imgix-fluid  crop \/ c-background c-cta__background\" data-focus-horizontal=\"50\" data-focus-vertical=\"70\"><\/div><noscript><div style=\"background-image: url(https:\/\/hotelcms-production.imgix.net\/shantimaurice.com\/wp-content\/uploads\/2019\/04\/216_V_LuxuryPool.jpg);\" class=\"crop \/ c-background c-cta__background\" ><\/div><\/noscript>    \n    \n<\/div>\n\n            <\/div>\n                    <div\n                id=\"cta-cell-4\"\n                class=\"c-slider__cell  js-flickity-cell\"\n            >\n                <div class=\"c-cta no-variation has-background no-layout\">\n\n    <div class=\"c-cta__content\">\n\n        <div class=\"c-cta__inner\">\n\n            \n            \n            \n            \n                <div class=\"c-cta__headings\">\n\n                \n                                    <h2 class=\"c-cta__heading\">\n                        Bedroom                    <\/h2>\n                \n                \n                <\/div>\n\n            \n            \n            \n            \n            \n            \n                    <\/div>\n\n    <\/div>\n\n    \n            <div data-src=\"https:\/\/hotelcms-production.imgix.net\/shantimaurice.com\/wp-content\/uploads\/2017\/11\/SHM_1bed-villa_HR1-1.jpg\" data-crop=\"manual\" class=\"imgix-fluid  crop \/ c-background c-cta__background\" data-focus-horizontal=\"50\" data-focus-vertical=\"50\"><\/div><noscript><div style=\"background-image: url(https:\/\/hotelcms-production.imgix.net\/shantimaurice.com\/wp-content\/uploads\/2017\/11\/SHM_1bed-villa_HR1-1.jpg);\" class=\"crop \/ c-background c-cta__background\" ><\/div><\/noscript>    \n    \n<\/div>\n\n            <\/div>\n            <\/div>\n<\/div><\/div><\/div><\/div><\/div><\/div><div id=\"pg-1571-3\"  class=\"panel-grid panel-has-style\" ><div class=\"c-row--valign-middle c-row--widget-default c-row--margin-none c-row--column-large panel-row-style panel-row-style-for-1571-3\" ><div id=\"pgc-1571-3-0\"  class=\"panel-grid-cell\" ><div id=\"panel-1571-3-0-0\" class=\"so-panel widget widget_cn-core-image-widget panel-first-child panel-last-child\" data-index=\"5\" ><div\n\t\t\t\n\t\t\tclass=\"so-widget-cn-core-image-widget so-widget-cn-core-image-widget-base\"\n\t\t\t\n\t\t>\n<div class=\"c-image-container  no-variation\">\n    \n    <figure class=\"crop\">\n                    <div data-src=\"https:\/\/hotelcms-production.imgix.net\/shantimaurice.com\/wp-content\/uploads\/2024\/05\/1_Shanti-Maurice-Resort-_-Spa_Oceanview-Pool-Villa_Exterior-View_01.jpg\" data-crop=\"\" class=\"imgix-fluid  c-image\"><\/div><noscript><div style=\"background-image: url(https:\/\/hotelcms-production.imgix.net\/shantimaurice.com\/wp-content\/uploads\/2024\/05\/1_Shanti-Maurice-Resort-_-Spa_Oceanview-Pool-Villa_Exterior-View_01.jpg);\" class=\"c-image\" ><\/div><\/noscript>            <\/figure>\n\n    <\/div>\n<\/div><\/div><\/div><div id=\"pgc-1571-3-1\"  class=\"panel-grid-cell\" ><div id=\"panel-1571-3-1-0\" class=\"so-panel widget widget_cn-core-text-widget panel-first-child panel-last-child\" data-index=\"6\" ><div\n\t\t\t\n\t\t\tclass=\"so-widget-cn-core-text-widget so-widget-cn-core-text-widget-base\"\n\t\t\t\n\t\t>\n<div class=\"c-text no-variation\" >\n\n    \n    \n    \n    <div class=\"c-text__content s-entry\">\n        <p>Notre Oceanview Pool Villa dispose de son propre jardin priv\u00e9 avec piscine \u00e0 temp\u00e9rature contr\u00f4l\u00e9e, un pavillon s\u00e9par\u00e9 pour les repas, un lit \u00e0 remous et une vue imprenable sur l'oc\u00e9an Indien. Pour des vacances sp\u00e9ciales \u00e0 l'\u00eele Maurice, notre luxueuse villa avec piscine coche toutes les cases.<\/p>\n<p>D'une superficie de 250 m\u00e8tres carr\u00e9s, notre luxueuse villa avec piscine est le cadre id\u00e9al pour votre escapade \u00e0 Maurice. La villa comprend un lit king-size,d\u2019une machine Espresso, facilit\u00e9 th\u00e9 et caf\u00e9, un mini-bar, ecran plat LCD avec une vari\u00e9t\u00e9 de chaines internationales, d\u2019un syst\u00e8me de divertissement moderne gratuit suppl\u00e9mentaire, incluant la vid\u00e9o \u00e0 la demande, d\u2019un acc\u00e8s gratuit \u00e0 l\u2019Internet haut d\u00e9bit, un mini-bar, un coin salon confortable, une vid\u00e9o \u00e0 la demande, un bureau en bois, une salle de bains spacieuse et un dressing. Vous pouvez \u00e9galement profiter de votre dressing, d'une baignoire surdimensionn\u00e9e, d'une douche \u00e0 effet pluie et d'une douche ext\u00e9rieure.<\/p>\n<p>Avec notre concept \"Apportez votre propre contenu\" (BYOC), vous pouvez facilement diffuser vos films, \u00e9missions de t\u00e9l\u00e9vision et musiques pr\u00e9f\u00e9r\u00e9s directement sur votre syst\u00e8me de divertissement en chambre. Que ce soit pour une soir\u00e9e cin\u00e9ma en famille, une s\u00e9ance de binge-watching ou une soir\u00e9e relaxante avec vos morceaux favoris, profitez de votre propre contenu, \u00e0 votre fa\u00e7on. Exp\u00e9rimentez une flexibilit\u00e9 et une commodit\u00e9 ultimes pendant votre s\u00e9jour chez nous.<\/p>\n    <\/div>\n\n<\/div>\n<\/div><\/div><\/div><\/div><\/div><div id=\"pg-1571-4\"  class=\"panel-grid panel-has-style\" ><div class=\"c-row--valign-middle c-row--widget-default c-row--margin-small c-row--column-large panel-row-style panel-row-style-for-1571-4\" ><div id=\"pgc-1571-4-0\"  class=\"panel-grid-cell\" ><div id=\"panel-1571-4-0-0\" class=\"so-panel widget widget_cn-core-adjacent-pages-widget panel-first-child panel-last-child\" data-index=\"7\" ><div\n\t\t\t\n\t\t\tclass=\"so-widget-cn-core-adjacent-pages-widget so-widget-cn-core-adjacent-pages-widget-base\"\n\t\t\t\n\t\t><nav class=\"c-siblings  \">\n\n    <ul class=\"menu\">\n        <li class=\"c-siblings__page \/ menu__previous\">\n                            <a href=\"https:\/\/shantimaurice.com\/accommodation\/\">Retour \u00e0 l'accommodation<\/a>\n                    <\/li>\n\n        \n        <li class=\"c-siblings__page \/ menu__next\">\n                        <a href=\"https:\/\/shantimaurice.com\/fr\/accommodation\/beachfront-suite-pool-villa\/\" class=\"\">Next page &rarr;<\/a>                    <\/li>\n    <\/ul>\n\n<\/nav><\/div><\/div><\/div><\/div><\/div><div id=\"pg-1571-5\"  class=\"panel-grid panel-has-style\" ><div class=\"c-row--valign-default c-row--widget-default c-row--margin-default c-row--column-default has-background c-row--background-cover imgix-fluid crop panel-row-style panel-row-style-for-1571-5\" data-src=\"https:\/\/hotelcms-production.imgix.net\/shantimaurice.com\/wp-content\/uploads\/2017\/11\/texture.png\" data-crop=\"manual\" data-focus-horizontal=\"\" data-focus-vertical=\"\" ><div id=\"pgc-1571-5-0\"  class=\"panel-grid-cell\" ><div id=\"panel-1571-5-0-0\" class=\"so-panel widget widget_cn-core-cta-widget panel-first-child panel-last-child\" data-index=\"8\" ><div\n\t\t\t\n\t\t\tclass=\"so-widget-cn-core-cta-widget so-widget-cn-core-cta-widget-base\"\n\t\t\t\n\t\t><div class=\"c-cta c-cta--layout-breaker no-variation\">\n\n    <div class=\"c-cta__content\">\n\n        <div class=\"c-cta__inner\">\n\n                            <a href=\"https:\/\/be.synxis.com\/?adult=2&#038;arrive=2025-04-07&#038;chain=14463&#038;child=0&#038;currency=EUR&#038;depart=2025-04-08&#038;hotel=61793&#038;level=hotel&#038;locale=en-US&#038;productcurrency=EUR&#038;rooms=1\" class=\"c-cta__anchor\" target=\"_blank\" rel=\"noopener\">\n            \n            \n            \n            \n                <div class=\"c-cta__headings\">\n\n                                    <p class=\"c-cta__preheading\">\n                        S\u00e9jour \u00e0 Shanti Maurice                    <\/p>\n                \n                                    <h2 class=\"c-cta__heading\">\n                        L'aventure commence ici                    <\/h2>\n                \n                \n                <\/div>\n\n            \n            \n                            <\/a>\n            \n                            <div class=\"c-cta__text \/ s-entry\">\n                    <p>Des go\u00fbts indulgents, des sites exceptionnels et des exp\u00e9riences inoubliables. Il n'y a jamais de mauvais moment pour visiter Shanti Maurice, mais il n'y a pas de meilleur moment que maintenant.<\/p>\n                <\/div>\n            \n            \n                            <div class=\"c-cta__buttons\">\n                    <a class=\"c-button button \/ c-cta__button  no-variation\" target=\"_blank\" href=\"https:\/\/be.synxis.com\/?adult=2&#038;arrive=2025-04-07&#038;chain=14463&#038;child=0&#038;currency=EUR&#038;depart=2025-04-08&#038;hotel=61793&#038;level=hotel&#038;locale=en-US&#038;productcurrency=EUR&#038;rooms=1\" rel=\"noopener\">\n    R\u00e9servez votre s\u00e9jour<\/a>\n\n\n                <\/div>\n            \n                    <\/div>\n\n    <\/div>\n\n    \n    \n            <a href=\"https:\/\/be.synxis.com\/?adult=2&#038;arrive=2025-04-07&#038;chain=14463&#038;child=0&#038;currency=EUR&#038;depart=2025-04-08&#038;hotel=61793&#038;level=hotel&#038;locale=en-US&#038;productcurrency=EUR&#038;rooms=1\" class=\"c-cta__detached-anchor\" target=\"_blank\" rel=\"noopener\"><\/a>\n    \n<\/div>\n\n<\/div><\/div><\/div><\/div><\/div><\/div>","protected":false},"excerpt":{"rendered":"<p>Oceanview Pool Villa O\u00f9 la vie priv\u00e9e rencontre le luxe Luxe spacieux, piscine priv\u00e9e, pavillon \u00e0 manger Visite Virtuelle Aper\u00e7u de la chambre 2 adultes et 2 enfants\/b\u00e9b\u00e9s Chambre des ma\u00eetres avec lit king size Jardins priv\u00e9s, piscine et salle \u00e0 manger Syst\u00e8me de divertissement sophistiqu\u00e9 Reservez maintenant Launch gallery Room No. 207 Room No. &hellip;<\/p>\n","protected":false},"author":1,"featured_media":0,"parent":1524,"menu_order":4,"comment_status":"closed","ping_status":"closed","template":"","meta":{"_acf_changed":false,"footnotes":""},"class_list":["post--1571","post--page","post--type-page","post--status-publish","post--hentry"],"acf":[],"_links":{"self":[{"href":"https:\/\/shantimaurice.com\/fr\/wp-json\/wp\/v2\/pages\/1571","targetHints":{"allow":["GET"]}}],"collection":[{"href":"https:\/\/shantimaurice.com\/fr\/wp-json\/wp\/v2\/pages"}],"about":[{"href":"https:\/\/shantimaurice.com\/fr\/wp-json\/wp\/v2\/types\/page"}],"author":[{"embeddable":true,"href":"https:\/\/shantimaurice.com\/fr\/wp-json\/wp\/v2\/users\/1"}],"replies":[{"embeddable":true,"href":"https:\/\/shantimaurice.com\/fr\/wp-json\/wp\/v2\/comments?post=1571"}],"version-history":[{"count":7,"href":"https:\/\/shantimaurice.com\/fr\/wp-json\/wp\/v2\/pages\/1571\/revisions"}],"predecessor-version":[{"id":13364,"href":"https:\/\/shantimaurice.com\/fr\/wp-json\/wp\/v2\/pages\/1571\/revisions\/13364"}],"up":[{"embeddable":true,"href":"https:\/\/shantimaurice.com\/fr\/wp-json\/wp\/v2\/pages\/1524"}],"wp:attachment":[{"href":"https:\/\/shantimaurice.com\/fr\/wp-json\/wp\/v2\/media?parent=1571"}],"curies":[{"name":"wp","href":"https:\/\/api.w.org\/{rel}","templated":true}]}}