{"id":1639,"date":"2017-11-21T10:08:12","date_gmt":"2017-11-21T10:08:12","guid":{"rendered":"https:\/\/shantimaurice.testingcreative.co.uk\/weddings-honeymoon\/"},"modified":"2026-01-26T11:24:57","modified_gmt":"2026-01-26T11:24:57","slug":"mariages-lunes-de-miel","status":"publish","type":"page","link":"https:\/\/shantimaurice.com\/fr\/mariages-lunes-de-miel\/","title":{"rendered":"Mariages et lunes de miel"},"content":{"rendered":"<div id=\"pl-1639\"  class=\"panel-layout\" ><div id=\"pg-1639-0\"  class=\"panel-grid panel-has-style\" ><div class=\"c-row--valign-default c-row--widget-default c-row--margin-none c-row--column-none siteorigin-panels-stretch panel-row-style panel-row-style-for-1639-0\" data-stretch-type=\"full-width-stretch\" ><div id=\"pgc-1639-0-0\"  class=\"panel-grid-cell\" ><div id=\"panel-1639-0-0-0\" class=\"so-panel widget widget_cn-core-hero-widget panel-first-child panel-last-child\" data-index=\"0\" ><div\n\t\t\t\n\t\t\tclass=\"so-widget-cn-core-hero-widget so-widget-cn-core-hero-widget-base\"\n\t\t\t\n\t\t><section class=\"c-hero no-variation\">\n    <div class=\"c-hero__inner\">\n        \n        <div class=\"c-hero__content\">\n\n                            <h1 class=\"c-hero__heading\">\n                    Mariages et lunes de miel                <\/h1>\n            \n                            <p class=\"c-hero__subheading\">\n                    Le c\u00f4t\u00e9 romantique de l'\u00eele Maurice                <\/p>\n                            <div class=\"s-entry \/ c-hero__text\">\n                    <p>\n                        Le romantisme fait partie de nos fondements. Les plages priv\u00e9es, l'h\u00e9bergement luxueux et le pavillon des mariages font du Shanti Maurice l'endroit id\u00e9al pour un mariage, une lune de miel, un anniversaire ou le renouvellement de vos v\u0153ux.                    <\/p>\n                <\/div>\n                    <\/div>\n\n        \n        <div class=\"c-hero__buttons\">\n\n            <a  class=\"c-button  no-variation\" href=\"https:\/\/shantimaurice.com\/weddings-honeymoon\/make-an-enquiry\/\">\n    Faire une demande<\/a>\n\n\n<a  class=\"c-button  no-variation\" target=\"_blank\" href=\"https:\/\/hotelcms-production.imgix.net\/shantimaurice.com\/wp-content\/uploads\/2026\/01\/Shanti-Maurice_Wedding-Brochure-2025-2026_v4_FR.pdf?fm=pdf\">\n    Brochure de mariage<\/a>\n\n\n\n        <\/div>\n\n        \n    <\/div>\n\n\n\n    \n    \n    <div data-src=\"https:\/\/hotelcms-production.imgix.net\/shantimaurice.com\/wp-content\/uploads\/2023\/12\/JJ-WEDD159_copy.jpg\" data-crop=\"\" class=\"imgix-fluid  crop \/ c-hero__background\"><\/div><noscript><div style=\"background-image: url(https:\/\/hotelcms-production.imgix.net\/shantimaurice.com\/wp-content\/uploads\/2023\/12\/JJ-WEDD159_copy.jpg);\" class=\"crop \/ c-hero__background\" ><\/div><\/noscript>\n    \n            <a href=\"#main-content\" class=\"c-hero__scroller\" data-module=\"scroll-to\">\n            <span class=\"c-hero__scroller__text\">Scroll to explore<\/span>\n            <span class=\"c-hero__scroller__arrow\"><\/span>\n        <\/a>\n    <\/section>\n<\/div><\/div><\/div><\/div><\/div><div id=\"pg-1639-1\"  class=\"panel-grid panel-has-style\" ><div class=\"c-row--valign-default c-row--widget-none c-row--margin-none c-row--column-default siteorigin-panels-stretch has-background c-row--background-cover imgix-fluid crop panel-row-style panel-row-style-for-1639-1\" data-stretch-type=\"full\" data-src=\"https:\/\/hotelcms-production.imgix.net\/shantimaurice.com\/wp-content\/uploads\/2017\/11\/offcanvas-bg.png\" data-crop=\"\" ><div id=\"pgc-1639-1-0\"  class=\"panel-grid-cell\" ><div id=\"panel-1639-1-0-0\" class=\"so-panel widget widget_cn-core-text-widget panel-first-child panel-last-child\" data-index=\"1\" ><div\n\t\t\t\n\t\t\tclass=\"so-widget-cn-core-text-widget so-widget-cn-core-text-widget-base\"\n\t\t\t\n\t\t>\n<div class=\"c-text c-text--lede\" >\n\n    \n    \n    \n    <div class=\"c-text__content s-entry\">\n        <p>Shanti Maurice est l'endroit id\u00e9al pour un mariage parfait. Avec une \u00e9quipe d\u00e9vou\u00e9e en place, laissez-nous nous occuper de toutes les exigences pour que votre journ\u00e9e soit m\u00e9morable pour la vie.<\/p>\n<p>R\u00e9servez directement aupr\u00e8s de nous pour tirer le meilleur parti de nos forfaits mariage.<\/p>\n    <\/div>\n\n<\/div>\n<\/div><\/div><\/div><\/div><\/div><div id=\"pg-1639-2\"  class=\"panel-grid panel-has-style\" ><div class=\"c-row--valign-default c-row--widget-spacing c-row--margin-small c-row--column-small siteorigin-panels-stretch has-background c-row--background-cover imgix-fluid crop panel-row-style panel-row-style-for-1639-2\" data-stretch-type=\"full-width-stretch\" data-src=\"https:\/\/hotelcms-production.imgix.net\/shantimaurice.com\/wp-content\/uploads\/2017\/11\/texture-blue.png\" data-crop=\"\" data-row-label=\"locations\" id=\"locations\" ><div id=\"pgc-1639-2-0\"  class=\"panel-grid-cell\" ><div id=\"panel-1639-2-0-0\" class=\"so-panel widget widget_cn-core-cta-widget panel-first-child\" data-index=\"2\" ><div\n\t\t\t\n\t\t\tclass=\"so-widget-cn-core-cta-widget so-widget-cn-core-cta-widget-base\"\n\t\t\t\n\t\t><div class=\"c-cta c-cta--layout-breaker-right no-variation has-background\">\n\n    <div class=\"c-cta__content\">\n\n        <div class=\"c-cta__inner\">\n\n            \n            \n            \n            \n                <div class=\"c-cta__headings\">\n\n                \n                                    <h2 class=\"c-cta__heading\">\n                        C\u00e9l\u00e9brations de mariage                    <\/h2>\n                \n                \n                <\/div>\n\n            \n            \n            \n                            <div class=\"c-cta__text \/ s-entry\">\n                    <p>De nombreux lieux de mariage spectaculaires sont disponibles dans notre domaine de 16 hectares, notamment des jardins exotiques, des plages de sable et des salles de r\u00e9ception. Au milieu de jardins tropicaux luxuriants, avec le doux parfum de la canne \u00e0 sucre dans l'air et le calme de la mer turquoise en arri\u00e8re-plan, nous ferons en sorte que votre mariage soit inoubliable. Nous mettrons \u00e9galement \u00e0 votre disposition un coordinateur de mariage qui vous aidera \u00e0 r\u00e9aliser vos r\u00eaves.<\/p>\n                <\/div>\n            \n            \n            \n                    <\/div>\n\n    <\/div>\n\n    \n            <div data-src=\"https:\/\/hotelcms-production.imgix.net\/shantimaurice.com\/wp-content\/uploads\/2017\/11\/shutterstock_383263615.jpg\" data-crop=\"manual\" class=\"imgix-fluid  crop \/ c-background c-cta__background\" data-focus-horizontal=\"52\" data-focus-vertical=\"45\"><\/div><noscript><div style=\"background-image: url(https:\/\/hotelcms-production.imgix.net\/shantimaurice.com\/wp-content\/uploads\/2017\/11\/shutterstock_383263615.jpg);\" class=\"crop \/ c-background c-cta__background\" ><\/div><\/noscript>    \n    \n<\/div>\n\n<\/div><\/div><div id=\"panel-1639-2-0-1\" class=\"so-panel widget widget_cn-core-cta-widget panel-last-child\" data-index=\"3\" ><div\n\t\t\t\n\t\t\tclass=\"so-widget-cn-core-cta-widget so-widget-cn-core-cta-widget-base\"\n\t\t\t\n\t\t><div class=\"c-cta c-cta--layout-breaker-left no-variation has-background\">\n\n    <div class=\"c-cta__content\">\n\n        <div class=\"c-cta__inner\">\n\n            \n            \n            \n            \n                <div class=\"c-cta__headings\">\n\n                \n                                    <h2 class=\"c-cta__heading\">\n                        Lunes de miel ou anniversaires de mariage                    <\/h2>\n                \n                \n                <\/div>\n\n            \n            \n            \n                            <div class=\"c-cta__text \/ s-entry\">\n                    <p>Une lune de miel, un anniversaire de mariage ou un renouvellement de v\u0153ux de mariage partag\u00e9 au Shanti Maurice est s\u00fbr de cr\u00e9er de nouveaux souvenirs et de revigorer les anciens. Nous avons d'innombrables endroits romantiques \u00e0 votre disposition, que ce soit pour partager une coupe de champagne alors que le soleil se couche \u00e0 l'horizon, pour observer les dauphins sur un bateau priv\u00e9 ou pour savourer un repas en toute intimit\u00e9 dans l'un de nos restaurants. Notre personnel amical r\u00e9pondra \u00e0 toutes vos demandes pour faire en sorte que votre visite au Shanti Maurice soit particuli\u00e8rement sp\u00e9ciale.<\/p>\n                <\/div>\n            \n            \n            \n                    <\/div>\n\n    <\/div>\n\n    \n            <div data-src=\"https:\/\/hotelcms-production.imgix.net\/shantimaurice.com\/wp-content\/uploads\/2017\/11\/shutterstock_446885500.jpg\" data-crop=\"manual\" class=\"imgix-fluid  crop \/ c-background c-cta__background\" data-focus-horizontal=\"50\" data-focus-vertical=\"70\"><\/div><noscript><div style=\"background-image: url(https:\/\/hotelcms-production.imgix.net\/shantimaurice.com\/wp-content\/uploads\/2017\/11\/shutterstock_446885500.jpg);\" class=\"crop \/ c-background c-cta__background\" ><\/div><\/noscript>    \n    \n<\/div>\n\n<\/div><\/div><\/div><\/div><\/div><div id=\"pg-1639-3\"  class=\"panel-grid panel-has-style\" ><div class=\"c-row--valign-default c-row--widget-none c-row--margin-small c-row--column-none siteorigin-panels-stretch panel-row-style panel-row-style-for-1639-3\" data-stretch-type=\"full-width-stretch\" ><div id=\"pgc-1639-3-0\"  class=\"panel-grid-cell\" ><div id=\"panel-1639-3-0-0\" class=\"so-panel widget widget_cn-core-cta-widget panel-first-child\" data-index=\"4\" ><div\n\t\t\t\n\t\t\tclass=\"so-widget-cn-core-cta-widget so-widget-cn-core-cta-widget-base\"\n\t\t\t\n\t\t><div class=\"c-cta c-cta--layout-image-left no-variation has-background\">\n\n    <div class=\"c-cta__content\">\n\n        <div class=\"c-cta__inner\">\n\n            \n            \n            \n            \n                <div class=\"c-cta__headings\">\n\n                \n                                    <h2 class=\"c-cta__heading\">\n                        2025\/2026 - Forfaits de mariage                    <\/h2>\n                \n                \n                <\/div>\n\n            \n            \n            \n                            <div class=\"c-cta__text \/ s-entry\">\n                    <p><strong>FORFAIT 1 | EUR 890<\/strong><br \/>\n\u2022 Coordinateur de mariage d\u00e9di\u00e9<br data-start=\"607\" data-end=\"610\" \/>\u2022 Lieu de c\u00e9r\u00e9monie dans un cadre idyllique, au choix des mari\u00e9s<br data-start=\"674\" data-end=\"677\" \/>\u2022 Mise en place sur la plage sous le gazebo, avec voilages blancs, chaises et table<br data-start=\"760\" data-end=\"763\" \/>\u2022 Centre de table et composition florale pour la c\u00e9r\u00e9monie<br data-start=\"821\" data-end=\"824\" \/>\u2022 Bouquet de la mari\u00e9e et boutonni\u00e8re<br data-start=\"861\" data-end=\"864\" \/>\u2022 G\u00e2teau de mariage \u00e0 deux \u00e9tages<br data-start=\"897\" data-end=\"900\" \/>\u2022 1 bouteille de vin p\u00e9tillant servie lors du d\u00eener de mariage<br data-start=\"962\" data-end=\"965\" \/>\u2022 1 bouteille de champagne servie pendant la c\u00e9r\u00e9monie<br data-start=\"1019\" data-end=\"1022\" \/>\u2022 Salon priv\u00e9 pour la mari\u00e9e le jour du mariage (selon disponibilit\u00e9)<br data-start=\"1091\" data-end=\"1094\" \/>\u2022 Repassage de la robe de mari\u00e9e et du costume<br data-start=\"1140\" data-end=\"1143\" \/>\u2022 D\u00eener priv\u00e9 aux chandelles sur la plage ou dans la cave \u00e0 vins<br data-start=\"1207\" data-end=\"1210\" \/>\u2022 Attentions et am\u00e9nagements de chambre pour la nuit de noces<br data-start=\"1271\" data-end=\"1274\" \/>\u2022 Petit-d\u00e9jeuner priv\u00e9 en chambre, dans votre Suite ou Villa<br data-start=\"1334\" data-end=\"1337\" \/>\u2022 Soin du visage de 45 minutes pour le couple, avant ou apr\u00e8s le mariage, au Shanti Spa<\/p>\n<p>&nbsp;<\/p>\n<p><strong>FORFAIT 2 | EUR 1,350<\/strong><br \/>\n\u2022 Coordinateur de mariage d\u00e9di\u00e9<br data-start=\"1826\" data-end=\"1829\" \/>\u2022 Lieu de c\u00e9r\u00e9monie au cadre idyllique, au choix des mari\u00e9s<br data-start=\"1888\" data-end=\"1891\" \/>\u2022 Mise en place sur la plage sous le gazebo, avec voilages blancs, chaises et table<br data-start=\"1974\" data-end=\"1977\" \/>\u2022 Centre de table et composition florale pour la c\u00e9r\u00e9monie<br data-start=\"2035\" data-end=\"2038\" \/>\u2022 Bouquet de la mari\u00e9e et boutonni\u00e8re<br data-start=\"2075\" data-end=\"2078\" \/>\u2022 G\u00e2teau de mariage \u00e0 deux \u00e9tages<br data-start=\"2111\" data-end=\"2114\" \/>\u2022 2 bouteilles de champagne : 1 lors de la c\u00e9r\u00e9monie et 1 lors du d\u00eener de mariage<br data-start=\"2196\" data-end=\"2199\" \/>\u2022 Salon priv\u00e9 pour la mari\u00e9e le jour du mariage (selon disponibilit\u00e9)<br data-start=\"2268\" data-end=\"2271\" \/>\u2022 Repassage de la robe de mari\u00e9e et du costume<br data-start=\"2317\" data-end=\"2320\" \/>\u2022 D\u00eener priv\u00e9 aux chandelles sur la plage ou dans la cave \u00e0 vins<br data-start=\"2384\" data-end=\"2387\" \/>\u2022 Attentions et am\u00e9nagements de chambre pour la nuit de noces<br data-start=\"2448\" data-end=\"2451\" \/>\u2022 Petit-d\u00e9jeuner priv\u00e9 en chambre, dans votre Suite ou Villa<br data-start=\"2511\" data-end=\"2514\" \/>\u2022 Coiffure et maquillage de la mari\u00e9e, de style europ\u00e9en, avec essai inclus<br data-start=\"2589\" data-end=\"2592\" \/>\u2022 Soin spa en duo de 90 minutes au Shanti Spa : rituel de lavage des pieds, massage relaxant du corps, hammam et sauna en cabine couple<\/p>\n<p>&nbsp;<\/p>\n<p><strong>FORFAIT 3 | EUR 2,450<\/strong><br \/>\n\u2022 Coordinateur de mariage d\u00e9di\u00e9<br data-start=\"2979\" data-end=\"2982\" \/>\u2022 Lieu de c\u00e9r\u00e9monie au cadre idyllique, au choix des mari\u00e9s<br data-start=\"3041\" data-end=\"3044\" \/>\u2022 Mise en place sur la plage sous le gazebo, avec voilages blancs, chaises et table<br data-start=\"3127\" data-end=\"3130\" \/>\u2022 Centre de table et compositions florales pour la c\u00e9r\u00e9monie, bouquet de la mari\u00e9e et boutonni\u00e8re<br data-start=\"3227\" data-end=\"3230\" \/>\u2022 G\u00e2teau de mariage \u00e0 deux \u00e9tages<br data-start=\"3263\" data-end=\"3266\" \/>\u2022 2 bouteilles de champagne : 1 lors de la c\u00e9r\u00e9monie et 1 lors du d\u00eener de mariage<br data-start=\"3348\" data-end=\"3351\" \/>\u2022 Pique-nique romantique sur la plage avec majordome priv\u00e9<br data-start=\"3409\" data-end=\"3412\" \/>\u2022 Salon priv\u00e9 pour la mari\u00e9e le jour du mariage (selon disponibilit\u00e9)<br data-start=\"3481\" data-end=\"3484\" \/>\u2022 Repassage de la robe de mari\u00e9e et du costume<br data-start=\"3530\" data-end=\"3533\" \/>\u2022 D\u00eener priv\u00e9 avec Chef personnel et serveur d\u00e9di\u00e9, accompagn\u00e9 de 2 heures de musique live<br data-start=\"3623\" data-end=\"3626\" \/>\u2022 Attentions et am\u00e9nagements de chambre pour la nuit de noces<br data-start=\"3687\" data-end=\"3690\" \/>\u2022 Petit-d\u00e9jeuner priv\u00e9 en chambre, dans votre Suite ou Villa<br data-start=\"3750\" data-end=\"3753\" \/>\u2022 Coiffure et maquillage de la mari\u00e9e, de style europ\u00e9en, avec essai inclus<br data-start=\"3828\" data-end=\"3831\" \/>\u2022 Soin spa en duo de 150 minutes au Shanti Spa, avant ou apr\u00e8s le mariage : rituel des pieds, gommage, massage, soins du visage, hammam et sauna en cabine couple, avec 1 bouteille de Prosecco Zonin Brut<\/p>\n<p data-start=\"4079\" data-end=\"4101\"><strong data-start=\"4079\" data-end=\"4101\">OPTIONS SUR MESURE<\/strong><\/p>\n<p data-start=\"4079\" data-end=\"4101\">\u2022 S\u00e9ance photo de couple \u2013 1 heure (50 photos num\u00e9riques retouch\u00e9es) | EUR 525<br data-start=\"4181\" data-end=\"4184\" \/>\u2022 Vid\u00e9o de couple \u2013 1 heure (vid\u00e9o de 1 \u00e0 3 minutes) | EUR 525<br data-start=\"4246\" data-end=\"4249\" \/>\u2022 Coiffure et maquillage de la mari\u00e9e, de style europ\u00e9en | EUR 275<br data-start=\"4315\" data-end=\"4318\" \/>\u2022 Soin spa en duo de 90 minutes au Shanti Spa : rituel de lavage des pieds, massage relaxant du corps, hammam et sauna en cabine couple | EUR 210 par couple<br data-start=\"4474\" data-end=\"4477\" \/>\u2022 Soin spa en duo de 150 minutes au Shanti Spa, avant ou apr\u00e8s le mariage : rituel des pieds, gommage, massage, soins du visage, hammam et sauna en cabine couple, avec 1 bouteille de Prosecco Zonin Brut | EUR 315 par couple<br data-start=\"4700\" data-end=\"4703\" \/>\u2022 Spectacle de feu acrobatique \u2013 30 minutes | EUR 625<br data-start=\"4756\" data-end=\"4759\" \/>\u2022 Musique live pendant le d\u00eener \u2013 2 heures | EUR 295<br data-start=\"4811\" data-end=\"4814\" \/>\u2022 D\u00eener priv\u00e9 avec Chef personnel et serveur d\u00e9di\u00e9 | EUR 590 par couple<\/p>\n                <\/div>\n            \n            \n            \n                    <\/div>\n\n    <\/div>\n\n    \n            <div data-src=\"https:\/\/hotelcms-production.imgix.net\/shantimaurice.com\/wp-content\/uploads\/2017\/11\/shutterstock_383263027.jpg\" data-crop=\"manual\" class=\"imgix-fluid  crop \/ c-background c-cta__background\" data-focus-horizontal=\"95\" data-focus-vertical=\"25\"><\/div><noscript><div style=\"background-image: url(https:\/\/hotelcms-production.imgix.net\/shantimaurice.com\/wp-content\/uploads\/2017\/11\/shutterstock_383263027.jpg);\" class=\"crop \/ c-background c-cta__background\" ><\/div><\/noscript>    \n    \n<\/div>\n\n<\/div><\/div><div id=\"panel-1639-3-0-1\" class=\"so-panel widget widget_cn-core-cta-widget panel-last-child\" data-index=\"5\" ><div\n\t\t\t\n\t\t\tclass=\"so-widget-cn-core-cta-widget so-widget-cn-core-cta-widget-base\"\n\t\t\t\n\t\t><div class=\"c-cta c-cta--layout-image-left no-variation has-background\">\n\n    <div class=\"c-cta__content\">\n\n        <div class=\"c-cta__inner\">\n\n            \n            \n            \n            \n                <div class=\"c-cta__headings\">\n\n                \n                                    <h2 class=\"c-cta__heading\">\n                        2025\/2026 - Offre lune de miel\/anniversaire de mariage                    <\/h2>\n                \n                \n                <\/div>\n\n            \n            \n            \n                            <div class=\"c-cta__text \/ s-entry\">\n                    <ul>\n<li>Minimum 3 - 6 nuits : 5% de r\u00e9duction sur le prix de la chambre (Bed &amp; Breakfast)<\/li>\n<li>Minimum 7 nuits et plus : 10% de r\u00e9duction sur le prix de la chambre (chambre et petit d\u00e9jeuner)<\/li>\n<li>Surclassement gratuit au \"Club Level Experience\"<\/li>\n<li>Une bouteille de vin mousseux (0,75l) dans les suites ou une bouteille de champagne (0,75l) dans toutes les villas \u00e0 l'arriv\u00e9e.<\/li>\n<li>Une corbeille de fruits \u00e0 l'arriv\u00e9e<\/li>\n<li>Un massage pour deux personnes de 45 minutes une fois par s\u00e9jour au Shanti Spa (de 10h00 \u00e0 15h00)<\/li>\n<li>Un d\u00eener romantique aux chandelles sur la plage (ou dans la cave \u00e0 vin) avec un chef priv\u00e9, une fois par s\u00e9jour pour un minimum de 7 nuits et plus (applicable en demi-pension).<\/li>\n<\/ul>\n<p><strong>Conditions g\u00e9n\u00e9rales :<\/strong><\/p>\n<ul>\n<li>Valable pour les voyages toute l'ann\u00e9e, \u00e0 l'exception du 25 d\u00e9cembre 2026 au 3 janvier 2027, et du 4 au 21 avril 2027.<\/li>\n<li>L'offre est applicable pour la c\u00e9l\u00e9bration d'anniversaire de mariage, 18 mois apr\u00e8s la date du mariage, et une copie du certificat de mariage doit \u00eatre pr\u00e9sent\u00e9e lors de la r\u00e9servation.<\/li>\n<li>2 enfants jusqu'\u00e0 11,99 ans peuvent partager la suite ou la villa des parents \u00e0 titre gracieux, avec le m\u00eame plan de repas que celui r\u00e9serv\u00e9 par les parents.<\/li>\n<\/ul>\n                <\/div>\n            \n            \n            \n                    <\/div>\n\n    <\/div>\n\n    \n            <div data-src=\"https:\/\/hotelcms-production.imgix.net\/shantimaurice.com\/wp-content\/uploads\/2026\/01\/P-J-31.jpeg\" data-crop=\"\" class=\"imgix-fluid  crop \/ c-background c-cta__background\"><\/div><noscript><div style=\"background-image: url(https:\/\/hotelcms-production.imgix.net\/shantimaurice.com\/wp-content\/uploads\/2026\/01\/P-J-31.jpeg);\" class=\"crop \/ c-background c-cta__background\" ><\/div><\/noscript>    \n    \n<\/div>\n\n<\/div><\/div><\/div><\/div><\/div><div id=\"pg-1639-4\"  class=\"panel-grid panel-has-style\" ><div class=\"c-row--valign-default c-row--widget-none c-row--margin-none c-row--column-default siteorigin-panels-stretch has-background c-row--background-cover imgix-fluid crop panel-row-style panel-row-style-for-1639-4\" data-stretch-type=\"full\" data-src=\"https:\/\/hotelcms-production.imgix.net\/shantimaurice.com\/wp-content\/uploads\/2017\/11\/texture.png\" data-crop=\"manual\" data-focus-horizontal=\"\" data-focus-vertical=\"\" ><div id=\"pgc-1639-4-0\"  class=\"panel-grid-cell\" ><div id=\"panel-1639-4-0-0\" class=\"so-panel widget widget_cn-core-cta-widget panel-first-child panel-last-child\" data-index=\"6\" ><div\n\t\t\t\n\t\t\tclass=\"so-widget-cn-core-cta-widget so-widget-cn-core-cta-widget-base\"\n\t\t\t\n\t\t><div class=\"c-cta c-cta--layout-breaker no-variation\">\n\n    <div class=\"c-cta__content\">\n\n        <div class=\"c-cta__inner\">\n\n                            <a href=\"https:\/\/shantimaurice.com\/weddings-honeymoon\/make-an-enquiry\/\" class=\"c-cta__anchor\">\n            \n            \n            \n            \n                <div class=\"c-cta__headings\">\n\n                                    <p class=\"c-cta__preheading\">\n                        Romance et d\u00e9tente                    <\/p>\n                \n                                    <h2 class=\"c-cta__heading\">\n                        R\u00e9servez votre mariage ou votre lune de miel \u00e0 Shanti Maurice                    <\/h2>\n                \n                \n                <\/div>\n\n            \n            \n                            <\/a>\n            \n                            <div class=\"c-cta__text \/ s-entry\">\n                    <p>Le Shanti Maurice est naturellement romantique. Notre situation exotique, combin\u00e9e \u00e0 des plages isol\u00e9es et \u00e0 de charmantes suites et villas, cr\u00e9e l'atmosph\u00e8re parfaite pour un mariage inoubliable.<\/p>\n                <\/div>\n            \n            \n                            <div class=\"c-cta__buttons\">\n                    <a  class=\"c-button button \/ c-cta__button  no-variation\" href=\"https:\/\/shantimaurice.com\/weddings-honeymoon\/make-an-enquiry\/\">\n    Faire une demande<\/a>\n\n\n                <\/div>\n            \n                    <\/div>\n\n    <\/div>\n\n    \n    \n            <a href=\"https:\/\/shantimaurice.com\/weddings-honeymoon\/make-an-enquiry\/\" class=\"c-cta__detached-anchor\" href=\"https:\/\/shantimaurice.com\/weddings-honeymoon\/make-an-enquiry\/\"><\/a>\n    \n<\/div>\n\n<\/div><\/div><\/div><\/div><\/div><\/div>","protected":false},"excerpt":{"rendered":"<p>Mariages et lunes de miel Le c\u00f4t\u00e9 romantique de l&#8217;\u00eele Maurice Le romantisme fait partie de nos fondements. Les plages priv\u00e9es, l&#8217;h\u00e9bergement luxueux et le pavillon des mariages font du Shanti Maurice l&#8217;endroit id\u00e9al pour un mariage, une lune de miel, un anniversaire ou le renouvellement de vos v\u0153ux. Faire une demande Brochure de mariage &hellip;<\/p>\n","protected":false},"author":1,"featured_media":0,"parent":0,"menu_order":32,"comment_status":"closed","ping_status":"closed","template":"","meta":{"_acf_changed":false,"footnotes":""},"class_list":["post--1639","post--page","post--type-page","post--status-publish","post--hentry"],"acf":[],"_links":{"self":[{"href":"https:\/\/shantimaurice.com\/fr\/wp-json\/wp\/v2\/pages\/1639","targetHints":{"allow":["GET"]}}],"collection":[{"href":"https:\/\/shantimaurice.com\/fr\/wp-json\/wp\/v2\/pages"}],"about":[{"href":"https:\/\/shantimaurice.com\/fr\/wp-json\/wp\/v2\/types\/page"}],"author":[{"embeddable":true,"href":"https:\/\/shantimaurice.com\/fr\/wp-json\/wp\/v2\/users\/1"}],"replies":[{"embeddable":true,"href":"https:\/\/shantimaurice.com\/fr\/wp-json\/wp\/v2\/comments?post=1639"}],"version-history":[{"count":9,"href":"https:\/\/shantimaurice.com\/fr\/wp-json\/wp\/v2\/pages\/1639\/revisions"}],"predecessor-version":[{"id":22426,"href":"https:\/\/shantimaurice.com\/fr\/wp-json\/wp\/v2\/pages\/1639\/revisions\/22426"}],"wp:attachment":[{"href":"https:\/\/shantimaurice.com\/fr\/wp-json\/wp\/v2\/media?parent=1639"}],"curies":[{"name":"wp","href":"https:\/\/api.w.org\/{rel}","templated":true}]}}