{"id":1658,"date":"2017-11-22T11:44:25","date_gmt":"2017-11-22T11:44:25","guid":{"rendered":"https:\/\/shantimaurice.testingcreative.co.uk\/family-activities\/kids-club\/"},"modified":"2026-03-11T12:02:46","modified_gmt":"2026-03-11T12:02:46","slug":"kids-club","status":"publish","type":"page","link":"https:\/\/shantimaurice.com\/fr\/activites-familiales\/kids-club\/","title":{"rendered":"Kids Club"},"content":{"rendered":"<div id=\"pl-1658\"  class=\"panel-layout\" ><div id=\"pg-1658-0\"  class=\"panel-grid panel-has-style\" ><div class=\"c-row--valign-default c-row--widget-default c-row--margin-default c-row--column-default panel-row-style panel-row-style-for-1658-0\" ><div id=\"pgc-1658-0-0\"  class=\"panel-grid-cell\" ><div id=\"panel-1658-0-0-0\" class=\"so-panel widget widget_cn-core-hero-widget panel-first-child panel-last-child\" data-index=\"0\" ><div\n\t\t\t\n\t\t\tclass=\"so-widget-cn-core-hero-widget so-widget-cn-core-hero-widget-base\"\n\t\t\t\n\t\t><section class=\"c-hero c-hero--short\">\n    <div class=\"c-hero__inner\">\n        \n        <div class=\"c-hero__content\">\n\n                            <h1 class=\"c-hero__heading\">\n                    Le club enfants chez Shanti Maurice                <\/h1>\n            \n                            <p class=\"c-hero__subheading\">\n                    Pour les petits                <\/p>\n                            <div class=\"s-entry \/ c-hero__text\">\n                    <p>\n                        Des activit\u00e9s amusantes, un personnel amical et beaucoup d'amis                    <\/p>\n                <\/div>\n                    <\/div>\n\n        \n        <div class=\"c-hero__buttons\">\n\n            <a  class=\"c-button  no-variation\" target=\"_blank\" href=\"https:\/\/hotelcms-production.imgix.net\/shantimaurice.com\/wp-content\/uploads\/2026\/03\/Shanti-Maurice_Kids-Program_FR-003.pdf?fm=pdf\">\n    Activit\u00e9s personnalis\u00e9es <\/a>\n\n\n<a  class=\"c-button  no-variation\" target=\"_blank\" href=\"https:\/\/hotelcms-production.imgix.net\/shantimaurice.com\/wp-content\/uploads\/2025\/12\/Kids-Club-Prog-A3.pdf?fm=pdf\">\n    Activit\u00e9s Payantes<\/a>\n\n\n<a  class=\"c-button  no-variation\" target=\"_blank\" href=\"https:\/\/hotelcms-production.imgix.net\/shantimaurice.com\/wp-content\/uploads\/2025\/12\/Child-Care-Facilities-EN.pdf?fm=pdf\">\n    D\u00e9tails par groupe d'\u00e2ge<\/a>\n\n\n\n        <\/div>\n\n        \n    <\/div>\n\n\n\n    \n    \n    <div data-src=\"https:\/\/hotelcms-production.imgix.net\/shantimaurice.com\/wp-content\/uploads\/2024\/05\/Shanti-Maurice-Resort-Spa_Shanti-Kids-Club_01.jpg\" data-crop=\"\" class=\"imgix-fluid  crop \/ c-hero__background\"><\/div><noscript><div style=\"background-image: url(https:\/\/hotelcms-production.imgix.net\/shantimaurice.com\/wp-content\/uploads\/2024\/05\/Shanti-Maurice-Resort-Spa_Shanti-Kids-Club_01.jpg);\" class=\"crop \/ c-hero__background\" ><\/div><\/noscript>\n    \n    <\/section>\n<\/div><\/div><\/div><\/div><\/div><div id=\"pg-1658-1\"  class=\"panel-grid panel-has-style\" ><div class=\"c-row--valign-default c-row--widget-spacing c-row--margin-none c-row--column-none panel-row-style panel-row-style-for-1658-1\" ><div id=\"pgc-1658-1-0\"  class=\"panel-grid-cell\" ><div id=\"panel-1658-1-0-0\" class=\"so-panel widget widget_cn-core-cta-widget panel-first-child panel-last-child\" data-index=\"1\" ><div\n\t\t\t\n\t\t\tclass=\"so-widget-cn-core-cta-widget so-widget-cn-core-cta-widget-base\"\n\t\t\t\n\t\t><div class=\"c-cta c-cta--layout-image-right no-variation has-background\">\n\n    <div class=\"c-cta__content\">\n\n        <div class=\"c-cta__inner\">\n\n                            <a href=\"https:\/\/hotelcms-production.imgix.net\/shantimaurice.com\/wp-content\/uploads\/2025\/04\/Shanti-Maurice_Kids-Program_210425.pdf?fm=pdf\" class=\"c-cta__anchor\" target=\"_blank\">\n            \n            \n            \n            \n            \n                            <\/a>\n            \n                            <div class=\"c-cta__text \/ s-entry\">\n                    <div class=\"ewa-rteLine\"><strong>Kids Club<\/strong><\/div>\n<div class=\"ewa-rteLine\">Con\u00e7u sp\u00e9cialement pour nos jeunes h\u00f4tes, notre Kids Club, d\u00e9ploy\u00e9 sur 2 000 m\u00b2, est un univers \u00e0 part.<\/div>\n<div class=\"ewa-rteLine\">Il dispose de sa propre piscine pour enfants et d\u2019espaces d\u2019activit\u00e9s d\u00e9di\u00e9s \u00e0 chaque tranche d\u2019\u00e2ge.<\/div>\n<div class=\"ewa-rteLine\">Un programme hebdomadaire riche en exp\u00e9riences ludiques est propos\u00e9 : yoga pour enfants, activit\u00e9s nautiques, tir \u00e0 l\u2019arc, ateliers de cr\u00e9ation de mocktails, jeux en plein air\u2026 autant d\u2019aventures pour divertir et \u00e9veiller nos petits explorateurs tout au long de leur s\u00e9jour.<\/div>\n<div class=\"ewa-rteLine\">Notre Kids Club est un v\u00e9ritable havre pour les enfants de 4 mois \u00e0 11,99 ans, offrant un environnement bienveillant et pens\u00e9 pour eux.<\/div>\n<div class=\"ewa-rteLine\">Des programmes adapt\u00e9s sont propos\u00e9s selon quatre tranches d\u2019\u00e2ge :<\/div>\n<div class=\"ewa-rteLine\"><\/div>\n<div class=\"ewa-rteLine\">4 mois \u00e0 2,99 ans (service payant)<\/div>\n<div class=\"ewa-rteLine\">3 ans \u00e0 4 ans<\/div>\n<div class=\"ewa-rteLine\">5 ans \u00e0 7 ans<\/div>\n<div class=\"ewa-rteLine\">8 ans \u00e0 11,99 ans<\/div>\n<div class=\"ewa-rteLine\"><\/div>\n<div class=\"ewa-rteLine\">Les enfants peuvent \u00e9galement d\u00e9jeuner ou d\u00eener ensemble, encadr\u00e9s par notre \u00e9quipe attentionn\u00e9e du Kids Club.<\/div>\n<div class=\"ewa-rteLine\"><\/div>\n<div class=\"ewa-rteLine\"><strong>Horaires d\u2019ouverture du Kids Club<\/strong><\/div>\n<div class=\"ewa-rteLine\">De 10h00 \u00e0 20h30<\/div>\n<div class=\"ewa-rteLine\">(Heures suppl\u00e9mentaires possibles sur demande, avec suppl\u00e9ment et r\u00e9servation conseill\u00e9e 24h \u00e0 l\u2019avance.)<\/div>\n                <\/div>\n            \n            \n                            <div class=\"c-cta__buttons\">\n                    <a  class=\"c-button button \/ c-cta__button  c-button--arrow\" target=\"_blank\" href=\"https:\/\/hotelcms-production.imgix.net\/shantimaurice.com\/wp-content\/uploads\/2025\/04\/Shanti-Maurice_Kids-Program_210425.pdf?fm=pdf\">\n    Activit\u00e9s Enfants<\/a>\n\n\n                <\/div>\n            \n                    <\/div>\n\n    <\/div>\n\n    \n            <div data-src=\"https:\/\/hotelcms-production.imgix.net\/shantimaurice.com\/wp-content\/uploads\/2017\/11\/SHM_Kids-Club_Girl_Close-up_RGB.jpg\" data-crop=\"manual\" class=\"imgix-fluid  crop \/ c-background c-cta__background\" data-focus-horizontal=\"40\" data-focus-vertical=\"35\"><\/div><noscript><div style=\"background-image: url(https:\/\/hotelcms-production.imgix.net\/shantimaurice.com\/wp-content\/uploads\/2017\/11\/SHM_Kids-Club_Girl_Close-up_RGB.jpg);\" class=\"crop \/ c-background c-cta__background\" ><\/div><\/noscript>    \n            <a href=\"https:\/\/hotelcms-production.imgix.net\/shantimaurice.com\/wp-content\/uploads\/2025\/04\/Shanti-Maurice_Kids-Program_210425.pdf?fm=pdf\" class=\"c-cta__detached-anchor\" target=\"_blank\" target=\"_blank\" href=\"https:\/\/hotelcms-production.imgix.net\/shantimaurice.com\/wp-content\/uploads\/2025\/04\/Shanti-Maurice_Kids-Program_210425.pdf?fm=pdf\"><\/a>\n    \n<\/div>\n\n<\/div><\/div><\/div><\/div><\/div><div id=\"pg-1658-2\"  class=\"panel-grid panel-has-style\" ><div class=\"c-row--valign-default c-row--widget-spacing c-row--margin-none c-row--column-small panel-row-style panel-row-style-for-1658-2\" ><div id=\"pgc-1658-2-0\"  class=\"panel-grid-cell\" ><div id=\"panel-1658-2-0-0\" class=\"so-panel widget widget_cn-core-cta-widget panel-first-child panel-last-child\" data-index=\"2\" ><div\n\t\t\t\n\t\t\tclass=\"so-widget-cn-core-cta-widget so-widget-cn-core-cta-widget-base\"\n\t\t\t\n\t\t><div class=\"c-cta c-cta--layout-image-left no-variation has-background\">\n\n    <div class=\"c-cta__content\">\n\n        <div class=\"c-cta__inner\">\n\n            \n            \n            \n            \n            \n            \n                            <div class=\"c-cta__text \/ s-entry\">\n                    <p>Nos activit\u00e9s hebdomadaires ax\u00e9es sur le plaisir de vos enfants sont infinies. Nous pouvons organiser une vari\u00e9t\u00e9 de sports s\u00fbrs, \u00e0 la fois sur terre et dans la mer, une soir\u00e9e DJ, des cours d'exercices pour les enfants, des \u00e9toiles, du visage, du sable, des herbes, de la p\u00eache au crabe et bien plus encore.<\/p>\n<p>Nous avons \u00e9galement un menu pour enfants \u00e9labor\u00e9 avec des ingr\u00e9dients frais et locaux \u00e0 l'esprit. Les enfants seront trait\u00e9s avec des friandises mauriciennes ainsi que des Spoodles (spaghetti bolognese), Chix Fix (p\u00e9pites de poulet) et Burgosauruses (mini-poulet ou hamburgers aux l\u00e9gumes). Kids Table, notre d\u00eener en famille, est \u00e9galement servi tous les jours \u00e0 18h30 au restaurant Stars.<\/p>\n                <\/div>\n            \n            \n            \n                    <\/div>\n\n    <\/div>\n\n    \n            <div data-src=\"https:\/\/hotelcms-production.imgix.net\/shantimaurice.com\/wp-content\/uploads\/2017\/11\/SHM_Kids-Club_Children_Ice.jpg\" data-crop=\"manual\" class=\"imgix-fluid  crop \/ c-background c-cta__background\" data-focus-horizontal=\"50\" data-focus-vertical=\"50\"><\/div><noscript><div style=\"background-image: url(https:\/\/hotelcms-production.imgix.net\/shantimaurice.com\/wp-content\/uploads\/2017\/11\/SHM_Kids-Club_Children_Ice.jpg);\" class=\"crop \/ c-background c-cta__background\" ><\/div><\/noscript>    \n    \n<\/div>\n\n<\/div><\/div><\/div><\/div><\/div><div id=\"pg-1658-3\"  class=\"panel-grid panel-has-style\" ><div class=\"c-row--valign-default c-row--widget-none c-row--margin-none c-row--column-none panel-row-style panel-row-style-for-1658-3\" ><div id=\"pgc-1658-3-0\"  class=\"panel-grid-cell\" ><div id=\"panel-1658-3-0-0\" class=\"so-panel widget widget_cn-core-image-slider-widget panel-first-child panel-last-child\" data-index=\"3\" ><div\n\t\t\t\n\t\t\tclass=\"so-widget-cn-core-image-slider-widget so-widget-cn-core-image-slider-widget-base\"\n\t\t\t\n\t\t><div class=\"c-slider-wrapper no-variation no-variation\">\n\n    \n    \n    <div\n        id=\"slider-69d70ce3900e3\"\n        class=\"c-slider c-slider--image c-slider--set-height js-flickity\"\n                    data-flickity-options='{\"pageDots\":true,\"prevNextButtons\":true,\"cellAlign\":\"center\",\"contain\":\"\",\"wrapAround\":true,\"imagesLoaded\":true,\"setGallerySize\":false,\"adaptiveHeight\":false,\"autoPlay\":3500,\"friction\":0.28,\"pauseAutoPlayOnHover\":\"\",\"rightToLeft\":false,\"groupCells\":false}'\n            >\n                    <div\n                class=\"c-slider__cell  js-flickity-cell\"\n                id=\"image-cell-0\"\n            >\n                \n<div class=\"c-image-container  no-variation\">\n    \n    <figure class=\"crop\">\n                    <div data-src=\"https:\/\/hotelcms-production.imgix.net\/shantimaurice.com\/wp-content\/uploads\/2017\/11\/SHM_Kids-Club_Boy.jpg\" data-crop=\"manual\" class=\"imgix-fluid  c-image\" data-focus-horizontal=\"65\" data-focus-vertical=\"30\"><\/div><noscript><div style=\"background-image: url(https:\/\/hotelcms-production.imgix.net\/shantimaurice.com\/wp-content\/uploads\/2017\/11\/SHM_Kids-Club_Boy.jpg);\" class=\"c-image\" ><\/div><\/noscript>            <\/figure>\n\n    <\/div>\n            <\/div>\n                    <div\n                class=\"c-slider__cell  js-flickity-cell\"\n                id=\"image-cell-1\"\n            >\n                \n<div class=\"c-image-container  no-variation\">\n    \n    <figure class=\"crop\">\n                    <div data-src=\"https:\/\/hotelcms-production.imgix.net\/shantimaurice.com\/wp-content\/uploads\/2017\/11\/SHM_Kids-Club_Facilities.jpg\" data-crop=\"manual\" class=\"imgix-fluid  c-image\" data-focus-horizontal=\"70\" data-focus-vertical=\"65\"><\/div><noscript><div style=\"background-image: url(https:\/\/hotelcms-production.imgix.net\/shantimaurice.com\/wp-content\/uploads\/2017\/11\/SHM_Kids-Club_Facilities.jpg);\" class=\"c-image\" ><\/div><\/noscript>            <\/figure>\n\n    <\/div>\n            <\/div>\n            <\/div>\n\n    <\/div><\/div><\/div><\/div><\/div><\/div><div id=\"pg-1658-4\"  class=\"panel-grid panel-has-style\" ><div class=\"c-row--valign-default c-row--widget-default c-row--margin-none c-row--column-large panel-row-style panel-row-style-for-1658-4\" ><div id=\"pgc-1658-4-0\"  class=\"panel-grid-cell\" ><div id=\"panel-1658-4-0-0\" class=\"so-panel widget widget_cn-core-adjacent-pages-widget panel-first-child panel-last-child\" data-index=\"4\" ><div\n\t\t\t\n\t\t\tclass=\"so-widget-cn-core-adjacent-pages-widget so-widget-cn-core-adjacent-pages-widget-base\"\n\t\t\t\n\t\t><nav class=\"c-siblings  \">\n\n    <ul class=\"menu\">\n        <li class=\"c-siblings__page \/ menu__previous\">\n                            <a href=\"https:\/\/shantimaurice.com\/family-activities\/\">Aller aux activit\u00e9s familiales<\/a>\n                    <\/li>\n\n        \n        <li class=\"c-siblings__page \/ menu__next\">\n                        <a href=\"https:\/\/shantimaurice.com\/fr\/activites-familiales\/faire-une-demande\/\" class=\"\">Next page &rarr;<\/a>                    <\/li>\n    <\/ul>\n\n<\/nav><\/div><\/div><\/div><\/div><\/div><div id=\"pg-1658-5\"  class=\"panel-grid panel-has-style\" ><div class=\"c-row--valign-default c-row--widget-none c-row--margin-none c-row--column-default siteorigin-panels-stretch has-background c-row--background-cover imgix-fluid crop panel-row-style panel-row-style-for-1658-5\" data-stretch-type=\"full\" data-src=\"https:\/\/hotelcms-production.imgix.net\/shantimaurice.com\/wp-content\/uploads\/2017\/11\/texture.png\" data-crop=\"manual\" data-focus-horizontal=\"\" data-focus-vertical=\"\" ><div id=\"pgc-1658-5-0\"  class=\"panel-grid-cell\" ><div id=\"panel-1658-5-0-0\" class=\"so-panel widget widget_cn-core-cta-widget panel-first-child panel-last-child\" data-index=\"5\" ><div\n\t\t\t\n\t\t\tclass=\"so-widget-cn-core-cta-widget so-widget-cn-core-cta-widget-base\"\n\t\t\t\n\t\t><div class=\"c-cta c-cta--layout-breaker no-variation\">\n\n    <div class=\"c-cta__content\">\n\n        <div class=\"c-cta__inner\">\n\n                            <a href=\"https:\/\/shantimaurice.com\/family-activities\/make-an-enquiry\/\" class=\"c-cta__anchor\">\n            \n            \n            \n            \n                <div class=\"c-cta__headings\">\n\n                                    <p class=\"c-cta__preheading\">\n                        Amusement et amiti\u00e9                    <\/p>\n                \n                                    <h2 class=\"c-cta__heading\">\n                        R\u00e9servez notre Kids Club                    <\/h2>\n                \n                \n                <\/div>\n\n            \n            \n                            <\/a>\n            \n                            <div class=\"c-cta__text \/ s-entry\">\n                    <p>Chez Shanti Maurice, nous nous occupons aussi bien des petits que de nous. Notre Kids Club est l'endroit id\u00e9al pour divertir vos enfants, et avec une longue liste d'activit\u00e9s disponibles pour eux, ils ne voudront plus jamais partir!<\/p>\n                <\/div>\n            \n            \n                            <div class=\"c-cta__buttons\">\n                    <a  class=\"c-button button \/ c-cta__button  no-variation\" href=\"https:\/\/shantimaurice.com\/family-activities\/make-an-enquiry\/\">\n    Faire une demande<\/a>\n\n\n                <\/div>\n            \n                    <\/div>\n\n    <\/div>\n\n    \n    \n            <a href=\"https:\/\/shantimaurice.com\/family-activities\/make-an-enquiry\/\" class=\"c-cta__detached-anchor\" href=\"https:\/\/shantimaurice.com\/family-activities\/make-an-enquiry\/\"><\/a>\n    \n<\/div>\n\n<\/div><\/div><\/div><\/div><\/div><\/div>","protected":false},"excerpt":{"rendered":"<p>Le club enfants chez Shanti Maurice Pour les petits Des activit\u00e9s amusantes, un personnel amical et beaucoup d&#8217;amis Activit\u00e9s personnalis\u00e9es Activit\u00e9s Payantes D\u00e9tails par groupe d&#8217;\u00e2ge Kids Club Con\u00e7u sp\u00e9cialement pour nos jeunes h\u00f4tes, notre Kids Club, d\u00e9ploy\u00e9 sur 2 000 m\u00b2, est un univers \u00e0 part. Il dispose de sa propre piscine pour enfants &hellip;<\/p>\n","protected":false},"author":1,"featured_media":0,"parent":1653,"menu_order":1,"comment_status":"closed","ping_status":"closed","template":"","meta":{"_acf_changed":false,"footnotes":""},"class_list":["post--1658","post--page","post--type-page","post--status-publish","post--hentry"],"acf":[],"_links":{"self":[{"href":"https:\/\/shantimaurice.com\/fr\/wp-json\/wp\/v2\/pages\/1658","targetHints":{"allow":["GET"]}}],"collection":[{"href":"https:\/\/shantimaurice.com\/fr\/wp-json\/wp\/v2\/pages"}],"about":[{"href":"https:\/\/shantimaurice.com\/fr\/wp-json\/wp\/v2\/types\/page"}],"author":[{"embeddable":true,"href":"https:\/\/shantimaurice.com\/fr\/wp-json\/wp\/v2\/users\/1"}],"replies":[{"embeddable":true,"href":"https:\/\/shantimaurice.com\/fr\/wp-json\/wp\/v2\/comments?post=1658"}],"version-history":[{"count":7,"href":"https:\/\/shantimaurice.com\/fr\/wp-json\/wp\/v2\/pages\/1658\/revisions"}],"predecessor-version":[{"id":22710,"href":"https:\/\/shantimaurice.com\/fr\/wp-json\/wp\/v2\/pages\/1658\/revisions\/22710"}],"up":[{"embeddable":true,"href":"https:\/\/shantimaurice.com\/fr\/wp-json\/wp\/v2\/pages\/1653"}],"wp:attachment":[{"href":"https:\/\/shantimaurice.com\/fr\/wp-json\/wp\/v2\/media?parent=1658"}],"curies":[{"name":"wp","href":"https:\/\/api.w.org\/{rel}","templated":true}]}}