{"id":1663,"date":"2017-11-22T11:44:25","date_gmt":"2017-11-22T11:44:25","guid":{"rendered":"https:\/\/shantimaurice.testingcreative.co.uk\/family-activities\/make-an-enquiry\/"},"modified":"2024-05-09T11:43:34","modified_gmt":"2024-05-09T11:43:34","slug":"faire-une-demande","status":"publish","type":"page","link":"https:\/\/shantimaurice.com\/fr\/activites-familiales\/faire-une-demande\/","title":{"rendered":"Faire une Demande (Fam)"},"content":{"rendered":"<div id=\"pl-1663\"  class=\"panel-layout\" ><div id=\"pg-1663-0\"  class=\"panel-grid panel-has-style\" ><div class=\"c-row--valign-default c-row--widget-default c-row--margin-default c-row--column-none siteorigin-panels-stretch panel-row-style panel-row-style-for-1663-0\" data-stretch-type=\"full-stretched\" ><div id=\"pgc-1663-0-0\"  class=\"panel-grid-cell\" ><div id=\"panel-1663-0-0-0\" class=\"so-panel widget widget_cn-core-hero-widget panel-first-child panel-last-child\" data-index=\"0\" ><div\n\t\t\t\n\t\t\tclass=\"so-widget-cn-core-hero-widget so-widget-cn-core-hero-widget-base\"\n\t\t\t\n\t\t><section class=\"c-hero c-hero--short\">\n    <div class=\"c-hero__inner\">\n        \n        <div class=\"c-hero__content\">\n\n                            <h1 class=\"c-hero__heading\">\n                    Club enfants, activit\u00e9s et excursions                <\/h1>\n            \n                            <p class=\"c-hero__subheading\">\n                    Faire une enqu\u00eate                <\/p>\n                            <div class=\"s-entry \/ c-hero__text\">\n                    <p>\n                        Contactez notre \u00e9quipe pour commencer \u00e0 planifier votre escapade                    <\/p>\n                <\/div>\n                    <\/div>\n\n        \n    <\/div>\n\n\n\n    \n    \n    <div data-src=\"https:\/\/hotelcms-production.imgix.net\/shantimaurice.com\/wp-content\/uploads\/2024\/05\/Shanti-Maurice-Resort-Spa_Shanti-Kids-Club_01.jpg\" data-crop=\"\" class=\"imgix-fluid  crop \/ c-hero__background\"><\/div><noscript><div style=\"background-image: url(https:\/\/hotelcms-production.imgix.net\/shantimaurice.com\/wp-content\/uploads\/2024\/05\/Shanti-Maurice-Resort-Spa_Shanti-Kids-Club_01.jpg);\" class=\"crop \/ c-hero__background\" ><\/div><\/noscript>\n    \n    <\/section>\n<\/div><\/div><\/div><\/div><\/div><div id=\"pg-1663-1\"  class=\"panel-grid panel-has-style\" ><div class=\"c-row--valign-default c-row--widget-default c-row--margin-default c-row--column-default panel-row-style panel-row-style-for-1663-1\" ><div id=\"pgc-1663-1-0\"  class=\"panel-grid-cell\" ><div id=\"panel-1663-1-0-0\" class=\"so-panel widget widget_cn-core-form-widget panel-first-child panel-last-child\" data-index=\"1\" ><div\n\t\t\t\n\t\t\tclass=\"so-widget-cn-core-form-widget so-widget-cn-core-form-widget-base\"\n\t\t\t\n\t\t>\n    <div class=\"c-form \">\n                    <div class=\"c-form__headings\">\n                                    <p class=\"c-form__preheading\">Appelez-nous au +230 603 7200 ou envoyez-nous votre message en utilisant le formulaire ci-dessous.<\/p>\n                \n                                    <h2 class=\"c-form__heading\">Faire une demande de c\u00e9l\u00e9brations<\/h2>\n                            <\/div>\n        \n        <script type=\"text\/javascript\">\n\/* <![CDATA[ *\/\nvar gform;gform||(document.addEventListener(\"gform_main_scripts_loaded\",function(){gform.scriptsLoaded=!0}),document.addEventListener(\"gform\/theme\/scripts_loaded\",function(){gform.themeScriptsLoaded=!0}),window.addEventListener(\"DOMContentLoaded\",function(){gform.domLoaded=!0}),gform={domLoaded:!1,scriptsLoaded:!1,themeScriptsLoaded:!1,isFormEditor:()=>\"function\"==typeof InitializeEditor,callIfLoaded:function(o){return!(!gform.domLoaded||!gform.scriptsLoaded||!gform.themeScriptsLoaded&&!gform.isFormEditor()||(gform.isFormEditor()&&console.warn(\"The use of gform.initializeOnLoaded() is deprecated in the form editor context and will be removed in Gravity Forms 3.1.\"),o(),0))},initializeOnLoaded:function(o){gform.callIfLoaded(o)||(document.addEventListener(\"gform_main_scripts_loaded\",()=>{gform.scriptsLoaded=!0,gform.callIfLoaded(o)}),document.addEventListener(\"gform\/theme\/scripts_loaded\",()=>{gform.themeScriptsLoaded=!0,gform.callIfLoaded(o)}),window.addEventListener(\"DOMContentLoaded\",()=>{gform.domLoaded=!0,gform.callIfLoaded(o)}))},hooks:{action:{},filter:{}},addAction:function(o,r,e,t){gform.addHook(\"action\",o,r,e,t)},addFilter:function(o,r,e,t){gform.addHook(\"filter\",o,r,e,t)},doAction:function(o){gform.doHook(\"action\",o,arguments)},applyFilters:function(o){return gform.doHook(\"filter\",o,arguments)},removeAction:function(o,r){gform.removeHook(\"action\",o,r)},removeFilter:function(o,r,e){gform.removeHook(\"filter\",o,r,e)},addHook:function(o,r,e,t,n){null==gform.hooks[o][r]&&(gform.hooks[o][r]=[]);var d=gform.hooks[o][r];null==n&&(n=r+\"_\"+d.length),gform.hooks[o][r].push({tag:n,callable:e,priority:t=null==t?10:t})},doHook:function(r,o,e){var t;if(e=Array.prototype.slice.call(e,1),null!=gform.hooks[r][o]&&((o=gform.hooks[r][o]).sort(function(o,r){return o.priority-r.priority}),o.forEach(function(o){\"function\"!=typeof(t=o.callable)&&(t=window[t]),\"action\"==r?t.apply(null,e):e[0]=t.apply(null,e)})),\"filter\"==r)return e[0]},removeHook:function(o,r,t,n){var e;null!=gform.hooks[o][r]&&(e=(e=gform.hooks[o][r]).filter(function(o,r,e){return!!(null!=n&&n!=o.tag||null!=t&&t!=o.priority)}),gform.hooks[o][r]=e)}});\n\/* ]]> *\/\n<\/script>\n\n                <div class='gf_browser_gecko gform_wrapper gform_legacy_markup_wrapper gform-theme--no-framework' data-form-theme='legacy' data-form-index='0' id='gform_wrapper_7' ><form method='post' enctype='multipart\/form-data'  id='gform_7'  action='\/fr\/wp-json\/wp\/v2\/pages\/1663' data-formid='7' novalidate><div class='gf_invisible ginput_recaptchav3' data-sitekey='6LelDAwqAAAAAF8rTBQ1yuyrtuAsiEuNEzi9L1Uc' data-tabindex='100'><input id=\"input_cd9dd5320020fefeee61b975273695e9\" class=\"gfield_recaptcha_response\" type=\"hidden\" name=\"input_cd9dd5320020fefeee61b975273695e9\" value=\"\"\/><\/div>\n                        <div class='gform-body gform_body'><ul id='gform_fields_7' class='gform_fields top_label form_sublabel_below description_below validation_below'><li id=\"field_7_9\" class=\"gfield gfield--type-honeypot gform_validation_container field_sublabel_below gfield--has-description field_description_below field_validation_below gfield_visibility_visible\"  ><label class='gfield_label gform-field-label' for='input_7_9'>Comments<\/label><div class='ginput_container'><input name='input_9' id='input_7_9' type='text' value='' autocomplete='new-password'\/><\/div><div class='gfield_description' id='gfield_description_7_9'>This field is for validation purposes and should be left unchanged.<\/div><\/li><li id=\"field_7_1\" class=\"gfield gfield--type-text gfield_contains_required field_sublabel_below gfield--no-description field_description_below field_validation_below gfield_visibility_visible\"  ><label class='gfield_label gform-field-label' for='input_7_1'>Votre nom<span class=\"gfield_required\"><span class=\"gfield_required gfield_required_asterisk\">*<\/span><\/span><\/label><div class='ginput_container ginput_container_text'><input name='input_1' id='input_7_1' type='text' value='' class='medium'   tabindex='101' placeholder='Votre nom' aria-required=\"true\" aria-invalid=\"false\"   \/><\/div><\/li><li id=\"field_7_3\" class=\"gfield gfield--type-email gfield_contains_required field_sublabel_below gfield--no-description field_description_below field_validation_below gfield_visibility_visible\"  ><label class='gfield_label gform-field-label' for='input_7_3'>Votre email<span class=\"gfield_required\"><span class=\"gfield_required gfield_required_asterisk\">*<\/span><\/span><\/label><div class='ginput_container ginput_container_email'>\n                            <input name='input_3' id='input_7_3' type='email' value='' class='medium' tabindex='102'  placeholder='Votre email' aria-required=\"true\" aria-invalid=\"false\"  \/>\n                        <\/div><\/li><li id=\"field_7_6\" class=\"gfield gfield--type-date gfield--input-type-datepicker gfield--datepicker-default-icon field_sublabel_below gfield--no-description field_description_below field_validation_below gfield_visibility_visible\"  ><label class='gfield_label gform-field-label' for='input_7_6'>Date d&#039;arriv\u00e9e<\/label><div class='ginput_container ginput_container_date'>\n                            <input name='input_6' id='input_7_6' type='text' value='' class='datepicker gform-datepicker dmy datepicker_with_icon gdatepicker_with_icon' tabindex='103'  placeholder='Date d&#039;arriv\u00e9e' aria-describedby=\"input_7_6_date_format\" aria-invalid=\"false\" \/>\n                            <span id='input_7_6_date_format' class='screen-reader-text'>DD slash MM slash YYYY<\/span>\n                        <\/div>\n                        <input type='hidden' id='gforms_calendar_icon_input_7_6' class='gform_hidden' value='https:\/\/shantimaurice.com\/wp-content\/plugins\/gravityforms\/images\/datepicker\/datepicker.svg'\/><\/li><li id=\"field_7_8\" class=\"gfield gfield--type-date gfield--input-type-datepicker gfield--datepicker-default-icon field_sublabel_below gfield--no-description field_description_below field_validation_below gfield_visibility_visible\"  ><label class='gfield_label gform-field-label' for='input_7_8'>Date de d\u00e9part<\/label><div class='ginput_container ginput_container_date'>\n                            <input name='input_8' id='input_7_8' type='text' value='' class='datepicker gform-datepicker dmy datepicker_with_icon gdatepicker_with_icon' tabindex='104'  placeholder='Date de d\u00e9part' aria-describedby=\"input_7_8_date_format\" aria-invalid=\"false\" \/>\n                            <span id='input_7_8_date_format' class='screen-reader-text'>DD slash MM slash YYYY<\/span>\n                        <\/div>\n                        <input type='hidden' id='gforms_calendar_icon_input_7_8' class='gform_hidden' value='https:\/\/shantimaurice.com\/wp-content\/plugins\/gravityforms\/images\/datepicker\/datepicker.svg'\/><\/li><li id=\"field_7_7\" class=\"gfield gfield--type-number gfield_contains_required field_sublabel_below gfield--no-description field_description_below field_validation_below gfield_visibility_visible\"  ><label class='gfield_label gform-field-label' for='input_7_7'>Nombre approximatif d&#039;invit\u00e9s<span class=\"gfield_required\"><span class=\"gfield_required gfield_required_asterisk\">*<\/span><\/span><\/label><div class='ginput_container ginput_container_number'><input name='input_7' id='input_7_7' type='number' step='any'   value='' class='medium' tabindex='105'   placeholder='Nombre approximatif d&#039;invit\u00e9s' aria-required=\"true\" aria-invalid=\"false\"  \/><\/div><\/li><li id=\"field_7_5\" class=\"gfield gfield--type-textarea field_sublabel_below gfield--no-description field_description_below field_validation_below gfield_visibility_visible\"  ><label class='gfield_label gform-field-label' for='input_7_5'>Votre demande<\/label><div class='ginput_container ginput_container_textarea'><textarea name='input_5' id='input_7_5' class='textarea medium' tabindex='106'   placeholder='Votre demande'  aria-invalid=\"false\"   rows='10' cols='50'><\/textarea><\/div><\/li><\/ul><\/div>\n        <div class='gform-footer gform_footer top_label'> <button type=\"submit\" class=\"button gform_button\" id=\"gform_submit_button_7\">Soumettre<\/button> \n            <input type='hidden' class='gform_hidden' name='gform_submission_method' data-js='gform_submission_method_7' value='postback' \/>\n            <input type='hidden' class='gform_hidden' name='gform_theme' data-js='gform_theme_7' id='gform_theme_7' value='legacy' \/>\n            <input type='hidden' class='gform_hidden' name='gform_style_settings' data-js='gform_style_settings_7' id='gform_style_settings_7' value='' \/>\n            <input type='hidden' class='gform_hidden' name='is_submit_7' value='1' \/>\n            <input type='hidden' class='gform_hidden' name='gform_submit' value='7' \/>\n            \n            <input type='hidden' class='gform_hidden' name='gform_currency' data-currency='GBP' value='Nd51hvDcSA7XArV1CQ0EL9+IbAvQSSjjQ\/lZV9Wn4LDCbNG93vEQDa0+k8EM6eE+iPF8iJynr8JT0dEw\/yYTHFtaevqFfL\/fzSXrOyOUdQk6W6s=' \/>\n            <input type='hidden' class='gform_hidden' name='gform_unique_id' value='' \/>\n            <input type='hidden' class='gform_hidden' name='state_7' value='WyJbXSIsIjVjNDY3NzY3MTMzNjlmMTM4MjEwNTMwOGFlOTI3OGY5Il0=' \/>\n            <input type='hidden' autocomplete='off' class='gform_hidden' name='gform_target_page_number_7' id='gform_target_page_number_7' value='0' \/>\n            <input type='hidden' autocomplete='off' class='gform_hidden' name='gform_source_page_number_7' id='gform_source_page_number_7' value='1' \/>\n            <input type='hidden' name='gform_field_values' value='' \/>\n            \n        <\/div>\n                        <\/form>\n                        <\/div><script type=\"text\/javascript\">\n\/* <![CDATA[ *\/\n gform.initializeOnLoaded( function() {gformInitSpinner( 7, 'https:\/\/shantimaurice.com\/wp-content\/plugins\/gravityforms\/images\/spinner.svg', true );jQuery('#gform_ajax_frame_7').on('load',function(){var contents = jQuery(this).contents().find('*').html();var is_postback = contents.indexOf('GF_AJAX_POSTBACK') >= 0;if(!is_postback){return;}var form_content = jQuery(this).contents().find('#gform_wrapper_7');var is_confirmation = jQuery(this).contents().find('#gform_confirmation_wrapper_7').length > 0;var is_redirect = contents.indexOf('gformRedirect(){') >= 0;var is_form = form_content.length > 0 && ! is_redirect && ! is_confirmation;var mt = parseInt(jQuery('html').css('margin-top'), 10) + parseInt(jQuery('body').css('margin-top'), 10) + 100;if(is_form){jQuery('#gform_wrapper_7').html(form_content.html());if(form_content.hasClass('gform_validation_error')){jQuery('#gform_wrapper_7').addClass('gform_validation_error');} else {jQuery('#gform_wrapper_7').removeClass('gform_validation_error');}setTimeout( function() { \/* delay the scroll by 50 milliseconds to fix a bug in chrome *\/  }, 50 );if(window['gformInitDatepicker']) {gformInitDatepicker();}if(window['gformInitPriceFields']) {gformInitPriceFields();}var current_page = jQuery('#gform_source_page_number_7').val();gformInitSpinner( 7, 'https:\/\/shantimaurice.com\/wp-content\/plugins\/gravityforms\/images\/spinner.svg', true );jQuery(document).trigger('gform_page_loaded', [7, current_page]);window['gf_submitting_7'] = false;}else if(!is_redirect){var confirmation_content = jQuery(this).contents().find('.GF_AJAX_POSTBACK').html();if(!confirmation_content){confirmation_content = contents;}jQuery('#gform_wrapper_7').replaceWith(confirmation_content);jQuery(document).trigger('gform_confirmation_loaded', [7]);window['gf_submitting_7'] = false;wp.a11y.speak(jQuery('#gform_confirmation_message_7').text());}else{jQuery('#gform_7').append(contents);if(window['gformRedirect']) {gformRedirect();}}jQuery(document).trigger(\"gform_pre_post_render\", [{ formId: \"7\", currentPage: \"current_page\", abort: function() { this.preventDefault(); } }]);        if (event && event.defaultPrevented) {                return;        }        const gformWrapperDiv = document.getElementById( \"gform_wrapper_7\" );        if ( gformWrapperDiv ) {            const visibilitySpan = document.createElement( \"span\" );            visibilitySpan.id = \"gform_visibility_test_7\";            gformWrapperDiv.insertAdjacentElement( \"afterend\", visibilitySpan );        }        const visibilityTestDiv = document.getElementById( \"gform_visibility_test_7\" );        let postRenderFired = false;        function triggerPostRender() {            if ( postRenderFired ) {                return;            }            postRenderFired = true;            gform.core.triggerPostRenderEvents( 7, current_page );            if ( visibilityTestDiv ) {                visibilityTestDiv.parentNode.removeChild( visibilityTestDiv );            }        }        function debounce( func, wait, immediate ) {            var timeout;            return function() {                var context = this, args = arguments;                var later = function() {                    timeout = null;                    if ( !immediate ) func.apply( context, args );                };                var callNow = immediate && !timeout;                clearTimeout( timeout );                timeout = setTimeout( later, wait );                if ( callNow ) func.apply( context, args );            };        }        const debouncedTriggerPostRender = debounce( function() {            triggerPostRender();        }, 200 );        if ( visibilityTestDiv && visibilityTestDiv.offsetParent === null ) {            const observer = new MutationObserver( ( mutations ) => {                mutations.forEach( ( mutation ) => {                    if ( mutation.type === 'attributes' && visibilityTestDiv.offsetParent !== null ) {                        debouncedTriggerPostRender();                        observer.disconnect();                    }                });            });            observer.observe( document.body, {                attributes: true,                childList: false,                subtree: true,                attributeFilter: [ 'style', 'class' ],            });        } else {            triggerPostRender();        }    } );} ); \n\/* ]]> *\/\n<\/script>\n\n    <\/div>\n\n<\/div><\/div><\/div><div id=\"pgc-1663-1-1\"  class=\"panel-grid-cell\" ><div id=\"panel-1663-1-1-0\" class=\"so-panel widget widget_cn-core-image-widget panel-first-child panel-last-child\" data-index=\"2\" ><div\n\t\t\t\n\t\t\tclass=\"so-widget-cn-core-image-widget so-widget-cn-core-image-widget-base\"\n\t\t\t\n\t\t>\n<div class=\"c-image-container  no-variation\">\n    \n    <figure class=\"crop\">\n                    <div data-src=\"https:\/\/hotelcms-production.imgix.net\/shantimaurice.com\/wp-content\/uploads\/2017\/11\/shutterstock_515885956.jpg\" data-crop=\"manual\" class=\"imgix-fluid  c-image\" data-focus-horizontal=\"50\" data-focus-vertical=\"50\"><\/div><noscript><div style=\"background-image: url(https:\/\/hotelcms-production.imgix.net\/shantimaurice.com\/wp-content\/uploads\/2017\/11\/shutterstock_515885956.jpg);\" class=\"c-image\" ><\/div><\/noscript>            <\/figure>\n\n    <\/div>\n<\/div><\/div><\/div><\/div><\/div><\/div>","protected":false},"excerpt":{"rendered":"<p>Club enfants, activit\u00e9s et excursions Faire une enqu\u00eate Contactez notre \u00e9quipe pour commencer \u00e0 planifier votre escapade Appelez-nous au +230 603 7200 ou envoyez-nous votre message en utilisant le formulaire ci-dessous. Faire une demande de c\u00e9l\u00e9brations InstagramThis field is for validation purposes and should be left unchanged.Votre nom*Votre email* Date d&#039;arriv\u00e9e DD slash MM slash &hellip;<\/p>\n","protected":false},"author":1,"featured_media":0,"parent":1653,"menu_order":2,"comment_status":"closed","ping_status":"closed","template":"","meta":{"_acf_changed":false,"footnotes":""},"class_list":["post--1663","post--page","post--type-page","post--status-publish","post--hentry"],"acf":[],"_links":{"self":[{"href":"https:\/\/shantimaurice.com\/fr\/wp-json\/wp\/v2\/pages\/1663","targetHints":{"allow":["GET"]}}],"collection":[{"href":"https:\/\/shantimaurice.com\/fr\/wp-json\/wp\/v2\/pages"}],"about":[{"href":"https:\/\/shantimaurice.com\/fr\/wp-json\/wp\/v2\/types\/page"}],"author":[{"embeddable":true,"href":"https:\/\/shantimaurice.com\/fr\/wp-json\/wp\/v2\/users\/1"}],"replies":[{"embeddable":true,"href":"https:\/\/shantimaurice.com\/fr\/wp-json\/wp\/v2\/comments?post=1663"}],"version-history":[{"count":1,"href":"https:\/\/shantimaurice.com\/fr\/wp-json\/wp\/v2\/pages\/1663\/revisions"}],"predecessor-version":[{"id":19314,"href":"https:\/\/shantimaurice.com\/fr\/wp-json\/wp\/v2\/pages\/1663\/revisions\/19314"}],"up":[{"embeddable":true,"href":"https:\/\/shantimaurice.com\/fr\/wp-json\/wp\/v2\/pages\/1653"}],"wp:attachment":[{"href":"https:\/\/shantimaurice.com\/fr\/wp-json\/wp\/v2\/media?parent=1663"}],"curies":[{"name":"wp","href":"https:\/\/api.w.org\/{rel}","templated":true}]}}