{"id":1681,"date":"2017-11-21T10:08:50","date_gmt":"2017-11-21T10:08:50","guid":{"rendered":"https:\/\/shantimaurice.testingcreative.co.uk\/about-us\/"},"modified":"2026-01-14T12:20:26","modified_gmt":"2026-01-14T12:20:26","slug":"a-propos-de-nous-us","status":"publish","type":"page","link":"https:\/\/shantimaurice.com\/fr\/a-propos-de-nous-us\/","title":{"rendered":"A Propos de Nous"},"content":{"rendered":"<div id=\"pl-1681\"  class=\"panel-layout\" ><div id=\"pg-1681-0\"  class=\"panel-grid panel-has-style\" ><div class=\"c-row--valign-default c-row--widget-default c-row--margin-none c-row--column-none siteorigin-panels-stretch panel-row-style panel-row-style-for-1681-0\" data-stretch-type=\"full-width-stretch\" ><div id=\"pgc-1681-0-0\"  class=\"panel-grid-cell\" ><div id=\"panel-1681-0-0-0\" class=\"so-panel widget widget_cn-core-hero-widget panel-first-child panel-last-child\" data-index=\"0\" ><div\n\t\t\t\n\t\t\tclass=\"so-widget-cn-core-hero-widget so-widget-cn-core-hero-widget-base\"\n\t\t\t\n\t\t><section class=\"c-hero no-variation\">\n    <div class=\"c-hero__inner\">\n        \n        <div class=\"c-hero__content\">\n\n                            <h1 class=\"c-hero__heading\">\n                    A propos de Shanti Maurice Resort &amp; Spa                <\/h1>\n            \n                            <p class=\"c-hero__subheading\">\n                    Des souvenirs inoubliables                <\/p>\n                            <div class=\"s-entry \/ c-hero__text\">\n                    <p>\n                        Entour\u00e9 de for\u00eats luxuriantes, de mers turquoise calmes et de plages priv\u00e9es, Shanti Maurice est l'une des stations baln\u00e9aires les plus luxueuses de l'\u00eele Maurice.                    <\/p>\n                <\/div>\n                    <\/div>\n\n        \n    <\/div>\n\n\n\n    \n    \n    <div data-src=\"https:\/\/hotelcms-production.imgix.net\/shantimaurice.com\/wp-content\/uploads\/2017\/11\/shutterstock_525140524.jpg\" data-crop=\"\" class=\"imgix-fluid  crop \/ c-hero__background\"><\/div><noscript><div style=\"background-image: url(https:\/\/hotelcms-production.imgix.net\/shantimaurice.com\/wp-content\/uploads\/2017\/11\/shutterstock_525140524.jpg);\" class=\"crop \/ c-hero__background\" ><\/div><\/noscript>\n    \n            <a href=\"#main-content\" class=\"c-hero__scroller\" data-module=\"scroll-to\">\n            <span class=\"c-hero__scroller__text\">Scroll to explore<\/span>\n            <span class=\"c-hero__scroller__arrow\"><\/span>\n        <\/a>\n    <\/section>\n<\/div><\/div><\/div><\/div><\/div><div id=\"pg-1681-1\"  class=\"panel-grid panel-has-style\" ><div class=\"c-row--valign-default c-row--widget-spacing c-row--margin-none c-row--column-default siteorigin-panels-stretch has-background c-row--background-cover imgix-fluid crop panel-row-style panel-row-style-for-1681-1\" data-stretch-type=\"full\" data-src=\"https:\/\/hotelcms-production.imgix.net\/shantimaurice.com\/wp-content\/uploads\/2017\/11\/texture-bg.png\" data-crop=\"\" ><div id=\"pgc-1681-1-0\"  class=\"panel-grid-cell\" ><div id=\"panel-1681-1-0-0\" class=\"so-panel widget widget_cn-core-text-widget panel-first-child panel-last-child\" data-index=\"1\" ><div\n\t\t\t\n\t\t\tclass=\"so-widget-cn-core-text-widget so-widget-cn-core-text-widget-base\"\n\t\t\t\n\t\t>\n<div class=\"c-text c-text--lede\" >\n\n    \n    \n    \n    <div class=\"c-text__content s-entry\">\n        <p>De notre belle propri\u00e9t\u00e9 avec des plages isol\u00e9es et des piscines priv\u00e9es \u00e0 travers les cascades naturelles et les zones montagneuses qui entourent notre station, il y a beaucoup \u00e0 voir et \u00e0 faire dans cette partie de l'\u00eele Maurice. Utilisez notre carte des stations pour naviguer \u00e0 travers notre station, parcourez notre galerie d'images pour voir \u00e0 quoi ressemble la vie \u00e0 Shanti Maurice, et jetez un \u0153il \u00e0 nos r\u00e9cents avis et r\u00e9compenses.<\/p>\n    <\/div>\n\n<\/div>\n<\/div><\/div><\/div><\/div><\/div><div id=\"pg-1681-2\"  class=\"panel-grid panel-has-style\" ><div class=\"c-row--valign-default c-row--widget-spacing c-row--margin-none c-row--column-small siteorigin-panels-stretch has-background c-row--background-cover imgix-fluid crop panel-row-style panel-row-style-for-1681-2\" data-stretch-type=\"full-width-stretch\" data-src=\"https:\/\/hotelcms-production.imgix.net\/shantimaurice.com\/wp-content\/uploads\/2017\/11\/texture-blue.png\" data-crop=\"\" data-row-label=\"beaches\" id=\"beaches\" ><div id=\"pgc-1681-2-0\"  class=\"panel-grid-cell\" ><div id=\"panel-1681-2-0-0\" class=\"so-panel widget widget_cn-core-cta-widget panel-first-child\" data-index=\"2\" ><div\n\t\t\t\n\t\t\tclass=\"so-widget-cn-core-cta-widget so-widget-cn-core-cta-widget-base\"\n\t\t\t\n\t\t><div class=\"c-cta c-cta--layout-breaker-right no-variation has-background\">\n\n    <div class=\"c-cta__content\">\n\n        <div class=\"c-cta__inner\">\n\n            \n            \n            \n            \n                <div class=\"c-cta__headings\">\n\n                \n                                    <h2 class=\"c-cta__heading\">\n                        Plages, piscines et domaines                    <\/h2>\n                \n                \n                <\/div>\n\n            \n            \n            \n                            <div class=\"c-cta__text \/ s-entry\">\n                    <p>Nous sommes b\u00e9nis avec des plages priv\u00e9es calmes et paisibles qui sont \u00e0 proximit\u00e9 de la plupart des suites et des villas \u00e0 Shanti Maurice. Beaucoup de nos villas ont des piscines priv\u00e9es, mais il y a aussi une piscine \u00e0 d\u00e9bordement, une grande piscine avec jacuzzi et une piscine thermale sur place pour votre plaisir. Nous avons \u00e9galement une boutique, vendant une s\u00e9lection d'artisanat mauricien, et une biblioth\u00e8que bien fournie avec des ordinateurs pour les clients \u00e0 utiliser.<\/p>\n                <\/div>\n            \n            \n            \n                    <\/div>\n\n    <\/div>\n\n    \n            <div data-src=\"https:\/\/hotelcms-production.imgix.net\/shantimaurice.com\/wp-content\/uploads\/2017\/11\/SHM_Beach_026_HR.jpg\" data-crop=\"manual\" class=\"imgix-fluid  crop \/ c-background c-cta__background\" data-focus-horizontal=\"50\" data-focus-vertical=\"50\"><\/div><noscript><div style=\"background-image: url(https:\/\/hotelcms-production.imgix.net\/shantimaurice.com\/wp-content\/uploads\/2017\/11\/SHM_Beach_026_HR.jpg);\" class=\"crop \/ c-background c-cta__background\" ><\/div><\/noscript>    \n    \n<\/div>\n\n<\/div><\/div><div id=\"panel-1681-2-0-1\" class=\"so-panel widget widget_cn-core-cta-widget panel-last-child\" data-index=\"3\" ><div\n\t\t\t\n\t\t\tclass=\"so-widget-cn-core-cta-widget so-widget-cn-core-cta-widget-base\"\n\t\t\t\n\t\t><div class=\"c-cta c-cta--layout-breaker-left no-variation has-background\">\n\n    <div class=\"c-cta__content\">\n\n        <div class=\"c-cta__inner\">\n\n            \n            \n            \n            \n                <div class=\"c-cta__headings\">\n\n                \n                                    <h2 class=\"c-cta__heading\">\n                        Local Area                    <\/h2>\n                \n                \n                <\/div>\n\n            \n            \n            \n                            <div class=\"c-cta__text \/ s-entry\">\n                    <p>L'\u00eele Maurice est entour\u00e9e de mers turquoise riches en faune, de plages de sable blanc et lisse et d'innombrables zones bois\u00e9es et montagneuses. Les chutes d'eau et les lagunes naturelles sont facilement accessibles depuis Shanti Maurice, et les villes et villages locaux, avec leurs habitants amicaux et curieux, offrent un aper\u00e7u unique de la culture mauricienne. Nous sommes \u00e0 une courte distance en voiture de l'Avalon Golf Estate 18 trous, des plantations de th\u00e9 parfum\u00e9 sans fin, et notre propre r\u00e9serve de corail dans l'oc\u00e9an Indien.<\/p>\n                <\/div>\n            \n            \n            \n                    <\/div>\n\n    <\/div>\n\n    \n            <div data-src=\"https:\/\/hotelcms-production.imgix.net\/shantimaurice.com\/wp-content\/uploads\/2017\/11\/shutterstock_648416920.jpg\" data-crop=\"manual\" class=\"imgix-fluid  crop \/ c-background c-cta__background\" data-focus-horizontal=\"50\" data-focus-vertical=\"50\"><\/div><noscript><div style=\"background-image: url(https:\/\/hotelcms-production.imgix.net\/shantimaurice.com\/wp-content\/uploads\/2017\/11\/shutterstock_648416920.jpg);\" class=\"crop \/ c-background c-cta__background\" ><\/div><\/noscript>    \n    \n<\/div>\n\n<\/div><\/div><\/div><\/div><\/div><div id=\"pg-1681-3\"  class=\"panel-grid panel-has-style\" ><div class=\"c-row--valign-default c-row--widget-none c-row--margin-none c-row--column-small siteorigin-panels-stretch panel-row-style panel-row-style-for-1681-3\" data-stretch-type=\"full-width-stretch\" ><div id=\"pgc-1681-3-0\"  class=\"panel-grid-cell\" ><div id=\"panel-1681-3-0-0\" class=\"so-panel widget widget_cn-core-cta-widget panel-first-child panel-last-child\" data-index=\"4\" ><div\n\t\t\t\n\t\t\tclass=\"so-widget-cn-core-cta-widget so-widget-cn-core-cta-widget-base\"\n\t\t\t\n\t\t><div class=\"c-cta c-cta--layout-image-right no-variation has-background\">\n\n    <div class=\"c-cta__content\">\n\n        <div class=\"c-cta__inner\">\n\n            \n            \n            \n            \n                <div class=\"c-cta__headings\">\n\n                \n                                    <h2 class=\"c-cta__heading\">\n                        Carri\u00e8res                    <\/h2>\n                \n                \n                <\/div>\n\n            \n            \n            \n                            <div class=\"c-cta__text \/ s-entry\">\n                    <p>Si vous \u00eates \u00e0 la recherche d'une nouvelle opportunit\u00e9 et que vous souhaitez faire partie de quelque chose de spectaculaire, Shanti Maurice est peut-\u00eatre l'endroit qu'il vous faut. Parcourez nos positions actuelles ci-dessous, ou t\u00e9l\u00e9chargez votre CV et lettre de motivation pour \u00eatre consid\u00e9r\u00e9 pour un prochain r\u00f4le dans notre station.<\/p>\n                <\/div>\n            \n            \n                            <div class=\"c-cta__buttons\">\n                    <a  class=\"c-button button \/ c-cta__button  no-variation\" href=\"\">\n    D\u00e9couvrez<\/a>\n\n\n                <\/div>\n            \n                    <\/div>\n\n    <\/div>\n\n    \n            <div data-src=\"https:\/\/hotelcms-production.imgix.net\/shantimaurice.com\/wp-content\/uploads\/2017\/11\/SHM_Nira-Spa_Pool_RGB.jpg\" data-crop=\"manual\" class=\"imgix-fluid  crop \/ c-background c-cta__background\" data-focus-horizontal=\"50\" data-focus-vertical=\"65\"><\/div><noscript><div style=\"background-image: url(https:\/\/hotelcms-production.imgix.net\/shantimaurice.com\/wp-content\/uploads\/2017\/11\/SHM_Nira-Spa_Pool_RGB.jpg);\" class=\"crop \/ c-background c-cta__background\" ><\/div><\/noscript>    \n    \n<\/div>\n\n<\/div><\/div><\/div><\/div><\/div><div id=\"pg-1681-4\"  class=\"panel-grid panel-has-style\" ><div class=\"c-row--valign-default c-row--widget-spacing c-row--margin-default c-row--column-small c-row--style-muted siteorigin-panels-stretch panel-row-style panel-row-style-for-1681-4\" data-stretch-type=\"full\" ><div id=\"pgc-1681-4-0\"  class=\"panel-grid-cell\" ><div id=\"panel-1681-4-0-0\" class=\"so-panel widget widget_cn-core-cta-widget panel-first-child panel-last-child\" data-index=\"5\" ><div\n\t\t\t\n\t\t\tclass=\"so-widget-cn-core-cta-widget so-widget-cn-core-cta-widget-base\"\n\t\t\t\n\t\t><div class=\"c-cta no-layout no-variation\">\n\n    <div class=\"c-cta__content\">\n\n        <div class=\"c-cta__inner\">\n\n                            <a href=\"https:\/\/shantimaurice.com\/about-us\/resort-map\/\" class=\"c-cta__anchor\">\n            \n            \n                          <div class=\"crop\">\n                <div data-src=\"https:\/\/hotelcms-production.imgix.net\/shantimaurice.com\/wp-content\/uploads\/2017\/11\/SM-Resort-Map-290618.jpg\" data-crop=\"manual\" class=\"imgix-fluid  c-image c-cta__image\" data-focus-horizontal=\"35\" data-focus-vertical=\"30\"><\/div><noscript><div style=\"background-image: url(https:\/\/hotelcms-production.imgix.net\/shantimaurice.com\/wp-content\/uploads\/2017\/11\/SM-Resort-Map-290618.jpg);\" class=\"c-image c-cta__image\" ><\/div><\/noscript>              <\/div>\n            \n            \n                <div class=\"c-cta__headings\">\n\n                                    <p class=\"c-cta__preheading\">\n                        Plan du resort                    <\/p>\n                \n                                    <h2 class=\"c-cta__heading\">\n                        D\u00e9couvrez votre maison loin de la maison                    <\/h2>\n                \n                \n                <\/div>\n\n            \n            \n                            <\/a>\n            \n            \n            \n            \n                    <\/div>\n\n    <\/div>\n\n    \n    \n            <a href=\"https:\/\/shantimaurice.com\/about-us\/resort-map\/\" class=\"c-cta__detached-anchor\"><\/a>\n    \n<\/div>\n\n<\/div><\/div><\/div><div id=\"pgc-1681-4-1\"  class=\"panel-grid-cell\" ><div id=\"panel-1681-4-1-0\" class=\"so-panel widget widget_cn-core-cta-widget panel-first-child panel-last-child\" data-index=\"6\" ><div\n\t\t\t\n\t\t\tclass=\"so-widget-cn-core-cta-widget so-widget-cn-core-cta-widget-base\"\n\t\t\t\n\t\t><div class=\"c-cta no-layout no-variation\">\n\n    <div class=\"c-cta__content\">\n\n        <div class=\"c-cta__inner\">\n\n                            <a href=\"https:\/\/shantimaurice.com\/about-us\/gallery\/\" class=\"c-cta__anchor\">\n            \n            \n                          <div class=\"crop\">\n                <div data-src=\"https:\/\/hotelcms-production.imgix.net\/shantimaurice.com\/wp-content\/uploads\/2017\/11\/Nira_SPA_Shanti_Maurice_01-1.jpg\" data-crop=\"manual\" class=\"imgix-fluid  c-image c-cta__image\" data-focus-horizontal=\"50\" data-focus-vertical=\"50\"><\/div><noscript><div style=\"background-image: url(https:\/\/hotelcms-production.imgix.net\/shantimaurice.com\/wp-content\/uploads\/2017\/11\/Nira_SPA_Shanti_Maurice_01-1.jpg);\" class=\"c-image c-cta__image\" ><\/div><\/noscript>              <\/div>\n            \n            \n                <div class=\"c-cta__headings\">\n\n                                    <p class=\"c-cta__preheading\">\n                        Gal\u00e9rie                    <\/p>\n                \n                                    <h2 class=\"c-cta__heading\">\n                        Voyez tout pour vous                    <\/h2>\n                \n                \n                <\/div>\n\n            \n            \n                            <\/a>\n            \n            \n            \n            \n                    <\/div>\n\n    <\/div>\n\n    \n    \n            <a href=\"https:\/\/shantimaurice.com\/about-us\/gallery\/\" class=\"c-cta__detached-anchor\"><\/a>\n    \n<\/div>\n\n<\/div><\/div><\/div><div id=\"pgc-1681-4-2\"  class=\"panel-grid-cell\" ><div id=\"panel-1681-4-2-0\" class=\"so-panel widget widget_cn-core-cta-widget panel-first-child panel-last-child\" data-index=\"7\" ><div\n\t\t\t\n\t\t\tclass=\"so-widget-cn-core-cta-widget so-widget-cn-core-cta-widget-base\"\n\t\t\t\n\t\t><div class=\"c-cta no-layout no-variation\">\n\n    <div class=\"c-cta__content\">\n\n        <div class=\"c-cta__inner\">\n\n                            <a href=\"https:\/\/shantimaurice.com\/about-us\/resort-amenities\/\" class=\"c-cta__anchor\">\n            \n            \n                          <div class=\"crop\">\n                <div data-src=\"https:\/\/hotelcms-production.imgix.net\/shantimaurice.com\/wp-content\/uploads\/2017\/11\/SHM_Nira-Spa_Pool_RGB.jpg\" data-crop=\"manual\" class=\"imgix-fluid  c-image c-cta__image\" data-focus-horizontal=\"50\" data-focus-vertical=\"65\"><\/div><noscript><div style=\"background-image: url(https:\/\/hotelcms-production.imgix.net\/shantimaurice.com\/wp-content\/uploads\/2017\/11\/SHM_Nira-Spa_Pool_RGB.jpg);\" class=\"c-image c-cta__image\" ><\/div><\/noscript>              <\/div>\n            \n            \n                <div class=\"c-cta__headings\">\n\n                                    <p class=\"c-cta__preheading\">\n                        \u00c9quipements du resort                    <\/p>\n                \n                                    <h2 class=\"c-cta__heading\">\n                        Scenic et luxueux                    <\/h2>\n                \n                \n                <\/div>\n\n            \n            \n                            <\/a>\n            \n            \n            \n            \n                    <\/div>\n\n    <\/div>\n\n    \n    \n            <a href=\"https:\/\/shantimaurice.com\/about-us\/resort-amenities\/\" class=\"c-cta__detached-anchor\"><\/a>\n    \n<\/div>\n\n<\/div><\/div><\/div><\/div><\/div><div id=\"pg-1681-5\"  class=\"panel-grid panel-has-style\" ><div class=\"c-row--valign-default c-row--widget-none c-row--margin-none c-row--column-default siteorigin-panels-stretch has-background c-row--background-cover imgix-fluid crop panel-row-style panel-row-style-for-1681-5\" data-stretch-type=\"full\" data-src=\"https:\/\/hotelcms-production.imgix.net\/shantimaurice.com\/wp-content\/uploads\/2017\/11\/texture.png\" data-crop=\"manual\" data-focus-horizontal=\"\" data-focus-vertical=\"\" ><div id=\"pgc-1681-5-0\"  class=\"panel-grid-cell\" ><div id=\"panel-1681-5-0-0\" class=\"so-panel widget widget_cn-core-cta-widget panel-first-child panel-last-child\" data-index=\"8\" ><div\n\t\t\t\n\t\t\tclass=\"so-widget-cn-core-cta-widget so-widget-cn-core-cta-widget-base\"\n\t\t\t\n\t\t><div class=\"c-cta c-cta--layout-breaker no-variation\">\n\n    <div class=\"c-cta__content\">\n\n        <div class=\"c-cta__inner\">\n\n                            <a href=\"https:\/\/shantimaurice.com\/accommodation\/\" class=\"c-cta__anchor\">\n            \n            \n            \n            \n                <div class=\"c-cta__headings\">\n\n                                    <p class=\"c-cta__preheading\">\n                        S\u00e9jour \u00e0 Shanti Maurice                    <\/p>\n                \n                                    <h2 class=\"c-cta__heading\">\n                        L'aventure commence ici                    <\/h2>\n                \n                \n                <\/div>\n\n            \n            \n                            <\/a>\n            \n                            <div class=\"c-cta__text \/ s-entry\">\n                    <p>Des go\u00fbts indulgents, des sites exceptionnels et des exp\u00e9riences inoubliables. Il n'y a jamais de mauvais moment pour visiter Shanti Maurice, mais il n'y a pas de meilleur moment que maintenant.<\/p>\n                <\/div>\n            \n            \n                            <div class=\"c-cta__buttons\">\n                    <a  class=\"c-button button \/ c-cta__button  no-variation\" href=\"https:\/\/shantimaurice.com\/accommodation\/\">\n    Retour \u00e0 l'accommodation<\/a>\n\n\n                <\/div>\n            \n                    <\/div>\n\n    <\/div>\n\n    \n    \n            <a href=\"https:\/\/shantimaurice.com\/accommodation\/\" class=\"c-cta__detached-anchor\" href=\"https:\/\/shantimaurice.com\/accommodation\/\"><\/a>\n    \n<\/div>\n\n<\/div><\/div><\/div><\/div><\/div><\/div>","protected":false},"excerpt":{"rendered":"<p>A propos de Shanti Maurice Resort &amp; Spa Des souvenirs inoubliables Entour\u00e9 de for\u00eats luxuriantes, de mers turquoise calmes et de plages priv\u00e9es, Shanti Maurice est l&#8217;une des stations baln\u00e9aires les plus luxueuses de l&#8217;\u00eele Maurice. Scroll to explore De notre belle propri\u00e9t\u00e9 avec des plages isol\u00e9es et des piscines priv\u00e9es \u00e0 travers les cascades &hellip;<\/p>\n","protected":false},"author":1,"featured_media":0,"parent":0,"menu_order":36,"comment_status":"closed","ping_status":"closed","template":"","meta":{"_acf_changed":false,"footnotes":""},"class_list":["post--1681","post--page","post--type-page","post--status-publish","post--hentry"],"acf":[],"_links":{"self":[{"href":"https:\/\/shantimaurice.com\/fr\/wp-json\/wp\/v2\/pages\/1681","targetHints":{"allow":["GET"]}}],"collection":[{"href":"https:\/\/shantimaurice.com\/fr\/wp-json\/wp\/v2\/pages"}],"about":[{"href":"https:\/\/shantimaurice.com\/fr\/wp-json\/wp\/v2\/types\/page"}],"author":[{"embeddable":true,"href":"https:\/\/shantimaurice.com\/fr\/wp-json\/wp\/v2\/users\/1"}],"replies":[{"embeddable":true,"href":"https:\/\/shantimaurice.com\/fr\/wp-json\/wp\/v2\/comments?post=1681"}],"version-history":[{"count":4,"href":"https:\/\/shantimaurice.com\/fr\/wp-json\/wp\/v2\/pages\/1681\/revisions"}],"predecessor-version":[{"id":22186,"href":"https:\/\/shantimaurice.com\/fr\/wp-json\/wp\/v2\/pages\/1681\/revisions\/22186"}],"wp:attachment":[{"href":"https:\/\/shantimaurice.com\/fr\/wp-json\/wp\/v2\/media?parent=1681"}],"curies":[{"name":"wp","href":"https:\/\/api.w.org\/{rel}","templated":true}]}}