{"id":1691,"date":"2017-11-22T16:25:03","date_gmt":"2017-11-22T16:25:03","guid":{"rendered":"https:\/\/shantimaurice.testingcreative.co.uk\/contact-us\/how-to-find-us\/"},"modified":"2025-10-02T13:26:27","modified_gmt":"2025-10-02T13:26:27","slug":"how-to-find-us","status":"publish","type":"page","link":"https:\/\/shantimaurice.com\/fr\/contactez-nous\/how-to-find-us\/","title":{"rendered":"Trouvez nous"},"content":{"rendered":"<div id=\"pl-1691\"  class=\"panel-layout\" ><div id=\"pg-1691-0\"  class=\"panel-grid panel-has-style\" ><div class=\"c-row--valign-default c-row--widget-default c-row--margin-default c-row--column-none siteorigin-panels-stretch panel-row-style panel-row-style-for-1691-0\" data-stretch-type=\"full-stretched\" ><div id=\"pgc-1691-0-0\"  class=\"panel-grid-cell\" ><div id=\"panel-1691-0-0-0\" class=\"so-panel widget widget_cn-core-hero-widget panel-first-child panel-last-child\" data-index=\"0\" ><div\n\t\t\t\n\t\t\tclass=\"so-widget-cn-core-hero-widget so-widget-cn-core-hero-widget-base\"\n\t\t\t\n\t\t><section class=\"c-hero c-hero--short\">\n    <div class=\"c-hero__inner\">\n        \n        <div class=\"c-hero__content\">\n\n                            <h1 class=\"c-hero__heading\">\n                    Comment arriver \u00e0 Shanti Maurice                <\/h1>\n            \n                            <p class=\"c-hero__subheading\">\n                    Trouvez nous                <\/p>\n                            <div class=\"s-entry \/ c-hero__text\">\n                    <p>\n                        L'aventure commence ici                    <\/p>\n                <\/div>\n                    <\/div>\n\n        \n    <\/div>\n\n\n\n    \n    \n    <div data-src=\"https:\/\/hotelcms-production.imgix.net\/shantimaurice.com\/wp-content\/uploads\/2017\/11\/SHM_Stars_Sunset-Pool-View_RGB.jpg\" data-crop=\"manual\" class=\"imgix-fluid  crop \/ c-hero__background\" data-focus-horizontal=\"20\" data-focus-vertical=\"80\"><\/div><noscript><div style=\"background-image: url(https:\/\/hotelcms-production.imgix.net\/shantimaurice.com\/wp-content\/uploads\/2017\/11\/SHM_Stars_Sunset-Pool-View_RGB.jpg);\" class=\"crop \/ c-hero__background\" ><\/div><\/noscript>\n    \n    <\/section>\n<\/div><\/div><\/div><\/div><\/div><div id=\"pg-1691-1\"  class=\"panel-grid panel-has-style\" ><div class=\"c-row--valign-default c-row--widget-default c-row--margin-large c-row--column-none panel-row-style panel-row-style-for-1691-1\" ><div id=\"pgc-1691-1-0\"  class=\"panel-grid-cell\" ><div id=\"panel-1691-1-0-0\" class=\"so-panel widget widget_cn-core-map-widget panel-first-child panel-last-child\" data-index=\"1\" ><div\n\t\t\t\n\t\t\tclass=\"so-widget-cn-core-map-widget so-widget-cn-core-map-widget-base\"\n\t\t\t\n\t\t>\n<div class=\"c-map c-map--medium  \">\n\n    <iframe loading=\"lazy\"\n        class=\"c-map__iframe\"\n        width=\"600\"\n        height=\"450\"\n        frameborder=\"0\" style=\"border:0\"\n        src=\"https:\/\/www.google.com\/maps\/embed\/v1\/place?key=AIzaSyAfMifd1m0_iCbERIGYMhBEREygWhvqzsw&q=Shanti+Maurice+Resort+%26amp%3B+Spa+Coastal+Road%2C+Saint+Felix%2C+Mauritius&zoom=14\">\n    <\/iframe>\n\n    \n<\/div>\n<\/div><\/div><\/div><\/div><\/div><div id=\"pg-1691-2\"  class=\"panel-grid panel-has-style\" ><div class=\"c-row--valign-default c-row--widget-default c-row--margin-none c-row--column-none panel-row-style panel-row-style-for-1691-2\" ><div id=\"pgc-1691-2-0\"  class=\"panel-grid-cell\" ><div id=\"panel-1691-2-0-0\" class=\"so-panel widget widget_cn-core-cta-widget panel-first-child panel-last-child\" data-index=\"2\" ><div\n\t\t\t\n\t\t\tclass=\"so-widget-cn-core-cta-widget so-widget-cn-core-cta-widget-base\"\n\t\t\t\n\t\t><div class=\"c-cta no-layout no-variation\">\n\n    <div class=\"c-cta__content\">\n\n        <div class=\"c-cta__inner\">\n\n            \n            \n            \n            \n            \n            \n                            <div class=\"c-cta__text \/ s-entry\">\n                    <p><strong>Acc\u00e8s<\/strong><\/p>\n<p>Le complexe se trouve \u00e0 40 minutes en voiture de l'a\u00e9roport et \u00e0 seulement 35 km.<\/p>\n<p><strong>Transferts<\/strong><\/p>\n<p>Nous sommes heureux d'organiser un transfert de l'a\u00e9roport, vous permettant un d\u00e9but de s\u00e9jour sans stress et luxueux. Les serviettes d'eau et de froid sont fournies avec nos compliments.<br \/>Audi Q7, capacit\u00e9 de 3 places - EURO 172 (transfert aller simple)<br \/>Les prix seront confirm\u00e9s par notre \u00e9quipe de r\u00e9servation.<\/p>\n<p><strong>Comment arriver<\/strong><\/p>\n<p>Shanti Maurice est accessible par des vols directs quotidiens depuis l'Europe avec Air Mauritius, Emirates, British Airways, Condor, etc. La station est \u00e0 seulement 35 kilom\u00e8tres ou 40 minutes en voiture de l'a\u00e9roport. Des services de limousine et d'h\u00e9licopt\u00e8re sont disponibles sur demande.<\/p>\n                <\/div>\n            \n            \n            \n                    <\/div>\n\n    <\/div>\n\n    \n    \n    \n<\/div>\n\n<\/div><\/div><\/div><div id=\"pgc-1691-2-1\"  class=\"panel-grid-cell\" ><div id=\"panel-1691-2-1-0\" class=\"so-panel widget widget_cn-core-cta-widget panel-first-child panel-last-child\" data-index=\"3\" ><div\n\t\t\t\n\t\t\tclass=\"so-widget-cn-core-cta-widget so-widget-cn-core-cta-widget-base\"\n\t\t\t\n\t\t><div class=\"c-cta no-layout no-variation\">\n\n    <div class=\"c-cta__content\">\n\n        <div class=\"c-cta__inner\">\n\n            \n            \n            \n            \n            \n            \n                            <div class=\"c-cta__text \/ s-entry\">\n                    <p><strong>Instructions<\/strong><\/p>\n<p>Prenez l'autoroute apr\u00e8s l'h\u00f4pital Jawaharlal Nehru et au premier rond-point, tournez \u00e0 gauche pour rejoindre la route principale de La Flora. Ensuite, tournez \u00e0 gauche et continuez tout droit en passant par les villages suivants, \u00e0 savoir Britannia, Tyack, Rivi\u00e8re des Anguilles, St Aubin et Souillac, qui prendront environ 25 minutes. Au bout du village de Souillac, en passant par le pont pr\u00e8s des feux de signalisation, apr\u00e8s 100 m\u00e8tres, tourner \u00e0 gauche (5,3 km jusqu'\u00e0 l'h\u00f4tel) en traversant la route c\u00f4ti\u00e8re de Riambel. Vous rejoindrez ensuite le complexe apr\u00e8s 10 minutes \u00e0 St Felix-Rivi\u00e8re des Galets.<br \/>GPS: 24 \u00b0 36.880 ', 54 \u00b0 28.567'<\/p>\n<p><strong>Visa et douanes<\/strong><\/p>\n<p>Un visa est requis pour de nombreux voyageurs visitant l'\u00eele Maurice. Veuillez v\u00e9rifier avec votre ambassade ou consulat mauricien local pour le co\u00fbt et l'application.<\/p>\n                <\/div>\n            \n            \n            \n                    <\/div>\n\n    <\/div>\n\n    \n    \n    \n<\/div>\n\n<\/div><\/div><\/div><\/div><\/div><div id=\"pg-1691-3\"  class=\"panel-grid panel-has-style\" ><div class=\"c-row--valign-default c-row--widget-none c-row--margin-none c-row--column-default siteorigin-panels-stretch has-background c-row--background-cover imgix-fluid crop panel-row-style panel-row-style-for-1691-3\" data-stretch-type=\"full\" data-src=\"https:\/\/hotelcms-production.imgix.net\/shantimaurice.com\/wp-content\/uploads\/2017\/11\/texture.png\" data-crop=\"manual\" data-focus-horizontal=\"\" data-focus-vertical=\"\" ><div id=\"pgc-1691-3-0\"  class=\"panel-grid-cell\" ><div id=\"panel-1691-3-0-0\" class=\"so-panel widget widget_cn-core-cta-widget panel-first-child panel-last-child\" data-index=\"4\" ><div\n\t\t\t\n\t\t\tclass=\"so-widget-cn-core-cta-widget so-widget-cn-core-cta-widget-base\"\n\t\t\t\n\t\t><div class=\"c-cta c-cta--layout-breaker no-variation\">\n\n    <div class=\"c-cta__content\">\n\n        <div class=\"c-cta__inner\">\n\n                            <a href=\"https:\/\/shantimaurice.com\/accommodation\/\" class=\"c-cta__anchor\">\n            \n            \n            \n            \n                <div class=\"c-cta__headings\">\n\n                                    <p class=\"c-cta__preheading\">\n                        S\u00e9jour \u00e0 Shanti Maurice                    <\/p>\n                \n                                    <h2 class=\"c-cta__heading\">\n                        L'aventure commence ici                    <\/h2>\n                \n                \n                <\/div>\n\n            \n            \n                            <\/a>\n            \n                            <div class=\"c-cta__text \/ s-entry\">\n                    <p>Des go\u00fbts indulgents, des sites exceptionnels et des exp\u00e9riences inoubliables. Il n'y a jamais de mauvais moment pour visiter Shanti Maurice, mais il n'y a pas de meilleur moment que maintenant.<\/p>\n                <\/div>\n            \n            \n                            <div class=\"c-cta__buttons\">\n                    <a  class=\"c-button button \/ c-cta__button  no-variation\" href=\"https:\/\/shantimaurice.com\/accommodation\/\">\n    Retour \u00e0 l'accommodation<\/a>\n\n\n                <\/div>\n            \n                    <\/div>\n\n    <\/div>\n\n    \n    \n            <a href=\"https:\/\/shantimaurice.com\/accommodation\/\" class=\"c-cta__detached-anchor\" href=\"https:\/\/shantimaurice.com\/accommodation\/\"><\/a>\n    \n<\/div>\n\n<\/div><\/div><\/div><\/div><\/div><\/div>","protected":false},"excerpt":{"rendered":"<p>Comment arriver \u00e0 Shanti Maurice Trouvez nous L&#8217;aventure commence ici Acc\u00e8s Le complexe se trouve \u00e0 40 minutes en voiture de l&#8217;a\u00e9roport et \u00e0 seulement 35 km. Transferts Nous sommes heureux d&#8217;organiser un transfert de l&#8217;a\u00e9roport, vous permettant un d\u00e9but de s\u00e9jour sans stress et luxueux. Les serviettes d&#8217;eau et de froid sont fournies avec &hellip;<\/p>\n","protected":false},"author":1,"featured_media":0,"parent":1686,"menu_order":0,"comment_status":"closed","ping_status":"closed","template":"","meta":{"_acf_changed":false,"footnotes":""},"class_list":["post--1691","post--page","post--type-page","post--status-publish","post--hentry"],"acf":[],"_links":{"self":[{"href":"https:\/\/shantimaurice.com\/fr\/wp-json\/wp\/v2\/pages\/1691","targetHints":{"allow":["GET"]}}],"collection":[{"href":"https:\/\/shantimaurice.com\/fr\/wp-json\/wp\/v2\/pages"}],"about":[{"href":"https:\/\/shantimaurice.com\/fr\/wp-json\/wp\/v2\/types\/page"}],"author":[{"embeddable":true,"href":"https:\/\/shantimaurice.com\/fr\/wp-json\/wp\/v2\/users\/1"}],"replies":[{"embeddable":true,"href":"https:\/\/shantimaurice.com\/fr\/wp-json\/wp\/v2\/comments?post=1691"}],"version-history":[{"count":2,"href":"https:\/\/shantimaurice.com\/fr\/wp-json\/wp\/v2\/pages\/1691\/revisions"}],"predecessor-version":[{"id":21595,"href":"https:\/\/shantimaurice.com\/fr\/wp-json\/wp\/v2\/pages\/1691\/revisions\/21595"}],"up":[{"embeddable":true,"href":"https:\/\/shantimaurice.com\/fr\/wp-json\/wp\/v2\/pages\/1686"}],"wp:attachment":[{"href":"https:\/\/shantimaurice.com\/fr\/wp-json\/wp\/v2\/media?parent=1691"}],"curies":[{"name":"wp","href":"https:\/\/api.w.org\/{rel}","templated":true}]}}