{"id":2035,"date":"2017-11-22T11:40:00","date_gmt":"2017-11-22T11:40:56","guid":{"rendered":"https:\/\/shantimaurice.testingcreative.co.uk\/spa-wellbeing\/wellbeing-classes-activities\/"},"modified":"2024-02-06T09:10:18","modified_gmt":"2024-02-06T09:10:18","slug":"cours-de-bien-etre-et-activites","status":"publish","type":"page","link":"https:\/\/shantimaurice.com\/fr\/spa-wellness\/cours-de-bien-etre-et-activites\/","title":{"rendered":"Cours de bien-\u00eatre et activit\u00e9s"},"content":{"rendered":"<div id=\"pl-2035\"  class=\"panel-layout\" ><div id=\"pg-2035-0\"  class=\"panel-grid panel-has-style\" ><div class=\"c-row--valign-default c-row--widget-default c-row--margin-default c-row--column-default siteorigin-panels-stretch panel-row-style panel-row-style-for-2035-0\" data-stretch-type=\"full-stretched\" ><div id=\"pgc-2035-0-0\"  class=\"panel-grid-cell\" ><div id=\"panel-2035-0-0-0\" class=\"so-panel widget widget_cn-core-hero-widget panel-first-child panel-last-child\" data-index=\"0\" ><div\n\t\t\t\n\t\t\tclass=\"so-widget-cn-core-hero-widget so-widget-cn-core-hero-widget-base\"\n\t\t\t\n\t\t><section class=\"c-hero c-hero--short\">\n    <div class=\"c-hero__inner\">\n        \n        <div class=\"c-hero__content\">\n\n                            <h1 class=\"c-hero__heading\">\n                    Commencez votre voyage de rajeunissement                <\/h1>\n            \n                            <p class=\"c-hero__subheading\">\n                    Cours de bien-\u00eatre et activit\u00e9s                <\/p>\n                            <div class=\"s-entry \/ c-hero__text\">\n                    <p>\n                        Yoga, m\u00e9ditation traditionnelle, et AquaFit au Shanti Spa                    <\/p>\n                <\/div>\n                    <\/div>\n\n        \n        <div class=\"c-hero__buttons\">\n\n            <a  class=\"c-button  no-variation\" href=\"https:\/\/shantimaurice.com\/spa-wellbeing\/make-an-enquiry\/\">\n    R\u00e9servez votre cours<\/a>\n\n\n\n        <\/div>\n\n        \n    <\/div>\n\n\n\n    \n    \n    <div data-src=\"https:\/\/hotelcms-production.imgix.net\/shantimaurice.com\/wp-content\/uploads\/2017\/11\/SHM_Nira-Spa_Yoga-Pavilion_RGB.jpg\" data-crop=\"manual\" class=\"imgix-fluid  crop \/ c-hero__background\" data-focus-horizontal=\"50\" data-focus-vertical=\"99\"><\/div><noscript><div style=\"background-image: url(https:\/\/hotelcms-production.imgix.net\/shantimaurice.com\/wp-content\/uploads\/2017\/11\/SHM_Nira-Spa_Yoga-Pavilion_RGB.jpg);\" class=\"crop \/ c-hero__background\" ><\/div><\/noscript>\n    \n    <\/section>\n<\/div><\/div><\/div><\/div><\/div><div id=\"pg-2035-1\"  class=\"panel-grid panel-has-style\" ><div class=\"c-row--valign-default c-row--widget-none c-row--margin-none c-row--column-none panel-row-style panel-row-style-for-2035-1\" ><div id=\"pgc-2035-1-0\"  class=\"panel-grid-cell\" ><div id=\"panel-2035-1-0-0\" class=\"so-panel widget widget_cn-core-cta-widget panel-first-child panel-last-child\" data-index=\"1\" ><div\n\t\t\t\n\t\t\tclass=\"so-widget-cn-core-cta-widget so-widget-cn-core-cta-widget-base\"\n\t\t\t\n\t\t><div class=\"c-cta c-cta--layout-image-right no-variation has-background\">\n\n    <div class=\"c-cta__content\">\n\n        <div class=\"c-cta__inner\">\n\n            \n            \n            \n            \n                <div class=\"c-cta__headings\">\n\n                \n                                    <h2 class=\"c-cta__heading\">\n                        Yoga                    <\/h2>\n                \n                \n                <\/div>\n\n            \n            \n            \n                            <div class=\"c-cta__text \/ s-entry\">\n                    <p>Le yoga tel qu'il est pratiqu\u00e9 chez Shanti Maurice est compl\u00e8tement traditionnel et provient des racines du Hatha Yoga, avec des adaptations adapt\u00e9es aux besoins individuels. C'est une science disciplin\u00e9e englobant tous les aspects de la vie de diff\u00e9rentes mani\u00e8res et \u00e0 diff\u00e9rents niveaux pour \u00e9quilibrer l'esprit, le corps et l'esprit menant finalement \u00e0 la sant\u00e9 parfaite.<\/p>\n                <\/div>\n            \n            \n            \n                    <\/div>\n\n    <\/div>\n\n    \n            <div data-src=\"https:\/\/hotelcms-production.imgix.net\/shantimaurice.com\/wp-content\/uploads\/2017\/11\/shutterstock_515885956.jpg\" data-crop=\"manual\" class=\"imgix-fluid  crop \/ c-background c-cta__background\" data-focus-horizontal=\"50\" data-focus-vertical=\"50\"><\/div><noscript><div style=\"background-image: url(https:\/\/hotelcms-production.imgix.net\/shantimaurice.com\/wp-content\/uploads\/2017\/11\/shutterstock_515885956.jpg);\" class=\"crop \/ c-background c-cta__background\" ><\/div><\/noscript>    \n    \n<\/div>\n\n<\/div><\/div><\/div><\/div><\/div><div id=\"pg-2035-2\"  class=\"panel-grid panel-has-style\" ><div class=\"c-row--valign-default c-row--widget-none c-row--margin-none c-row--column-none panel-row-style panel-row-style-for-2035-2\" ><div id=\"pgc-2035-2-0\"  class=\"panel-grid-cell\" ><div id=\"panel-2035-2-0-0\" class=\"so-panel widget widget_cn-core-cta-widget panel-first-child panel-last-child\" data-index=\"2\" ><div\n\t\t\t\n\t\t\tclass=\"so-widget-cn-core-cta-widget so-widget-cn-core-cta-widget-base\"\n\t\t\t\n\t\t><div class=\"c-cta c-cta--layout-image-left no-variation has-background\">\n\n    <div class=\"c-cta__content\">\n\n        <div class=\"c-cta__inner\">\n\n            \n            \n            \n            \n                <div class=\"c-cta__headings\">\n\n                \n                                    <h2 class=\"c-cta__heading\">\n                        M\u00e9ditation traditionnelle                    <\/h2>\n                \n                \n                <\/div>\n\n            \n            \n            \n                            <div class=\"c-cta__text \/ s-entry\">\n                    <p>La m\u00e9ditation est l'un des \u00e9l\u00e9ments essentiels requis pour \u00e9quilibrer et harmoniser l'esprit et le corps. Les techniques propos\u00e9es \u00e0 Shanti Maurice sont ancr\u00e9es dans des traditions anciennes mais imm\u00e9diatement pratiques pour les besoins modernes, simplement enseign\u00e9es et faciles \u00e0 int\u00e9grer dans votre vie quotidienne.<\/p>\n                <\/div>\n            \n            \n            \n                    <\/div>\n\n    <\/div>\n\n    \n            <div data-src=\"https:\/\/hotelcms-production.imgix.net\/shantimaurice.com\/wp-content\/uploads\/2017\/11\/Nira_SPA_Shanti_Maurice_03.jpg\" data-crop=\"manual\" class=\"imgix-fluid  crop \/ c-background c-cta__background\" data-focus-horizontal=\"60\" data-focus-vertical=\"50\"><\/div><noscript><div style=\"background-image: url(https:\/\/hotelcms-production.imgix.net\/shantimaurice.com\/wp-content\/uploads\/2017\/11\/Nira_SPA_Shanti_Maurice_03.jpg);\" class=\"crop \/ c-background c-cta__background\" ><\/div><\/noscript>    \n    \n<\/div>\n\n<\/div><\/div><\/div><\/div><\/div><div id=\"pg-2035-3\"  class=\"panel-grid panel-has-style\" ><div class=\"c-row--valign-default c-row--widget-none c-row--margin-none c-row--column-none panel-row-style panel-row-style-for-2035-3\" ><div id=\"pgc-2035-3-0\"  class=\"panel-grid-cell\" ><div id=\"panel-2035-3-0-0\" class=\"so-panel widget widget_cn-core-cta-widget panel-first-child panel-last-child\" data-index=\"3\" ><div\n\t\t\t\n\t\t\tclass=\"so-widget-cn-core-cta-widget so-widget-cn-core-cta-widget-base\"\n\t\t\t\n\t\t><div class=\"c-cta c-cta--layout-image-right no-variation has-background\">\n\n    <div class=\"c-cta__content\">\n\n        <div class=\"c-cta__inner\">\n\n            \n            \n            \n            \n                <div class=\"c-cta__headings\">\n\n                \n                                    <h2 class=\"c-cta__heading\">\n                        AquaFit                    <\/h2>\n                \n                \n                <\/div>\n\n            \n            \n            \n                            <div class=\"c-cta__text \/ s-entry\">\n                    <p>AquaFit est un exercice \u00e0 faible impact sur l'activit\u00e9 de l'eau qui fournit de bons exercices cardiovasculaires et musculaires pour tous et qui convient aux personnes de tout \u00e2ge et de tout niveau. L'eau offre une r\u00e9sistance naturelle au mouvement qui signifie muscles et travailler plus fort sans se fatiguer. Maintenir et am\u00e9liorer la force, l'endurance et la souplesse, ainsi que d'augmenter la condition cardio vasculaire dans cette classe.<\/p>\n                <\/div>\n            \n            \n            \n                    <\/div>\n\n    <\/div>\n\n    \n            <div data-src=\"https:\/\/hotelcms-production.imgix.net\/shantimaurice.com\/wp-content\/uploads\/2017\/11\/shutterstock_244172107.jpg\" data-crop=\"manual\" class=\"imgix-fluid  crop \/ c-background c-cta__background\" data-focus-horizontal=\"40\" data-focus-vertical=\"30\"><\/div><noscript><div style=\"background-image: url(https:\/\/hotelcms-production.imgix.net\/shantimaurice.com\/wp-content\/uploads\/2017\/11\/shutterstock_244172107.jpg);\" class=\"crop \/ c-background c-cta__background\" ><\/div><\/noscript>    \n    \n<\/div>\n\n<\/div><\/div><\/div><\/div><\/div><div id=\"pg-2035-4\"  class=\"panel-grid panel-has-style\" ><div class=\"c-row--valign-default c-row--widget-default c-row--margin-none c-row--column-large siteorigin-panels-stretch panel-row-style panel-row-style-for-2035-4\" data-stretch-type=\"full-stretched\" ><div id=\"pgc-2035-4-0\"  class=\"panel-grid-cell\" ><div id=\"panel-2035-4-0-0\" class=\"so-panel widget widget_cn-core-adjacent-pages-widget panel-first-child panel-last-child\" data-index=\"4\" ><div\n\t\t\t\n\t\t\tclass=\"so-widget-cn-core-adjacent-pages-widget so-widget-cn-core-adjacent-pages-widget-base\"\n\t\t\t\n\t\t><nav class=\"c-siblings  \">\n\n    <ul class=\"menu\">\n        <li class=\"c-siblings__page \/ menu__previous\">\n                            <a href=\"https:\/\/shantimaurice.com\/spa-wellbeing\/\">Retour \u00e0 Shanti Spa<\/a>\n                    <\/li>\n\n        \n        <li class=\"c-siblings__page \/ menu__next\">\n                        <a href=\"https:\/\/shantimaurice.com\/fr\/spa-wellness\/make-an-enquiry\/\" class=\"\">Next page &rarr;<\/a>                    <\/li>\n    <\/ul>\n\n<\/nav><\/div><\/div><\/div><\/div><\/div><div id=\"pg-2035-5\"  class=\"panel-grid panel-has-style\" ><div class=\"c-row--valign-default c-row--widget-none c-row--margin-none c-row--column-default siteorigin-panels-stretch has-background c-row--background-cover imgix-fluid crop panel-row-style panel-row-style-for-2035-5\" data-stretch-type=\"full\" data-src=\"https:\/\/hotelcms-production.imgix.net\/shantimaurice.com\/wp-content\/uploads\/2017\/11\/texture.png\" data-crop=\"manual\" data-focus-horizontal=\"\" data-focus-vertical=\"\" ><div id=\"pgc-2035-5-0\"  class=\"panel-grid-cell\" ><div id=\"panel-2035-5-0-0\" class=\"so-panel widget widget_cn-core-cta-widget panel-first-child panel-last-child\" data-index=\"5\" ><div\n\t\t\t\n\t\t\tclass=\"so-widget-cn-core-cta-widget so-widget-cn-core-cta-widget-base\"\n\t\t\t\n\t\t><div class=\"c-cta c-cta--layout-breaker no-variation\">\n\n    <div class=\"c-cta__content\">\n\n        <div class=\"c-cta__inner\">\n\n                            <a href=\"https:\/\/shantimaurice.com\/spa-wellbeing\/make-an-enquiry\/\" class=\"c-cta__anchor\">\n            \n            \n            \n            \n                <div class=\"c-cta__headings\">\n\n                                    <p class=\"c-cta__preheading\">\n                        Bienvenue \u00e0 la d\u00e9tente                    <\/p>\n                \n                                    <h2 class=\"c-cta__heading\">\n                        R\u00e9servez vos cours et activit\u00e9s de bien-\u00eatre                    <\/h2>\n                \n                \n                <\/div>\n\n            \n            \n                            <\/a>\n            \n                            <div class=\"c-cta__text \/ s-entry\">\n                    <p>Shanti Spa est renomm\u00e9 pour ses programmes de gu\u00e9rison et nous offrons une s\u00e9lection d'activit\u00e9s \u00e0 choisir qui favorisera la relaxation et le rajeunissement. R\u00e9servez votre session avec notre \u00e9quipe aujourd'hui.<\/p>\n                <\/div>\n            \n            \n                            <div class=\"c-cta__buttons\">\n                    <a  class=\"c-button button \/ c-cta__button  no-variation\" href=\"https:\/\/shantimaurice.com\/spa-wellbeing\/make-an-enquiry\/\">\n    Contactez nous<\/a>\n\n\n                <\/div>\n            \n                    <\/div>\n\n    <\/div>\n\n    \n    \n            <a href=\"https:\/\/shantimaurice.com\/spa-wellbeing\/make-an-enquiry\/\" class=\"c-cta__detached-anchor\" href=\"https:\/\/shantimaurice.com\/spa-wellbeing\/make-an-enquiry\/\"><\/a>\n    \n<\/div>\n\n<\/div><\/div><\/div><\/div><\/div><\/div>","protected":false},"excerpt":{"rendered":"<p>Commencez votre voyage de rajeunissement Cours de bien-\u00eatre et activit\u00e9s Yoga, m\u00e9ditation traditionnelle, et AquaFit au Shanti Spa R\u00e9servez votre cours Yoga Le yoga tel qu&#8217;il est pratiqu\u00e9 chez Shanti Maurice est compl\u00e8tement traditionnel et provient des racines du Hatha Yoga, avec des adaptations adapt\u00e9es aux besoins individuels. C&#8217;est une science disciplin\u00e9e englobant tous les &hellip;<\/p>\n","protected":false},"author":1,"featured_media":0,"parent":1623,"menu_order":3,"comment_status":"closed","ping_status":"closed","template":"","meta":{"_acf_changed":false,"footnotes":""},"class_list":["post--2035","post--page","post--type-page","post--status-publish","post--hentry"],"acf":[],"_links":{"self":[{"href":"https:\/\/shantimaurice.com\/fr\/wp-json\/wp\/v2\/pages\/2035","targetHints":{"allow":["GET"]}}],"collection":[{"href":"https:\/\/shantimaurice.com\/fr\/wp-json\/wp\/v2\/pages"}],"about":[{"href":"https:\/\/shantimaurice.com\/fr\/wp-json\/wp\/v2\/types\/page"}],"author":[{"embeddable":true,"href":"https:\/\/shantimaurice.com\/fr\/wp-json\/wp\/v2\/users\/1"}],"replies":[{"embeddable":true,"href":"https:\/\/shantimaurice.com\/fr\/wp-json\/wp\/v2\/comments?post=2035"}],"version-history":[{"count":2,"href":"https:\/\/shantimaurice.com\/fr\/wp-json\/wp\/v2\/pages\/2035\/revisions"}],"predecessor-version":[{"id":18774,"href":"https:\/\/shantimaurice.com\/fr\/wp-json\/wp\/v2\/pages\/2035\/revisions\/18774"}],"up":[{"embeddable":true,"href":"https:\/\/shantimaurice.com\/fr\/wp-json\/wp\/v2\/pages\/1623"}],"wp:attachment":[{"href":"https:\/\/shantimaurice.com\/fr\/wp-json\/wp\/v2\/media?parent=2035"}],"curies":[{"name":"wp","href":"https:\/\/api.w.org\/{rel}","templated":true}]}}