{"id":2045,"date":"2017-11-29T14:24:00","date_gmt":"2017-11-29T14:24:38","guid":{"rendered":"https:\/\/shantimaurice.testingcreative.co.uk\/media-press\/"},"modified":"2026-04-28T06:51:59","modified_gmt":"2026-04-28T06:51:59","slug":"media-press","status":"publish","type":"page","link":"https:\/\/shantimaurice.com\/fr\/media-press\/","title":{"rendered":"Presse &#038; M\u00e9dias"},"content":{"rendered":"<div id=\"pl-2045\"  class=\"panel-layout\" ><div id=\"pg-2045-0\"  class=\"panel-grid panel-has-style\" ><div class=\"c-row--valign-default c-row--widget-none c-row--margin-small c-row--column-default siteorigin-panels-stretch panel-row-style panel-row-style-for-2045-0\" data-stretch-type=\"full-width-stretch\" ><div id=\"pgc-2045-0-0\"  class=\"panel-grid-cell\" ><div id=\"panel-2045-0-0-0\" class=\"so-panel widget widget_cn-core-hero-widget panel-first-child panel-last-child\" data-index=\"0\" ><div\n\t\t\t\n\t\t\tclass=\"so-widget-cn-core-hero-widget so-widget-cn-core-hero-widget-base\"\n\t\t\t\n\t\t><section class=\"c-hero c-hero--short\">\n    <div class=\"c-hero__inner\">\n        \n        <div class=\"c-hero__content\">\n\n            \n                            <h1 class=\"c-hero__subheading\">\n                    Presse &amp; M\u00e9dias                <\/h1>\n                            <div class=\"s-entry \/ c-hero__text\">\n                    <p>\n                        Bienvenue dans notre espace Presse &amp; M\u00e9dias. Nous sommes ravis de votre visite. Vous pouvez y t\u00e9l\u00e9charger nos derniers communiqu\u00e9s ainsi qu\u2019une s\u00e9lection de visuels.                    <\/p>\n                <\/div>\n                    <\/div>\n\n        \n        <div class=\"c-hero__buttons\">\n\n            <a  class=\"c-button  no-variation\" href=\"https:\/\/shantimaurice.com\/media-press\/influencer-enquiry\/\">\n    Demandes M\u00e9dias &amp; Influenceurs<\/a>\n\n\n<a  class=\"c-button  no-variation\" href=\"https:\/\/hotelcms-production.imgix.net\/shantimaurice.com\/wp-content\/uploads\/2026\/04\/Press-Kit-FR.pdf?fm=pdf\">\n    DOSSIER DE PRESSE<\/a>\n\n\n\n        <\/div>\n\n        \n    <\/div>\n\n\n\n    \n    \n    <div data-src=\"https:\/\/hotelcms-production.imgix.net\/shantimaurice.com\/wp-content\/uploads\/2026\/02\/SHANTI_Piscine-principale-1-e1775737129236.jpg\" data-crop=\"centre\" class=\"imgix-fluid  crop \/ c-hero__background\"><\/div><noscript><div style=\"background-image: url(https:\/\/hotelcms-production.imgix.net\/shantimaurice.com\/wp-content\/uploads\/2026\/02\/SHANTI_Piscine-principale-1-e1775737129236.jpg);\" class=\"crop \/ c-hero__background\" ><\/div><\/noscript>\n    \n    <\/section>\n<\/div><\/div><\/div><\/div><\/div><div id=\"pg-2045-1\"  class=\"panel-grid panel-no-style\" ><div id=\"pgc-2045-1-0\"  class=\"panel-grid-cell\" ><div id=\"panel-2045-1-0-0\" class=\"so-panel widget widget_cn-core-text-widget panel-first-child panel-last-child\" data-index=\"1\" ><div\n\t\t\t\n\t\t\tclass=\"so-widget-cn-core-text-widget so-widget-cn-core-text-widget-base\"\n\t\t\t\n\t\t>\n<div class=\"c-text no-variation\" >\n\n    \n    \n    \n    <div class=\"c-text__content s-entry\">\n        <p><a href=\"https:\/\/bit.ly\/SMPHOTOS24\" target=\"_blank\" rel=\"noopener\"><strong>Visitez l'Iconoth\u00e8que<\/strong><\/a><b><\/b><\/p>\n<p>&nbsp;<\/p>\n<p><strong>Parutions<\/strong><\/p>\n<ul>\n<li><a href=\"https:\/\/linkprotect.cudasvc.com\/url?a=https%3a%2f%2fmagazine.natgeotraveller.co.uk%2fNGT-Islands-Feb-2026%2fshanti-maurice-resort-and-spa&amp;c=E,1,lCsDnXuPGMr04MGf0ePQwlQJwpcSLJ5xAWfyXF_H8xbJeoXPSAUG_sCHzJFdYw4Tjvl41DCgg-p3dP_PY57bn_w8THgN0rYPXAl4MRhoRPCXXJ1v0yHM&amp;typo=1&amp;ancr_add=1\" target=\"_blank\" rel=\"noopener\"><em data-start=\"871\" data-end=\"907\">National Geographic Traveller (UK)<\/em> \u2014 Islands Collection 2026<\/a><\/li>\n<\/ul>\n<p>&nbsp;<\/p>\n<p><strong>Communiqu\u00e9s de presse<\/strong><\/p>\n<ul>\n<li><a href=\"https:\/\/hotelcms-production.imgix.net\/shantimaurice.com\/wp-content\/uploads\/2026\/04\/Press-Release-fr.pdf?fm=pdf\">Noreena Hertz, Le luxe de la qui\u00e9tude<\/a><\/li>\n<\/ul>\n<p>&nbsp;<\/p>\n<p><b>Videos<\/b><\/p>\n<ul>\n<li><a href=\"https:\/\/www.youtube.com\/watch?v=Dm7hIbLhnLM\" target=\"_blank\" rel=\"noopener\">Shanti Maurice Video Teaser (Youtube)<\/a><\/li>\n<li><a href=\"https:\/\/www.youtube.com\/watch?v=xlpzMX60blg\" target=\"_blank\" rel=\"noopener\">Shanti Maurice Video Review (Youtube)<\/a><\/li>\n<li><a href=\"https:\/\/youtu.be\/2sCajDsw1nM\" target=\"_blank\" rel=\"noopener\">Celebrate new beginnings at Shanti Maurice Resort &amp; Spa - Wedding Video (YouTube)<\/a><\/li>\n<li><a href=\"https:\/\/www.youtube.com\/watch?v=rqXo2lSG0JM\" target=\"_blank\" rel=\"noopener\">Welcome to Rum Shed (Youtube)<\/a><\/li>\n<li><a href=\"https:\/\/www.youtube.com\/watch?v=WrenpUm5XBI\" target=\"_blank\" rel=\"noopener\">Beachfront Suite Pool Villa (Youtube)<\/a><\/li>\n<li><a href=\"https:\/\/www.youtube.com\/watch?v=0sPal2jHhKo\" target=\"_blank\" rel=\"noopener\">Junior Suite Beachfront Experience (Youtube)<\/a><\/li>\n<\/ul>\n<p>&nbsp;<\/p>\n<p><strong>Marketing Collaterals<\/strong><\/p>\n<ul class=\"downloadModule\">\n<li><a href=\"https:\/\/hotelcms-production.imgix.net\/shantimaurice.com\/wp-content\/uploads\/2026\/04\/Factsheet_2025-2026-FR-3.pdf?fm=pdf\">Shanti Maurice Factsheet 2025-2026\u00a0<\/a><\/li>\n<li><a href=\"https:\/\/hotelcms-production.imgix.net\/shantimaurice.com\/wp-content\/uploads\/2017\/11\/AGE-Factsheet-EN.pdf\">Avalon Golf Estate Factsheet<\/a><\/li>\n<li><a href=\"https:\/\/hotelcms-production.imgix.net\/shantimaurice.com\/wp-content\/uploads\/2023\/08\/Shanti-Maurice-Resort-Spa_MICE-Brochure_280823.pdf\" target=\"_blank\" rel=\"noopener\">Shanti Maurice MICE Brochure<\/a><\/li>\n<li><a href=\"https:\/\/hotelcms-production.imgix.net\/shantimaurice.com\/wp-content\/uploads\/2026\/04\/Full-map-PN-added-2.pdf?fm=pdf\">Resort Map<\/a><\/li>\n<li><a href=\"https:\/\/hotelcms-production.imgix.net\/shantimaurice.com\/wp-content\/uploads\/2026\/04\/Shanti-Maurice_Wedding-Brochure-2025-2026_v4_FR.pdf?fm=pdf\">Wedding Brochure<\/a><\/li>\n<li><a href=\"https:\/\/hotelcms-production.imgix.net\/shantimaurice.com\/wp-content\/uploads\/2022\/11\/Shanti-Maurice-Resort-Spa_Shanti-Moments-Brochure_101122.pdf\">Shanti Moments<\/a><\/li>\n<li><a href=\"https:\/\/hotelcms-production.imgix.net\/shantimaurice.com\/wp-content\/uploads\/2017\/11\/Shanti-Maurice_Discover-Mauritius_Brochure_14.11.19.pdf\">Discover Mauritius<\/a><\/li>\n<li><a href=\"https:\/\/hotelcms-production.imgix.net\/shantimaurice.com\/wp-content\/uploads\/2023\/06\/Estate-Nature-Guide_WEB_090623.pdf\">Nature Booklet<\/a><\/li>\n<li><a href=\"https:\/\/hotelcms-production.imgix.net\/shantimaurice.com\/wp-content\/uploads\/2022\/11\/Shanti-Maurice-Resort-Spa_Butler-Service-Private-Chef-Service_EUR_181122.pdf\">Butler Service Flyer<\/a><\/li>\n<li><a href=\"https:\/\/hotelcms-production.imgix.net\/shantimaurice.com\/wp-content\/uploads\/2023\/04\/Shanti-Maurice-Resort-Spa_Boathouse-Activities_190423.pdf\">Boathouse Activities<\/a><\/li>\n<li><a href=\"https:\/\/hotelcms-production.imgix.net\/shantimaurice.com\/wp-content\/uploads\/2023\/10\/Shanti-Maurice-Resort-Spa_Dine-Around-Experience_021023.pdf\">Dine Around Flyer<\/a><\/li>\n<li><a href=\"https:\/\/hotelcms-production.imgix.net\/shantimaurice.com\/wp-content\/uploads\/2022\/01\/Shanti-Maurice_365-Days-Yoga-Retreat.pdf\">365 Days Yoga Retreat Flyer<\/a><\/li>\n<\/ul>\n<p>&nbsp;<\/p>\n<p><strong>Les demandes de presse<\/strong><\/p>\n<p>Marketing &amp; PR Manager | Sara Pierre<\/p>\n<p><a href=\"mailto:sara.pierre@shantimaurice.com\">sara.pierre@shantimaurice.com<\/a> | (+230) 5976 4053<\/p>\n    <\/div>\n\n<\/div>\n<\/div><\/div><\/div><\/div><\/div>","protected":false},"excerpt":{"rendered":"<p>Presse &amp; M\u00e9dias Bienvenue dans notre espace Presse &amp; M\u00e9dias. Nous sommes ravis de votre visite. Vous pouvez y t\u00e9l\u00e9charger nos derniers communiqu\u00e9s ainsi qu\u2019une s\u00e9lection de visuels. Demandes M\u00e9dias &amp; Influenceurs DOSSIER DE PRESSE Visitez l&#8217;Iconoth\u00e8que &nbsp; Parutions National Geographic Traveller (UK) \u2014 Islands Collection 2026 &nbsp; Communiqu\u00e9s de presse Noreena Hertz, Le luxe &hellip;<\/p>\n","protected":false},"author":1,"featured_media":0,"parent":0,"menu_order":39,"comment_status":"closed","ping_status":"closed","template":"","meta":{"_acf_changed":false,"footnotes":""},"class_list":["post--2045","post--page","post--type-page","post--status-publish","post--hentry"],"acf":[],"_links":{"self":[{"href":"https:\/\/shantimaurice.com\/fr\/wp-json\/wp\/v2\/pages\/2045","targetHints":{"allow":["GET"]}}],"collection":[{"href":"https:\/\/shantimaurice.com\/fr\/wp-json\/wp\/v2\/pages"}],"about":[{"href":"https:\/\/shantimaurice.com\/fr\/wp-json\/wp\/v2\/types\/page"}],"author":[{"embeddable":true,"href":"https:\/\/shantimaurice.com\/fr\/wp-json\/wp\/v2\/users\/1"}],"replies":[{"embeddable":true,"href":"https:\/\/shantimaurice.com\/fr\/wp-json\/wp\/v2\/comments?post=2045"}],"version-history":[{"count":9,"href":"https:\/\/shantimaurice.com\/fr\/wp-json\/wp\/v2\/pages\/2045\/revisions"}],"predecessor-version":[{"id":23330,"href":"https:\/\/shantimaurice.com\/fr\/wp-json\/wp\/v2\/pages\/2045\/revisions\/23330"}],"wp:attachment":[{"href":"https:\/\/shantimaurice.com\/fr\/wp-json\/wp\/v2\/media?parent=2045"}],"curies":[{"name":"wp","href":"https:\/\/api.w.org\/{rel}","templated":true}]}}