{"id":2061,"date":"2017-11-29T14:24:38","date_gmt":"2017-11-29T14:24:38","guid":{"rendered":"https:\/\/shantimaurice.testingcreative.co.uk\/privacy-policy\/"},"modified":"2023-09-13T08:41:55","modified_gmt":"2023-09-13T08:41:55","slug":"privacy-policy","status":"publish","type":"page","link":"https:\/\/shantimaurice.com\/fr\/privacy-policy\/","title":{"rendered":"Privacy policy"},"content":{"rendered":"<div id=\"pl-2061\"  class=\"panel-layout\" ><div id=\"pg-2061-0\"  class=\"panel-grid panel-has-style\" ><div class=\"c-row--valign-default c-row--widget-none c-row--margin-small c-row--column-default siteorigin-panels-stretch panel-row-style panel-row-style-for-2061-0\" data-stretch-type=\"full-stretched\" ><div id=\"pgc-2061-0-0\"  class=\"panel-grid-cell\" ><div id=\"panel-2061-0-0-0\" class=\"so-panel widget widget_cn-core-hero-widget panel-first-child panel-last-child\" data-index=\"0\" ><div\n\t\t\t\n\t\t\tclass=\"so-widget-cn-core-hero-widget so-widget-cn-core-hero-widget-base\"\n\t\t\t\n\t\t><section class=\"c-hero c-hero--short\">\n    <div class=\"c-hero__inner\">\n        \n        <div class=\"c-hero__content\">\n\n            \n                            <p class=\"c-hero__subheading\">\n                    Politique de confidentialit\u00e9                <\/p>\n                    <\/div>\n\n        \n    <\/div>\n\n\n\n    \n    \n    <div data-src=\"https:\/\/hotelcms-production.imgix.net\/shantimaurice.com\/wp-content\/uploads\/2022\/01\/Shanti-Maurice-Resort-Spa_VILLAS_Oceanview-Pool-Villa_05-2.jpg\" data-crop=\"\" class=\"imgix-fluid  crop \/ c-hero__background\"><\/div><noscript><div style=\"background-image: url(https:\/\/hotelcms-production.imgix.net\/shantimaurice.com\/wp-content\/uploads\/2022\/01\/Shanti-Maurice-Resort-Spa_VILLAS_Oceanview-Pool-Villa_05-2.jpg);\" class=\"crop \/ c-hero__background\" ><\/div><\/noscript>\n    \n    <\/section>\n<\/div><\/div><\/div><\/div><\/div><div id=\"pg-2061-1\"  class=\"panel-grid panel-no-style\" ><div id=\"pgc-2061-1-0\"  class=\"panel-grid-cell\" ><div id=\"panel-2061-1-0-0\" class=\"so-panel widget widget_cn-core-text-widget panel-first-child panel-last-child\" data-index=\"1\" ><div\n\t\t\t\n\t\t\tclass=\"so-widget-cn-core-text-widget so-widget-cn-core-text-widget-base\"\n\t\t\t\n\t\t>\n<div class=\"c-text no-variation\" >\n\n    \n    \n    \n    <div class=\"c-text__content s-entry\">\n        <ol>\n<li>Introduction<br \/>\nVotre vie priv\u00e9e est d'une importance primordiale pour nous \u00e0 Shanti Maurice Resort &amp; Spa (d\u00e9sign\u00e9 par \"nous\" ou \"notre\" dans cette politique). Nous nous engageons \u00e0 prot\u00e9ger vos donn\u00e9es personnelles et \u00e0 garantir que votre interaction avec nous, que ce soit via notre site web ou notre application, soit aussi s\u00e9curis\u00e9e et priv\u00e9e que possible.<\/li>\n<li>Collecte de Donn\u00e9es<br \/>\nNous pouvons collecter des donn\u00e9es personnelles lorsque vous :<br \/>\na. Visitez notre site web ou utilisez notre application.<br \/>\nb. R\u00e9servez avec nous.<br \/>\nc. Utilisez nos services et installations.<br \/>\nd. Communiquez avec nous, par exemple par e-mail, t\u00e9l\u00e9phone ou m\u00e9dias sociaux.<br \/>\ne. Participez \u00e0 une enqu\u00eate, un concours ou un \u00e9v\u00e9nement promotionnel.<\/p>\n<p>Les types de donn\u00e9es personnelles que nous pouvons collecter incluent :<br \/>\na. D\u00e9tails de contact: nom, adresse, adresse e-mail, num\u00e9ro de t\u00e9l\u00e9phone.<br \/>\nb. D\u00e9tails personnels: date de naissance, nationalit\u00e9.<br \/>\nc. D\u00e9tails de la transaction: informations de paiement, d\u00e9tails de r\u00e9servation, tous services ou commodit\u00e9s suppl\u00e9mentaires demand\u00e9s.<br \/>\nd. Donn\u00e9es techniques: adresse IP, type de navigateur, donn\u00e9es de localisation, informations sur l'appareil, syst\u00e8me d'exploitation et d\u00e9tails concernant vos activit\u00e9s de navigation sur notre site web ou application.<\/p>\n<\/li>\n<li>Utilisation de Vos Donn\u00e9es Personnelles<br \/>\nNous pouvons utiliser vos donn\u00e9es personnelles pour les raisons suivantes :<br \/>\na. Pour traiter votre r\u00e9servation et fournir les services que vous avez demand\u00e9s.<br \/>\nb. Pour communiquer avec vous concernant votre r\u00e9servation ou l'utilisation de nos services.<br \/>\nc. Pour am\u00e9liorer nos services et installations.<br \/>\nd. \u00c0 des fins marketing, comme vous envoyer du mat\u00e9riel promotionnel ou des offres, si vous avez accept\u00e9 de les recevoir.<br \/>\ne. Pour respecter les obligations l\u00e9gales ou pour prot\u00e9ger nos droits, nos biens, ou notre s\u00e9curit\u00e9, ou ceux de nos clients et employ\u00e9s.<\/li>\n<li>Partage de Donn\u00e9es<br \/>\nNous ne vendons pas vos donn\u00e9es personnelles \u00e0 des tiers. Nous pouvons partager vos donn\u00e9es personnelles avec des tiers de confiance tels que des prestataires de services et des entrepreneurs pour fournir et am\u00e9liorer nos services, traiter les paiements, fournir un support client ou pour des raisons l\u00e9gales.<\/li>\n<li>S\u00e9curit\u00e9 des Donn\u00e9es<br \/>\nNous avons mis en place des proc\u00e9dures physiques, techniques et administratives appropri\u00e9es pour sauvegarder et s\u00e9curiser les informations que nous recueillons de votre part.<\/li>\n<li>Vos droits<br \/>\nVous avez le droit d'acc\u00e9der, de corriger ou de supprimer vos donn\u00e9es personnelles, ou de restreindre ou vous opposer \u00e0 notre traitement de vos donn\u00e9es personnelles. Vous avez \u00e9galement le droit \u00e0 la portabilit\u00e9 des donn\u00e9es.<\/li>\n<li>Cookies<br \/>\nNous utilisons des cookies et des technologies similaires pour am\u00e9liorer votre exp\u00e9rience utilisateur sur notre site web et notre application. Pour des informations d\u00e9taill\u00e9es sur les cookies que nous utilisons, veuillez vous r\u00e9f\u00e9rer \u00e0 notre Politique sur les Cookies.<\/li>\n<li>Modifications de Cette Notice de Confidentialit\u00e9<br \/>\nNous pouvons mettre \u00e0 jour cette Notice de Confidentialit\u00e9 de temps en temps pour refl\u00e9ter les changements dans les obligations l\u00e9gales ou r\u00e9glementaires ou les changements dans la mani\u00e8re dont nous traitons les donn\u00e9es personnelles. Nous vous informerons de tout changement significatif.<\/li>\n<li>Contactez-nous<br \/>\nSi vous avez des questions ou des pr\u00e9occupations concernant cette Notice de Confidentialit\u00e9, ou souhaitez exercer l'un de vos droits, veuillez nous contacter via notre page Contactez-nous.<\/li>\n<\/ol>\n<p>Derni\u00e8re mise \u00e0 jour : 18 juillet 2023<\/p>\n    <\/div>\n\n<\/div>\n<\/div><\/div><\/div><\/div><\/div>","protected":false},"excerpt":{"rendered":"<p>Politique de confidentialit\u00e9 Introduction Votre vie priv\u00e9e est d&#8217;une importance primordiale pour nous \u00e0 Shanti Maurice Resort &amp; Spa (d\u00e9sign\u00e9 par &#8220;nous&#8221; ou &#8220;notre&#8221; dans cette politique). Nous nous engageons \u00e0 prot\u00e9ger vos donn\u00e9es personnelles et \u00e0 garantir que votre interaction avec nous, que ce soit via notre site web ou notre application, soit aussi &hellip;<\/p>\n","protected":false},"author":1,"featured_media":0,"parent":0,"menu_order":43,"comment_status":"closed","ping_status":"closed","template":"","meta":{"_acf_changed":false,"footnotes":""},"class_list":["post--2061","post--page","post--type-page","post--status-publish","post--hentry"],"acf":[],"_links":{"self":[{"href":"https:\/\/shantimaurice.com\/fr\/wp-json\/wp\/v2\/pages\/2061","targetHints":{"allow":["GET"]}}],"collection":[{"href":"https:\/\/shantimaurice.com\/fr\/wp-json\/wp\/v2\/pages"}],"about":[{"href":"https:\/\/shantimaurice.com\/fr\/wp-json\/wp\/v2\/types\/page"}],"author":[{"embeddable":true,"href":"https:\/\/shantimaurice.com\/fr\/wp-json\/wp\/v2\/users\/1"}],"replies":[{"embeddable":true,"href":"https:\/\/shantimaurice.com\/fr\/wp-json\/wp\/v2\/comments?post=2061"}],"version-history":[{"count":4,"href":"https:\/\/shantimaurice.com\/fr\/wp-json\/wp\/v2\/pages\/2061\/revisions"}],"predecessor-version":[{"id":17966,"href":"https:\/\/shantimaurice.com\/fr\/wp-json\/wp\/v2\/pages\/2061\/revisions\/17966"}],"wp:attachment":[{"href":"https:\/\/shantimaurice.com\/fr\/wp-json\/wp\/v2\/media?parent=2061"}],"curies":[{"name":"wp","href":"https:\/\/api.w.org\/{rel}","templated":true}]}}