{"id":2082,"date":"2017-11-22T11:41:33","date_gmt":"2017-11-22T11:41:33","guid":{"rendered":"https:\/\/shantimaurice.testingcreative.co.uk\/spa-wellbeing\/make-an-enquiry\/thank-you\/"},"modified":"2018-08-10T15:34:32","modified_gmt":"2018-08-10T15:34:32","slug":"merci","status":"publish","type":"page","link":"https:\/\/shantimaurice.com\/fr\/spa-wellness\/make-an-enquiry\/merci\/","title":{"rendered":"Spa Merci"},"content":{"rendered":"<div id=\"pl-2082\"  class=\"panel-layout\" ><div id=\"pg-2082-0\"  class=\"panel-grid panel-has-style\" ><div class=\"c-row--valign-default c-row--widget-default c-row--margin-default c-row--column-none siteorigin-panels-stretch panel-row-style panel-row-style-for-2082-0\" data-stretch-type=\"full-stretched\" ><div id=\"pgc-2082-0-0\"  class=\"panel-grid-cell\" ><div id=\"panel-2082-0-0-0\" class=\"so-panel widget widget_cn-core-hero-widget panel-first-child panel-last-child\" data-index=\"0\" ><div\n\t\t\t\n\t\t\tclass=\"so-widget-cn-core-hero-widget so-widget-cn-core-hero-widget-base\"\n\t\t\t\n\t\t><section class=\"c-hero c-hero--short\">\n    <div class=\"c-hero__inner\">\n        \n        <div class=\"c-hero__content\">\n\n                            <h1 class=\"c-hero__heading\">\n                    Votre message a \u00e9t\u00e9 envoy\u00e9                <\/h1>\n            \n                            <p class=\"c-hero__subheading\">\n                    Merci pour votre enqu\u00eate                <\/p>\n                            <div class=\"s-entry \/ c-hero__text\">\n                    <p>\n                        Notre \u00e9quipe vous r\u00e9pondra dans les plus brefs d\u00e9lais                    <\/p>\n                <\/div>\n                    <\/div>\n\n        \n    <\/div>\n\n\n\n    \n    \n    <div data-src=\"https:\/\/hotelcms-production.imgix.net\/shantimaurice.com\/wp-content\/uploads\/2017\/11\/SHM_Presidential-Villa_Pool-Terrace_RGB-1.jpg\" data-crop=\"auto\" class=\"imgix-fluid  crop \/ c-hero__background\"><\/div><noscript><div style=\"background-image: url(https:\/\/hotelcms-production.imgix.net\/shantimaurice.com\/wp-content\/uploads\/2017\/11\/SHM_Presidential-Villa_Pool-Terrace_RGB-1.jpg);\" class=\"crop \/ c-hero__background\" ><\/div><\/noscript>\n    \n    <\/section>\n<\/div><\/div><\/div><\/div><\/div><div id=\"pg-2082-1\"  class=\"panel-grid panel-has-style\" ><div class=\"c-row--valign-default c-row--widget-default c-row--margin-none c-row--column-none has-background c-row--background-cover imgix-fluid crop panel-row-style panel-row-style-for-2082-1\" data-src=\"https:\/\/hotelcms-production.imgix.net\/shantimaurice.com\/wp-content\/uploads\/2017\/11\/texture-bg.png\" data-crop=\"\" ><div id=\"pgc-2082-1-0\"  class=\"panel-grid-cell\" ><div id=\"panel-2082-1-0-0\" class=\"so-panel widget widget_cn-core-text-widget panel-first-child panel-last-child\" data-index=\"1\" ><div\n\t\t\t\n\t\t\tclass=\"so-widget-cn-core-text-widget so-widget-cn-core-text-widget-base\"\n\t\t\t\n\t\t>\n<div class=\"c-text c-text--lede\" >\n\n    \n    \n    \n    <div class=\"c-text__content s-entry\">\n        <div id=\"pg-201-1\" class=\"panel-grid\">\n<div class=\"c-row--valign-default c-row--widget-default c-row--margin-none c-row--column-none has-background imgix-fluid crop panel-row-style has-loaded\" data-src=\"http:\/\/shantimaurice.imgix.net\/wp-content\/uploads\/2017\/11\/texture-bg.png?auto=format&amp;\">\n<div id=\"pgc-201-1-0\" class=\"panel-grid-cell\">\n<div id=\"panel-201-1-0-0\" class=\"so-panel widget widget_cn-core-text-widget panel-first-child panel-last-child\" data-index=\"1\">\n<div class=\"so-widget-cn-core-text-widget so-widget-cn-core-text-widget-base widget-is-visible\">\n<div class=\"c-text c-text--lede\">\n<div class=\"c-text__content s-entry\">\n<p>Pourquoi ne pas jeter un oeil \u00e0 travers le reste de notre site Web et planifier votre s\u00e9jour \u00e0 Shanti Maurice pendant que vous attendez.<\/p>\n<\/div>\n<\/div>\n<\/div>\n<\/div>\n<\/div>\n<\/div>\n<\/div>\n<div id=\"pg-201-2\" class=\"panel-grid\">\u00a0<\/div>\n    <\/div>\n\n<\/div>\n<\/div><\/div><\/div><\/div><\/div><div id=\"pg-2082-2\"  class=\"panel-grid panel-has-style\" ><div class=\"c-row--valign-default c-row--widget-default c-row--margin-default c-row--column-small c-row--style-muted siteorigin-panels-stretch panel-row-style panel-row-style-for-2082-2\" data-stretch-type=\"full\" ><div id=\"pgc-2082-2-0\"  class=\"panel-grid-cell\" ><div id=\"panel-2082-2-0-0\" class=\"so-panel widget widget_cn-core-cta-widget panel-first-child panel-last-child\" data-index=\"2\" ><div\n\t\t\t\n\t\t\tclass=\"so-widget-cn-core-cta-widget so-widget-cn-core-cta-widget-base\"\n\t\t\t\n\t\t><div class=\"c-cta no-layout no-variation\">\n\n    <div class=\"c-cta__content\">\n\n        <div class=\"c-cta__inner\">\n\n                            <a href=\"https:\/\/shantimaurice.com\/accommodation\/\" class=\"c-cta__anchor\">\n            \n            \n                          <div class=\"crop\">\n                <div data-src=\"https:\/\/hotelcms-production.imgix.net\/shantimaurice.com\/wp-content\/uploads\/2017\/11\/SHM_junior-suite-Ocean-View_HR.jpg\" data-crop=\"manual\" class=\"imgix-fluid  c-image c-cta__image\" data-focus-horizontal=\"50\" data-focus-vertical=\"50\"><\/div><noscript><div style=\"background-image: url(https:\/\/hotelcms-production.imgix.net\/shantimaurice.com\/wp-content\/uploads\/2017\/11\/SHM_junior-suite-Ocean-View_HR.jpg);\" class=\"c-image c-cta__image\" ><\/div><\/noscript>              <\/div>\n            \n            \n                <div class=\"c-cta__headings\">\n\n                                    <p class=\"c-cta__preheading\">\n                        Un monde loin                    <\/p>\n                \n                                    <h2 class=\"c-cta__heading\">\n                        Accommodation                    <\/h2>\n                \n                \n                <\/div>\n\n            \n            \n                            <\/a>\n            \n            \n            \n            \n                    <\/div>\n\n    <\/div>\n\n    \n    \n            <a href=\"https:\/\/shantimaurice.com\/accommodation\/\" class=\"c-cta__detached-anchor\"><\/a>\n    \n<\/div>\n\n<\/div><\/div><\/div><div id=\"pgc-2082-2-1\"  class=\"panel-grid-cell\" ><div id=\"panel-2082-2-1-0\" class=\"so-panel widget widget_cn-core-cta-widget panel-first-child panel-last-child\" data-index=\"3\" ><div\n\t\t\t\n\t\t\tclass=\"so-widget-cn-core-cta-widget so-widget-cn-core-cta-widget-base\"\n\t\t\t\n\t\t><div class=\"c-cta no-layout no-variation\">\n\n    <div class=\"c-cta__content\">\n\n        <div class=\"c-cta__inner\">\n\n                            <a href=\"https:\/\/shantimaurice.com\/culinary-experiences\/\" class=\"c-cta__anchor\">\n            \n            \n                          <div class=\"crop\">\n                <div data-src=\"https:\/\/hotelcms-production.imgix.net\/shantimaurice.com\/wp-content\/uploads\/2017\/11\/SHM_FR-Shack_Boat_Food_RGB.jpg\" data-crop=\"centre\" class=\"imgix-fluid  c-image c-cta__image\"><\/div><noscript><div style=\"background-image: url(https:\/\/hotelcms-production.imgix.net\/shantimaurice.com\/wp-content\/uploads\/2017\/11\/SHM_FR-Shack_Boat_Food_RGB.jpg);\" class=\"c-image c-cta__image\" ><\/div><\/noscript>              <\/div>\n            \n            \n                <div class=\"c-cta__headings\">\n\n                                    <p class=\"c-cta__preheading\">\n                        Tantalisez vos papilles                    <\/p>\n                \n                                    <h2 class=\"c-cta__heading\">\n                        Evasion Culinaires                    <\/h2>\n                \n                \n                <\/div>\n\n            \n            \n                            <\/a>\n            \n            \n            \n            \n                    <\/div>\n\n    <\/div>\n\n    \n    \n            <a href=\"https:\/\/shantimaurice.com\/culinary-experiences\/\" class=\"c-cta__detached-anchor\"><\/a>\n    \n<\/div>\n\n<\/div><\/div><\/div><div id=\"pgc-2082-2-2\"  class=\"panel-grid-cell\" ><div id=\"panel-2082-2-2-0\" class=\"so-panel widget widget_cn-core-cta-widget panel-first-child panel-last-child\" data-index=\"4\" ><div\n\t\t\t\n\t\t\tclass=\"so-widget-cn-core-cta-widget so-widget-cn-core-cta-widget-base\"\n\t\t\t\n\t\t><div class=\"c-cta no-layout no-variation\">\n\n    <div class=\"c-cta__content\">\n\n        <div class=\"c-cta__inner\">\n\n                            <a href=\"https:\/\/shantimaurice.com\/spa-wellbeing\/\" class=\"c-cta__anchor\">\n            \n            \n                          <div class=\"crop\">\n                <div data-src=\"https:\/\/hotelcms-production.imgix.net\/shantimaurice.com\/wp-content\/uploads\/2017\/11\/Nira_SPA_Shanti_Maurice_10.jpg\" data-crop=\"auto\" class=\"imgix-fluid  c-image c-cta__image\"><\/div><noscript><div style=\"background-image: url(https:\/\/hotelcms-production.imgix.net\/shantimaurice.com\/wp-content\/uploads\/2017\/11\/Nira_SPA_Shanti_Maurice_10.jpg);\" class=\"c-image c-cta__image\" ><\/div><\/noscript>              <\/div>\n            \n            \n                <div class=\"c-cta__headings\">\n\n                                    <p class=\"c-cta__preheading\">\n                        Tentez vos sens                    <\/p>\n                \n                                    <h2 class=\"c-cta__heading\">\n                        Shanti Spa                    <\/h2>\n                \n                \n                <\/div>\n\n            \n            \n                            <\/a>\n            \n            \n            \n            \n                    <\/div>\n\n    <\/div>\n\n    \n    \n            <a href=\"https:\/\/shantimaurice.com\/spa-wellbeing\/\" class=\"c-cta__detached-anchor\"><\/a>\n    \n<\/div>\n\n<\/div><\/div><\/div><\/div><\/div><\/div>","protected":false},"excerpt":{"rendered":"<p>Votre message a \u00e9t\u00e9 envoy\u00e9 Merci pour votre enqu\u00eate Notre \u00e9quipe vous r\u00e9pondra dans les plus brefs d\u00e9lais Pourquoi ne pas jeter un oeil \u00e0 travers le reste de notre site Web et planifier votre s\u00e9jour \u00e0 Shanti Maurice pendant que vous attendez. \u00a0 Un monde loin Accommodation Tantalisez vos papilles Evasion Culinaires Tentez vos &hellip;<\/p>\n","protected":false},"author":1,"featured_media":0,"parent":1628,"menu_order":0,"comment_status":"closed","ping_status":"closed","template":"","meta":{"_acf_changed":false,"footnotes":""},"class_list":["post--2082","post--page","post--type-page","post--status-publish","post--hentry"],"acf":[],"_links":{"self":[{"href":"https:\/\/shantimaurice.com\/fr\/wp-json\/wp\/v2\/pages\/2082","targetHints":{"allow":["GET"]}}],"collection":[{"href":"https:\/\/shantimaurice.com\/fr\/wp-json\/wp\/v2\/pages"}],"about":[{"href":"https:\/\/shantimaurice.com\/fr\/wp-json\/wp\/v2\/types\/page"}],"author":[{"embeddable":true,"href":"https:\/\/shantimaurice.com\/fr\/wp-json\/wp\/v2\/users\/1"}],"replies":[{"embeddable":true,"href":"https:\/\/shantimaurice.com\/fr\/wp-json\/wp\/v2\/comments?post=2082"}],"version-history":[{"count":2,"href":"https:\/\/shantimaurice.com\/fr\/wp-json\/wp\/v2\/pages\/2082\/revisions"}],"predecessor-version":[{"id":3156,"href":"https:\/\/shantimaurice.com\/fr\/wp-json\/wp\/v2\/pages\/2082\/revisions\/3156"}],"up":[{"embeddable":true,"href":"https:\/\/shantimaurice.com\/fr\/wp-json\/wp\/v2\/pages\/1628"}],"wp:attachment":[{"href":"https:\/\/shantimaurice.com\/fr\/wp-json\/wp\/v2\/media?parent=2082"}],"curies":[{"name":"wp","href":"https:\/\/api.w.org\/{rel}","templated":true}]}}