{"id":2129,"date":"2017-11-22T11:46:45","date_gmt":"2017-11-22T11:46:45","guid":{"rendered":"https:\/\/shantimaurice.testingcreative.co.uk\/about-us\/resort-amenities\/"},"modified":"2017-12-14T15:32:10","modified_gmt":"2017-12-14T15:32:10","slug":"equipements-du-resort","status":"publish","type":"page","link":"https:\/\/shantimaurice.com\/fr\/a-propos-de-nous-us\/equipements-du-resort\/","title":{"rendered":"\u00c9quipements du Resort"},"content":{"rendered":"<div id=\"pl-2129\"  class=\"panel-layout\" ><div id=\"pg-2129-0\"  class=\"panel-grid panel-has-style\" ><div class=\"c-row--valign-default c-row--widget-default c-row--margin-default c-row--column-none siteorigin-panels-stretch panel-row-style panel-row-style-for-2129-0\" data-stretch-type=\"full-stretched\" ><div id=\"pgc-2129-0-0\"  class=\"panel-grid-cell\" ><div id=\"panel-2129-0-0-0\" class=\"so-panel widget widget_cn-core-hero-widget panel-first-child panel-last-child\" data-index=\"0\" ><div\n\t\t\t\n\t\t\tclass=\"so-widget-cn-core-hero-widget so-widget-cn-core-hero-widget-base\"\n\t\t\t\n\t\t><section class=\"c-hero c-hero--short\">\n    <div class=\"c-hero__inner\">\n        \n        <div class=\"c-hero__content\">\n\n                            <h1 class=\"c-hero__heading\">\n                    Que pouvez vous trouver chez Shanti Maurice                <\/h1>\n            \n                            <p class=\"c-hero__subheading\">\n                    \u00c9quipements du resort                <\/p>\n                            <div class=\"s-entry \/ c-hero__text\">\n                    <p>\n                        La vie sur notre resort                    <\/p>\n                <\/div>\n                    <\/div>\n\n        \n    <\/div>\n\n\n\n    \n    \n    <div data-src=\"https:\/\/hotelcms-production.imgix.net\/shantimaurice.com\/wp-content\/uploads\/2017\/11\/SHM_Presidential-Villa_Pool-Terrace_RGB-1.jpg\" data-crop=\"auto\" class=\"imgix-fluid  crop \/ c-hero__background\"><\/div><noscript><div style=\"background-image: url(https:\/\/hotelcms-production.imgix.net\/shantimaurice.com\/wp-content\/uploads\/2017\/11\/SHM_Presidential-Villa_Pool-Terrace_RGB-1.jpg);\" class=\"crop \/ c-hero__background\" ><\/div><\/noscript>\n    \n    <\/section>\n<\/div><\/div><\/div><\/div><\/div><div id=\"pg-2129-1\"  class=\"panel-grid panel-has-style\" ><div class=\"c-row--valign-default c-row--widget-none c-row--margin-none c-row--column-none siteorigin-panels-stretch panel-row-style panel-row-style-for-2129-1\" data-stretch-type=\"full-stretched\" ><div id=\"pgc-2129-1-0\"  class=\"panel-grid-cell\" ><div id=\"panel-2129-1-0-0\" class=\"so-panel widget widget_cn-core-cta-widget panel-first-child panel-last-child\" data-index=\"1\" ><div\n\t\t\t\n\t\t\tclass=\"so-widget-cn-core-cta-widget so-widget-cn-core-cta-widget-base\"\n\t\t\t\n\t\t><div class=\"c-cta c-cta--layout-image-right no-variation has-background\">\n\n    <div class=\"c-cta__content\">\n\n        <div class=\"c-cta__inner\">\n\n            \n            \n            \n            \n                <div class=\"c-cta__headings\">\n\n                \n                                    <h2 class=\"c-cta__heading\">\n                        Jardins                    <\/h2>\n                \n                \n                <\/div>\n\n            \n            \n            \n                            <div class=\"c-cta__text \/ s-entry\">\n                    <p>Que vous aimiez prendre un bon jogging avant le petit d\u00e9jeuner, une promenade au coucher du soleil ou une promenade au clair de lune apr\u00e8s le d\u00eener, vous trouverez que nos jardins offrent une belle toile de fond. Accompagn\u00e9s par les sons m\u00e9lodiques des oiseaux tropicaux, ils sont un m\u00e9lange glorieux de soins attentionn\u00e9s et d'abandon sauvage.<\/p>\n<p>Nos jardins pr\u00e9sentent une s\u00e9lection d'esp\u00e8ces exotiques de plantes et d'arbres end\u00e9miques \u00e0 l'\u00eele Maurice, dont certaines ont un statut de conservation. Des manguiers et des litchis poussent dans le verger et des arbres fruitiers, des cocotiers, des bougainvilliers et des frangipaniers sont visibles dans les jardins publics et priv\u00e9s des villas.<\/p>\n                <\/div>\n            \n            \n            \n                    <\/div>\n\n    <\/div>\n\n    \n            <div data-src=\"https:\/\/hotelcms-production.imgix.net\/shantimaurice.com\/wp-content\/uploads\/2017\/11\/SHM_Gardens_Woman_RGB.jpg\" data-crop=\"manual\" class=\"imgix-fluid  crop \/ c-background c-cta__background\" data-focus-horizontal=\"65\" data-focus-vertical=\"50\"><\/div><noscript><div style=\"background-image: url(https:\/\/hotelcms-production.imgix.net\/shantimaurice.com\/wp-content\/uploads\/2017\/11\/SHM_Gardens_Woman_RGB.jpg);\" class=\"crop \/ c-background c-cta__background\" ><\/div><\/noscript>    \n    \n<\/div>\n\n<\/div><\/div><\/div><\/div><\/div><div id=\"pg-2129-2\"  class=\"panel-grid panel-has-style\" ><div class=\"c-row--valign-default c-row--widget-none c-row--margin-none c-row--column-none siteorigin-panels-stretch panel-row-style panel-row-style-for-2129-2\" data-stretch-type=\"full-stretched\" ><div id=\"pgc-2129-2-0\"  class=\"panel-grid-cell\" ><div id=\"panel-2129-2-0-0\" class=\"so-panel widget widget_cn-core-cta-widget panel-first-child panel-last-child\" data-index=\"2\" ><div\n\t\t\t\n\t\t\tclass=\"so-widget-cn-core-cta-widget so-widget-cn-core-cta-widget-base\"\n\t\t\t\n\t\t><div class=\"c-cta c-cta--layout-image-left no-variation has-background\">\n\n    <div class=\"c-cta__content\">\n\n        <div class=\"c-cta__inner\">\n\n            \n            \n            \n            \n                <div class=\"c-cta__headings\">\n\n                \n                                    <h2 class=\"c-cta__heading\">\n                        Boutique                    <\/h2>\n                \n                \n                <\/div>\n\n            \n            \n            \n                            <div class=\"c-cta__text \/ s-entry\">\n                    <p>Notre boutique offre une exp\u00e9rience de magasinage exceptionnelle avec un tr\u00e9sor d'objets magnifiques et saisissants \u00e0 acheter. Des v\u00eatements, des bijoux, des accessoires pour la maison et des sp\u00e9cialit\u00e9s culinaires locales, tout dans notre Boutique a \u00e9t\u00e9 s\u00e9lectionn\u00e9 \u00e0 la main par notre \u00e9quipe exp\u00e9riment\u00e9e.<\/p>\n<p>Nous proposons \u00e9galement une s\u00e9lection populaire d'objets artisanaux mauriciens, tels que Poivre D, Chamarel Rhum, Coton des Iles, Cachemire artisanal, savons v\u00e9g\u00e9taux naturels et gommages de luxe.<\/p>\n                <\/div>\n            \n            \n            \n                    <\/div>\n\n    <\/div>\n\n    \n            <div data-src=\"https:\/\/hotelcms-production.imgix.net\/shantimaurice.com\/wp-content\/uploads\/2017\/11\/SHM_Boutique_RGB.jpg\" data-crop=\"\" class=\"imgix-fluid  crop \/ c-background c-cta__background\"><\/div><noscript><div style=\"background-image: url(https:\/\/hotelcms-production.imgix.net\/shantimaurice.com\/wp-content\/uploads\/2017\/11\/SHM_Boutique_RGB.jpg);\" class=\"crop \/ c-background c-cta__background\" ><\/div><\/noscript>    \n    \n<\/div>\n\n<\/div><\/div><\/div><\/div><\/div><div id=\"pg-2129-3\"  class=\"panel-grid panel-has-style\" ><div class=\"c-row--valign-default c-row--widget-none c-row--margin-none c-row--column-none siteorigin-panels-stretch panel-row-style panel-row-style-for-2129-3\" data-stretch-type=\"full-stretched\" ><div id=\"pgc-2129-3-0\"  class=\"panel-grid-cell\" ><div id=\"panel-2129-3-0-0\" class=\"so-panel widget widget_cn-core-cta-widget panel-first-child panel-last-child\" data-index=\"3\" ><div\n\t\t\t\n\t\t\tclass=\"so-widget-cn-core-cta-widget so-widget-cn-core-cta-widget-base\"\n\t\t\t\n\t\t><div class=\"c-cta c-cta--layout-image-right no-variation has-background\">\n\n    <div class=\"c-cta__content\">\n\n        <div class=\"c-cta__inner\">\n\n            \n            \n            \n            \n                <div class=\"c-cta__headings\">\n\n                \n                                    <h2 class=\"c-cta__heading\">\n                        Biblioth\u00e8que                    <\/h2>\n                \n                \n                <\/div>\n\n            \n            \n            \n                            <div class=\"c-cta__text \/ s-entry\">\n                    <p>La biblioth\u00e8que est l'endroit id\u00e9al pour se d\u00e9tendre, se d\u00e9tendre et profiter tout en lisant un bon livre dans une atmosph\u00e8re sereine.<\/p>\n<p>Nous fournissons une gamme de journaux et de magazines internationaux pour tous nos clients et notre biblioth\u00e8que offre un endroit confortable pour se tenir au courant de l'actualit\u00e9. Alternativement, n'h\u00e9sitez pas \u00e0 naviguer sur Internet avec nos deux ordinateurs de bureau iMac \u00e0 la fine pointe de la technologie offrant des installations d'impression.<\/p>\n                <\/div>\n            \n            \n            \n                    <\/div>\n\n    <\/div>\n\n    \n            <div data-src=\"https:\/\/hotelcms-production.imgix.net\/shantimaurice.com\/wp-content\/uploads\/2017\/11\/SHM_Library.jpg\" data-crop=\"\" class=\"imgix-fluid  crop \/ c-background c-cta__background\"><\/div><noscript><div style=\"background-image: url(https:\/\/hotelcms-production.imgix.net\/shantimaurice.com\/wp-content\/uploads\/2017\/11\/SHM_Library.jpg);\" class=\"crop \/ c-background c-cta__background\" ><\/div><\/noscript>    \n    \n<\/div>\n\n<\/div><\/div><\/div><\/div><\/div><div id=\"pg-2129-4\"  class=\"panel-grid panel-has-style\" ><div class=\"c-row--valign-default c-row--widget-none c-row--margin-none c-row--column-none siteorigin-panels-stretch panel-row-style panel-row-style-for-2129-4\" data-stretch-type=\"full-stretched\" ><div id=\"pgc-2129-4-0\"  class=\"panel-grid-cell\" ><div id=\"panel-2129-4-0-0\" class=\"so-panel widget widget_cn-core-cta-widget panel-first-child panel-last-child\" data-index=\"4\" ><div\n\t\t\t\n\t\t\tclass=\"so-widget-cn-core-cta-widget so-widget-cn-core-cta-widget-base\"\n\t\t\t\n\t\t><div class=\"c-cta c-cta--layout-image-left no-variation has-background\">\n\n    <div class=\"c-cta__content\">\n\n        <div class=\"c-cta__inner\">\n\n            \n            \n            \n            \n                <div class=\"c-cta__headings\">\n\n                \n                                    <h2 class=\"c-cta__heading\">\n                        Informations utiles                    <\/h2>\n                \n                \n                <\/div>\n\n            \n            \n            \n                            <div class=\"c-cta__text \/ s-entry\">\n                    <p><strong>La langue<\/strong><br \/>La langue officielle est l'anglais, cependant, le fran\u00e7ais est plus fr\u00e9quemment utilis\u00e9 et le cr\u00e9ole, une langue d\u00e9riv\u00e9e du fran\u00e7ais, reste la lingua franca.<br \/><strong>Devise<\/strong><br \/>La monnaie officielle est la roupie mauricienne (MUR), mais l'euro et le dollar am\u00e9ricain sont largement accept\u00e9s dans la plupart des magasins.<br \/><strong>M\u00e9t\u00e9o<\/strong><br \/>Le climat local est tropical, avec des temp\u00e9ratures moyennes de 30 degr\u00e9s Celsius en d\u00e9cembre \u00e0 22 degr\u00e9s Celsius en juin. Il y a un hiver chaud et sec de mai \u00e0 novembre et un \u00e9t\u00e9 chaud et humide de novembre \u00e0 mai.<\/p>\n                <\/div>\n            \n            \n            \n                    <\/div>\n\n    <\/div>\n\n    \n            <div data-src=\"https:\/\/hotelcms-production.imgix.net\/shantimaurice.com\/wp-content\/uploads\/2017\/11\/SHM_FR-Shack_Bed_Group_RGB.jpg\" data-crop=\"manual\" class=\"imgix-fluid  crop \/ c-background c-cta__background\" data-focus-horizontal=\"50\" data-focus-vertical=\"40\"><\/div><noscript><div style=\"background-image: url(https:\/\/hotelcms-production.imgix.net\/shantimaurice.com\/wp-content\/uploads\/2017\/11\/SHM_FR-Shack_Bed_Group_RGB.jpg);\" class=\"crop \/ c-background c-cta__background\" ><\/div><\/noscript>    \n    \n<\/div>\n\n<\/div><\/div><\/div><\/div><\/div><div id=\"pg-2129-5\"  class=\"panel-grid panel-has-style\" ><div class=\"c-row--valign-default c-row--widget-none c-row--margin-small c-row--column-large c-row--style-muted siteorigin-panels-stretch panel-row-style panel-row-style-for-2129-5\" data-stretch-type=\"full-stretched\" ><div id=\"pgc-2129-5-0\"  class=\"panel-grid-cell\" ><div id=\"panel-2129-5-0-0\" class=\"so-panel widget widget_cn-core-adjacent-pages-widget panel-first-child panel-last-child\" data-index=\"5\" ><div\n\t\t\t\n\t\t\tclass=\"so-widget-cn-core-adjacent-pages-widget so-widget-cn-core-adjacent-pages-widget-base\"\n\t\t\t\n\t\t><nav class=\"c-siblings  \">\n\n    <ul class=\"menu\">\n        <li class=\"c-siblings__page \/ menu__previous\">\n                            <a href=\"https:\/\/shantimaurice.com\/about-us\/\">Allez \u00e0 propos de nous<\/a>\n                    <\/li>\n\n        \n        <li class=\"c-siblings__page \/ menu__next\">\n                        <a href=\"https:\/\/shantimaurice.com\/fr\/a-propos-de-nous-us\/galerie-photos\/\" class=\"\">Next page &rarr;<\/a>                    <\/li>\n    <\/ul>\n\n<\/nav><\/div><\/div><\/div><\/div><\/div><div id=\"pg-2129-6\"  class=\"panel-grid panel-has-style\" ><div class=\"c-row--valign-default c-row--widget-none c-row--margin-none c-row--column-default siteorigin-panels-stretch has-background c-row--background-cover imgix-fluid crop panel-row-style panel-row-style-for-2129-6\" data-stretch-type=\"full\" data-src=\"https:\/\/hotelcms-production.imgix.net\/shantimaurice.com\/wp-content\/uploads\/2017\/11\/texture.png\" data-crop=\"manual\" data-focus-horizontal=\"\" data-focus-vertical=\"\" ><div id=\"pgc-2129-6-0\"  class=\"panel-grid-cell\" ><div id=\"panel-2129-6-0-0\" class=\"so-panel widget widget_cn-core-cta-widget panel-first-child panel-last-child\" data-index=\"6\" ><div\n\t\t\t\n\t\t\tclass=\"so-widget-cn-core-cta-widget so-widget-cn-core-cta-widget-base\"\n\t\t\t\n\t\t><div class=\"c-cta c-cta--layout-breaker no-variation\">\n\n    <div class=\"c-cta__content\">\n\n        <div class=\"c-cta__inner\">\n\n                            <a href=\"https:\/\/shantimaurice.com\/accommodation\/\" class=\"c-cta__anchor\">\n            \n            \n            \n            \n                <div class=\"c-cta__headings\">\n\n                                    <p class=\"c-cta__preheading\">\n                        S\u00e9jour \u00e0 Shanti Maurice                    <\/p>\n                \n                                    <h2 class=\"c-cta__heading\">\n                        L'aventure commence ici                    <\/h2>\n                \n                \n                <\/div>\n\n            \n            \n                            <\/a>\n            \n                            <div class=\"c-cta__text \/ s-entry\">\n                    <p>Des go\u00fbts indulgents, des sites exceptionnels et des exp\u00e9riences inoubliables. Il n'y a jamais de mauvais moment pour visiter Shanti Maurice, mais il n'y a pas de meilleur moment que maintenant.<\/p>\n                <\/div>\n            \n            \n                            <div class=\"c-cta__buttons\">\n                    <a  class=\"c-button button \/ c-cta__button  no-variation\" href=\"https:\/\/shantimaurice.com\/accommodation\/\">\n    Aller aux suites et villas<\/a>\n\n\n                <\/div>\n            \n                    <\/div>\n\n    <\/div>\n\n    \n    \n            <a href=\"https:\/\/shantimaurice.com\/accommodation\/\" class=\"c-cta__detached-anchor\" href=\"https:\/\/shantimaurice.com\/accommodation\/\"><\/a>\n    \n<\/div>\n\n<\/div><\/div><\/div><\/div><\/div><\/div>","protected":false},"excerpt":{"rendered":"<p>Que pouvez vous trouver chez Shanti Maurice \u00c9quipements du resort La vie sur notre resort Jardins Que vous aimiez prendre un bon jogging avant le petit d\u00e9jeuner, une promenade au coucher du soleil ou une promenade au clair de lune apr\u00e8s le d\u00eener, vous trouverez que nos jardins offrent une belle toile de fond. Accompagn\u00e9s &hellip;<\/p>\n","protected":false},"author":1,"featured_media":0,"parent":1681,"menu_order":0,"comment_status":"closed","ping_status":"closed","template":"","meta":{"_acf_changed":false,"footnotes":""},"class_list":["post--2129","post--page","post--type-page","post--status-publish","post--hentry"],"acf":[],"_links":{"self":[{"href":"https:\/\/shantimaurice.com\/fr\/wp-json\/wp\/v2\/pages\/2129","targetHints":{"allow":["GET"]}}],"collection":[{"href":"https:\/\/shantimaurice.com\/fr\/wp-json\/wp\/v2\/pages"}],"about":[{"href":"https:\/\/shantimaurice.com\/fr\/wp-json\/wp\/v2\/types\/page"}],"author":[{"embeddable":true,"href":"https:\/\/shantimaurice.com\/fr\/wp-json\/wp\/v2\/users\/1"}],"replies":[{"embeddable":true,"href":"https:\/\/shantimaurice.com\/fr\/wp-json\/wp\/v2\/comments?post=2129"}],"version-history":[{"count":0,"href":"https:\/\/shantimaurice.com\/fr\/wp-json\/wp\/v2\/pages\/2129\/revisions"}],"up":[{"embeddable":true,"href":"https:\/\/shantimaurice.com\/fr\/wp-json\/wp\/v2\/pages\/1681"}],"wp:attachment":[{"href":"https:\/\/shantimaurice.com\/fr\/wp-json\/wp\/v2\/media?parent=2129"}],"curies":[{"name":"wp","href":"https:\/\/api.w.org\/{rel}","templated":true}]}}