{"id":2139,"date":"2017-11-22T11:46:45","date_gmt":"2017-11-22T11:46:45","guid":{"rendered":"https:\/\/shantimaurice.testingcreative.co.uk\/about-us\/careers\/"},"modified":"2017-12-14T15:40:28","modified_gmt":"2017-12-14T15:40:28","slug":"carrieres","status":"publish","type":"page","link":"https:\/\/shantimaurice.com\/fr\/a-propos-de-nous-us\/carrieres\/","title":{"rendered":"Carri\u00e8res"},"content":{"rendered":"<div id=\"pl-2139\"  class=\"panel-layout\" ><div id=\"pg-2139-0\"  class=\"panel-grid panel-has-style\" ><div class=\"c-row--valign-default c-row--widget-default c-row--margin-default c-row--column-none siteorigin-panels-stretch panel-row-style panel-row-style-for-2139-0\" data-stretch-type=\"full-stretched\" ><div id=\"pgc-2139-0-0\"  class=\"panel-grid-cell\" ><div id=\"panel-2139-0-0-0\" class=\"so-panel widget widget_cn-core-hero-widget panel-first-child panel-last-child\" data-index=\"0\" ><div\n\t\t\t\n\t\t\tclass=\"so-widget-cn-core-hero-widget so-widget-cn-core-hero-widget-base\"\n\t\t\t\n\t\t><section class=\"c-hero c-hero--short\">\n    <div class=\"c-hero__inner\">\n        \n        <div class=\"c-hero__content\">\n\n                            <h1 class=\"c-hero__heading\">\n                    Carri\u00e8res                <\/h1>\n            \n                            <p class=\"c-hero__subheading\">\n                    Travailler chez Shanti Maurice                <\/p>\n                            <div class=\"s-entry \/ c-hero__text\">\n                    <p>\n                        Faites partie de quelque chose de spectaculaire                    <\/p>\n                <\/div>\n                    <\/div>\n\n        \n    <\/div>\n\n\n\n    \n    \n    <div data-src=\"https:\/\/hotelcms-production.imgix.net\/shantimaurice.com\/wp-content\/uploads\/2017\/11\/SHM_Gardens_Woman_RGB.jpg\" data-crop=\"manual\" class=\"imgix-fluid  crop \/ c-hero__background\" data-focus-horizontal=\"65\" data-focus-vertical=\"50\"><\/div><noscript><div style=\"background-image: url(https:\/\/hotelcms-production.imgix.net\/shantimaurice.com\/wp-content\/uploads\/2017\/11\/SHM_Gardens_Woman_RGB.jpg);\" class=\"crop \/ c-hero__background\" ><\/div><\/noscript>\n    \n    <\/section>\n<\/div><\/div><\/div><\/div><\/div><div id=\"pg-2139-1\"  class=\"panel-grid panel-has-style\" ><div class=\"c-row--valign-default c-row--widget-none c-row--margin-none c-row--column-none c-row--style-muted siteorigin-panels-stretch panel-row-style panel-row-style-for-2139-1\" data-stretch-type=\"full-stretched\" ><div id=\"pgc-2139-1-0\"  class=\"panel-grid-cell\" ><div id=\"panel-2139-1-0-0\" class=\"so-panel widget widget_cn-core-cta-widget panel-first-child panel-last-child\" data-index=\"1\" ><div\n\t\t\t\n\t\t\tclass=\"so-widget-cn-core-cta-widget so-widget-cn-core-cta-widget-base\"\n\t\t\t\n\t\t><div class=\"c-cta c-cta--layout-image-right c-cta--extra has-background\">\n\n    <div class=\"c-cta__content\">\n\n        <div class=\"c-cta__inner\">\n\n            \n            \n            \n            \n            \n            \n                            <div class=\"c-cta__text \/ s-entry\">\n                    <p>Si vous \u00eates \u00e0 la recherche d'une nouvelle opportunit\u00e9 et que vous souhaitez faire partie de quelque chose de spectaculaire, Shanti Maurice est peut-\u00eatre l'endroit qu'il vous faut. Parcourez nos positions actuelles ci-dessous, ou t\u00e9l\u00e9chargez votre CV et lettre de motivation pour \u00eatre consid\u00e9r\u00e9 pour un prochain r\u00f4le dans notre station.<\/p>\n                <\/div>\n            \n            \n            \n                    <\/div>\n\n    <\/div>\n\n    \n            <div data-src=\"https:\/\/hotelcms-production.imgix.net\/shantimaurice.com\/wp-content\/uploads\/2017\/11\/SHM_Family_Villa_Running_RGB.jpg\" data-crop=\"manual\" class=\"imgix-fluid  crop \/ c-background c-cta__background\" data-focus-horizontal=\"50\" data-focus-vertical=\"26\"><\/div><noscript><div style=\"background-image: url(https:\/\/hotelcms-production.imgix.net\/shantimaurice.com\/wp-content\/uploads\/2017\/11\/SHM_Family_Villa_Running_RGB.jpg);\" class=\"crop \/ c-background c-cta__background\" ><\/div><\/noscript>    \n    \n<\/div>\n\n<\/div><\/div><\/div><\/div><\/div><div id=\"pg-2139-2\"  class=\"panel-grid panel-has-style\" ><div class=\"c-row--valign-default c-row--widget-none c-row--margin-none c-row--column-none c-row--style-muted siteorigin-panels-stretch panel-row-style panel-row-style-for-2139-2\" data-stretch-type=\"full-stretched\" ><div id=\"pgc-2139-2-0\"  class=\"panel-grid-cell\" ><div id=\"panel-2139-2-0-0\" class=\"so-panel widget widget_cn-core-image-widget panel-first-child panel-last-child\" data-index=\"2\" ><div\n\t\t\t\n\t\t\tclass=\"so-widget-cn-core-image-widget so-widget-cn-core-image-widget-base\"\n\t\t\t\n\t\t>\n<div class=\"c-image-container  no-variation\">\n    \n    <figure class=\"crop\">\n                    <div data-src=\"https:\/\/hotelcms-production.imgix.net\/shantimaurice.com\/wp-content\/uploads\/2017\/11\/Shanti-Maurice-Rum-Shed-05-5D3A9772-Edit-Edit.jpg\" data-crop=\"\" class=\"imgix-fluid  c-image\"><\/div><noscript><div style=\"background-image: url(https:\/\/hotelcms-production.imgix.net\/shantimaurice.com\/wp-content\/uploads\/2017\/11\/Shanti-Maurice-Rum-Shed-05-5D3A9772-Edit-Edit.jpg);\" class=\"c-image\" ><\/div><\/noscript>            <\/figure>\n\n    <\/div>\n<\/div><\/div><\/div><div id=\"pgc-2139-2-1\"  class=\"panel-grid-cell\" ><div id=\"panel-2139-2-1-0\" class=\"so-panel widget widget_cn-core-form-widget panel-first-child panel-last-child\" data-index=\"3\" ><div\n\t\t\t\n\t\t\tclass=\"so-widget-cn-core-form-widget so-widget-cn-core-form-widget-base\"\n\t\t\t\n\t\t>\n    <div class=\"c-form \">\n                    <div class=\"c-form__headings\">\n                \n                                    <h2 class=\"c-form__heading\">Rejoignez l'\u00e9quipe, postulez ici<\/h2>\n                            <\/div>\n        \n        <script type=\"text\/javascript\">\n\/* <![CDATA[ *\/\nvar gform;gform||(document.addEventListener(\"gform_main_scripts_loaded\",function(){gform.scriptsLoaded=!0}),document.addEventListener(\"gform\/theme\/scripts_loaded\",function(){gform.themeScriptsLoaded=!0}),window.addEventListener(\"DOMContentLoaded\",function(){gform.domLoaded=!0}),gform={domLoaded:!1,scriptsLoaded:!1,themeScriptsLoaded:!1,isFormEditor:()=>\"function\"==typeof InitializeEditor,callIfLoaded:function(o){return!(!gform.domLoaded||!gform.scriptsLoaded||!gform.themeScriptsLoaded&&!gform.isFormEditor()||(gform.isFormEditor()&&console.warn(\"The use of gform.initializeOnLoaded() is deprecated in the form editor context and will be removed in Gravity Forms 3.1.\"),o(),0))},initializeOnLoaded:function(o){gform.callIfLoaded(o)||(document.addEventListener(\"gform_main_scripts_loaded\",()=>{gform.scriptsLoaded=!0,gform.callIfLoaded(o)}),document.addEventListener(\"gform\/theme\/scripts_loaded\",()=>{gform.themeScriptsLoaded=!0,gform.callIfLoaded(o)}),window.addEventListener(\"DOMContentLoaded\",()=>{gform.domLoaded=!0,gform.callIfLoaded(o)}))},hooks:{action:{},filter:{}},addAction:function(o,r,e,t){gform.addHook(\"action\",o,r,e,t)},addFilter:function(o,r,e,t){gform.addHook(\"filter\",o,r,e,t)},doAction:function(o){gform.doHook(\"action\",o,arguments)},applyFilters:function(o){return gform.doHook(\"filter\",o,arguments)},removeAction:function(o,r){gform.removeHook(\"action\",o,r)},removeFilter:function(o,r,e){gform.removeHook(\"filter\",o,r,e)},addHook:function(o,r,e,t,n){null==gform.hooks[o][r]&&(gform.hooks[o][r]=[]);var d=gform.hooks[o][r];null==n&&(n=r+\"_\"+d.length),gform.hooks[o][r].push({tag:n,callable:e,priority:t=null==t?10:t})},doHook:function(r,o,e){var t;if(e=Array.prototype.slice.call(e,1),null!=gform.hooks[r][o]&&((o=gform.hooks[r][o]).sort(function(o,r){return o.priority-r.priority}),o.forEach(function(o){\"function\"!=typeof(t=o.callable)&&(t=window[t]),\"action\"==r?t.apply(null,e):e[0]=t.apply(null,e)})),\"filter\"==r)return e[0]},removeHook:function(o,r,t,n){var e;null!=gform.hooks[o][r]&&(e=(e=gform.hooks[o][r]).filter(function(o,r,e){return!!(null!=n&&n!=o.tag||null!=t&&t!=o.priority)}),gform.hooks[o][r]=e)}});\n\/* ]]> *\/\n<\/script>\n\n                <div class='gf_browser_gecko gform_wrapper gform_legacy_markup_wrapper gform-theme--no-framework' data-form-theme='legacy' data-form-index='0' id='gform_wrapper_3' ><form method='post' enctype='multipart\/form-data'  id='gform_3'  action='\/fr\/wp-json\/wp\/v2\/pages\/2139' data-formid='3' novalidate><div class='gf_invisible ginput_recaptchav3' data-sitekey='6LelDAwqAAAAAF8rTBQ1yuyrtuAsiEuNEzi9L1Uc' data-tabindex='100'><input id=\"input_bfdac43ce5b88fb280a46e2b292cbf67\" class=\"gfield_recaptcha_response\" type=\"hidden\" name=\"input_bfdac43ce5b88fb280a46e2b292cbf67\" value=\"\"\/><\/div>\n                        <div class='gform-body gform_body'><ul id='gform_fields_3' class='gform_fields top_label form_sublabel_below description_below validation_below'><li id=\"field_3_10\" class=\"gfield gfield--type-honeypot gform_validation_container field_sublabel_below gfield--has-description field_description_below field_validation_below gfield_visibility_visible\"  ><label class='gfield_label gform-field-label' for='input_3_10'>Facebook<\/label><div class='ginput_container'><input name='input_10' id='input_3_10' type='text' value='' autocomplete='new-password'\/><\/div><div class='gfield_description' id='gfield_description_3_10'>This field is for validation purposes and should be left unchanged.<\/div><\/li><li id=\"field_3_1\" class=\"gfield gfield--type-text gfield_contains_required field_sublabel_below gfield--no-description field_description_below field_validation_below gfield_visibility_visible\"  ><label class='gfield_label gform-field-label' for='input_3_1'>Votre nom<span class=\"gfield_required\"><span class=\"gfield_required gfield_required_asterisk\">*<\/span><\/span><\/label><div class='ginput_container ginput_container_text'><input name='input_1' id='input_3_1' type='text' value='' class='medium'   tabindex='101' placeholder='Votre nom' aria-required=\"true\" aria-invalid=\"false\"   \/><\/div><\/li><li id=\"field_3_9\" class=\"gfield gfield--type-text gfield--width-full gfield_contains_required field_sublabel_below gfield--no-description field_description_below field_validation_below gfield_visibility_visible\"  ><label class='gfield_label gform-field-label' for='input_3_9'>Last Name<span class=\"gfield_required\"><span class=\"gfield_required gfield_required_asterisk\">*<\/span><\/span><\/label><div class='ginput_container ginput_container_text'><input name='input_9' id='input_3_9' type='text' value='' class='medium'   tabindex='102' placeholder='Your name' aria-required=\"true\" aria-invalid=\"false\"   \/><\/div><\/li><li id=\"field_3_3\" class=\"gfield gfield--type-email gfield_contains_required field_sublabel_below gfield--no-description field_description_below field_validation_below gfield_visibility_visible\"  ><label class='gfield_label gform-field-label' for='input_3_3'>Votre email<span class=\"gfield_required\"><span class=\"gfield_required gfield_required_asterisk\">*<\/span><\/span><\/label><div class='ginput_container ginput_container_email'>\n                            <input name='input_3' id='input_3_3' type='email' value='' class='medium' tabindex='103'  placeholder='Votre email' aria-required=\"true\" aria-invalid=\"false\"  \/>\n                        <\/div><\/li><li id=\"field_3_7\" class=\"gfield gfield--type-text gfield_contains_required field_sublabel_below gfield--no-description field_description_below field_validation_below gfield_visibility_visible\"  ><label class='gfield_label gform-field-label' for='input_3_7'>Num\u00e9ro de t\u00e9l\u00e9phone<span class=\"gfield_required\"><span class=\"gfield_required gfield_required_asterisk\">*<\/span><\/span><\/label><div class='ginput_container ginput_container_text'><input name='input_7' id='input_3_7' type='text' value='' class='medium'   tabindex='104' placeholder='Num\u00e9ro de t\u00e9l\u00e9phone' aria-required=\"true\" aria-invalid=\"false\"   \/><\/div><\/li><li id=\"field_3_6\" class=\"gfield gfield--type-fileupload gfield_contains_required field_sublabel_below gfield--no-description field_description_below field_validation_below gfield_visibility_visible\"  ><label class='gfield_label gform-field-label' for='input_3_6'>T\u00e9l\u00e9charger un CV<span class=\"gfield_required\"><span class=\"gfield_required gfield_required_asterisk\">*<\/span><\/span><\/label><div class='ginput_container ginput_container_fileupload'><input type='hidden' name='MAX_FILE_SIZE' value='10485760' \/><input name='input_6' id='input_3_6' type='file' class='medium' aria-describedby=\"gfield_upload_rules_3_6\" onchange='javascript:gformValidateFileSize( this, 10485760 );' tabindex='105' \/><span class='gfield_description gform_fileupload_rules' id='gfield_upload_rules_3_6'>Max. file size: 10 MB.<\/span><div class='gfield_description validation_message gfield_validation_message validation_message--hidden-on-empty' id='live_validation_message_3_6'><\/div> <\/div><\/li><li id=\"field_3_8\" class=\"gfield gfield--type-textarea gfield--width-full field_sublabel_below gfield--no-description field_description_below field_validation_below gfield_visibility_visible\"  ><label class='gfield_label gform-field-label' for='input_3_8'>Comments<\/label><div class='ginput_container ginput_container_textarea'><textarea name='input_8' id='input_3_8' class='textarea medium' tabindex='106'  maxlength='500'   aria-invalid=\"false\"   rows='10' cols='50'><\/textarea><\/div><\/li><\/ul><\/div>\n        <div class='gform-footer gform_footer top_label'> <button type=\"submit\" class=\"button gform_button\" id=\"gform_submit_button_3\">Soumettre<\/button> \n            <input type='hidden' class='gform_hidden' name='gform_submission_method' data-js='gform_submission_method_3' value='postback' \/>\n            <input type='hidden' class='gform_hidden' name='gform_theme' data-js='gform_theme_3' id='gform_theme_3' value='legacy' \/>\n            <input type='hidden' class='gform_hidden' name='gform_style_settings' data-js='gform_style_settings_3' id='gform_style_settings_3' value='' \/>\n            <input type='hidden' class='gform_hidden' name='is_submit_3' value='1' \/>\n            <input type='hidden' class='gform_hidden' name='gform_submit' value='3' \/>\n            \n            <input type='hidden' class='gform_hidden' name='gform_currency' data-currency='GBP' value='HNOaqsvuq4Acc0MPaSpsAKJ1Gdo2pbylMulFnEzvjGyIHn4VtyWhR8V7FUOAD7nDX10dQjgYqs+iEaAFaBTue\/e4h0X7X96lc4xBxU4+zzJCiBs=' \/>\n            <input type='hidden' class='gform_hidden' name='gform_unique_id' value='' \/>\n            <input type='hidden' class='gform_hidden' name='state_3' value='WyJbXSIsIjVjNDY3NzY3MTMzNjlmMTM4MjEwNTMwOGFlOTI3OGY5Il0=' \/>\n            <input type='hidden' autocomplete='off' class='gform_hidden' name='gform_target_page_number_3' id='gform_target_page_number_3' value='0' \/>\n            <input type='hidden' autocomplete='off' class='gform_hidden' name='gform_source_page_number_3' id='gform_source_page_number_3' value='1' \/>\n            <input type='hidden' name='gform_field_values' value='' \/>\n            \n        <\/div>\n                        <\/form>\n                        <\/div><script type=\"text\/javascript\">\n\/* <![CDATA[ *\/\n gform.initializeOnLoaded( function() {gformInitSpinner( 3, 'https:\/\/shantimaurice.com\/wp-content\/plugins\/gravityforms\/images\/spinner.svg', true );jQuery('#gform_ajax_frame_3').on('load',function(){var contents = jQuery(this).contents().find('*').html();var is_postback = contents.indexOf('GF_AJAX_POSTBACK') >= 0;if(!is_postback){return;}var form_content = jQuery(this).contents().find('#gform_wrapper_3');var is_confirmation = jQuery(this).contents().find('#gform_confirmation_wrapper_3').length > 0;var is_redirect = contents.indexOf('gformRedirect(){') >= 0;var is_form = form_content.length > 0 && ! is_redirect && ! is_confirmation;var mt = parseInt(jQuery('html').css('margin-top'), 10) + parseInt(jQuery('body').css('margin-top'), 10) + 100;if(is_form){jQuery('#gform_wrapper_3').html(form_content.html());if(form_content.hasClass('gform_validation_error')){jQuery('#gform_wrapper_3').addClass('gform_validation_error');} else {jQuery('#gform_wrapper_3').removeClass('gform_validation_error');}setTimeout( function() { \/* delay the scroll by 50 milliseconds to fix a bug in chrome *\/  }, 50 );if(window['gformInitDatepicker']) {gformInitDatepicker();}if(window['gformInitPriceFields']) {gformInitPriceFields();}var current_page = jQuery('#gform_source_page_number_3').val();gformInitSpinner( 3, 'https:\/\/shantimaurice.com\/wp-content\/plugins\/gravityforms\/images\/spinner.svg', true );jQuery(document).trigger('gform_page_loaded', [3, current_page]);window['gf_submitting_3'] = false;}else if(!is_redirect){var confirmation_content = jQuery(this).contents().find('.GF_AJAX_POSTBACK').html();if(!confirmation_content){confirmation_content = contents;}jQuery('#gform_wrapper_3').replaceWith(confirmation_content);jQuery(document).trigger('gform_confirmation_loaded', [3]);window['gf_submitting_3'] = false;wp.a11y.speak(jQuery('#gform_confirmation_message_3').text());}else{jQuery('#gform_3').append(contents);if(window['gformRedirect']) {gformRedirect();}}jQuery(document).trigger(\"gform_pre_post_render\", [{ formId: \"3\", currentPage: \"current_page\", abort: function() { this.preventDefault(); } }]);        if (event && event.defaultPrevented) {                return;        }        const gformWrapperDiv = document.getElementById( \"gform_wrapper_3\" );        if ( gformWrapperDiv ) {            const visibilitySpan = document.createElement( \"span\" );            visibilitySpan.id = \"gform_visibility_test_3\";            gformWrapperDiv.insertAdjacentElement( \"afterend\", visibilitySpan );        }        const visibilityTestDiv = document.getElementById( \"gform_visibility_test_3\" );        let postRenderFired = false;        function triggerPostRender() {            if ( postRenderFired ) {                return;            }            postRenderFired = true;            gform.core.triggerPostRenderEvents( 3, current_page );            if ( visibilityTestDiv ) {                visibilityTestDiv.parentNode.removeChild( visibilityTestDiv );            }        }        function debounce( func, wait, immediate ) {            var timeout;            return function() {                var context = this, args = arguments;                var later = function() {                    timeout = null;                    if ( !immediate ) func.apply( context, args );                };                var callNow = immediate && !timeout;                clearTimeout( timeout );                timeout = setTimeout( later, wait );                if ( callNow ) func.apply( context, args );            };        }        const debouncedTriggerPostRender = debounce( function() {            triggerPostRender();        }, 200 );        if ( visibilityTestDiv && visibilityTestDiv.offsetParent === null ) {            const observer = new MutationObserver( ( mutations ) => {                mutations.forEach( ( mutation ) => {                    if ( mutation.type === 'attributes' && visibilityTestDiv.offsetParent !== null ) {                        debouncedTriggerPostRender();                        observer.disconnect();                    }                });            });            observer.observe( document.body, {                attributes: true,                childList: false,                subtree: true,                attributeFilter: [ 'style', 'class' ],            });        } else {            triggerPostRender();        }    } );} ); \n\/* ]]> *\/\n<\/script>\n\n    <\/div>\n\n<\/div><\/div><\/div><\/div><\/div><div id=\"pg-2139-3\"  class=\"panel-grid panel-has-style\" ><div class=\"c-row--valign-default c-row--widget-none c-row--margin-none c-row--column-large siteorigin-panels-stretch panel-row-style panel-row-style-for-2139-3\" data-stretch-type=\"full-stretched\" ><div id=\"pgc-2139-3-0\"  class=\"panel-grid-cell\" ><div id=\"panel-2139-3-0-0\" class=\"so-panel widget widget_cn-core-adjacent-pages-widget panel-first-child panel-last-child\" data-index=\"4\" ><div\n\t\t\t\n\t\t\tclass=\"so-widget-cn-core-adjacent-pages-widget so-widget-cn-core-adjacent-pages-widget-base\"\n\t\t\t\n\t\t><nav class=\"c-siblings  \">\n\n    <ul class=\"menu\">\n        <li class=\"c-siblings__page \/ menu__previous\">\n                            <a href=\"https:\/\/shantimaurice.com\/about-us\/\">Allez \u00e0 propos de nous<\/a>\n                    <\/li>\n\n        \n        <li class=\"c-siblings__page \/ menu__next\">\n                        <a href=\"https:\/\/shantimaurice.com\/fr\/a-propos-de-nous-us\/equipements-du-resort\/\" class=\"\">Next page &rarr;<\/a>                    <\/li>\n    <\/ul>\n\n<\/nav><\/div><\/div><\/div><\/div><\/div><\/div>","protected":false},"excerpt":{"rendered":"<p>Carri\u00e8res Travailler chez Shanti Maurice Faites partie de quelque chose de spectaculaire Si vous \u00eates \u00e0 la recherche d&#8217;une nouvelle opportunit\u00e9 et que vous souhaitez faire partie de quelque chose de spectaculaire, Shanti Maurice est peut-\u00eatre l&#8217;endroit qu&#8217;il vous faut. Parcourez nos positions actuelles ci-dessous, ou t\u00e9l\u00e9chargez votre CV et lettre de motivation pour \u00eatre &hellip;<\/p>\n","protected":false},"author":1,"featured_media":0,"parent":1681,"menu_order":6,"comment_status":"closed","ping_status":"closed","template":"","meta":{"_acf_changed":false,"footnotes":""},"class_list":["post--2139","post--page","post--type-page","post--status-publish","post--hentry"],"acf":[],"_links":{"self":[{"href":"https:\/\/shantimaurice.com\/fr\/wp-json\/wp\/v2\/pages\/2139","targetHints":{"allow":["GET"]}}],"collection":[{"href":"https:\/\/shantimaurice.com\/fr\/wp-json\/wp\/v2\/pages"}],"about":[{"href":"https:\/\/shantimaurice.com\/fr\/wp-json\/wp\/v2\/types\/page"}],"author":[{"embeddable":true,"href":"https:\/\/shantimaurice.com\/fr\/wp-json\/wp\/v2\/users\/1"}],"replies":[{"embeddable":true,"href":"https:\/\/shantimaurice.com\/fr\/wp-json\/wp\/v2\/comments?post=2139"}],"version-history":[{"count":0,"href":"https:\/\/shantimaurice.com\/fr\/wp-json\/wp\/v2\/pages\/2139\/revisions"}],"up":[{"embeddable":true,"href":"https:\/\/shantimaurice.com\/fr\/wp-json\/wp\/v2\/pages\/1681"}],"wp:attachment":[{"href":"https:\/\/shantimaurice.com\/fr\/wp-json\/wp\/v2\/media?parent=2139"}],"curies":[{"name":"wp","href":"https:\/\/api.w.org\/{rel}","templated":true}]}}